{"id":9,"date":"2020-06-19T11:47:47","date_gmt":"2020-06-19T10:47:47","guid":{"rendered":"http:\/\/blog.uclm.es\/juanmancebo\/?page_id=9"},"modified":"2022-11-08T17:31:06","modified_gmt":"2022-11-08T17:31:06","slug":"extracto","status":"publish","type":"page","link":"https:\/\/blog.uclm.es\/juanmancebo\/extracto\/","title":{"rendered":"Extracto"},"content":{"rendered":"<p>Profesor Contratado Doctor de Historia del Arte Contempor\u00e1neo en la <a href=\"https:\/\/humanidadesab.uclm.es\/\" target=\"_blank\" rel=\"noopener\">Facultad de Humanidades de Albacete<\/a>. Doctor Europeo en H\u00aa del Arte por la <a href=\"https:\/\/www.uclm.es\/\" target=\"_blank\" rel=\"noopener\">Universidad de Castilla-La Mancha<\/a> y M\u00e1ster en Historia y Est\u00e9tica de la Cinematograf\u00eda por la Universidad de Valladolid. Ha impartido docencia en la E. U. de Magisterio \u00abFray Luis de Le\u00f3n\u00bb y en la Facultad de Bellas Artes de Cuenca de la UCLM. Docente en los cursos de doctorado en los departamentos de Arte (Cuenca, 2002-2007) Historia del Arte (Ciudad Real) y Humanidades (Albacete). Docente en la Universidad de Mayores Jos\u00e9 Saramago y colaborador del Istituto Europeo di Design (Madrid), escribe habitualmente en la revista Experimenta (Madrid), es corresponsal para Espa\u00f1a y Latinoam\u00e9rica de PaperIdeas (<a href=\"https:\/\/www.fedrigonicartiere.com\/\" target=\"_blank\" rel=\"noopener\">www.paperideas.it<\/a>) del grupo Art-Lab (Mil\u00e1n). (<a href=\"http:\/\/www.artlab.it\/\" target=\"_blank\" rel=\"noopener\">www.artlab.it<\/a>)<\/p>\n<p>Coordinador del <a href=\"https:\/\/www.uclm.es\/centros-investigacion\/cdce\" target=\"_blank\" rel=\"noopener\">Taller de Ediciones del Centro de Creaci\u00f3n Experimental<\/a> de la Universidad de Castilla- La Mancha y Co-director de la revista Sin T\u00edtulo (1993-1999) ha escrito art\u00edculos sobre arte, literatura, teatro y cine para medios especializados.<\/p>\n","protected":false},"excerpt":{"rendered":"<p>Profesor Contratado Doctor de Historia del Arte Contempor\u00e1neo en la Facultad de Humanidades de Albacete. Doctor Europeo en H\u00aa del Arte por la Universidad de Castilla-La Mancha y M\u00e1ster en Historia y Est\u00e9tica de la Cinematograf\u00eda por la Universidad de &hellip; <a href=\"https:\/\/blog.uclm.es\/juanmancebo\/extracto\/\">Sigue leyendo <span class=\"meta-nav\">&rarr;<\/span><\/a><\/p>\n","protected":false},"author":38,"featured_media":0,"parent":0,"menu_order":0,"comment_status":"closed","ping_status":"closed","template":"","meta":{"footnotes":""},"class_list":["post-9","page","type-page","status-publish","hentry"],"_links":{"self":[{"href":"https:\/\/blog.uclm.es\/juanmancebo\/wp-json\/wp\/v2\/pages\/9","targetHints":{"allow":["GET"]}}],"collection":[{"href":"https:\/\/blog.uclm.es\/juanmancebo\/wp-json\/wp\/v2\/pages"}],"about":[{"href":"https:\/\/blog.uclm.es\/juanmancebo\/wp-json\/wp\/v2\/types\/page"}],"author":[{"embeddable":true,"href":"https:\/\/blog.uclm.es\/juanmancebo\/wp-json\/wp\/v2\/users\/38"}],"replies":[{"embeddable":true,"href":"https:\/\/blog.uclm.es\/juanmancebo\/wp-json\/wp\/v2\/comments?post=9"}],"version-history":[{"count":2,"href":"https:\/\/blog.uclm.es\/juanmancebo\/wp-json\/wp\/v2\/pages\/9\/revisions"}],"predecessor-version":[{"id":374,"href":"https:\/\/blog.uclm.es\/juanmancebo\/wp-json\/wp\/v2\/pages\/9\/revisions\/374"}],"wp:attachment":[{"href":"https:\/\/blog.uclm.es\/juanmancebo\/wp-json\/wp\/v2\/media?parent=9"}],"curies":[{"name":"wp","href":"https:\/\/api.w.org\/{rel}","templated":true}]}}