{"id":349,"date":"2020-06-19T11:49:27","date_gmt":"2020-06-19T10:49:27","guid":{"rendered":"http:\/\/blog.uclm.es\/juanmancebo\/?page_id=14"},"modified":"2022-11-08T19:22:08","modified_gmt":"2022-11-08T19:22:08","slug":"publicaciones-2","status":"publish","type":"page","link":"https:\/\/blog.uclm.es\/juanmancebo\/publicaciones-2\/","title":{"rendered":"Publicaciones"},"content":{"rendered":"\n<h2 class=\"has-medium-font-size wp-block-heading\">LIBROS<\/h2>\n\n\n\n<figure class=\"wp-block-table is-style-regular\" style=\"font-size:12px\"><table class=\"has-fixed-layout\"><tbody><tr><td class=\"has-text-align-center\" data-align=\"center\"><img loading=\"lazy\" decoding=\"async\" width=\"116\" height=\"173\" class=\"wp-image-104\" style=\"width: 116px\" src=\"https:\/\/blog.uclm.es\/juanmancebo\/wp-content\/uploads\/sites\/187\/2020\/06\/gilliam.jpg\" alt=\"\"><\/td><td class=\"has-text-align-center\" data-align=\"center\"><img loading=\"lazy\" decoding=\"async\" width=\"113\" height=\"173\" class=\"wp-image-344\" style=\"width: 113px\" src=\"https:\/\/blog.uclm.es\/juanmancebo\/wp-content\/uploads\/sites\/187\/2020\/06\/visiones_reflexiones.jpg\" alt=\"\"><\/td><td class=\"has-text-align-center\" data-align=\"center\"><img loading=\"lazy\" decoding=\"async\" width=\"112\" height=\"173\" class=\"wp-image-106\" style=\"width: 112px\" src=\"https:\/\/blog.uclm.es\/juanmancebo\/wp-content\/uploads\/sites\/187\/2020\/06\/toledo.jpg\" alt=\"\"><\/td><td class=\"has-text-align-center\" data-align=\"center\"><img loading=\"lazy\" decoding=\"async\" width=\"112\" height=\"173\" class=\"wp-image-342\" style=\"width: 112px\" src=\"https:\/\/blog.uclm.es\/juanmancebo\/wp-content\/uploads\/sites\/187\/2020\/06\/viajerusia.jpg\" alt=\"\"><\/td><\/tr><tr><td class=\"has-text-align-center\" data-align=\"center\">Terry Gilliam. El desaf\u00edo de la imaginaci\u00f3n.<\/td><td class=\"has-text-align-center\" data-align=\"center\">Visiones\/Reflexiones<\/td><td class=\"has-text-align-center\" data-align=\"center\">De Toledo a Mosc\u00fa. <br>Viajes alrededor del Quijote. <br>Con Miguel Cort\u00e9s Arrese e Isabel L\u00f3pez Cirugeda<\/td><td class=\"has-text-align-center\" data-align=\"center\">El viaje a Rusia. <br>Con Miguel Cort\u00e9s Arrese<\/td><\/tr><tr><td class=\"has-text-align-center\" data-align=\"center\">2010<br>ISBN: 978-84-92626-74-8<br>pp.205<\/td><td class=\"has-text-align-center\" data-align=\"center\">2010<br>ISBN: 978-84-96633-59-9<br>pp.98<\/td><td class=\"has-text-align-center\" data-align=\"center\">2010<br>ISBN: 978-84-937890-3-9<br>pp.200<\/td><td class=\"has-text-align-center\" data-align=\"center\">2008<br>ISBN: 978-84-96633-66-7<br>pp.316<\/td><\/tr><\/tbody><\/table><\/figure>\n\n\n\n<figure class=\"wp-block-table\" style=\"font-size:12px\"><table class=\"has-fixed-layout\"><tbody><tr><td class=\"has-text-align-center\" data-align=\"center\"><img loading=\"lazy\" decoding=\"async\" width=\"125\" height=\"180\" class=\"wp-image-96\" style=\"width: 125px\" src=\"https:\/\/blog.uclm.es\/juanmancebo\/wp-content\/uploads\/sites\/187\/2020\/06\/arquitect_fut.jpg\" alt=\"\"><\/td><td class=\"has-text-align-center\" data-align=\"center\"><img loading=\"lazy\" decoding=\"async\" width=\"124\" height=\"173\" class=\"wp-image-97\" style=\"width: 124px\" src=\"https:\/\/blog.uclm.es\/juanmancebo\/wp-content\/uploads\/sites\/187\/2020\/06\/paisoctubre.jpg\" alt=\"\"><\/td><td class=\"has-text-align-center\" data-align=\"center\"><img loading=\"lazy\" decoding=\"async\" width=\"125\" height=\"173\" class=\"wp-image-108\" style=\"width: 125px\" src=\"https:\/\/blog.uclm.es\/juanmancebo\/wp-content\/uploads\/sites\/187\/2020\/06\/hom-09-1.jpg\" alt=\"\"><\/td><td class=\"has-text-align-center\" data-align=\"center\"><img loading=\"lazy\" decoding=\"async\" width=\"140\" height=\"141\" class=\"wp-image-99\" style=\"width: 140px\" src=\"https:\/\/blog.uclm.es\/juanmancebo\/wp-content\/uploads\/sites\/187\/2020\/06\/cosmo.jpg\" alt=\"\"><\/td><\/tr><tr><td class=\"has-text-align-center\" data-align=\"center\">Arquitectura futurista<\/td><td class=\"has-text-align-center\" data-align=\"center\">El Pa\u00eds de Octubre.<br>Con Miguel Cort\u00e9s Arrese.<\/td><td class=\"has-text-align-center\" data-align=\"center\">El territorio de la memoria.<br>(Coord.)<\/td><td class=\"has-text-align-center\" data-align=\"center\">Cosmolog\u00edas<br>Fundaci\u00f3n de Cultura y Deporte de Castilla-La Mancha, Toledo.<\/td><\/tr><tr><td class=\"has-text-align-center\" data-align=\"center\">2008<br>ISBN: 978-84-975660-9-4<br>pp.365<\/td><td class=\"has-text-align-center\" data-align=\"center\">2007<br>ISBN: 978-84-96633-45-pp.228<\/td><td class=\"has-text-align-center\" data-align=\"center\">2004<br>ISBN: 84-8427-304-0<br>pp.340<\/td><td class=\"has-text-align-center\" data-align=\"center\">2004<br>Dep.Legal: AB-395-2004<br>pp.98<\/td><\/tr><\/tbody><\/table><\/figure>\n\n\n\n<figure class=\"wp-block-table\" style=\"font-size:12px\"><table class=\"has-fixed-layout\"><tbody><tr><td class=\"has-text-align-center\" data-align=\"center\"><img loading=\"lazy\" decoding=\"async\" width=\"125\" height=\"173\" class=\"wp-image-100\" style=\"width: 125px\" src=\"https:\/\/blog.uclm.es\/juanmancebo\/wp-content\/uploads\/sites\/187\/2020\/06\/Ruidos-1.jpg\" alt=\"\"><\/td><td class=\"has-text-align-center\" data-align=\"center\"><img loading=\"lazy\" decoding=\"async\" width=\"125\" height=\"173\" class=\"wp-image-101\" style=\"width: 125px\" src=\"https:\/\/blog.uclm.es\/juanmancebo\/wp-content\/uploads\/sites\/187\/2020\/06\/un-libro-de-un1.jpg\" alt=\"\"><\/td><td class=\"has-text-align-center\" data-align=\"center\"><img loading=\"lazy\" decoding=\"async\" width=\"125\" height=\"173\" class=\"wp-image-102\" style=\"width: 125px\" src=\"https:\/\/blog.uclm.es\/juanmancebo\/wp-content\/uploads\/sites\/187\/2020\/06\/la-escritura1.jpg\" alt=\"\"><\/td><td class=\"has-text-align-center\" data-align=\"center\"><img loading=\"lazy\" decoding=\"async\" width=\"125\" height=\"173\" class=\"wp-image-343\" style=\"width: 125px\" src=\"https:\/\/blog.uclm.es\/juanmancebo\/wp-content\/uploads\/sites\/187\/2020\/06\/pCE-1.jpg\" alt=\"\"><\/td><\/tr><tr><td class=\"has-text-align-center\" data-align=\"center\">El arte de los ruidos. <br>Luigi Russolo.<br>Edici\u00f3n con Jos\u00e9 Antonio Sarmiento.<\/td><td class=\"has-text-align-center\" data-align=\"center\">Un libro de un libro<\/td><td class=\"has-text-align-center\" data-align=\"center\">La escritura no escrita. Edici\u00f3n con Jos\u00e9 Antonio Sarmiento.<\/td><td class=\"has-text-align-center\" data-align=\"center\"><a rel=\"noreferrer noopener\" href=\"https:\/\/blog.uclm.es\/juanmancebo\/wp-content\/uploads\/sites\/187\/2020\/06\/Comunismo.pdf\" target=\"_blank\">El comunismo espa\u00f1ol a trav\u00e9s de sus im\u00e1genes (1931-1936)<\/a><\/td><\/tr><tr><td class=\"has-text-align-center\" data-align=\"center\">1998<br>ISBN: 94-922224-1-7<br>pp.98<\/td><td class=\"has-text-align-center\" data-align=\"center\">1998<br>pp.16<\/td><td class=\"has-text-align-center\" data-align=\"center\">1996<br>ISBN: 84-922224-0-9<br>pp.198<\/td><td class=\"has-text-align-center\" data-align=\"center\">2007<br>ISBN: 978-84-96831-02-5<\/td><\/tr><\/tbody><\/table><\/figure>\n\n\n\n<h2 class=\"has-medium-font-size wp-block-heading\">CAP\u00cdTULOS DE LIBROS.<\/h2>\n\n\n\n<figure class=\"wp-block-table\" style=\"font-size:12px\"><table class=\"has-fixed-layout\"><tbody><tr><td class=\"has-text-align-center\" data-align=\"center\"><img loading=\"lazy\" decoding=\"async\" width=\"126\" height=\"173\" class=\"wp-image-145\" style=\"width: 126px\" src=\"https:\/\/blog.uclm.es\/juanmancebo\/wp-content\/uploads\/sites\/187\/2020\/06\/futurismo_modernidad.jpg\" alt=\"\"><\/td><td class=\"has-text-align-center\" data-align=\"center\"><img loading=\"lazy\" decoding=\"async\" width=\"115\" height=\"173\" class=\"wp-image-139\" style=\"width: 115px\" src=\"https:\/\/blog.uclm.es\/juanmancebo\/wp-content\/uploads\/sites\/187\/2020\/06\/risanueva.jpg\" alt=\"\"><\/td><td class=\"has-text-align-center\" data-align=\"center\"><img loading=\"lazy\" decoding=\"async\" width=\"125\" height=\"173\" class=\"wp-image-141\" style=\"width: 125px\" src=\"https:\/\/blog.uclm.es\/juanmancebo\/wp-content\/uploads\/sites\/187\/2020\/06\/ceha2.jpg\" alt=\"\"><\/td><td class=\"has-text-align-center\" data-align=\"center\"><img loading=\"lazy\" decoding=\"async\" width=\"125\" height=\"173\" class=\"wp-image-142\" style=\"width: 125px\" src=\"https:\/\/blog.uclm.es\/juanmancebo\/wp-content\/uploads\/sites\/187\/2020\/06\/Charisterion1.jpg\" alt=\"\"><\/td><\/tr><tr><td class=\"has-text-align-center\" data-align=\"center\">Arquitectura futurista<\/td><td class=\"has-text-align-center\" data-align=\"center\">En defensa de Roberto Benigni<\/td><td class=\"has-text-align-center\" data-align=\"center\"><a href=\"https:\/\/blog.uclm.es\/juanmancebo\/wp-content\/uploads\/sites\/187\/2020\/06\/LainfluenciadelfuturismoenEspana.pdf\" target=\"_blank\" rel=\"noreferrer noopener\">La influencia del futurismo en Espa\u00f1a<\/a><\/td><td class=\"has-text-align-center\" data-align=\"center\"><a href=\"https:\/\/blog.uclm.es\/juanmancebo\/wp-content\/uploads\/sites\/187\/2020\/06\/virgilioMarchi.pdf\" target=\"_blank\" rel=\"noreferrer noopener\">Virgilio Marchi: un itinerario del Futurismo a Cinecitt\u00e0<\/a><\/td><\/tr><tr><td class=\"has-text-align-center\" data-align=\"center\">2011<\/td><td class=\"has-text-align-center\" data-align=\"center\">2010<br>ISBN: 978-84-96633-83-4<br>pp.159-172<\/td><td class=\"has-text-align-center\" data-align=\"center\">2006<br>ISBN: 8496577767<\/td><td class=\"has-text-align-center\" data-align=\"center\">2004<br>ISBN: 84-8427-329-6<br>pp.687-704<\/td><\/tr><\/tbody><\/table><\/figure>\n\n\n\n<figure class=\"wp-block-table\" style=\"font-size:12px\"><table class=\"has-fixed-layout\"><tbody><tr><td class=\"has-text-align-center\" data-align=\"center\"><img loading=\"lazy\" decoding=\"async\" width=\"125\" height=\"173\" class=\"wp-image-143\" style=\"width: 125px\" src=\"https:\/\/blog.uclm.es\/juanmancebo\/wp-content\/uploads\/sites\/187\/2020\/06\/Ciudadania-1.jpg\" alt=\"\"><\/td><td class=\"has-text-align-center\" data-align=\"center\"><img loading=\"lazy\" decoding=\"async\" width=\"125\" height=\"173\" class=\"wp-image-144\" style=\"width: 125px\" src=\"https:\/\/blog.uclm.es\/juanmancebo\/wp-content\/uploads\/sites\/187\/2020\/06\/cuerpojpg.jpg\" alt=\"\"><\/td><td class=\"has-text-align-center\" data-align=\"center\"><\/td><td class=\"has-text-align-center\" data-align=\"center\"><\/td><\/tr><tr><td class=\"has-text-align-center\" data-align=\"center\"><a href=\"https:\/\/blog.uclm.es\/juanmancebo\/wp-content\/uploads\/sites\/187\/2020\/06\/imnigracion-emigracion-y-cine-bueno.pdf\" target=\"_blank\" rel=\"noreferrer noopener\">Inmigraci\u00f3n, emigraci\u00f3n y cine (con Fernando Roncero)<\/a><\/td><td class=\"has-text-align-center\" data-align=\"center\">El cuerpo sat\u00e1nico. Pol\u00edticas de representaci\u00f3n del cuerpo en el arte contempor\u00e1neo.<\/td><td class=\"has-text-align-center\" data-align=\"center\"><\/td><td class=\"has-text-align-center\" data-align=\"center\"><\/td><\/tr><tr><td class=\"has-text-align-center\" data-align=\"center\">2004<br>ISBN: 84-8427-304-0<\/td><td class=\"has-text-align-center\" data-align=\"center\">2022<br>ISBN: 84-932498-2-3<br>pp.239-265<\/td><td class=\"has-text-align-center\" data-align=\"center\"><\/td><td class=\"has-text-align-center\" data-align=\"center\"><\/td><\/tr><\/tbody><\/table><\/figure>\n\n\n\n<h2 class=\"has-medium-font-size wp-block-heading\">CAT\u00c1LOGOS<\/h2>\n\n\n\n<figure class=\"wp-block-table\" style=\"font-size:12px\"><table class=\"has-fixed-layout\"><tbody><tr><td class=\"has-text-align-center\" data-align=\"center\"><img loading=\"lazy\" decoding=\"async\" width=\"160\" height=\"131\" class=\"wp-image-154\" style=\"width: 150px\" src=\"https:\/\/blog.uclm.es\/juanmancebo\/wp-content\/uploads\/sites\/187\/2020\/06\/almudena1.jpg\" alt=\"\"><\/td><td class=\"has-text-align-center\" data-align=\"center\"><img loading=\"lazy\" decoding=\"async\" width=\"125\" height=\"173\" class=\"wp-image-155\" style=\"width: 125px\" src=\"https:\/\/blog.uclm.es\/juanmancebo\/wp-content\/uploads\/sites\/187\/2020\/06\/cuchi21.jpg\" alt=\"\"><\/td><td class=\"has-text-align-center\" data-align=\"center\"><img loading=\"lazy\" decoding=\"async\" width=\"146\" height=\"148\" class=\"wp-image-151\" style=\"width: 146px\" src=\"https:\/\/blog.uclm.es\/juanmancebo\/wp-content\/uploads\/sites\/187\/2020\/06\/pui3.jpg\" alt=\"\"><\/td><td class=\"has-text-align-center\" data-align=\"center\"><img loading=\"lazy\" decoding=\"async\" width=\"125\" height=\"173\" class=\"wp-image-158\" style=\"width: 125px\" src=\"https:\/\/blog.uclm.es\/juanmancebo\/wp-content\/uploads\/sites\/187\/2020\/06\/mora-1.jpg\" alt=\"\"><\/td><\/tr><tr><td class=\"has-text-align-center\" data-align=\"center\">Escuetas l\u00edneas del abismo. Galer\u00eda artificial.<\/td><td class=\"has-text-align-center\" data-align=\"center\"><a href=\"https:\/\/blog.uclm.es\/juanmancebo\/wp-content\/uploads\/sites\/187\/2020\/06\/fotografiaopost.pdf\" target=\"_blank\" rel=\"noreferrer noopener\">Fotograf\u00eda o Post. A vueltas con la navaja. Colegio Oficial de Arquitectos de CLM.<\/a><\/td><td class=\"has-text-align-center\" data-align=\"center\"><a href=\"https:\/\/blog.uclm.es\/juanmancebo\/wp-content\/uploads\/sites\/187\/2020\/06\/puy-octubre2004.pdf\" target=\"_blank\" rel=\"noreferrer noopener\">Puy Pinillos. Artista Gazteak Sariak. \u00c1rea de Cultura del Ayuntamiento de Pamplona.<\/a><\/td><td class=\"has-text-align-center\" data-align=\"center\">El mapa definitivo del mundo<\/td><\/tr><tr><td class=\"has-text-align-center\" data-align=\"center\">2007<\/td><td class=\"has-text-align-center\" data-align=\"center\">2006<\/td><td class=\"has-text-align-center\" data-align=\"center\">2004<\/td><td class=\"has-text-align-center\" data-align=\"center\">1999<\/td><\/tr><\/tbody><\/table><\/figure>\n\n\n\n<figure class=\"wp-block-table\" style=\"font-size:12px\"><table class=\"has-fixed-layout\"><tbody><tr><td class=\"has-text-align-center\" data-align=\"center\"><img loading=\"lazy\" decoding=\"async\" width=\"125\" height=\"173\" class=\"wp-image-153\" style=\"width: 125px\" src=\"https:\/\/blog.uclm.es\/juanmancebo\/wp-content\/uploads\/sites\/187\/2020\/06\/Vuit-1.jpg\" alt=\"\"><\/td><td class=\"has-text-align-center\" data-align=\"center\"><img loading=\"lazy\" decoding=\"async\" width=\"125\" height=\"173\" class=\"wp-image-157\" style=\"width: 125px\" src=\"https:\/\/blog.uclm.es\/juanmancebo\/wp-content\/uploads\/sites\/187\/2020\/06\/llopis1.jpg\" alt=\"\"><\/td><td class=\"has-text-align-center\" data-align=\"center\"><\/td><td class=\"has-text-align-center\" data-align=\"center\"><\/td><\/tr><tr><td class=\"has-text-align-center\" data-align=\"center\">Vuit ocho artistes joves<\/td><td class=\"has-text-align-center\" data-align=\"center\">Sue\u00f1o que estoy al otro lado. Instituto de Cultura Juan Gil-Albert; Valencia<\/td><td class=\"has-text-align-center\" data-align=\"center\"><\/td><td class=\"has-text-align-center\" data-align=\"center\"><\/td><\/tr><tr><td class=\"has-text-align-center\" data-align=\"center\">1996<\/td><td class=\"has-text-align-center\" data-align=\"center\">1995<br>pp.24<\/td><td class=\"has-text-align-center\" data-align=\"center\"><\/td><td class=\"has-text-align-center\" data-align=\"center\"><\/td><\/tr><\/tbody><\/table><\/figure>\n\n\n\n<h2 class=\"has-medium-font-size wp-block-heading\">ART\u00cdCULOS<\/h2>\n\n\n\n<figure class=\"wp-block-table\" style=\"font-size:12px\"><table class=\"has-fixed-layout\"><tbody><tr><td class=\"has-text-align-center\" data-align=\"center\"><img loading=\"lazy\" decoding=\"async\" width=\"125\" height=\"173\" class=\"wp-image-165\" style=\"width: 125px\" src=\"https:\/\/blog.uclm.es\/juanmancebo\/wp-content\/uploads\/sites\/187\/2020\/06\/artlab.jpg\" alt=\"\"><\/td><td class=\"has-text-align-center\" data-align=\"center\"><img loading=\"lazy\" decoding=\"async\" width=\"115\" height=\"158\" class=\"wp-image-393\" style=\"width: 125px\" src=\"https:\/\/blog.uclm.es\/juanmancebo\/wp-content\/uploads\/sites\/187\/2022\/11\/imagen.jpg\" alt=\"\"><\/td><td class=\"has-text-align-center\" data-align=\"center\"><img loading=\"lazy\" decoding=\"async\" width=\"125\" height=\"173\" class=\"wp-image-163\" style=\"width: 125px\" src=\"https:\/\/blog.uclm.es\/juanmancebo\/wp-content\/uploads\/sites\/187\/2020\/06\/experimenta57.jpg\" alt=\"\"><\/td><td class=\"has-text-align-center\" data-align=\"center\"><img loading=\"lazy\" decoding=\"async\" width=\"125\" height=\"173\" class=\"wp-image-162\" style=\"width: 125px\" src=\"https:\/\/blog.uclm.es\/juanmancebo\/wp-content\/uploads\/sites\/187\/2020\/06\/experimenta56.jpg\" alt=\"\"><\/td><\/tr><tr><td class=\"has-text-align-center\" data-align=\"center\"><\/td><td class=\"has-text-align-center\" data-align=\"center\">2007<br>ISSN: 1133-9675<\/td><td class=\"has-text-align-center\" data-align=\"center\">2007<br>ISSN: 1133-9675<\/td><td class=\"has-text-align-center\" data-align=\"center\">2006<br>ISSN: 1133-9675<\/td><\/tr><\/tbody><\/table><\/figure>\n\n\n\n<figure class=\"wp-block-table\" style=\"font-size:12px\"><table class=\"has-fixed-layout\"><tbody><tr><td class=\"has-text-align-center\" data-align=\"center\"><img loading=\"lazy\" decoding=\"async\" width=\"125\" height=\"173\" class=\"wp-image-161\" style=\"width: 125px\" src=\"https:\/\/blog.uclm.es\/juanmancebo\/wp-content\/uploads\/sites\/187\/2020\/06\/experimenta55.jpg\" alt=\"\"><\/td><td class=\"has-text-align-center\" data-align=\"center\"><img loading=\"lazy\" decoding=\"async\" width=\"125\" height=\"173\" class=\"wp-image-160\" style=\"width: 125px\" src=\"https:\/\/blog.uclm.es\/juanmancebo\/wp-content\/uploads\/sites\/187\/2020\/06\/experimenta54.jpg\" alt=\"\"><\/td><td class=\"has-text-align-center\" data-align=\"center\"><img loading=\"lazy\" decoding=\"async\" width=\"125\" height=\"173\" class=\"wp-image-173\" style=\"width: 125px\" src=\"https:\/\/blog.uclm.es\/juanmancebo\/wp-content\/uploads\/sites\/187\/2020\/06\/Experimenta53.jpg\" alt=\"\"><\/td><td class=\"has-text-align-center\" data-align=\"center\"><img loading=\"lazy\" decoding=\"async\" width=\"125\" height=\"173\" class=\"wp-image-172\" style=\"width: 125px\" src=\"https:\/\/blog.uclm.es\/juanmancebo\/wp-content\/uploads\/sites\/187\/2020\/06\/experimenta52.jpg\" alt=\"\"><\/td><\/tr><tr><td class=\"has-text-align-center\" data-align=\"center\">2006<br>ISSN: 1133-9675<\/td><td class=\"has-text-align-center\" data-align=\"center\">2006<br>ISSN: 1133-9675<\/td><td class=\"has-text-align-center\" data-align=\"center\">2005<br>ISSN: 1133-9675<\/td><td class=\"has-text-align-center\" data-align=\"center\">2005<br>ISSN: 1133-9675<\/td><\/tr><\/tbody><\/table><\/figure>\n\n\n\n<figure class=\"wp-block-table\" style=\"font-size:12px\"><table class=\"has-fixed-layout\"><tbody><tr><td class=\"has-text-align-center\" data-align=\"center\"><img loading=\"lazy\" decoding=\"async\" width=\"125\" height=\"173\" class=\"wp-image-171\" style=\"width: 125px\" src=\"https:\/\/blog.uclm.es\/juanmancebo\/wp-content\/uploads\/sites\/187\/2020\/06\/experimenta51.jpg\" alt=\"\"><\/td><td class=\"has-text-align-center\" data-align=\"center\"><img loading=\"lazy\" decoding=\"async\" width=\"125\" height=\"173\" class=\"wp-image-170\" style=\"width: 125px\" src=\"https:\/\/blog.uclm.es\/juanmancebo\/wp-content\/uploads\/sites\/187\/2020\/06\/experimenta49.jpg\" alt=\"\"><\/td><td class=\"has-text-align-center\" data-align=\"center\"><img loading=\"lazy\" decoding=\"async\" width=\"140\" height=\"140\" class=\"wp-image-169\" style=\"width: 140px\" src=\"https:\/\/blog.uclm.es\/juanmancebo\/wp-content\/uploads\/sites\/187\/2020\/06\/equis3.jpg\" alt=\"\"><\/td><td class=\"has-text-align-center\" data-align=\"center\"><img loading=\"lazy\" decoding=\"async\" width=\"140\" height=\"140\" class=\"wp-image-168\" style=\"width: 140px\" src=\"https:\/\/blog.uclm.es\/juanmancebo\/wp-content\/uploads\/sites\/187\/2020\/06\/equis2.jpg\" alt=\"\"><\/td><\/tr><tr><td class=\"has-text-align-center\" data-align=\"center\">2005<br>ISSN: 1133-9675<\/td><td class=\"has-text-align-center\" data-align=\"center\">2004<br>ISSN: 1133-9675<\/td><td class=\"has-text-align-center\" data-align=\"center\">Monstruos (2006)<br>ISSN: 1885-7302<\/td><td class=\"has-text-align-center\" data-align=\"center\">Amor \/ Odio (2005)<br>ISSN: 1885-7302<\/td><\/tr><\/tbody><\/table><\/figure>\n\n\n\n<figure class=\"wp-block-table\" style=\"font-size:12px\"><table class=\"has-fixed-layout\"><tbody><tr><td class=\"has-text-align-center\" data-align=\"center\"><img loading=\"lazy\" decoding=\"async\" width=\"140\" height=\"142\" class=\"wp-image-167\" style=\"width: 140px\" src=\"https:\/\/blog.uclm.es\/juanmancebo\/wp-content\/uploads\/sites\/187\/2020\/06\/equis1.jpg\" alt=\"\"><\/td><td class=\"has-text-align-center\" data-align=\"center\"><img loading=\"lazy\" decoding=\"async\" width=\"125\" height=\"173\" class=\"wp-image-164\" style=\"width: 125px\" src=\"https:\/\/blog.uclm.es\/juanmancebo\/wp-content\/uploads\/sites\/187\/2020\/06\/anil.jpg\" alt=\"\"><\/td><td class=\"has-text-align-center\" data-align=\"center\"><\/td><td class=\"has-text-align-center\" data-align=\"center\"><\/td><\/tr><tr><td class=\"has-text-align-center\" data-align=\"center\">M\u00fasica<\/td><td class=\"has-text-align-center\" data-align=\"center\">Espejos del universo. Ideas recibidas del trabajo de Mar\u00eda Alonso Borso di Carminati<\/td><td class=\"has-text-align-center\" data-align=\"center\"><\/td><td class=\"has-text-align-center\" data-align=\"center\"><\/td><\/tr><tr><td class=\"has-text-align-center\" data-align=\"center\">2005<br>ISSN: 1885-7302<\/td><td class=\"has-text-align-center\" data-align=\"center\">2005<br>ISSN: 1133-2263<br>pp.70-72<\/td><td class=\"has-text-align-center\" data-align=\"center\"><\/td><td class=\"has-text-align-center\" data-align=\"center\"><\/td><\/tr><\/tbody><\/table><\/figure>\n","protected":false},"excerpt":{"rendered":"<p>LIBROS Terry Gilliam. El desaf\u00edo de la imaginaci\u00f3n. Visiones\/Reflexiones De Toledo a Mosc\u00fa. Viajes alrededor del Quijote. Con Miguel Cort\u00e9s Arrese e Isabel L\u00f3pez Cirugeda El viaje a Rusia. Con Miguel Cort\u00e9s Arrese 2010ISBN: 978-84-92626-74-8pp.205 2010ISBN: 978-84-96633-59-9pp.98 2010ISBN: 978-84-937890-3-9pp.200 2008ISBN: &hellip; <a href=\"https:\/\/blog.uclm.es\/juanmancebo\/publicaciones-2\/\">Sigue leyendo <span class=\"meta-nav\">&rarr;<\/span><\/a><\/p>\n","protected":false},"author":38,"featured_media":0,"parent":0,"menu_order":0,"comment_status":"closed","ping_status":"closed","template":"","meta":{"footnotes":""},"class_list":["post-349","page","type-page","status-publish","hentry"],"_links":{"self":[{"href":"https:\/\/blog.uclm.es\/juanmancebo\/wp-json\/wp\/v2\/pages\/349","targetHints":{"allow":["GET"]}}],"collection":[{"href":"https:\/\/blog.uclm.es\/juanmancebo\/wp-json\/wp\/v2\/pages"}],"about":[{"href":"https:\/\/blog.uclm.es\/juanmancebo\/wp-json\/wp\/v2\/types\/page"}],"author":[{"embeddable":true,"href":"https:\/\/blog.uclm.es\/juanmancebo\/wp-json\/wp\/v2\/users\/38"}],"replies":[{"embeddable":true,"href":"https:\/\/blog.uclm.es\/juanmancebo\/wp-json\/wp\/v2\/comments?post=349"}],"version-history":[{"count":11,"href":"https:\/\/blog.uclm.es\/juanmancebo\/wp-json\/wp\/v2\/pages\/349\/revisions"}],"predecessor-version":[{"id":398,"href":"https:\/\/blog.uclm.es\/juanmancebo\/wp-json\/wp\/v2\/pages\/349\/revisions\/398"}],"wp:attachment":[{"href":"https:\/\/blog.uclm.es\/juanmancebo\/wp-json\/wp\/v2\/media?parent=349"}],"curies":[{"name":"wp","href":"https:\/\/api.w.org\/{rel}","templated":true}]}}