{"id":348,"date":"2020-06-19T11:49:27","date_gmt":"2020-06-19T10:49:27","guid":{"rendered":"http:\/\/blog.uclm.es\/juanmancebo\/?page_id=13"},"modified":"2022-11-09T18:00:42","modified_gmt":"2022-11-09T18:00:42","slug":"investigacion-2","status":"publish","type":"page","link":"https:\/\/blog.uclm.es\/juanmancebo\/investigacion-2\/","title":{"rendered":"Investigaci\u00f3n"},"content":{"rendered":"\n<h2 class=\"wp-block-heading\">Estancias<\/h2>\n\n\n\n<p>Investigador en el Real Colegio Complutense, Universidad de Harvard (2010), la Fondazione Primo Conti en Fiesole (2005)&nbsp; Dipartimento di Storia dell\u00b4Architettura e Restauro Delle Strutture Architettoniche de la Facolt\u00e0 di Architettura dell\u00b4Universit\u00e0 degli Studi y el Kunsthistorisches Institut en Florencia (1998), el Instituto Warburg, Universidad de Londres (1996) y en el Instituto de Artes Visuales. Universidad Estadual Paulista \u00abJulio Mesquita Filho\u00bb de Sao Paulo (1995).<\/p>\n\n\n\n<hr class=\"wp-block-separator has-alpha-channel-opacity\" \/>\n\n\n\n<h2 class=\"wp-block-heading\">Proyectos<\/h2>\n\n\n\n<p><em>Inventario y catalogaci\u00f3n de la colecci\u00f3n del Museo Internacional de Arte Popular \u201cJuan Ram\u00edrez de Lucas\u201d<\/em> Museo Municipal de Albacete. Ayuntamiento de Albacete. Investigador principal con Julio Mart\u00edn S\u00e1nchez, 2006-2008, primera fase y 2011, segunda fase. <em>Recuperaci\u00f3n de obras pioneras del arte sonoro<\/em>. Ministerio de Ciencia y Tecnolog\u00eda. HAR2008-04687. Universidad Polit\u00e9cnica de Valencia. <\/p>\n\n\n\n<p><em>Viajes y viajeros espa\u00f1oles a Rusia. Intercambios culturales y art\u00edsticos<\/em>. Ministerio de Ciencia y Tecnolog\u00eda. HUM2007-61741, 2007-2010<em>. <\/em><\/p>\n\n\n\n<p><em>El viaje a Rusia. \u00a0La presencia de Castilla-La Mancha en los intercambios Culturales y Art\u00edsticos<\/em>. <em>JJ.CC. de Castilla-La Mancha<\/em>. PAI08-0229-3924., 2008-2010. <strong><em><a rel=\"noreferrer noopener\" href=\"https:\/\/previa.uclm.es\/profesorado\/juanmancebo\/artravel\/index.html\" target=\"_blank\">artravelrussia.com<\/a><\/em><\/strong>. <\/p>\n\n\n\n<p><em>Nuevos procedimientos escult\u00f3ricos<\/em> 2002-2006 y <em>Migraciones, Interculturalidad y Ciudadan\u00eda<\/em>, ambos I+D Ministerio de Ciencia y Tecnolog\u00eda. Investigador principal del proyecto <em>Modernidad y vanguardia<\/em>, 2003-2004, UCLM. <\/p>\n\n\n\n<p><em>Valoraci\u00f3n de recursos territoriales de Castilla-La Mancha para el desarrollo e innovaci\u00f3n tecnol\u00f3gica en el sector tur\u00edstico. EURGEOT de la JJ.CC. de Castilla-La Mancha. <\/em>Particip\u00f3 en <em>El audiovisual como instrumento historiogr\u00e1fico- docente<\/em> (2001-1999) UCLM.<\/p>\n\n\n\n<p>Tiene convenios con la Filmoteca Municipal de Albacete y el Festival Internacional de Cine de Albacete para desarrollar actividades en colaboraci\u00f3n y la coedici\u00f3n de publicaciones.<\/p>\n\n\n\n<hr class=\"wp-block-separator has-alpha-channel-opacity\" \/>\n\n\n\n<h2 class=\"wp-block-heading\">Congresos<\/h2>\n\n\n\n<p><strong>\/Congreso Internacional \u201cLos textos del cuerpo\u201d<\/strong>. Universidad Aut\u00f3noma de Barcelona. Del 26 al 30 de marzo de 2007.<\/p>\n\n\n\n<p><strong>\/ Representaciones&nbsp; de espacios interiores en arte\u201d. Jornadas Internacionales sobre espacios interiores. Casa y Arte (De los siglos XVIII al XX)<\/strong>. Grup de recerca en Historia de l\u00b4Art i del Disseny contemporanis (Gracmon) y Centre de Recherces Historiques sus les Soci\u00e9tes M\u00e9diterran\u00e9ennes. CRHISM. Barcelona-Perpi\u00f1\u00e1n. Del 26 al 28 de enero de 2006.<\/p>\n\n\n\n<p><strong>\/ I Congreso Internacional Sobre Design: Dise\u00f1o, Arte y Nuevas Formas Tecnol\u00f3gicas: Caminos Intercambios y Fronteras<\/strong> del Instituto Superior de Ciencias Educativas- ISCE. Universidade Lus\u00f3fona. Lisboa (Portugal).<\/p>\n\n\n\n<p><strong>\/ XVI Congreso Nacional de Historia del Arte. La Multiculturalidad en las Artes y en la Arquitectura.<\/strong> Las Palmas de Gran Canaria, 20\/24 de noviembre de 2006.<\/p>\n\n\n\n<p><strong>\/ Congreso Internacional Peter Greenaway. The Impure Image (Cinema, Body Painting)<\/strong> Centro de Estudios Avanzados de Arte Contempor\u00e1neo (Cendeac). Murcia, 23-25 de Noviembre de 2006.<\/p>\n\n\n\n<p><strong>\/ &nbsp;I Congreso Internacional y Coloquio del Grupo Europeo de Investigaci\u00f3n Hist\u00f3rica \u201cPotestas\u201d \u201cEuropa: Historia, Imagen y Mito\u201d<\/strong> Universitat Jaume I. Castell\u00f3n, Vinar\u00f2s 23, 24, 25 y 26 de Octubre de 2006.<\/p>\n\n\n\n<p><strong>\/ Desde Ortega y Gasset: los temas de nuestro tiempo. Departamento de Filosof\u00eda de la UCLM<\/strong>. Cursos monogr\u00e1ficos 2005\/06. Facultad de Humanidades de Albacete 21-24 de noviembre. De los c\u00f3dices medievales a los libros de artista: C\u00f3dices, tratados, libros, veh\u00edculos de comunicaci\u00f3n creativa. Trujillo, 11 y 12 de noviembre de 2005. Comit\u00e9 Espa\u00f1ol de Historia del Arte (CEHA) Departamento de Historia del Arte de la Universidad de Extremadura.<\/p>\n\n\n\n<p><strong>\/ CIDAE. Forum Art \u00e9 Design 2005. I Congresso internacional de Desing O Estado da Arte em Design<\/strong>. Universidade Lus\u00f3fona de Humanidades e tecnologias. Auditorio Agostnho da Silva. 13, 14 y 15 de octubre de 2005. Lisboa (Portugal).<\/p>\n\n\n\n<p><strong>\/ XV Congreso CEHA. Modelos, intercambios y recepci\u00f3n art\u00edstica<\/strong> (De las rutas mar\u00edtimas a la navegaci\u00f3n en red. Mesa V. Palma de Mallorca 20-23 de octubre. Universidad de las Islas Baleares. 2004.<\/p>\n\n\n\n<p><strong>\/ V Jornadas Internacionales de Historia y Cine<\/strong>. Departamento de Historia de la Comunicaci\u00f3n Social. Facultad de Ciencias de la Informaci\u00f3n. Madrid, del 10 al 12 de noviembre de 2004. Universidad Complutense de Madrid.<\/p>\n\n\n\n<p><strong>\/ I Congreso El Republicanismo en Espa\u00f1a<\/strong>. Pol\u00edtica sociedad y cultura 20-22 de octubre<strong>. <\/strong>Seminario de Historia Contempor\u00e1nea. Facultad de Geograf\u00eda e Historia. Universidad de Oviedo.<\/p>\n\n\n\n<p><strong>\/ II Congreso Online Observatorio de la Cibersociedad. \u00bfHacia qu\u00e9 sociedad del conocimiento?<\/strong> 2-14 de noviembre de 2004. Departamento de Universidades. Generalitat de Catalunya. Diputaci\u00f3n de Barcelona.<\/p>\n\n\n\n<p><strong>\/ Congreso Real\/ Virtual.&nbsp; Primer Encuentro Iberoamericano de Est\u00e9tica y Teor\u00eda de las Artes.<\/strong> 1-3 de marzo. Centro de Estudios Hisp\u00e1nicos e Iberoamericanos de la Fundaci\u00f3n Carolina en colaboraci\u00f3n con la Universidad Nacional de Educaci\u00f3n a Distancia (U.N.E.D., Madrid) 2004.<\/p>\n\n\n\n<p><strong>\/ I Congreso sobre la Historia del P.C.E. (1920-1977) 6, 7 y 8 de mayo<\/strong>. Fundaci\u00f3n de Investigaciones Marxistas. \u00c1rea de Historia Contempor\u00e1nea de la Universidad de Oviedo. Facultad de Geograf\u00eda e Historia. Oviedo, 2004.<\/p>\n\n\n\n<p><strong>\/ III Congreso Virtual de Arquitectura 2004.<\/strong> 1- 30 de mayo. Facultad de Arquitectura y Urbanismo. Escuela de Arquitectura \u00abCarlos Ra\u00fal Villanueva\u00bb Universidad Central de Venezuela, Caracas. 2004.<\/p>\n\n\n\n<p><strong>\/ I Encuentro de Historia de la Fotograf\u00eda en Castilla-La Mancha.<\/strong> Encuentro regional de fotograf\u00eda. Centro de Estudios de Castilla La Mancha. Facultad de Letras de Ciudad Real 2 y 3 de diciembre de 2004.<\/p>\n\n\n\n<hr class=\"wp-block-separator has-alpha-channel-opacity\" \/>\n","protected":false},"excerpt":{"rendered":"<p>Estancias Investigador en el Real Colegio Complutense, Universidad de Harvard (2010), la Fondazione Primo Conti en Fiesole (2005)&nbsp; Dipartimento di Storia dell\u00b4Architettura e Restauro Delle Strutture Architettoniche de la Facolt\u00e0 di Architettura dell\u00b4Universit\u00e0 degli Studi y el Kunsthistorisches Institut en &hellip; <a href=\"https:\/\/blog.uclm.es\/juanmancebo\/investigacion-2\/\">Sigue leyendo <span class=\"meta-nav\">&rarr;<\/span><\/a><\/p>\n","protected":false},"author":38,"featured_media":0,"parent":0,"menu_order":0,"comment_status":"closed","ping_status":"closed","template":"","meta":{"footnotes":""},"class_list":["post-348","page","type-page","status-publish","hentry"],"_links":{"self":[{"href":"https:\/\/blog.uclm.es\/juanmancebo\/wp-json\/wp\/v2\/pages\/348","targetHints":{"allow":["GET"]}}],"collection":[{"href":"https:\/\/blog.uclm.es\/juanmancebo\/wp-json\/wp\/v2\/pages"}],"about":[{"href":"https:\/\/blog.uclm.es\/juanmancebo\/wp-json\/wp\/v2\/types\/page"}],"author":[{"embeddable":true,"href":"https:\/\/blog.uclm.es\/juanmancebo\/wp-json\/wp\/v2\/users\/38"}],"replies":[{"embeddable":true,"href":"https:\/\/blog.uclm.es\/juanmancebo\/wp-json\/wp\/v2\/comments?post=348"}],"version-history":[{"count":5,"href":"https:\/\/blog.uclm.es\/juanmancebo\/wp-json\/wp\/v2\/pages\/348\/revisions"}],"predecessor-version":[{"id":406,"href":"https:\/\/blog.uclm.es\/juanmancebo\/wp-json\/wp\/v2\/pages\/348\/revisions\/406"}],"wp:attachment":[{"href":"https:\/\/blog.uclm.es\/juanmancebo\/wp-json\/wp\/v2\/media?parent=348"}],"curies":[{"name":"wp","href":"https:\/\/api.w.org\/{rel}","templated":true}]}}