{"id":15,"date":"2020-06-19T11:49:27","date_gmt":"2020-06-19T10:49:27","guid":{"rendered":"http:\/\/blog.uclm.es\/juanmancebo\/?page_id=15"},"modified":"2022-11-08T19:31:35","modified_gmt":"2022-11-08T19:31:35","slug":"textos-online","status":"publish","type":"page","link":"https:\/\/blog.uclm.es\/juanmancebo\/textos-online\/","title":{"rendered":"Textos Online"},"content":{"rendered":"\n<p class=\"has-medium-font-size\"><strong>Juan Agust\u00edn Mancebo Roca<\/strong><\/p>\n\n\n\n<ul class=\"wp-block-list\">\n<li><a rel=\"noreferrer noopener\" href=\"https:\/\/blog.uclm.es\/juanmancebo\/wp-content\/uploads\/sites\/187\/2020\/06\/145-154_NArte28.pdf\" target=\"_blank\">Del piano crom\u00e1tico a la pintura cinematogr\u00e1fica directa. Las experiencias abstractas de los Giananni-Corraini <\/a>(2009)<\/li>\n\n\n\n<li><a rel=\"noreferrer noopener\" href=\"http:\/\/congresos.um.es\/imagenyapariencia\/11-08\/paper\/viewFile\/1381\/1361\" target=\"_blank\">Guiseppe Panza di Biumo. Coleccionismo. Arte. Iluminaci\u00f3n<\/a> (2008)<\/li>\n\n\n\n<li><a rel=\"noreferrer noopener\" href=\"https:\/\/blog.uclm.es\/juanmancebo\/wp-content\/uploads\/sites\/187\/2020\/06\/organizacion_de_la_locura.pdf\" target=\"_blank\">La organizaci\u00f3n de la locura. La dimensi\u00f3n art\u00edstica del Tercer Reich <\/a>(2007)<\/li>\n\n\n\n<li><a rel=\"noreferrer noopener\" href=\"https:\/\/blog.uclm.es\/juanmancebo\/wp-content\/uploads\/sites\/187\/2020\/06\/el_cuerpo_ritualizado.pdf\" target=\"_blank\">El cuerpo ritualizado  <\/a>(2007)<\/li>\n\n\n\n<li><a rel=\"noreferrer noopener\" href=\"https:\/\/blog.uclm.es\/juanmancebo\/wp-content\/uploads\/sites\/187\/2020\/06\/GilloPontecorvo.pdf\" target=\"_blank\">La dictadura de la verdad. La  interpretaci\u00f3n hist\u00f3rica en Gillo Pontecorvo<\/a> (2007)<\/li>\n\n\n\n<li><a rel=\"noreferrer noopener\" href=\"https:\/\/blog.uclm.es\/juanmancebo\/wp-content\/uploads\/sites\/187\/2020\/06\/elcinedesbordante.pdf\" target=\"_blank\">El cine desbordante  <\/a>(2007)<\/li>\n\n\n\n<li><a rel=\"noreferrer noopener\" href=\"https:\/\/blog.uclm.es\/juanmancebo\/wp-content\/uploads\/sites\/187\/2020\/06\/mago_futuistas.pdf\" target=\"_blank\">El mago futurista en tres momentos <\/a>(2006)<\/li>\n\n\n\n<li><a rel=\"noreferrer noopener\" href=\"https:\/\/blog.uclm.es\/juanmancebo\/wp-content\/uploads\/sites\/187\/2020\/06\/fotografiaopost.pdf\" target=\"_blank\">Fotograf\u00eda o post  <\/a>(2006)<\/li>\n\n\n\n<li><a rel=\"noreferrer noopener\" href=\"https:\/\/blog.uclm.es\/juanmancebo\/wp-content\/uploads\/sites\/187\/2020\/06\/16_juan_mancebo.pdf\" target=\"_blank\">La Casa Futurista. Independiente &#8211; m\u00f3vil- desmontable- mec\u00e1nica divertida  <\/a>(2006)<\/li>\n\n\n\n<li><a rel=\"noreferrer noopener\" href=\"https:\/\/blog.uclm.es\/juanmancebo\/wp-content\/uploads\/sites\/187\/2020\/06\/palabraslibertad.pdf\" target=\"_blank\">De las palabras en libertad a la po\u00e9tica de acero  <\/a>(2005)<\/li>\n\n\n\n<li><a rel=\"noreferrer noopener\" href=\"https:\/\/blog.uclm.es\/juanmancebo\/wp-content\/uploads\/sites\/187\/2020\/06\/nuevasmetafisicas.pdf\" target=\"_blank\">Nuevas metaf\u00edsicas: cuestiones sobre cine y tecnolog\u00eda <\/a>(2005)  |  <a rel=\"noreferrer noopener\" href=\"https:\/\/blog.uclm.es\/juanmancebo\/wp-content\/uploads\/sites\/187\/2020\/06\/noves_metafisiques_catalan.pdf\" target=\"_blank\">catal\u00e1n<\/a><\/li>\n\n\n\n<li><a rel=\"noreferrer noopener\" href=\"https:\/\/blog.uclm.es\/juanmancebo\/wp-content\/uploads\/sites\/187\/2020\/06\/design.pdf\" target=\"_blank\">El dise\u00f1o y las vanguardias <\/a>(2005)<\/li>\n\n\n\n<li><a rel=\"noreferrer noopener\" href=\"https:\/\/blog.uclm.es\/juanmancebo\/wp-content\/uploads\/sites\/187\/2020\/06\/03_josep_renau_elpapeldelartistarepublicano.pdf\" target=\"_blank\">El papel del artista republicano: obra y compromiso  <\/a>(2004)<\/li>\n\n\n\n<li><a rel=\"noreferrer noopener\" href=\"https:\/\/blog.uclm.es\/juanmancebo\/wp-content\/uploads\/sites\/187\/2020\/06\/Mancebo1.pdf\" target=\"_blank\">Parques tem\u00e1ticos, espectros de la hiperrealidad  <\/a>(2004)\u00b7\u00b7  <a rel=\"noreferrer noopener\" href=\"https:\/\/blog.uclm.es\/juanmancebo\/wp-content\/uploads\/sites\/187\/2020\/06\/radiofuturista.pdf\" target=\"_blank\">La Radio Futurista   <\/a>(2004)<\/li>\n\n\n\n<li><a rel=\"noreferrer noopener\" href=\"https:\/\/blog.uclm.es\/juanmancebo\/wp-content\/uploads\/sites\/187\/2020\/06\/Mancebo2.pdf\" target=\"_blank\">La arquitectura del futurismo. Historiograf\u00eda, cr\u00edtica y reminiscencias <\/a>(2004)<\/li>\n\n\n\n<li><a rel=\"noreferrer noopener\" href=\"https:\/\/blog.uclm.es\/juanmancebo\/wp-content\/uploads\/sites\/187\/2020\/06\/ACOTACIONES.pdf\" target=\"_blank\">Acotaciones <\/a>(2003)<\/li>\n\n\n\n<li><a rel=\"noreferrer noopener\" href=\"https:\/\/blog.uclm.es\/juanmancebo\/wp-content\/uploads\/sites\/187\/2020\/06\/arquitecturafuturista.pdf\" target=\"_blank\">Arquitectura futurista <\/a>(1999)<\/li>\n<\/ul>\n","protected":false},"excerpt":{"rendered":"<p>Juan Agust\u00edn Mancebo Roca<\/p>\n","protected":false},"author":38,"featured_media":0,"parent":0,"menu_order":0,"comment_status":"closed","ping_status":"closed","template":"","meta":{"footnotes":""},"class_list":["post-15","page","type-page","status-publish","hentry"],"_links":{"self":[{"href":"https:\/\/blog.uclm.es\/juanmancebo\/wp-json\/wp\/v2\/pages\/15","targetHints":{"allow":["GET"]}}],"collection":[{"href":"https:\/\/blog.uclm.es\/juanmancebo\/wp-json\/wp\/v2\/pages"}],"about":[{"href":"https:\/\/blog.uclm.es\/juanmancebo\/wp-json\/wp\/v2\/types\/page"}],"author":[{"embeddable":true,"href":"https:\/\/blog.uclm.es\/juanmancebo\/wp-json\/wp\/v2\/users\/38"}],"replies":[{"embeddable":true,"href":"https:\/\/blog.uclm.es\/juanmancebo\/wp-json\/wp\/v2\/comments?post=15"}],"version-history":[{"count":3,"href":"https:\/\/blog.uclm.es\/juanmancebo\/wp-json\/wp\/v2\/pages\/15\/revisions"}],"predecessor-version":[{"id":403,"href":"https:\/\/blog.uclm.es\/juanmancebo\/wp-json\/wp\/v2\/pages\/15\/revisions\/403"}],"wp:attachment":[{"href":"https:\/\/blog.uclm.es\/juanmancebo\/wp-json\/wp\/v2\/media?parent=15"}],"curies":[{"name":"wp","href":"https:\/\/api.w.org\/{rel}","templated":true}]}}