{"id":87,"date":"2020-06-08T11:03:51","date_gmt":"2020-06-08T10:03:51","guid":{"rendered":"http:\/\/blog.uclm.es\/juanjosepastor\/?page_id=87"},"modified":"2020-06-08T11:03:51","modified_gmt":"2020-06-08T10:03:51","slug":"varia","status":"publish","type":"page","link":"https:\/\/blog.uclm.es\/juanjosepastor\/varia\/","title":{"rendered":"Varia"},"content":{"rendered":"<p>[vc_row][vc_column][vc_column_text]<\/p>\n<p style=\"text-align: center\"><strong>Juan Jos\u00e9 Pastor Com\u00edn<\/strong><br \/>\nProfesor Titular de Universidad<br \/>\n\u00c1rea de M\u00fasica<br \/>\n<a href=\"mailto:juanjose.pastor@uclm.es\">juanjose.pastor@uclm.es<\/a><\/p>\n<p style=\"text-align: center\">Tlfno. + 34 926 29 53 00. Ext. 3211, 13211; 680 222 487<br \/>\nDepartamento de Did\u00e1ctica de la Expresi\u00f3n Musical,<br \/>\nPl\u00e1stica y Corporal[\/vc_column_text][\/vc_column][\/vc_row][vc_row][vc_column][vc_column_text]<\/p>\n<p style=\"text-align: center\"><strong><a href=\"https:\/\/blog.uclm.es\/juanjosepastor\/libros-y-capitulos-de-libros\/\" target=\"_top\" rel=\"noopener noreferrer\">Libros y Cap\u00edtulos de Libro<\/a> | <a href=\"https:\/\/blog.uclm.es\/juanjosepastor\/articulos\/\" target=\"_top\" rel=\"noopener noreferrer\">Art\u00edculos<\/a> |<a href=\"https:\/\/blog.uclm.es\/juanjosepastor\/otras-publicaciones\/\" target=\"_top\" rel=\"noopener noreferrer\">Otras Publicaciones<\/a> | <a href=\"https:\/\/blog.uclm.es\/juanjosepastor\/congresos\/\" target=\"_top\" rel=\"noopener noreferrer\">Congresos<\/a> | <a href=\"https:\/\/blog.uclm.es\/juanjosepastor\/proyectos-de-investigacion\/\" target=\"_top\" rel=\"noopener noreferrer\">Proyectos de Investigaci\u00f3n\u00a0<\/a> | <a href=\"https:\/\/blog.uclm.es\/juanjosepastor\/estancias-de-investigacion\/\" target=\"_top\" rel=\"noopener noreferrer\">Estancias de Investigaci\u00f3n<\/a> | <a href=\"https:\/\/blog.uclm.es\/juanjosepastor\/formacion-academica\/\" target=\"_top\" rel=\"noopener noreferrer\">Formaci\u00f3n Acad\u00e9mica<\/a> | <a href=\"https:\/\/blog.uclm.es\/juanjosepastor\/actividad-profesional\/\" target=\"_top\" rel=\"noopener noreferrer\">Actividad Profesional<\/a> | <a href=\"https:\/\/blog.uclm.es\/juanjosepastor\/becas-y-premios\/\" target=\"_top\" rel=\"noopener noreferrer\">Becas y Premios<\/a> | <a href=\"https:\/\/blog.uclm.es\/juanjosepastor\/gestion-y-administracion-educativa\/\" target=\"_top\" rel=\"noopener noreferrer\">Gesti\u00f3n y Administraci\u00f3n Educativa<\/a> | <a href=\"https:\/\/blog.uclm.es\/juanjosepastor\/actividad-Docente\/\" target=\"_top\" rel=\"noopener noreferrer\">Actividad Docente\u00a0<\/a> | <a href=\"https:\/\/blog.uclm.es\/juanjosepastor\/cursos-y-seminarios-impartidos\/\" target=\"_top\" rel=\"noopener noreferrer\">Cursos y Seminarios\u00a0Impartidos<\/a> |<a href=\"https:\/\/blog.uclm.es\/juanjosepastor\/cursos-y-seminarios-recibidos\/\" target=\"_top\" rel=\"noopener noreferrer\">Cursos y Seminarios Recibidos\u00a0<\/a> | <a href=\"https:\/\/blog.uclm.es\/juanjosepastor\/varia\" target=\"_top\" rel=\"noopener noreferrer\">Varia<\/a><\/strong><\/p>\n<p>[\/vc_column_text][\/vc_column][\/vc_row][vc_row][vc_column][vc_column_text]<strong>OTROS M\u00c9RITOS DOCENTES O DE INVESTIGACI\u00d3N<\/strong><\/p>\n<p><strong>OTROS M\u00c9RITOS DOCENTES<\/strong><\/p>\n<p>Implantaci\u00f3n del Sistema de Cr\u00e9ditos ECTS en los centros dependientes de la Universidad de Castilla-La Mancha. Entidad: Universidad de Castilla-La Mancha. Convocatoria: Interna. Duraci\u00f3n: 01-01-2007 al 01-01-2008 (12 meses). Descripci\u00f3n: Coordinaci\u00f3n de la implantaci\u00f3n del sistema de cr\u00e9ditos ECTS en los primeros cursos de cada una de las especialidades de Magisterio impartidas (Musical, Primaria, Infantil, Lenguas Extranjeras y Educaci\u00f3n F\u00edsica).<\/p>\n<p>Virtualizaci\u00f3n y tutorizaci\u00f3n de la ense\u00f1anza on-line de las asignaturas <em>Lenguaje Musical I, Lenguaje Musical II, Did\u00e1ctica de Expresi\u00f3n Musical II y Did\u00e1ctica de la Expresi\u00f3n Art\u00edstica y Musical<\/em> en la plataforma Moddle del Campus Virtual de la Universidad de Castilla-La Mancha durante los cursos 2006-2007 y 2007-2008 y 2008-2009.<\/p>\n<p><strong>OTROS M\u00c9RITOS RELACIONADOS CON LA ACTIVIDAD INVESTIGADORA<\/strong><\/p>\n<p>Miembro de la Asociaci\u00f3n para la Educaci\u00f3n Musical en el Estado Espa\u00f1ol<\/p>\n<p>Miembro de ISME (International Society for Music Education)<\/p>\n<p>Miembro de la Sociedad Espa\u00f1ola de Musicolog\u00eda<\/p>\n<p>Miembro de la Asociaci\u00f3n Internacional de Siglo de ORO (AISO)<\/p>\n<p>Miembro del <em>Instituto de Investigaci\u00f3n Instituto Almagro de Teatro Cl\u00e1sico<\/em> (Universidad de Castilla-La Mancha). Investigaci\u00f3n en torno a la M\u00fasica, el Teatro Cl\u00e1sico y sus orientaciones did\u00e1cticas<\/p>\n<p>Miembro de la C\u00e1tedra Cervantes (Texas A&amp;M University, Universidad de Castilla-La Mancha y Banco Santander Central Hispano), donde desarrolla tareas de investigaci\u00f3n en torno a la m\u00fasica y Cervantes, as\u00ed como adaptaciones did\u00e1cticas de tales resultados<\/p>\n<p>Colaborador y asesor musicol\u00f3gico en la edici\u00f3n y estudio realizado por Gonz\u00e1lez Cuenca, Joaqu\u00edn (2004): <em>Hernando del Castillo: Cancionero General (V vol\u00famenes).<\/em> Madrid: Editorial Castalia. ISBN: 84-97400-136-0. Vid. como ejemplos p\u00e1gs. 23 y pp 245.<\/p>\n<p>Autor del la programaci\u00f3n oficial <em>Don Quijote, conmemoraci\u00f3n del IV Centenario<\/em>. Universidad de Castilla-La Mancha. D.L. CR-37-2005. 82 pp. (500 ejemplares).Citado en: Pecia Complutense. Bolet\u00edn de la Biblioteca Hist\u00f3rica de la Universidad Complutense. ISSN: 1698-272X. A\u00f1o 3, n.\u00ba 4, enero 2006. Secci\u00f3n de Referencia, p\u00e1g. 47<\/p>\n<p>Autor de tres programas de mano, frutos de investigaciones musicol\u00f3gicas precedentes:<\/p>\n<p style=\"padding-left: 40px\">Ensemble Durendal. <em>Salga la luna<\/em>. M\u00fasica y testos cervantinos. Conciertos de Primavera en Castilla y Le\u00f3n. Mayo de 2005. D.L. VA\/401-2005, 22 pp.<\/p>\n<p style=\"padding-left: 40px\"><em>Por \u00e1speros caminos<\/em>. Paraninfo Universitario. Ciudad Real. Universidad de Castilla-La Mancha. 19 de abril de 2005.<\/p>\n<p style=\"padding-left: 40px\"><em>Mozart<\/em>. Un paso hacia la modernidad. Edificio Universitario de San Pedro M\u00e1rtir. Toledo. 17 de junio de 2006.<\/p>\n<p>(2008): Miembro del tribunal de tesis de la Dra. Pilar Carrasco Lluch, \u00abEl valor terape\u00fatico de la Literatura Infantil en los ni\u00f1os hospitalizados\u00bb. Universidad de Murcia.<\/p>\n<p>Conferencia: \u201cSanta Cecilia: programa iconogr\u00e1fico\u201d. 19 de noviembre. Conservatorio Profesional de M\u00fasica \u201cMarcos Redondo\u201d de Ciudad Real<\/p>\n<p><strong>OTROS M\u00c9RITOS RELACIONADOS CON LA ACTIVIDAD PROFESIONAL<\/strong><\/p>\n<p>(2000): N\u00ba. 1 en la fase de oposici\u00f3n de las pruebas de acceso a la carrera de funcionario docente como Profesor de Secundaria Obligatoria por la especialidad de m\u00fasica y n\u00ba. 4 en la fase de concurso-oposici\u00f3n.<\/p>\n<p>(2003): Valoraci\u00f3n de 9.20 sobre 10 de la Pr\u00e1ctica Docente y Nivel de Compromiso y Participaci\u00f3n en el Centro realizada por el Servicio de Inspecci\u00f3n de la Consejer\u00eda de Educaci\u00f3n y Cultural de la Universidad de Castilla-La Mancha.<\/p>\n<p>(2006-2007): Vocal Vigilante y corrector en las Pruebas de Acceso a la Universidad (Historia de la M\u00fasica) Vicerrectorado de Alumnos. Universidad de Castilla-La Mancha.<\/p>\n<p>(2007): Concesi\u00f3n del Incentivo en la Calidad de la Gesti\u00f3n, aprobado por Consejo de Gobierno de la Universidad de Castilla-La Mancha con fecha 26 de octubre de 2005. Concesi\u00f3n: 21 de abril de 2008.<\/p>\n<p>(2007): Vocal Corrector para la segunda revisi\u00f3n (Historia de la M\u00fasica) en las Pruebas de Acceso a la Universidad de la Universidad de Castilla-La Mancha. Vicerrectorado de Alumnos.<\/p>\n<p>(2007): Profesor Acreditado como Ayudante Doctor por la Agencia Nacional de Evaluaci\u00f3n de Calidad (ANECA). Resoluci\u00f3n: 24 de octubre de 2007.<\/p>\n<p>(2007): Profesor Acreditado como Contratado Doctor de Universidad Privada por la Agencia Nacional de Evaluaci\u00f3n de Calidad (ANECA). Resoluci\u00f3n: 24 de octubre de 2007.<\/p>\n<p>(2007): Profesor Acreditado como Contratado Doctor de Universidad P\u00fablica por la Agencia Nacional de Evaluaci\u00f3n de Calidad (ANECA). Resoluci\u00f3n: 24 de octubre de 2007.<\/p>\n<p>(2008): Vocal Titular de los procedimientos para el ingreso y acceso al Cuerpo de Profesores de M\u00fasica y Artes Esc\u00e9nicas de la especialidad de Historia de la M\u00fasica.<\/p>\n<p><strong>OBRA MUSICAL<\/strong><\/p>\n<p>(1998): <em>Minueto en Sol mayor<\/em>. Composici\u00f3n para orquesta de c\u00e1mara. Estrenado el 13 de junio de 1998 en el Auditorio del Conservatorio Profesional de M\u00fasica \u201cJoaqu\u00edn Turina\u201d (Madrid).<\/p>\n<p>(1998): <em>Zarabanda en Do menor<\/em>. Composici\u00f3n para orquesta de c\u00e1mara. Estrenado el 13 de junio de 1998 en el Auditorio del Conservatorio Profesional de M\u00fasica \u201cJoaqu\u00edn Turina\u201d (Madrid).<\/p>\n<p>(2001): <em>Fuga a cuatro voces en Mi menor<\/em>. Composici\u00f3n para cuarteto de cuerda. Estrenado el 22 de noviembre de 2001 en el Auditorio del Conservatorio Profesional de M\u00fasica \u201cJoaqu\u00edn Turina\u201d (Madrid).<\/p>\n<p>(2007): <em>M\u00fasica para Jose Corredor Matheos<\/em>. Composici\u00f3n para piano. Estrenado el 9 de febrero de 2007 en el Paraninfo del Rectorado de la Universidad de Castilla-La Mancha (Ciudad Real)<\/p>\n<p style=\"text-align: right\"><a href=\"https:\/\/blog.uclm.es\/juanjosepastor\">Inicio<\/a><\/p>\n<p>[\/vc_column_text][\/vc_column][\/vc_row]<\/p>\n","protected":false},"excerpt":{"rendered":"<p>[vc_row][vc_column][vc_column_text] Juan Jos\u00e9 Pastor Com\u00edn Profesor Titular de Universidad \u00c1rea de M\u00fasica juanjose.pastor@uclm.es Tlfno. + 34 926 29 53 00. Ext. 3211, 13211; 680 222 487 Departamento de Did\u00e1ctica de la Expresi\u00f3n Musical, Pl\u00e1stica y Corporal[\/vc_column_text][\/vc_column][\/vc_row][vc_row][vc_column][vc_column_text] Libros y Cap\u00edtulos de Libro | Art\u00edculos |Otras Publicaciones | Congresos | Proyectos de Investigaci\u00f3n\u00a0 | Estancias de Investigaci\u00f3n &hellip; <a href=\"https:\/\/blog.uclm.es\/juanjosepastor\/varia\/\" class=\"more-link\">Seguir leyendo <span class=\"screen-reader-text\">Varia<\/span> <span class=\"meta-nav\">&rarr;<\/span><\/a><\/p>\n","protected":false},"author":140,"featured_media":0,"parent":0,"menu_order":0,"comment_status":"closed","ping_status":"closed","template":"","meta":{"footnotes":""},"class_list":["post-87","page","type-page","status-publish","hentry"],"_links":{"self":[{"href":"https:\/\/blog.uclm.es\/juanjosepastor\/wp-json\/wp\/v2\/pages\/87","targetHints":{"allow":["GET"]}}],"collection":[{"href":"https:\/\/blog.uclm.es\/juanjosepastor\/wp-json\/wp\/v2\/pages"}],"about":[{"href":"https:\/\/blog.uclm.es\/juanjosepastor\/wp-json\/wp\/v2\/types\/page"}],"author":[{"embeddable":true,"href":"https:\/\/blog.uclm.es\/juanjosepastor\/wp-json\/wp\/v2\/users\/140"}],"replies":[{"embeddable":true,"href":"https:\/\/blog.uclm.es\/juanjosepastor\/wp-json\/wp\/v2\/comments?post=87"}],"version-history":[{"count":0,"href":"https:\/\/blog.uclm.es\/juanjosepastor\/wp-json\/wp\/v2\/pages\/87\/revisions"}],"wp:attachment":[{"href":"https:\/\/blog.uclm.es\/juanjosepastor\/wp-json\/wp\/v2\/media?parent=87"}],"curies":[{"name":"wp","href":"https:\/\/api.w.org\/{rel}","templated":true}]}}