{"id":82,"date":"2020-06-08T10:49:34","date_gmt":"2020-06-08T09:49:34","guid":{"rendered":"http:\/\/blog.uclm.es\/juanjosepastor\/?page_id=82"},"modified":"2020-06-08T10:49:34","modified_gmt":"2020-06-08T09:49:34","slug":"cursos-y-seminarios-impartidos","status":"publish","type":"page","link":"https:\/\/blog.uclm.es\/juanjosepastor\/cursos-y-seminarios-impartidos\/","title":{"rendered":"Cursos y seminarios impartidos"},"content":{"rendered":"<p>[vc_row][vc_column][vc_column_text]<\/p>\n<p style=\"text-align: center\"><strong>Juan Jos\u00e9 Pastor Com\u00edn<\/strong><br \/>\nProfesor Titular de Universidad<br \/>\n\u00c1rea de M\u00fasica<br \/>\n<a href=\"mailto:juanjose.pastor@uclm.es\">juanjose.pastor@uclm.es<\/a><\/p>\n<p style=\"text-align: center\">Tlfno. + 34 926 29 53 00. Ext. 3211, 13211; 680 222 487<br \/>\nDepartamento de Did\u00e1ctica de la Expresi\u00f3n Musical,<br \/>\nPl\u00e1stica y Corporal[\/vc_column_text][\/vc_column][\/vc_row][vc_row][vc_column][vc_column_text]<\/p>\n<p style=\"text-align: center\"><strong><a href=\"https:\/\/blog.uclm.es\/juanjosepastor\/libros-y-capitulos-de-libros\/\" target=\"_top\" rel=\"noopener noreferrer\">Libros y Cap\u00edtulos de Libro<\/a> | <a href=\"https:\/\/blog.uclm.es\/juanjosepastor\/articulos\/\" target=\"_top\" rel=\"noopener noreferrer\">Art\u00edculos<\/a> |<a href=\"https:\/\/blog.uclm.es\/juanjosepastor\/otras-publicaciones\/\" target=\"_top\" rel=\"noopener noreferrer\">Otras Publicaciones<\/a> | <a href=\"https:\/\/blog.uclm.es\/juanjosepastor\/congresos\/\" target=\"_top\" rel=\"noopener noreferrer\">Congresos<\/a> | <a href=\"https:\/\/blog.uclm.es\/juanjosepastor\/proyectos-de-investigacion\/\" target=\"_top\" rel=\"noopener noreferrer\">Proyectos de Investigaci\u00f3n\u00a0<\/a> | <a href=\"https:\/\/blog.uclm.es\/juanjosepastor\/estancias-de-investigacion\/\" target=\"_top\" rel=\"noopener noreferrer\">Estancias de Investigaci\u00f3n<\/a> | <a href=\"https:\/\/blog.uclm.es\/juanjosepastor\/formacion-academica\/\" target=\"_top\" rel=\"noopener noreferrer\">Formaci\u00f3n Acad\u00e9mica<\/a> | <a href=\"https:\/\/blog.uclm.es\/juanjosepastor\/actividad-profesional\/\" target=\"_top\" rel=\"noopener noreferrer\">Actividad Profesional<\/a> | <a href=\"https:\/\/blog.uclm.es\/juanjosepastor\/becas-y-premios\/\" target=\"_top\" rel=\"noopener noreferrer\">Becas y Premios<\/a> | <a href=\"https:\/\/blog.uclm.es\/juanjosepastor\/gestion-y-administracion-educativa\/\" target=\"_top\" rel=\"noopener noreferrer\">Gesti\u00f3n y Administraci\u00f3n Educativa<\/a> | <a href=\"https:\/\/blog.uclm.es\/juanjosepastor\/actividad-Docente\/\" target=\"_top\" rel=\"noopener noreferrer\">Actividad Docente\u00a0<\/a> | <a href=\"https:\/\/blog.uclm.es\/juanjosepastor\/cursos-y-seminarios-impartidos\/\" target=\"_top\" rel=\"noopener noreferrer\">Cursos y Seminarios\u00a0Impartidos<\/a> |<a href=\"https:\/\/blog.uclm.es\/juanjosepastor\/cursos-y-seminarios-recibidos\/\" target=\"_top\" rel=\"noopener noreferrer\">Cursos y Seminarios Recibidos\u00a0<\/a> | <a href=\"https:\/\/blog.uclm.es\/juanjosepastor\/varia\" target=\"_top\" rel=\"noopener noreferrer\">Varia<\/a><\/strong><\/p>\n<p>[\/vc_column_text][\/vc_column][\/vc_row][vc_row][vc_column][vc_column_text]<strong>CURSOS Y SEMINARIOS IMPARTIDOS<\/strong><\/p>\n<p>(2001): Centro de Profesores y Recursos de Puertollano. Coordinaci\u00f3n del grupo de trabajo \u201cM\u00fasica y Literatura Universal: Materiales did\u00e1cticos para un recurso interdisciplinar\u201d. Duraci\u00f3n: 07\/11\/2001 a 08\/05\/2002. 6 meses.<\/p>\n<p>(2001): Ponente y tutor del Curso de Adaptaci\u00f3n Pedag\u00f3gica. Consejer\u00eda de Educaci\u00f3n. Junta de Comunidades de Castilla-La Mancha. 50 horas.<\/p>\n<p>(2001-2002): Ponente y tutor del Curso de Adaptaci\u00f3n Pedag\u00f3gica. Universidad Complutense de Madrid. 30 horas.<\/p>\n<p>(2002): Centro de Profesores y Recursos de Puertollano. Impartici\u00f3n del seminario \u201cLiteratura Universal y M\u00fasica\u201d y creaci\u00f3n del grupo de trabajo. Duraci\u00f3n: 14\/11\/2002 \u2013 14\/06\/2003. 7 meses. (2004): \u201cCurso de nuevas tecnolog\u00edas aplicadas a la M\u00fasica\u201d. E. U. de Magisterio de Ciudad Real. Universidad de Castilla-La Mancha. Fecha: 16-18\/09\/2004. Duraci\u00f3n: 10 horas.<\/p>\n<p>(2004): Curso de formaci\u00f3n. Programaci\u00f3n docente y de Aula. Destinatarios: Profesores de Ense\u00f1anza Primaria y Secundaria. Universidad de Castilla-La Mancha. E. U. de Magisterio de Ciudad Real. Funci\u00f3n: Coordinador. Fecha: 15\/12\/2004. Duraci\u00f3n: 20 horas.<\/p>\n<p>(2004): I Congreso de Reflexi\u00f3n Pedag\u00f3gica: Don Quijote en el Aula\u201d. Curso de formaci\u00f3n homologado por la Consejer\u00eda de Educaci\u00f3n de la Junta de comunidades de Castilla-La Mancha para la Formaci\u00f3n del Profesorado. Destinatarios: Profesores de Ense\u00f1anza Primaria y Secundaria. Universidad de Castilla-La Mancha. E. U. de Magisterio de Ciudad Real. Funci\u00f3n: Coordinador y ponente. Fecha: 6-04-2005. Duraci\u00f3n: 20 horas.<\/p>\n<p>(2004): Seminario: \u201cCervantes y la M\u00fasica\u201d. Programa Universidad de Mayores. Vicerrectorado de Extensi\u00f3n Universitaria. Universidad de Castilla-La Mancha. Funci\u00f3n: Ponente. Duraci\u00f3n: 4 horas.<\/p>\n<p>(2005): \u201cEdici\u00f3n y difusi\u00f3n del Quijote\u201d. III Feria del Libro de Ciudad Real. Ciudad Real: 22 de abril. Universidad de Castilla-La Mancha. Vicerrectorado de Campus de Ciudad Real y Cooperaci\u00f3n Cultural. Participaci\u00f3n: Mesa redonda.<\/p>\n<p>(2005): \u201cEl o\u00eddo de Cervantes: Escritura literaria y experiencia musical\u201d. Escuela Espa\u00f1ola de Historia y Arqueolog\u00eda en Roma. Consejo Superior de Investigaciones Cient\u00edficas (CSIC). Roma: Biblioteca Casanatense. 1 de diciembre. Participaci\u00f3n: Ponencia Invitada.<\/p>\n<p>(2005): \u201cEl Quijote y la m\u00fasica: aproximaciones did\u00e1cticas\u201d. Feria Regional del Libro de Castilla-La Mancha. Cuenca: 1 de mayo. Junta de Comunidades de Castilla-La Mancha. Participaci\u00f3n: Ponencia Invitada.<\/p>\n<p>(2005): \u201cEl Quijote y la m\u00fasica\u201d. Curso de Formaci\u00f3n de Profesores de Centros de Convenios \u201cLa Espa\u00f1a del Quijote\u201d. Santander: 12-17 de junio. Universidad Internacional Men\u00e9dez Pelayo. Participaci\u00f3n: Ponencia Invitada.<\/p>\n<p>(2005): \u201cLa m\u00fasica en el Quijote\u201d. Jornadas Multidisciplinares sobre el Quijote. Villanueva de los Infantes: 6 de septiembre. Instituto de Estudios Manchegos, Consejo Superior de Investigaciones Cient\u00edficas (CSIC). Participaci\u00f3n: Ponencia invitada.<\/p>\n<p>(2005): \u201cNuevas tecnolog\u00edas aplicadas a la Did\u00e1ctica de la M\u00fasica\u201d. Destinatarios: Alumnos de Educaci\u00f3n Musical. E. U. de Magisterio de Ciudad Real. Universidad de Castilla-La Mancha. Funci\u00f3n: Ponente. Fecha: 15\/18-09-2005. Duraci\u00f3n: 10 horas.<\/p>\n<p>(2005): \u201cRecursos digitales y nuevas tecnolog\u00edas aplicadas a la Did\u00e1ctica de la Expresi\u00f3n Musical en Educaci\u00f3n Infantil, Primaria y Musical\u201d. E. U. de Magisterio de Ciudad Real. Universidad de Castilla-La Mancha. Fecha: 19-21\/09\/2004. Duraci\u00f3n: 10 horas.<\/p>\n<p>(2005): Director y Ponente del curso: Bases de datos, herramientas tecnol\u00f3gicas y bibliotecas digitales. Consejer\u00eda de Educaci\u00f3n de la Junta de Comunidades de Castilla-La Mancha y Universidad de Castilla-La Mancha. (marzo del 2005. 50 horas)<\/p>\n<p>(2005): \u00d3pera Abierta. Destinatarios: Alumnos de Educaci\u00f3n Musical. E. U. De Magisterio de Ciudad Real. Universidad de Castilla-La Mancha. Funci\u00f3n: Coordinador. Duraci\u00f3n: 20 horas.<\/p>\n<p>(2006): \u201cEducaci\u00f3n Art\u00edstica I\u201d. Programa Universidad de Mayores. Vicerrectorado de Extensi\u00f3n Universitaria. Universidad de Castilla-La Mancha. Funci\u00f3n: Ponente. Duraci\u00f3n: 7, 5 horas.<\/p>\n<p>(2006): \u201cI Ciclo de M\u00fasica de C\u00e2mara Primavera 2006\u201d. Vicerrectorado de Campus de Ciudad Real y Cooperaci\u00f3n Cultural. Director y ponente. Duraci\u00f3n: 10 horas.<\/p>\n<p>(2006): \u201cMozart: 250 a\u00f1os del nacimiento de un genio\u201d. Vicerrectorado de Campus de Ciudad Real y Cooperaci\u00f3n Cultural. Funci\u00f3n: Director y ponente. Duraci\u00f3n: 10 horas.<\/p>\n<p>(2006): \u201cM\u00fasica y Poes\u00eda en Educaci\u00f3n Infantil y Primaria: La L\u00edrica Infantil y sus realizaciones musicales\u201d. Destinatarios: Alumnos de Educaci\u00f3n Musical y Educaci\u00f3n Infantil. E. U. de Magisterio de Ciudad Real. Universidad de Castilla-La Mancha. Funci\u00f3n: Secretario y Ponente. Fecha: marzo de 2006. Duraci\u00f3n: 10 horas.<\/p>\n<p>(2006): \u201cM\u00fasica y Poes\u00eda en Educaci\u00f3n Infantil y Primaria: La L\u00edrica Infantil y sus realizaciones musicales\u201d. Destinatarios: Alumnos de Educaci\u00f3n Musical y Educaci\u00f3n Infantil. E. U. de Magisterio de Ciudad Real. Universidad de Castilla-La Mancha. Funci\u00f3n: Secretario y Ponente. Fecha: diciembre de 2006. Duraci\u00f3n: 10 horas.<\/p>\n<p>(2006): \u201cNuevas tecnolog\u00edas aplicadas a la did\u00e1ctica de la m\u00fasica\u201d. E. U. de Magisterio de Ciudad Real. Universidad de Castilla-La Mancha. Fecha: 16\/09\/2006. Duraci\u00f3n: 10 horas.<\/p>\n<p>(2006): \u201cNuevos recursos tecnol\u00f3gicos e inform\u00e1ticos aplicados a la Did\u00e1ctica de la Expresi\u00f3n Musical\u201d. Destinatarios: Alumnos de Educaci\u00f3n Musical. E. U. de Magisterio de Ciudad Real. Universidad de Castilla-La Mancha. Funci\u00f3n: Ponente. Fecha: 18\/22-09-2006. Duraci\u00f3n: 10 horas.<\/p>\n<p>(2006): \u201cSchumann: M\u00fasico-poeta\u201d. Conferencia inaugural del Programa Universitario de Personas Mayores \u201cJos\u00e9 Saramago\u201d. Ciudad Real: noviembre. Participaci\u00f3n: Ponencia invitada.<\/p>\n<p>(2007): \u201cEducaci\u00f3n Art\u00edstica I\u201d. Programa Universidad de Mayores. Vicerrectorado de Extensi\u00f3n Universitaria. Universidad de Castilla-La Mancha. Funci\u00f3n: Ponente. Duraci\u00f3n: 6 horas.<\/p>\n<p>(2007): \u201cLa m\u00fasica en las artes: hallazgos, desilusiones y horizontes compartidos\u201d. \u201cEl sue\u00f1o de las musas: La M\u00fasica en el Arte y la Literatura\u201d. Campo de Criptana: 2-4 de julio. Curso de Verano. Participaci\u00f3n: Mesa redonda.<\/p>\n<p>(2007): \u201cM\u00fasica y Literatura: las dos caras de la medalla\u201d. En: El sue\u00f1o de las musas: la m\u00fasica en el arte la literatura\u201d. Campo de Criptana: 2-4 de julio. Vicerrectorado de Extensi\u00f3n Universitaria de la Universidad de Castilla-La Mancha. Curso de Verano. Participaci\u00f3n: Ponencia plenaria.<\/p>\n<p>(2007): \u201cPicasso y el arte de su tiempo\u201d. Vicerrectorado de Campus de Ciudad Real. Universidad de Castilla-La Mancha. Fechas: del 16 al 25 de octubre de 2007. Funci\u00f3n: Director y Ponente. Duraci\u00f3n: 20 horas.<\/p>\n<p>(2007): Curso de Verano: El sue\u00f1o de las musas. La M\u00fasica en el Arte y la Literatura. Vicerrectorado de Extensi\u00f3n Universitaria. Universidad de Castilla-La Mancha. Lugar: Campo de Criptana: Fechas: 2\/4 de julio de 2007. Funci\u00f3n: Director. Duraci\u00f3n: 20 horas.<\/p>\n<p>(2008): \u201c\u00bfCu\u00e1l ser\u00e1 la competencia musical del ciudadano del siglo XXI? Pasado, presente y porvenir de la ense\u00f1anza musical. Nuevas perspectivas en Educaci\u00f3n Musical, Campo de Criptana, 30 de junio \/ 2 de julio de 2008<\/p>\n<p>(2008): \u201cEducaci\u00f3n Art\u00edstica I\u201d. Programa Universidad de Mayores. Vicerrectorado de Extensi\u00f3n Universitaria. Universidad de Castilla-La Mancha. Funci\u00f3n: Ponente. Duraci\u00f3n: 7, 5 horas.<\/p>\n<p>(2008): \u201cRecursos interdisciplinares enl a formaci\u00f3n musical del docente\u201d. Nuevas perspectivas en Educaci\u00f3n Musical, Campo de Criptana, 30 de junio \/ 2 de julio de 2008.<\/p>\n<p>(2008): Cervantes: Viaje del siglo XVI al XXI. Vicerrectorado de Campus de Ciudad Real \/ C\u00e1tedra Cervantes. Fechas: Del 21 al 23 de abril. Funci\u00f3n: Director y Ponente. Duraci\u00f3n: 10 horas.<\/p>\n<p>(2008): La evoluci\u00f3n de la m\u00fasica espa\u00f1ola en la segunda mitad del siglo XX. Universidad de Castilla-La Mancha y Conservatorio Profesional de M\u00fasica \u201cMarcos Redondo\u201d de Ciudad Real. Fechas: Del 25 al 28 de marzo. Funci\u00f3n: Director y Ponente. Duraci\u00f3n. 20 horas.<\/p>\n<p>(2008): Nuevas perspectivas de la Educaci\u00f3n Musical. Vicerrectorado de Campus de Cuenca y Extensi\u00f3n Cultural. Fechas: del 30 de junio al 2 de julio. Funci\u00f3n: Director y Ponente. Duraci\u00f3n: 20 horas.<\/p>\n<p>(2008): Seminario: \u201cLa m\u00fasica que entra por los ojos o c\u00f3mo ense\u00f1ar m\u00fasica a trav\u00e9s del pincel\u201d. Programa Universidad de Mayores. Vicerrectorado de Extensi\u00f3n Universitaria. Universidad de Castilla-La Mancha. Fechas: del 11 de enero al 1 de febrero. Funci\u00f3n: Ponente. Duraci\u00f3n: 8 horas.<\/p>\n<p>(2009): III Semana Cervantina. Quijotes infantiles y juveniles. Directores: Eduardo Urbina y Juan Jos\u00e9 Pastor. Organiza: Vicerrectorado de Campus de Ciudad Real y Cooperaci\u00f3n Cultural y C\u00e1tedra Cervantes. Duraci\u00f3n: 10 horas<\/p>\n<p>(2009): Expresi\u00f3n Dram\u00e1tica y Musical en la Educaci\u00f3n Infantil y Primaria. Director y ponente. Organiza: Vicerrectorado de Campus de Ciudad Real y Cooperaci\u00f3n Cultural. Duraci\u00f3n: 20 horas.<\/p>\n<p>(2010): IV Semana Cervantina: Quijotes Musicales. Directores: Eduardo Urbina y Juan Jos\u00e9 Pastor. Organiza: Vicerrectorado de Campus de Ciudad Real y Cooperaci\u00f3n Cultural y C\u00e1tedra Cervantes. Duraci\u00f3n: 10 horas<\/p>\n<p>(2010): La M\u00fasica por Dentro. Ciclo de Conferencias-Concierto. Directores: Paulino Capdep\u00f3n y Juan Jos\u00e9 Pastor. Organiza: Vicerrectorado de Campus de Ciudad Real y Cooperaci\u00f3n Cultural. Aula de M\u00fasica. Duraci\u00f3n: 20 horas<\/p>\n<p style=\"text-align: right\"><a href=\"https:\/\/blog.uclm.es\/juanjosepastor\">Inicio<\/a><\/p>\n<p>[\/vc_column_text][\/vc_column][\/vc_row]<\/p>\n","protected":false},"excerpt":{"rendered":"<p>[vc_row][vc_column][vc_column_text] Juan Jos\u00e9 Pastor Com\u00edn Profesor Titular de Universidad \u00c1rea de M\u00fasica juanjose.pastor@uclm.es Tlfno. + 34 926 29 53 00. Ext. 3211, 13211; 680 222 487 Departamento de Did\u00e1ctica de la Expresi\u00f3n Musical, Pl\u00e1stica y Corporal[\/vc_column_text][\/vc_column][\/vc_row][vc_row][vc_column][vc_column_text] Libros y Cap\u00edtulos de Libro | Art\u00edculos |Otras Publicaciones | Congresos | Proyectos de Investigaci\u00f3n\u00a0 | Estancias de Investigaci\u00f3n &hellip; <a href=\"https:\/\/blog.uclm.es\/juanjosepastor\/cursos-y-seminarios-impartidos\/\" class=\"more-link\">Seguir leyendo <span class=\"screen-reader-text\">Cursos y seminarios impartidos<\/span> <span class=\"meta-nav\">&rarr;<\/span><\/a><\/p>\n","protected":false},"author":140,"featured_media":0,"parent":0,"menu_order":0,"comment_status":"closed","ping_status":"closed","template":"","meta":{"footnotes":""},"class_list":["post-82","page","type-page","status-publish","hentry"],"_links":{"self":[{"href":"https:\/\/blog.uclm.es\/juanjosepastor\/wp-json\/wp\/v2\/pages\/82","targetHints":{"allow":["GET"]}}],"collection":[{"href":"https:\/\/blog.uclm.es\/juanjosepastor\/wp-json\/wp\/v2\/pages"}],"about":[{"href":"https:\/\/blog.uclm.es\/juanjosepastor\/wp-json\/wp\/v2\/types\/page"}],"author":[{"embeddable":true,"href":"https:\/\/blog.uclm.es\/juanjosepastor\/wp-json\/wp\/v2\/users\/140"}],"replies":[{"embeddable":true,"href":"https:\/\/blog.uclm.es\/juanjosepastor\/wp-json\/wp\/v2\/comments?post=82"}],"version-history":[{"count":0,"href":"https:\/\/blog.uclm.es\/juanjosepastor\/wp-json\/wp\/v2\/pages\/82\/revisions"}],"wp:attachment":[{"href":"https:\/\/blog.uclm.es\/juanjosepastor\/wp-json\/wp\/v2\/media?parent=82"}],"curies":[{"name":"wp","href":"https:\/\/api.w.org\/{rel}","templated":true}]}}