{"id":80,"date":"2020-06-08T11:28:08","date_gmt":"2020-06-08T10:28:08","guid":{"rendered":"http:\/\/blog.uclm.es\/juanjosepastor\/?page_id=80"},"modified":"2020-06-08T11:28:08","modified_gmt":"2020-06-08T10:28:08","slug":"actividad-docente","status":"publish","type":"page","link":"https:\/\/blog.uclm.es\/juanjosepastor\/actividad-docente\/","title":{"rendered":"Actividad docente"},"content":{"rendered":"<p>[vc_row][vc_column][vc_column_text]<\/p>\n<p style=\"text-align: center\"><strong>Juan Jos\u00e9 Pastor Com\u00edn<\/strong><br \/>\nProfesor Titular de Universidad<br \/>\n\u00c1rea de M\u00fasica<br \/>\n<a href=\"mailto:juanjose.pastor@uclm.es\">juanjose.pastor@uclm.es<\/a><\/p>\n<p style=\"text-align: center\">Tlfno. + 34 926 29 53 00. Ext. 3211, 13211; 680 222 487<br \/>\nDepartamento de Did\u00e1ctica de la Expresi\u00f3n Musical,<br \/>\nPl\u00e1stica y Corporal<\/p>\n<p>[\/vc_column_text][\/vc_column][\/vc_row][vc_row][vc_column][vc_column_text]<\/p>\n<p style=\"text-align: center\"><strong><a href=\"https:\/\/blog.uclm.es\/juanjosepastor\/libros-y-capitulos-de-libros\/\" target=\"_top\" rel=\"noopener noreferrer\">Libros y Cap\u00edtulos de Libro<\/a> | <a href=\"https:\/\/blog.uclm.es\/juanjosepastor\/articulos\/\" target=\"_top\" rel=\"noopener noreferrer\">Art\u00edculos<\/a> |<a href=\"https:\/\/blog.uclm.es\/juanjosepastor\/otras-publicaciones\/\" target=\"_top\" rel=\"noopener noreferrer\">Otras Publicaciones<\/a> | <a href=\"https:\/\/blog.uclm.es\/juanjosepastor\/congresos\/\" target=\"_top\" rel=\"noopener noreferrer\">Congresos<\/a> | <a href=\"https:\/\/blog.uclm.es\/juanjosepastor\/proyectos-de-investigacion\/\" target=\"_top\" rel=\"noopener noreferrer\">Proyectos de Investigaci\u00f3n\u00a0<\/a> | <a href=\"https:\/\/blog.uclm.es\/juanjosepastor\/estancias-de-investigacion\/\" target=\"_top\" rel=\"noopener noreferrer\">Estancias de Investigaci\u00f3n<\/a> | <a href=\"https:\/\/blog.uclm.es\/juanjosepastor\/formacion-academica\/\" target=\"_top\" rel=\"noopener noreferrer\">Formaci\u00f3n Acad\u00e9mica<\/a> | <a href=\"https:\/\/blog.uclm.es\/juanjosepastor\/actividad-profesional\/\" target=\"_top\" rel=\"noopener noreferrer\">Actividad Profesional<\/a> | <a href=\"https:\/\/blog.uclm.es\/juanjosepastor\/becas-y-premios\/\" target=\"_top\" rel=\"noopener noreferrer\">Becas y Premios<\/a> | <a href=\"https:\/\/blog.uclm.es\/juanjosepastor\/gestion-y-administracion-educativa\/\" target=\"_top\" rel=\"noopener noreferrer\">Gesti\u00f3n y Administraci\u00f3n Educativa<\/a> | <a href=\"https:\/\/blog.uclm.es\/juanjosepastor\/actividad-Docente\/\" target=\"_top\" rel=\"noopener noreferrer\">Actividad Docente\u00a0<\/a> | <a href=\"https:\/\/blog.uclm.es\/juanjosepastor\/cursos-y-seminarios-impartidos\/\" target=\"_top\" rel=\"noopener noreferrer\">Cursos y Seminarios\u00a0Impartidos<\/a> |<a href=\"https:\/\/blog.uclm.es\/juanjosepastor\/cursos-y-seminarios-recibidos\/\" target=\"_top\" rel=\"noopener noreferrer\">Cursos y Seminarios Recibidos\u00a0<\/a> | <a href=\"https:\/\/blog.uclm.es\/juanjosepastor\/varia\" target=\"_top\" rel=\"noopener noreferrer\">Varia<\/a><\/strong><\/p>\n<p>[\/vc_column_text][\/vc_column][\/vc_row][vc_row][vc_column][vc_column_text]<strong>PUESTOS DOCENTES DESEMPE\u00d1ADOS<\/strong><\/p>\n<p><strong>Ense\u00f1anza no universitaria<\/strong><\/p>\n<p style=\"padding-left: 40px\">Junta de Comunidades de Castilla-La Mancha. Consejer\u00eda de Educaci\u00f3n. Profesor de Ense\u00f1anza Secundaria de M\u00fasica. Funcionario en Practicas. I.E.S. Fray Andr\u00e9s (Puertolano): 01-09-2000 \/31-08-2001- . N.\u00ba de Registro Personal: 0459405102P0590.<\/p>\n<p style=\"padding-left: 40px\">Junta de Comunidades de Castilla-La Mancha. Consejer\u00eda de Educaci\u00f3n. Profesor de Ense\u00f1anza Secundaria de M\u00fasica. Funcionario. I.E.S. Fray Andr\u00e9s (Puertolano): 01-09-2001 \/. N.\u00ba de Registro Personal: 0459405102P0590. Cambio de destino en el 1-09-2005 al Instituo Maestro de Calatrava: Ciudad Real.<\/p>\n<p><strong>Ense\u00f1anza universitaria<\/strong><\/p>\n<p style=\"padding-left: 40px\">UCLM: Profesor asociado a tiempo parcial (6 horas) Cateogr\u00eda 1. 17-01-2003 \/ 10-12-2005. \u00c1rea: M\u00fasica<\/p>\n<p style=\"padding-left: 40px\">UCLM: Profesor asociado a tiempo parcial (12 horas). Categor\u00eda 2. 11-12-2005 \/ 01-11-2006. \u00c1rea: M\u00fasica<\/p>\n<p style=\"padding-left: 40px\">UCLM: Profesor asociado a tiempo parcial (12 horas). Categor\u00eda 2. 2-11-2006 \/ 30-09-2009. \u00c1rea M\u00fasica<\/p>\n<p style=\"padding-left: 40px\">UCLM: Profesor Titular de Universidad. \u00c1rea de M\u00fasica. BOE. 28 de septiembre de 2009<\/p>\n<p><strong>ACTIVIDAD DOCENTE<\/strong><\/p>\n<p><strong>Docencia regular en las siguientes asignaturas:<\/strong><\/p>\n<p style=\"padding-left: 40px\"><em>Teor\u00eda de la Literatura<\/em>. Introducci\u00f3n al an\u00e1lisis de la l\u00edrica. Departamento de Filolog\u00eda Hisp\u00e1nica y Cl\u00e1sica. Facultad de Letras de la Universidad de Castilla-La Mancha. Titulaci\u00f3n: Filolog\u00eda Hisp\u00e1nica; Filolog\u00eda Moderna. Curso: 3\u00ba. Materia: Troncal. Cr\u00e9ditos: 9 (impartici\u00f3n de 2 cr\u00e9ditos). Periodos impartidos: 01-09-1996 \/ 01-09-2000.<\/p>\n<p style=\"padding-left: 40px\"><em>Did\u00e1ctica de la Expresi\u00f3n Art\u00edstica y Musical<\/em>. Departamento de la Expresi\u00f3n Musical, Pl\u00e1stica y Corporal. E. U. de Magisterio de Ciudad Real. Titulaci\u00f3n: Maestro. Especialidad de Educaci\u00f3n F\u00edsica. Curso: 2\u00ba. Materia: Obligatoria. Per\u00edodos impartidos: 2002-2003; 2005-2006; 2006-2007.<\/p>\n<p style=\"padding-left: 40px\"><em>Did\u00e1ctica de la Expresi\u00f3n Musical II<\/em>. Departamento de la Expresi\u00f3n Musical, Pl\u00e1stica y Corporal. E. U. de Magisterio de Ciudad Real. Titulaci\u00f3n: Maestro. Especialidad de Educaci\u00f3n Infantil. Curso: 2\u00ba. Materia: Obligatoria. Cr\u00e9ditos: 6. Per\u00edodos impartidos: 2003-2004; 2004-2005; 2007-2009.<\/p>\n<p style=\"padding-left: 40px\"><em>Formaci\u00f3n Instrumental I<\/em>. Departamento de la Expresi\u00f3n Musical, Pl\u00e1stica y Corporal. E. U. de Magisterio de Ciudad Real. Titulaci\u00f3n: Maestro. Especialidad de Educaci\u00f3n Musical. Curso: 1\u00ba. Troncal. Cr\u00e9ditos: 6. Per\u00edodos impartidos: 2002-2003; 2003-2004.<\/p>\n<p style=\"padding-left: 40px\"><em>Lenguaje Musical I<\/em>. Departamento de la Expresi\u00f3n Musical, Pl\u00e1stica y Corporal. E. U. de Magisterio de Ciudad Real. Titulaci\u00f3n: Maestro. Especialidad de Educaci\u00f3n Musical. Curso: 1\u00ba. Troncal. Cr\u00e9ditos: 6. Per\u00edodos impartidos: 2003-2004; 2005-2006; 2006-2007; 2007-2009<\/p>\n<p style=\"padding-left: 40px\"><em>Lenguaje Musical II<\/em>. Departamento de la Expresi\u00f3n Musical, Pl\u00e1stica y Corporal. E. U. de Magisterio de Ciudad Real. Titulaci\u00f3n: Maestro. Especialidad de Educaci\u00f3n Musical. Curso: 2\u00ba. Troncal. Cr\u00e9ditos: 6. Per\u00edodos impartidos: 2005-2006; 2006-2007; 2007-2010.<\/p>\n<p style=\"padding-left: 40px\"><em>Did\u00e1ctica de la Expresi\u00f3n Musical II<\/em>. Facultad de Educaci\u00f3n. Titulaci\u00f3n: Maestro. Especialidad de Educaci\u00f3n Musical. Curso: 3\u00ba. Obligatoria. Cr\u00e9ditos: 4,5. Per\u00edodos impartidos: 2010-2011<\/p>\n<p style=\"padding-left: 40px\"><em>Historia de la M\u00fasica y del Folklore<\/em>. Facultad de Educaci\u00f3n. Titulaci\u00f3n: Maestro. Especialidad de Educaci\u00f3n Musical. Curso: 3\u00ba. Obligatoria. Cr\u00e9ditos: 6. Per\u00edodos impartidos: 2010-2011<\/p>\n<p style=\"padding-left: 40px\"><em>Unos saberes para la cr\u00edtica<\/em>. Retos y propuestas. M\u00fasica y Literatura. Hacia una ense\u00f1anza interdisciplinar. Departamento de la Expresi\u00f3n Musical, Pl\u00e1stica y Corporal. Facultad de Letras de Ciudad Real. Titulaci\u00f3n: Postgrado: Curso de Experto en Humanidades: Unos saberes para la cr\u00edtica. Retos y propuestas. Horas: 160. Per\u00edodos impartidos: 15-09-2005 \/ 15-09-2007.<\/p>\n<p style=\"padding-left: 40px\">Direcci\u00f3n de las memorias del Pr\u00e1cticum conducentes a la obtenci\u00f3n del Titulo de Maestro de la Universidad de Castilla-La Mancha (BOE, 29 de octubre de 1999, n.\u00ba 259): 55 alumnos (cursos 2002-2010), 18 cr\u00e9ditos.<\/p>\n<p style=\"text-align: right\"><a href=\"https:\/\/blog.uclm.es\/juanjosepastor\">Inicio<\/a><\/p>\n<p>[\/vc_column_text][\/vc_column][\/vc_row]<\/p>\n","protected":false},"excerpt":{"rendered":"<p>[vc_row][vc_column][vc_column_text] Juan Jos\u00e9 Pastor Com\u00edn Profesor Titular de Universidad \u00c1rea de M\u00fasica juanjose.pastor@uclm.es Tlfno. + 34 926 29 53 00. Ext. 3211, 13211; 680 222 487 Departamento de Did\u00e1ctica de la Expresi\u00f3n Musical, Pl\u00e1stica y Corporal [\/vc_column_text][\/vc_column][\/vc_row][vc_row][vc_column][vc_column_text] Libros y Cap\u00edtulos de Libro | Art\u00edculos |Otras Publicaciones | Congresos | Proyectos de Investigaci\u00f3n\u00a0 | Estancias de &hellip; <a href=\"https:\/\/blog.uclm.es\/juanjosepastor\/actividad-docente\/\" class=\"more-link\">Seguir leyendo <span class=\"screen-reader-text\">Actividad docente<\/span> <span class=\"meta-nav\">&rarr;<\/span><\/a><\/p>\n","protected":false},"author":140,"featured_media":0,"parent":0,"menu_order":0,"comment_status":"closed","ping_status":"closed","template":"","meta":{"footnotes":""},"class_list":["post-80","page","type-page","status-publish","hentry"],"_links":{"self":[{"href":"https:\/\/blog.uclm.es\/juanjosepastor\/wp-json\/wp\/v2\/pages\/80","targetHints":{"allow":["GET"]}}],"collection":[{"href":"https:\/\/blog.uclm.es\/juanjosepastor\/wp-json\/wp\/v2\/pages"}],"about":[{"href":"https:\/\/blog.uclm.es\/juanjosepastor\/wp-json\/wp\/v2\/types\/page"}],"author":[{"embeddable":true,"href":"https:\/\/blog.uclm.es\/juanjosepastor\/wp-json\/wp\/v2\/users\/140"}],"replies":[{"embeddable":true,"href":"https:\/\/blog.uclm.es\/juanjosepastor\/wp-json\/wp\/v2\/comments?post=80"}],"version-history":[{"count":0,"href":"https:\/\/blog.uclm.es\/juanjosepastor\/wp-json\/wp\/v2\/pages\/80\/revisions"}],"wp:attachment":[{"href":"https:\/\/blog.uclm.es\/juanjosepastor\/wp-json\/wp\/v2\/media?parent=80"}],"curies":[{"name":"wp","href":"https:\/\/api.w.org\/{rel}","templated":true}]}}