{"id":76,"date":"2020-06-08T10:39:32","date_gmt":"2020-06-08T09:39:32","guid":{"rendered":"http:\/\/blog.uclm.es\/juanjosepastor\/?page_id=76"},"modified":"2020-06-08T10:39:32","modified_gmt":"2020-06-08T09:39:32","slug":"becas-y-premios","status":"publish","type":"page","link":"https:\/\/blog.uclm.es\/juanjosepastor\/becas-y-premios\/","title":{"rendered":"Becas y premios"},"content":{"rendered":"<p>[vc_row][vc_column][vc_column_text]<\/p>\n<p style=\"text-align: center\"><strong>Juan Jos\u00e9 Pastor Com\u00edn<\/strong><br \/>\nProfesor Titular de Universidad<br \/>\n\u00c1rea de M\u00fasica<br \/>\n<a href=\"mailto:juanjose.pastor@uclm.es\">juanjose.pastor@uclm.es<\/a><\/p>\n<p style=\"text-align: center\">Tlfno. + 34 926 29 53 00. Ext. 3211, 13211; 680 222 487<br \/>\nDepartamento de Did\u00e1ctica de la Expresi\u00f3n Musical,<br \/>\nPl\u00e1stica y Corporal<\/p>\n<p>[\/vc_column_text][\/vc_column][\/vc_row][vc_row][vc_column][vc_column_text]<\/p>\n<p style=\"text-align: center\"><strong><a href=\"https:\/\/blog.uclm.es\/juanjosepastor\/libros-y-capitulos-de-libros\/\" target=\"_top\" rel=\"noopener noreferrer\">Libros y Cap\u00edtulos de Libro<\/a> | <a href=\"https:\/\/blog.uclm.es\/juanjosepastor\/articulos\/\" target=\"_top\" rel=\"noopener noreferrer\">Art\u00edculos<\/a> |<a href=\"https:\/\/blog.uclm.es\/juanjosepastor\/otras-publicaciones\/\" target=\"_top\" rel=\"noopener noreferrer\">Otras Publicaciones<\/a> | <a href=\"https:\/\/blog.uclm.es\/juanjosepastor\/congresos\/\" target=\"_top\" rel=\"noopener noreferrer\">Congresos<\/a> | <a href=\"https:\/\/blog.uclm.es\/juanjosepastor\/proyectos-de-investigacion\/\" target=\"_top\" rel=\"noopener noreferrer\">Proyectos de Investigaci\u00f3n\u00a0<\/a> | <a href=\"https:\/\/blog.uclm.es\/juanjosepastor\/estancias-de-investigacion\/\" target=\"_top\" rel=\"noopener noreferrer\">Estancias de Investigaci\u00f3n<\/a> | <a href=\"https:\/\/blog.uclm.es\/juanjosepastor\/formacion-academica\/\" target=\"_top\" rel=\"noopener noreferrer\">Formaci\u00f3n Acad\u00e9mica<\/a> | <a href=\"https:\/\/blog.uclm.es\/juanjosepastor\/actividad-profesional\/\" target=\"_top\" rel=\"noopener noreferrer\">Actividad Profesional<\/a> | <a href=\"https:\/\/blog.uclm.es\/juanjosepastor\/becas-y-premios\/\" target=\"_top\" rel=\"noopener noreferrer\">Becas y Premios<\/a> | <a href=\"https:\/\/blog.uclm.es\/juanjosepastor\/gestion-y-administracion-educativa\/\" target=\"_top\" rel=\"noopener noreferrer\">Gesti\u00f3n y Administraci\u00f3n Educativa<\/a> | <a href=\"https:\/\/blog.uclm.es\/juanjosepastor\/actividad-Docente\/\" target=\"_top\" rel=\"noopener noreferrer\">Actividad Docente\u00a0<\/a> | <a href=\"https:\/\/blog.uclm.es\/juanjosepastor\/cursos-y-seminarios-impartidos\/\" target=\"_top\" rel=\"noopener noreferrer\">Cursos y Seminarios\u00a0Impartidos<\/a> |<a href=\"https:\/\/blog.uclm.es\/juanjosepastor\/cursos-y-seminarios-recibidos\/\" target=\"_top\" rel=\"noopener noreferrer\">Cursos y Seminarios Recibidos\u00a0<\/a> | <a href=\"https:\/\/blog.uclm.es\/juanjosepastor\/varia\" target=\"_top\" rel=\"noopener noreferrer\">Varia<\/a><\/strong><\/p>\n<p>[\/vc_column_text][\/vc_column][\/vc_row][vc_row][vc_column][vc_column_text]<strong>BECAS AYUDAS Y PREMIOS RECIBIDOS<\/strong><\/p>\n<p><strong>BECAS<\/strong><\/p>\n<p>(1996): Beca de Introducci\u00f3n a la Investigaci\u00f3n. Entidad: Consejo Superior de Investigaciones Cient\u00edficas (CSIC). Departamento de Postgrado y Especializaci\u00f3n. Duraci\u00f3n: 01\/01\/1996 \/ 31\/12\/1996. 12 Meses. Centro e Instituci\u00f3n: Instituto de Filolog\u00eda \/ Instituto de Musicolog\u00eda del CSIC.<\/p>\n<p>(1997): Beca de Investigaci\u00f3n para la obtenci\u00f3n del Doctorado. Direcci\u00f3n General De Ense\u00f1anza Universitaria, Investigaci\u00f3n y Desarrollo Educativo. Junta de Comunidades de Castilla-La Mancha. Duraci\u00f3n: 01\/01\/1997 \u2013 31\/12\/1997. Doce Meses. Centro e Instituci\u00f3n: Facultad de Letras. Universidad de Castilla-La Mancha.<\/p>\n<p>(1997): Beca de Investigaci\u00f3n para la obtenci\u00f3n del Doctorado concedida por Fundaci\u00f3n Caja Madrid. Renuncia a ella por incompatibilidad con la recibida por la Junta de Comunidades de Castilla-La Mancha.<\/p>\n<p>(1998): Beca de Investigaci\u00f3n para la obtenci\u00f3n del Doctorado. Direcci\u00f3n General De Ense\u00f1anza Universitaria, Investigaci\u00f3n y Desarrollo Educativo. Junta de Comunidades de Castilla-La Mancha. Duraci\u00f3n: 01\/01\/1998 \u2013 31\/12\/1998. Doce Meses. Centro e Instituci\u00f3n: Facultad de Letras. Universidad de Castilla-La Mancha.<\/p>\n<p>(1999): Beca de Investigaci\u00f3n para la obtenci\u00f3n del Doctorado. Direcci\u00f3n General De Ense\u00f1anza Universitaria, Investigaci\u00f3n y Desarrollo Educativo. Junta de Comunidades de Castilla-La Mancha. Duraci\u00f3n: 01\/01\/1999 \u2013 31\/12\/1999. Doce Meses. Centro e Instituci\u00f3n: Facultad de Letras. Universidad de Castilla-La Mancha.<\/p>\n<p>(1999): Beca para la realizaci\u00f3n del Curso de especializaci\u00f3n La influencia de la m\u00fasica de Juan Sebasti\u00e1n Bach en los compositores del siglo XX. Duraci\u00f3n: 01\/08\/1999 \u2013 31\/08\/1999. Un mes. Fundaci\u00f3n General de la Universidad Complutense de Madrid.<\/p>\n<p>(2000): Beca de Investigaci\u00f3n para la obtenci\u00f3n del Doctorado. Direcci\u00f3n General De Ense\u00f1anza Universitaria, Investigaci\u00f3n y Desarrollo Educativo. Junta de Comunidades de Castilla-La Mancha. Duraci\u00f3n: 01\/01\/2000 \u2013 31\/12\/2000. Doce Meses. Centro e Instituci\u00f3n: Facultad de Letras. Universidad de Castilla-La Mancha.<\/p>\n<p>(2000): Beca de investigaci\u00f3n para el desarrollo del proyecto Creaci\u00f3n Art\u00edstica, Musical y Literaria y Raigambre Pol\u00edtica. Instituci\u00f3n: Excma. Diputaci\u00f3n Provincial de Cuenca. Duraci\u00f3n: 01\/01\/2000 \u2013 31\/12\/2000. Doce meses. Centro: Facultad de Letras de la Universidad de Castilla-La Mancha.<\/p>\n<p><strong>PREMIOS<\/strong><\/p>\n<p>(1997): Premio Extraordinario Fin de Carrera. Concesi\u00f3n: Universidad de Castilla-La Mancha.<\/p>\n<p>(1997): Premio Nacional Extraordinario de Terminaci\u00f3n de Estudios Universitarios (Secci\u00f3n Humanidades). Concede: Ministerio de Educaci\u00f3n y Cultura.<\/p>\n<p>(2001): Premio Extraordinario Fin de Grado de los Estudios de Contrapunto y Fuga. Conservatorio Profesional de M\u00fasica \u201cJoaqu\u00edn Turina\u201d.<\/p>\n<p style=\"text-align: right\"><a href=\"https:\/\/blog.uclm.es\/juanjosepastor\">Inicio<\/a><\/p>\n<p>[\/vc_column_text][\/vc_column][\/vc_row]<\/p>\n","protected":false},"excerpt":{"rendered":"<p>[vc_row][vc_column][vc_column_text] Juan Jos\u00e9 Pastor Com\u00edn Profesor Titular de Universidad \u00c1rea de M\u00fasica juanjose.pastor@uclm.es Tlfno. + 34 926 29 53 00. Ext. 3211, 13211; 680 222 487 Departamento de Did\u00e1ctica de la Expresi\u00f3n Musical, Pl\u00e1stica y Corporal [\/vc_column_text][\/vc_column][\/vc_row][vc_row][vc_column][vc_column_text] Libros y Cap\u00edtulos de Libro | Art\u00edculos |Otras Publicaciones | Congresos | Proyectos de Investigaci\u00f3n\u00a0 | Estancias de &hellip; <a href=\"https:\/\/blog.uclm.es\/juanjosepastor\/becas-y-premios\/\" class=\"more-link\">Seguir leyendo <span class=\"screen-reader-text\">Becas y premios<\/span> <span class=\"meta-nav\">&rarr;<\/span><\/a><\/p>\n","protected":false},"author":140,"featured_media":0,"parent":0,"menu_order":0,"comment_status":"closed","ping_status":"closed","template":"","meta":{"footnotes":""},"class_list":["post-76","page","type-page","status-publish","hentry"],"_links":{"self":[{"href":"https:\/\/blog.uclm.es\/juanjosepastor\/wp-json\/wp\/v2\/pages\/76","targetHints":{"allow":["GET"]}}],"collection":[{"href":"https:\/\/blog.uclm.es\/juanjosepastor\/wp-json\/wp\/v2\/pages"}],"about":[{"href":"https:\/\/blog.uclm.es\/juanjosepastor\/wp-json\/wp\/v2\/types\/page"}],"author":[{"embeddable":true,"href":"https:\/\/blog.uclm.es\/juanjosepastor\/wp-json\/wp\/v2\/users\/140"}],"replies":[{"embeddable":true,"href":"https:\/\/blog.uclm.es\/juanjosepastor\/wp-json\/wp\/v2\/comments?post=76"}],"version-history":[{"count":0,"href":"https:\/\/blog.uclm.es\/juanjosepastor\/wp-json\/wp\/v2\/pages\/76\/revisions"}],"wp:attachment":[{"href":"https:\/\/blog.uclm.es\/juanjosepastor\/wp-json\/wp\/v2\/media?parent=76"}],"curies":[{"name":"wp","href":"https:\/\/api.w.org\/{rel}","templated":true}]}}