{"id":72,"date":"2020-06-08T10:34:00","date_gmt":"2020-06-08T09:34:00","guid":{"rendered":"http:\/\/blog.uclm.es\/juanjosepastor\/?page_id=72"},"modified":"2020-06-08T10:34:00","modified_gmt":"2020-06-08T09:34:00","slug":"formacion-academica","status":"publish","type":"page","link":"https:\/\/blog.uclm.es\/juanjosepastor\/formacion-academica\/","title":{"rendered":"Formaci\u00f3n acad\u00e9mica"},"content":{"rendered":"<p>[vc_row][vc_column][vc_column_text]<\/p>\n<p style=\"text-align: center\"><strong>Juan Jos\u00e9 Pastor Com\u00edn<\/strong><br \/>\nProfesor Titular de Universidad<br \/>\n\u00c1rea de M\u00fasica<br \/>\n<a href=\"mailto:juanjose.pastor@uclm.es\">juanjose.pastor@uclm.es<\/a><\/p>\n<p style=\"text-align: center\">Tlfno. + 34 926 29 53 00. Ext. 3211, 13211; 680 222 487<br \/>\nDepartamento de Did\u00e1ctica de la Expresi\u00f3n Musical,<br \/>\nPl\u00e1stica y Corporal[\/vc_column_text][\/vc_column][\/vc_row][vc_row][vc_column][vc_column_text]<\/p>\n<p style=\"text-align: center\"><strong><a href=\"https:\/\/blog.uclm.es\/juanjosepastor\/libros-y-capitulos-de-libros\/\" target=\"_top\" rel=\"noopener noreferrer\">Libros y Cap\u00edtulos de Libro<\/a> | <a href=\"https:\/\/blog.uclm.es\/juanjosepastor\/articulos\/\" target=\"_top\" rel=\"noopener noreferrer\">Art\u00edculos<\/a> |<a href=\"https:\/\/blog.uclm.es\/juanjosepastor\/otras-publicaciones\/\" target=\"_top\" rel=\"noopener noreferrer\">Otras Publicaciones<\/a> | <a href=\"https:\/\/blog.uclm.es\/juanjosepastor\/congresos\/\" target=\"_top\" rel=\"noopener noreferrer\">Congresos<\/a> | <a href=\"https:\/\/blog.uclm.es\/juanjosepastor\/proyectos-de-investigacion\/\" target=\"_top\" rel=\"noopener noreferrer\">Proyectos de Investigaci\u00f3n\u00a0<\/a> | <a href=\"https:\/\/blog.uclm.es\/juanjosepastor\/estancias-de-investigacion\/\" target=\"_top\" rel=\"noopener noreferrer\">Estancias de Investigaci\u00f3n<\/a> | <a href=\"https:\/\/blog.uclm.es\/juanjosepastor\/formacion-academica\/\" target=\"_top\" rel=\"noopener noreferrer\">Formaci\u00f3n Acad\u00e9mica<\/a> | <a href=\"https:\/\/blog.uclm.es\/juanjosepastor\/actividad-profesional\/\" target=\"_top\" rel=\"noopener noreferrer\">Actividad Profesional<\/a> | <a href=\"https:\/\/blog.uclm.es\/juanjosepastor\/becas-y-premios\/\" target=\"_top\" rel=\"noopener noreferrer\">Becas y Premios<\/a> | <a href=\"https:\/\/blog.uclm.es\/juanjosepastor\/gestion-y-administracion-educativa\/\" target=\"_top\" rel=\"noopener noreferrer\">Gesti\u00f3n y Administraci\u00f3n Educativa<\/a> | <a href=\"https:\/\/blog.uclm.es\/juanjosepastor\/actividad-Docente\/\" target=\"_top\" rel=\"noopener noreferrer\">Actividad Docente\u00a0<\/a> | <a href=\"https:\/\/blog.uclm.es\/juanjosepastor\/cursos-y-seminarios-impartidos\/\" target=\"_top\" rel=\"noopener noreferrer\">Cursos y Seminarios\u00a0Impartidos<\/a> |<a href=\"https:\/\/blog.uclm.es\/juanjosepastor\/cursos-y-seminarios-recibidos\/\" target=\"_top\" rel=\"noopener noreferrer\">Cursos y Seminarios Recibidos\u00a0<\/a> | <a href=\"https:\/\/blog.uclm.es\/juanjosepastor\/varia\" target=\"_top\" rel=\"noopener noreferrer\">Varia<\/a><\/strong><\/p>\n<p>[\/vc_column_text][\/vc_column][\/vc_row][vc_row][vc_column][vc_column_text]<strong>T\u00cdTULOS ACAD\u00c9MICOS Y FORMACI\u00d3N ACAD\u00c9MICA<\/strong><\/p>\n<p><strong>(1996): Licenciado en Humanidades por la Universidad de Castilla-La Mancha. Fecha: 30\/06\/1996. Nota media del expediente: 9,10 \/ 3, 61. Premio Extraordinario Fin de Carrera (UCLM). Premio Nacional Extraordinario (MEC)<\/strong><\/p>\n<p><strong>(2004): Doctor en Filolog\u00eda Hisp\u00e1nica y Cl\u00e1sica (28-IX-2004) por la Universidad de Castilla-La Mancha. Sobresaliente cum Laude. Tesis doctoral: M\u00fasica y Literatura: la senda ret\u00f3rica. Dirigida por la Dr\u00aa Mar\u00eda Rubio Mart\u00edn<\/strong><\/p>\n<p><strong>(2002): Conservatorio Profesional de M\u00fasica. Estudios de Grado Medio de Piano (Plan del 66): 4\u00ba de Armon\u00eda (Premio de Honor), 3\u00ba de Contrapunto y Fuga (Premio Extraordinario). Conservatorio Profesional de M\u00fasica \u201cTeresa Berganza\u201d. Comunidad de Madrid.<\/strong><\/p>\n<p><strong>(1999): Licenciatura de Filolog\u00eda Hisp\u00e1nica. Universidad Nacional a Distancia. Expediente: 03-94-00857.<\/strong><\/p>\n<p><strong>(1997): Certificado de Actitud Pedag\u00f3gica para la Docencia en Secundaria. Universidad de Alicante.Calificaci\u00f3n: Notable. 300 horas.<\/strong><\/p>\n<p><strong>(1998): Certificat d\u2019\u00c9tudes de Fran\u00e7ais Pratique. 2\u00e8me Degr\u00e9. Alliance Fran\u00e7aise. Paris. 13 de noviembre de 1998.<\/strong><\/p>\n<p><strong>(1998): Litt\u00e9rature Fran\u00e7\u00e1ise Niveau IV. Alliance Fran\u00e7aise. Paris. Diciembre, 1999.<\/strong><\/p>\n<p><strong>(2000): Escuela Oficial de Idiomas. Curso 3\u00ba. Consejer\u00eda de Educaci\u00f3n de la Junta de Comunidades de Castilla-La Mancha. Apto.<\/strong><\/p>\n<p><strong>(2005): Certificado de Aptitud. Aprende Ingl\u00e9s en tu Campus. Nivel Advanced. 6 cr\u00e9ditos (60 horas lectivas). Vicerrectorado de Extensi\u00f3n Universitaria.<\/strong><\/p>\n<p style=\"text-align: right\"><a href=\"https:\/\/blog.uclm.es\/juanjosepastor\">Inicio<\/a><\/p>\n<p>[\/vc_column_text][\/vc_column][\/vc_row]<\/p>\n","protected":false},"excerpt":{"rendered":"<p>[vc_row][vc_column][vc_column_text] Juan Jos\u00e9 Pastor Com\u00edn Profesor Titular de Universidad \u00c1rea de M\u00fasica juanjose.pastor@uclm.es Tlfno. + 34 926 29 53 00. Ext. 3211, 13211; 680 222 487 Departamento de Did\u00e1ctica de la Expresi\u00f3n Musical, Pl\u00e1stica y Corporal[\/vc_column_text][\/vc_column][\/vc_row][vc_row][vc_column][vc_column_text] Libros y Cap\u00edtulos de Libro | Art\u00edculos |Otras Publicaciones | Congresos | Proyectos de Investigaci\u00f3n\u00a0 | Estancias de Investigaci\u00f3n &hellip; <a href=\"https:\/\/blog.uclm.es\/juanjosepastor\/formacion-academica\/\" class=\"more-link\">Seguir leyendo <span class=\"screen-reader-text\">Formaci\u00f3n acad\u00e9mica<\/span> <span class=\"meta-nav\">&rarr;<\/span><\/a><\/p>\n","protected":false},"author":140,"featured_media":0,"parent":0,"menu_order":0,"comment_status":"closed","ping_status":"closed","template":"","meta":{"footnotes":""},"class_list":["post-72","page","type-page","status-publish","hentry"],"_links":{"self":[{"href":"https:\/\/blog.uclm.es\/juanjosepastor\/wp-json\/wp\/v2\/pages\/72","targetHints":{"allow":["GET"]}}],"collection":[{"href":"https:\/\/blog.uclm.es\/juanjosepastor\/wp-json\/wp\/v2\/pages"}],"about":[{"href":"https:\/\/blog.uclm.es\/juanjosepastor\/wp-json\/wp\/v2\/types\/page"}],"author":[{"embeddable":true,"href":"https:\/\/blog.uclm.es\/juanjosepastor\/wp-json\/wp\/v2\/users\/140"}],"replies":[{"embeddable":true,"href":"https:\/\/blog.uclm.es\/juanjosepastor\/wp-json\/wp\/v2\/comments?post=72"}],"version-history":[{"count":0,"href":"https:\/\/blog.uclm.es\/juanjosepastor\/wp-json\/wp\/v2\/pages\/72\/revisions"}],"wp:attachment":[{"href":"https:\/\/blog.uclm.es\/juanjosepastor\/wp-json\/wp\/v2\/media?parent=72"}],"curies":[{"name":"wp","href":"https:\/\/api.w.org\/{rel}","templated":true}]}}