{"id":70,"date":"2020-06-08T10:31:19","date_gmt":"2020-06-08T09:31:19","guid":{"rendered":"http:\/\/blog.uclm.es\/juanjosepastor\/?page_id=70"},"modified":"2020-06-08T10:31:19","modified_gmt":"2020-06-08T09:31:19","slug":"estancias-de-investigacion","status":"publish","type":"page","link":"https:\/\/blog.uclm.es\/juanjosepastor\/estancias-de-investigacion\/","title":{"rendered":"Estancias de investigaci\u00f3n"},"content":{"rendered":"<p>[vc_row][vc_column][vc_column_text]<\/p>\n<p style=\"text-align: center\"><strong>Juan Jos\u00e9 Pastor Com\u00edn<\/strong><br \/>\nProfesor Titular de Universidad<br \/>\n\u00c1rea de M\u00fasica<br \/>\n<a href=\"mailto:juanjose.pastor@uclm.es\">juanjose.pastor@uclm.es<\/a><\/p>\n<p style=\"text-align: center\">Tlfno. + 34 926 29 53 00. Ext. 3211, 13211; 680 222 487<br \/>\nDepartamento de Did\u00e1ctica de la Expresi\u00f3n Musical,<br \/>\nPl\u00e1stica y Corporal[\/vc_column_text][\/vc_column][\/vc_row][vc_row][vc_column][vc_column_text]<\/p>\n<p style=\"text-align: center\"><strong><a href=\"https:\/\/blog.uclm.es\/juanjosepastor\/libros-y-capitulos-de-libros\/\" target=\"_top\" rel=\"noopener noreferrer\">Libros y Cap\u00edtulos de Libro<\/a> | <a href=\"https:\/\/blog.uclm.es\/juanjosepastor\/articulos\/\" target=\"_top\" rel=\"noopener noreferrer\">Art\u00edculos<\/a> |<a href=\"https:\/\/blog.uclm.es\/juanjosepastor\/otras-publicaciones\/\" target=\"_top\" rel=\"noopener noreferrer\">Otras Publicaciones<\/a> | <a href=\"https:\/\/blog.uclm.es\/juanjosepastor\/congresos\/\" target=\"_top\" rel=\"noopener noreferrer\">Congresos<\/a> | <a href=\"https:\/\/blog.uclm.es\/juanjosepastor\/proyectos-de-investigacion\/\" target=\"_top\" rel=\"noopener noreferrer\">Proyectos de Investigaci\u00f3n\u00a0<\/a> | <a href=\"https:\/\/blog.uclm.es\/juanjosepastor\/estancias-de-investigacion\/\" target=\"_top\" rel=\"noopener noreferrer\">Estancias de Investigaci\u00f3n<\/a> | <a href=\"https:\/\/blog.uclm.es\/juanjosepastor\/formacion-academica\/\" target=\"_top\" rel=\"noopener noreferrer\">Formaci\u00f3n Acad\u00e9mica<\/a> | <a href=\"https:\/\/blog.uclm.es\/juanjosepastor\/actividad-profesional\/\" target=\"_top\" rel=\"noopener noreferrer\">Actividad Profesional<\/a> | <a href=\"https:\/\/blog.uclm.es\/juanjosepastor\/becas-y-premios\/\" target=\"_top\" rel=\"noopener noreferrer\">Becas y Premios<\/a> | <a href=\"https:\/\/blog.uclm.es\/juanjosepastor\/gestion-y-administracion-educativa\/\" target=\"_top\" rel=\"noopener noreferrer\">Gesti\u00f3n y Administraci\u00f3n Educativa<\/a> | <a href=\"https:\/\/blog.uclm.es\/juanjosepastor\/actividad-Docente\/\" target=\"_top\" rel=\"noopener noreferrer\">Actividad Docente\u00a0<\/a> | <a href=\"https:\/\/blog.uclm.es\/juanjosepastor\/cursos-y-seminarios-impartidos\/\" target=\"_top\" rel=\"noopener noreferrer\">Cursos y Seminarios\u00a0Impartidos<\/a> |<a href=\"https:\/\/blog.uclm.es\/juanjosepastor\/cursos-y-seminarios-recibidos\/\" target=\"_top\" rel=\"noopener noreferrer\">Cursos y Seminarios Recibidos\u00a0<\/a> | <a href=\"https:\/\/blog.uclm.es\/juanjosepastor\/varia\" target=\"_top\" rel=\"noopener noreferrer\">Varia<\/a><\/strong><\/p>\n<p>[\/vc_column_text][\/vc_column][\/vc_row][vc_row][vc_column][vc_column_text]<strong>ESTANCIAS EN CENTROS EXTRANJEROS<\/strong><\/p>\n<p>Centro de Investigaci\u00f3n: Biblioth\u00e8que de Sainte-Genevi\u00e8ve (Paris Sorbonne) ; Biblioth\u00e8que de Trocad\u00e9ro (Par\u00eds) ; Biblioth\u00e8que de l\u2019Alliance Fran\u00e7aise. Programa y beca : Universidad de Castilla-La Mancha, Vicerrectorado de Profesorado. Dotaci\u00f3n: 250.000 pts. Duraci\u00f3n: Del 01-10-1998 al 01-12-1998. Dos meses. Fines: Documentaci\u00f3n y localizaci\u00f3n de las fuentes te\u00f3ricas y pedag\u00f3gicas para el estudio de las relaciones entre el hecho musical y literario.<\/p>\n<p>Centro de Investigaci\u00f3n: Laboratoire des Arts Contemporaines (Paris, Centre National de la Recherche Scientifique) y Coll\u00e8ge de France. Programa y beca : (Universidad de Castilla-La Mancha, Vicerrectorado de Profesorado). Dotaci\u00f3n: 300.000 pts. Lugar: Par\u00eds. Duraci\u00f3n: Del 01-07-1999 al 31-12-1999. Seis meses. Fines: Profundizar en el \u00e1mbito de la est\u00e9tica comparada de las relaciones entre las artes bajo la direcci\u00f3n de los Catedr\u00e1ticos del Centre de la Recherche Scientifique, Prof. Dr. Costin Miereanu, y del Coll\u00e8ge de France, Marc Fumaroli.<\/p>\n<p>Centro de Investigaci\u00f3n: Sorbonne (Par\u00eds IV) y Groupe de Recherches Musicales (Institute National de l\u2019Audiovisuel). Ciudad : Par\u00eds. Programa y beca : Beca \u00ab Jos\u00e9 Castillejo \u00bb para la ampliaci\u00f3n de estudios y realizaci\u00f3n de estancias en el extranjero (DOCM, n.\u00ba 88, 2 de octubre de 1999). Convocatoria Nacional. Dotaci\u00f3n: 250.000 pts mensuales. Duraci\u00f3n: Del 01-11-1999 al 31-08-2000. Diez meses. Fines: An\u00e1lisis, estudio y profundizaci\u00f3n de las relaciones entre m\u00fasica y literatura desde una perspectiva filol\u00f3gica, musicol\u00f3gica y did\u00e1ctica bajo la direcci\u00f3n del Prof. Dr. Fran\u00e7ois Delalande (Institute Nationale de L\u2019Audiovisuel; Groupe de Recherches Musicales) y el Prof. Dr. Michel Murat (Sorbonne, Paris IV)<\/p>\n<p>Centro de Investigaci\u00f3n: Department of Modern and Classical Language \/ Center for the Study of Digital Libraries. Programa: Texas A&amp;M University, Universidad de Castilla-La Mancha y Banco Santander Central Hispano. Proyecto y C\u00e1tedra Cervantes. Convocatoria Internacional. Ciudad: College Station (Texas, EEUU). Duraci\u00f3n: 01-08-2003 al 31-12-2003. Cinco meses. Fines: An\u00e1lisis y estudio de las relaciones entre m\u00fasica y literatura en la obra cervantina. Proyecci\u00f3n did\u00e1ctica.<\/p>\n<p style=\"text-align: right\"><a href=\"https:\/\/blog.uclm.es\/juanjosepastor\">Inicio<\/a><\/p>\n<p>[\/vc_column_text][\/vc_column][\/vc_row]<\/p>\n","protected":false},"excerpt":{"rendered":"<p>[vc_row][vc_column][vc_column_text] Juan Jos\u00e9 Pastor Com\u00edn Profesor Titular de Universidad \u00c1rea de M\u00fasica juanjose.pastor@uclm.es Tlfno. + 34 926 29 53 00. Ext. 3211, 13211; 680 222 487 Departamento de Did\u00e1ctica de la Expresi\u00f3n Musical, Pl\u00e1stica y Corporal[\/vc_column_text][\/vc_column][\/vc_row][vc_row][vc_column][vc_column_text] Libros y Cap\u00edtulos de Libro | Art\u00edculos |Otras Publicaciones | Congresos | Proyectos de Investigaci\u00f3n\u00a0 | Estancias de Investigaci\u00f3n &hellip; <a href=\"https:\/\/blog.uclm.es\/juanjosepastor\/estancias-de-investigacion\/\" class=\"more-link\">Seguir leyendo <span class=\"screen-reader-text\">Estancias de investigaci\u00f3n<\/span> <span class=\"meta-nav\">&rarr;<\/span><\/a><\/p>\n","protected":false},"author":140,"featured_media":0,"parent":0,"menu_order":0,"comment_status":"closed","ping_status":"closed","template":"","meta":{"footnotes":""},"class_list":["post-70","page","type-page","status-publish","hentry"],"_links":{"self":[{"href":"https:\/\/blog.uclm.es\/juanjosepastor\/wp-json\/wp\/v2\/pages\/70","targetHints":{"allow":["GET"]}}],"collection":[{"href":"https:\/\/blog.uclm.es\/juanjosepastor\/wp-json\/wp\/v2\/pages"}],"about":[{"href":"https:\/\/blog.uclm.es\/juanjosepastor\/wp-json\/wp\/v2\/types\/page"}],"author":[{"embeddable":true,"href":"https:\/\/blog.uclm.es\/juanjosepastor\/wp-json\/wp\/v2\/users\/140"}],"replies":[{"embeddable":true,"href":"https:\/\/blog.uclm.es\/juanjosepastor\/wp-json\/wp\/v2\/comments?post=70"}],"version-history":[{"count":0,"href":"https:\/\/blog.uclm.es\/juanjosepastor\/wp-json\/wp\/v2\/pages\/70\/revisions"}],"wp:attachment":[{"href":"https:\/\/blog.uclm.es\/juanjosepastor\/wp-json\/wp\/v2\/media?parent=70"}],"curies":[{"name":"wp","href":"https:\/\/api.w.org\/{rel}","templated":true}]}}