{"id":62,"date":"2020-06-08T09:10:54","date_gmt":"2020-06-08T08:10:54","guid":{"rendered":"http:\/\/blog.uclm.es\/juanjosepastor\/?page_id=62"},"modified":"2020-06-08T09:10:54","modified_gmt":"2020-06-08T08:10:54","slug":"otras-publicaciones","status":"publish","type":"page","link":"https:\/\/blog.uclm.es\/juanjosepastor\/otras-publicaciones\/","title":{"rendered":"Otras publicaciones"},"content":{"rendered":"<p>[vc_row][vc_column][vc_column_text]<\/p>\n<p style=\"text-align: center\"><strong>Juan Jos\u00e9 Pastor Com\u00edn<\/strong><br \/>\nProfesor Titular de Universidad<br \/>\n\u00c1rea de M\u00fasica<br \/>\n<a href=\"mailto:juanjose.pastor@uclm.es\">juanjose.pastor@uclm.es<\/a><\/p>\n<p style=\"text-align: center\">Tlfno. + 34 926 29 53 00. Ext. 3211, 13211; 680 222 487<br \/>\nDepartamento de Did\u00e1ctica de la Expresi\u00f3n Musical,<br \/>\nPl\u00e1stica y Corporal[\/vc_column_text][\/vc_column][\/vc_row][vc_row][vc_column][vc_column_text]<\/p>\n<p style=\"text-align: center\"><strong><a href=\"https:\/\/blog.uclm.es\/juanjosepastor\/libros-y-capitulos-de-libros\/\" target=\"_top\" rel=\"noopener noreferrer\">Libros y Cap\u00edtulos de Libro<\/a> | <a href=\"https:\/\/blog.uclm.es\/juanjosepastor\/articulos\/\" target=\"_top\" rel=\"noopener noreferrer\">Art\u00edculos<\/a> |<a href=\"https:\/\/blog.uclm.es\/juanjosepastor\/otras-publicaciones\/\" target=\"_top\" rel=\"noopener noreferrer\">Otras Publicaciones<\/a> | <a href=\"https:\/\/blog.uclm.es\/juanjosepastor\/congresos\/\" target=\"_top\" rel=\"noopener noreferrer\">Congresos<\/a> | <a href=\"https:\/\/blog.uclm.es\/juanjosepastor\/proyectos-de-investigacion\/\" target=\"_top\" rel=\"noopener noreferrer\">Proyectos de Investigaci\u00f3n\u00a0<\/a> | <a href=\"https:\/\/blog.uclm.es\/juanjosepastor\/estancias-de-investigacion\/\" target=\"_top\" rel=\"noopener noreferrer\">Estancias de Investigaci\u00f3n<\/a> | <a href=\"https:\/\/blog.uclm.es\/juanjosepastor\/formacion-academica\/\" target=\"_top\" rel=\"noopener noreferrer\">Formaci\u00f3n Acad\u00e9mica<\/a> | <a href=\"https:\/\/blog.uclm.es\/juanjosepastor\/actividad-profesional\/\" target=\"_top\" rel=\"noopener noreferrer\">Actividad Profesional<\/a> | <a href=\"https:\/\/blog.uclm.es\/juanjosepastor\/becas-y-premios\/\" target=\"_top\" rel=\"noopener noreferrer\">Becas y Premios<\/a> | <a href=\"https:\/\/blog.uclm.es\/juanjosepastor\/gestion-y-administracion-educativa\/\" target=\"_top\" rel=\"noopener noreferrer\">Gesti\u00f3n y Administraci\u00f3n Educativa<\/a> | <a href=\"https:\/\/blog.uclm.es\/juanjosepastor\/actividad-Docente\/\" target=\"_top\" rel=\"noopener noreferrer\">Actividad Docente\u00a0<\/a> | <a href=\"https:\/\/blog.uclm.es\/juanjosepastor\/cursos-y-seminarios-impartidos\/\" target=\"_top\" rel=\"noopener noreferrer\">Cursos y Seminarios\u00a0Impartidos<\/a> |<a href=\"https:\/\/blog.uclm.es\/juanjosepastor\/cursos-y-seminarios-recibidos\/\" target=\"_top\" rel=\"noopener noreferrer\">Cursos y Seminarios Recibidos\u00a0<\/a> | <a href=\"https:\/\/blog.uclm.es\/juanjosepastor\/varia\" target=\"_top\" rel=\"noopener noreferrer\">Varia<\/a><\/strong><\/p>\n<p>[\/vc_column_text][\/vc_column][\/vc_row][vc_row][vc_column][vc_column_text]<strong>OTRAS PUBLICACIONES<\/strong><\/p>\n<p style=\"padding-left: 40px\"><strong>MATERIAL DOCENTE ORIGINAL Y PUBLICACIONES DOCENTES<\/strong><\/p>\n<p style=\"padding-left: 40px\">(2005): \u201cEl gobierno de Sancho o la moda de un miguelturre\u00f1o\u201d. En: Miguelturra en Red. Excmo Ayuntamiento de Miguelturra. ISSN: 1578-4800; pp. 45-54.<\/p>\n<p style=\"padding-left: 40px\">(2007): \u201cLa Did\u00e1ctica de la M\u00fasica en plataformas virtuales de ense\u00f1anza. La resoluci\u00f3n de problemas\u201d. En: Pastor Com\u00edn, Juan Jos\u00e9 y Cano Vela, \u00c1ngel G. (Coords.): Nuevas competencias del profesorado. New Teaching Competences. Ciudad Real: Universidad de Castilla-La Mancha. ISBN: 978-84611-7509-3, pp. 161-223.<\/p>\n<p style=\"padding-left: 40px\"><strong>CAT\u00c1LOGOS COORDINADOS<\/strong><\/p>\n<p style=\"padding-left: 40px\">(2006): Paloma \u00c1lvarez de Lara. Del Viridian al Solferino. Exposici\u00f3n del 12 a 26 de mayo de 2006. Aula Cultural Universidad Abierta (Universidad de Castilla-La Mancha). Edita: Vicerrectorado de Camus de Ciudad Real y Cooperaci\u00f3n Cultural. D.L. CR-303-2006. 32 pp. 500 ejemplares. ISBN 978-84-692-9765-0<\/p>\n<p style=\"padding-left: 40px\">(2007): Luz y textura. Exposici\u00f3n del 29 de enero al 21 de marzo de 2007. Aula Cultural Universidad Abierta (Universidad de Castilla-La Mancha). Edita: Vicerrectorado de Camus de Ciudad Real y Cooperaci\u00f3n Cultural. D.L. CR-121-07. 32 pp. 500 ejemplares. ISBN: 978-84-693-0778-6<\/p>\n<p style=\"padding-left: 40px\">(2007): Luis Pablo. ReciclArte. Aula Cultural Universidad Abierta (Universidad de Castilla-La Mancha). Edita: Vicerrectorado de Camus de Ciudad Real y Cooperaci\u00f3n Cultural. D.L. M-39331-2006. 96 pp. 500 ejemplares. ISBN: 978-84-692-9769-8<\/p>\n<p style=\"padding-left: 40px\">(2007): Encuentros. Romeral. Exposici\u00f3n del 10 al 22 de septiembre en el Aula Cultural Universidad Abierta (Universidad de Castilla-La Mancha). Edita: Vicerrectorado de Camus de Ciudad Real y Cooperaci\u00f3n Cultural. D.L. CR- 605-07. 500 ejemplares. ISBN 978-84-692-9767-4<\/p>\n<p style=\"padding-left: 40px\">(2007): El arte de las mujeres como agente de cambio y desarrollo social. Exposici\u00f3n del 26 al 5 de noviembre de 2007 en el Aula Cultural Universidad Abierta (Universidad de Castilla-La Mancha). Edita: Vicerrectorado de Campus de Ciudad Real y Cooperaci\u00f3n Cultural. D.L. CR-000-07. 500 ejemplares. ISBN: 978-84-693-0777-9<\/p>\n<p style=\"padding-left: 40px\">(2008): Discursos si norma. Colecci\u00f3n de Revistas Experimentales. Exposici\u00f3n del 31 de enero al 15 de febrero en el Aula Cultural Universidad Abierta (Universidad de Castilla-La Mancha). Edita: Vicerrectorado de Camus de Ciudad Real y Cooperaci\u00f3n Cultural. D.L. CR-134-2008. 500 ejemplares. ISBN: 978-84-692-9772-8<\/p>\n<p style=\"padding-left: 40px\">(2008): Elena Santonja. Exposici\u00f3n Antol\u00f3gica. Exposici\u00f3n del 28 de febrero al 14 de marzo de 2008 en Aula Cultural Universidad Abierta (Universidad de Castilla-La Mancha). Edita: Vicerrectorado de Camus de Ciudad Real y Cooperaci\u00f3n Cultural. D.L. CR-304-2008. 500 ejemplares. ISBN: 978-84-692-9768-1<\/p>\n<p style=\"padding-left: 40px\">(2008): Se\u00f1ales. Andr\u00e9s Ruiz Para\u00edso. Exposici\u00f3n del 1 al 12 de abril de 2008 en el Aula Cultural Universidad Abierta (Universidad de Castilla-La Mancha). Edita: Vicerrectorado de Camus de Ciudad Real y Cooperaci\u00f3n Cultural. D.L. CR-291-08. 500 ejemplares. . ISBN: 978-84-692-9771-1<\/p>\n<p style=\"padding-left: 40px\">(2008): Ciudad Real: im\u00e1genes del pasado. Exposici\u00f3n del 28 de octubre al 15 de noviembre en el Aula Cultural Universidad Abierta (Universidad de Castilla-La Mancha). Edita: Vicerrectorado de Campus de Ciudad Real y Cooperaci\u00f3n Cultural. D.L. CR-291-08. 500 ejemplares. ISBN 978-84-692-9766-7<\/p>\n<p style=\"padding-left: 40px\">(2008): I Premo de Artes Pl\u00e1sticas. Universidad de Castilla-La Mancha. Edita: Vicerrectorado de Campus de Ciudad Real y Cooperaci\u00f3n Cultural. D.L. CR-31-2009<\/p>\n<p style=\"padding-left: 40px\">(2009): Pintores de Ecuador. Exposici\u00f3n Aula Cultural Universidad Abierta (Universidad de Castilla-La Mancha. Embajada de Ecuador. Edita: Vicerrectorado de Campus de Ciudad Real y Cooperaci\u00f3n Cultural. D.L. CR- 300-2009. ISBN: 978-84-692-9773-5<\/p>\n<p style=\"padding-left: 40px\">(2010): Cromatismos del ser. La obra pict\u00f3rica de Pepa Feu. Exposici\u00f3n Aula Cultural Universidad Abierta (Universidad de Castilla-La Mancha.Edita: Vicerrectorado de Campus de Ciudad Real y Cooperaci\u00f3n Cultural. ISBN: 978-84-692-9717-9<\/p>\n<p style=\"padding-left: 40px\">(2010): Por una vida sin malos tratos. Muestra internacional de Humor Gr\u00e1fico. Aula Cultural Universidad Abierta. Coords.: Ana Cristina Rodr\u00edguez Yag\u00fce y Juan Jos\u00e9 Pastor Com\u00edn (Universidad de Castilla-La Mancha. Edita: Vicerrectorado de Campus de Ciudad Real y Cooperaci\u00f3n Cultural. ISBN: 978-84-693-1063-2<\/p>\n<p style=\"padding-left: 40px\">(2010): Arte Peruano Contempor\u00e1neo. 2010. Aula Cultural Universidad Abierta. (Universidad de Castilla-La Mancha. Edita: Vicerrectorado de Campus de Ciudad Real y Cooperaci\u00f3n Cultural. ISBN: 978-84-693-1881-2<\/p>\n<p style=\"text-align: right\"><a href=\"https:\/\/blog.uclm.es\/juanjosepastor\">Inicio<\/a><\/p>\n<p>[\/vc_column_text][\/vc_column][\/vc_row]<\/p>\n","protected":false},"excerpt":{"rendered":"<p>[vc_row][vc_column][vc_column_text] Juan Jos\u00e9 Pastor Com\u00edn Profesor Titular de Universidad \u00c1rea de M\u00fasica juanjose.pastor@uclm.es Tlfno. + 34 926 29 53 00. Ext. 3211, 13211; 680 222 487 Departamento de Did\u00e1ctica de la Expresi\u00f3n Musical, Pl\u00e1stica y Corporal[\/vc_column_text][\/vc_column][\/vc_row][vc_row][vc_column][vc_column_text] Libros y Cap\u00edtulos de Libro | Art\u00edculos |Otras Publicaciones | Congresos | Proyectos de Investigaci\u00f3n\u00a0 | Estancias de Investigaci\u00f3n &hellip; <a href=\"https:\/\/blog.uclm.es\/juanjosepastor\/otras-publicaciones\/\" class=\"more-link\">Seguir leyendo <span class=\"screen-reader-text\">Otras publicaciones<\/span> <span class=\"meta-nav\">&rarr;<\/span><\/a><\/p>\n","protected":false},"author":140,"featured_media":0,"parent":0,"menu_order":0,"comment_status":"closed","ping_status":"closed","template":"","meta":{"footnotes":""},"class_list":["post-62","page","type-page","status-publish","hentry"],"_links":{"self":[{"href":"https:\/\/blog.uclm.es\/juanjosepastor\/wp-json\/wp\/v2\/pages\/62","targetHints":{"allow":["GET"]}}],"collection":[{"href":"https:\/\/blog.uclm.es\/juanjosepastor\/wp-json\/wp\/v2\/pages"}],"about":[{"href":"https:\/\/blog.uclm.es\/juanjosepastor\/wp-json\/wp\/v2\/types\/page"}],"author":[{"embeddable":true,"href":"https:\/\/blog.uclm.es\/juanjosepastor\/wp-json\/wp\/v2\/users\/140"}],"replies":[{"embeddable":true,"href":"https:\/\/blog.uclm.es\/juanjosepastor\/wp-json\/wp\/v2\/comments?post=62"}],"version-history":[{"count":0,"href":"https:\/\/blog.uclm.es\/juanjosepastor\/wp-json\/wp\/v2\/pages\/62\/revisions"}],"wp:attachment":[{"href":"https:\/\/blog.uclm.es\/juanjosepastor\/wp-json\/wp\/v2\/media?parent=62"}],"curies":[{"name":"wp","href":"https:\/\/api.w.org\/{rel}","templated":true}]}}