{"id":56,"date":"2020-06-08T08:56:19","date_gmt":"2020-06-08T07:56:19","guid":{"rendered":"http:\/\/blog.uclm.es\/juanjosepastor\/?page_id=56"},"modified":"2020-06-08T08:56:19","modified_gmt":"2020-06-08T07:56:19","slug":"libros-y-capitulos-de-libros","status":"publish","type":"page","link":"https:\/\/blog.uclm.es\/juanjosepastor\/libros-y-capitulos-de-libros\/","title":{"rendered":"Libros y cap\u00edtulos de libros"},"content":{"rendered":"<p>[vc_row][vc_column][vc_column_text]<\/p>\n<p style=\"text-align: center\"><strong>Juan Jos\u00e9 Pastor Com\u00edn<\/strong><br \/>\nProfesor Titular de Universidad<br \/>\n\u00c1rea de M\u00fasica<br \/>\n<a href=\"mailto:juanjose.pastor@uclm.es\">juanjose.pastor@uclm.es<\/a><\/p>\n<p style=\"text-align: center\">Tlfno. + 34 926 29 53 00. Ext. 3211, 13211; 680 222 487<br \/>\nDepartamento de Did\u00e1ctica de la Expresi\u00f3n Musical,<br \/>\nPl\u00e1stica y Corporal[\/vc_column_text][\/vc_column][\/vc_row][vc_row][vc_column][vc_column_text]<\/p>\n<p style=\"text-align: center\"><strong><a href=\"https:\/\/blog.uclm.es\/juanjosepastor\/libros-y-capitulos-de-libros\/\" target=\"_top\" rel=\"noopener noreferrer\">Libros y Cap\u00edtulos de Libro<\/a> | <a href=\"https:\/\/blog.uclm.es\/juanjosepastor\/articulos\/\" target=\"_top\" rel=\"noopener noreferrer\">Art\u00edculos<\/a> |<a href=\"https:\/\/blog.uclm.es\/juanjosepastor\/otras-publicaciones\/\" target=\"_top\" rel=\"noopener noreferrer\">Otras Publicaciones<\/a> | <a href=\"https:\/\/blog.uclm.es\/juanjosepastor\/congresos\/\" target=\"_top\" rel=\"noopener noreferrer\">Congresos<\/a> | <a href=\"https:\/\/blog.uclm.es\/juanjosepastor\/proyectos-de-investigacion\/\" target=\"_top\" rel=\"noopener noreferrer\">Proyectos de Investigaci\u00f3n\u00a0<\/a> | <a href=\"https:\/\/blog.uclm.es\/juanjosepastor\/estancias-de-investigacion\/\" target=\"_top\" rel=\"noopener noreferrer\">Estancias de Investigaci\u00f3n<\/a> | <a href=\"https:\/\/blog.uclm.es\/juanjosepastor\/formacion-academica\/\" target=\"_top\" rel=\"noopener noreferrer\">Formaci\u00f3n Acad\u00e9mica<\/a> | <a href=\"https:\/\/blog.uclm.es\/juanjosepastor\/actividad-profesional\/\" target=\"_top\" rel=\"noopener noreferrer\">Actividad Profesional<\/a> | <a href=\"https:\/\/blog.uclm.es\/juanjosepastor\/becas-y-premios\/\" target=\"_top\" rel=\"noopener noreferrer\">Becas y Premios<\/a> | <a href=\"https:\/\/blog.uclm.es\/juanjosepastor\/gestion-y-administracion-educativa\/\" target=\"_top\" rel=\"noopener noreferrer\">Gesti\u00f3n y Administraci\u00f3n Educativa<\/a> | <a href=\"https:\/\/blog.uclm.es\/juanjosepastor\/actividad-Docente\/\" target=\"_top\" rel=\"noopener noreferrer\">Actividad Docente\u00a0<\/a> | <a href=\"https:\/\/blog.uclm.es\/juanjosepastor\/cursos-y-seminarios-impartidos\/\" target=\"_top\" rel=\"noopener noreferrer\">Cursos y Seminarios\u00a0Impartidos<\/a> |<a href=\"https:\/\/blog.uclm.es\/juanjosepastor\/cursos-y-seminarios-recibidos\/\" target=\"_top\" rel=\"noopener noreferrer\">Cursos y Seminarios Recibidos\u00a0<\/a> | <a href=\"https:\/\/blog.uclm.es\/juanjosepastor\/varia\" target=\"_top\" rel=\"noopener noreferrer\">Varia<\/a><\/strong><\/p>\n<p>[\/vc_column_text][\/vc_column][\/vc_row][vc_row][vc_column][vc_column_text]<strong>PUBLICACIONES: LIBROS Y CAP\u00cdTULOS DE LIBROS<\/strong><\/p>\n<p>(1998): \u201cLope de Vega: un apunte sobre su formaci\u00f3n musical\u201d. En: Pedro Cerrillo y Luc\u00eda Mora (Coords): En el fluir del tiempo: Estudios en homenaje a M.\u00aa Esther Mart\u00ednez L\u00f3pez. Cuenca: Servicio de Publicaciones de la Universidad de Castilla-La Mancha. ISBN: 84-89958-45-9. pp. 635-647. Cap\u00edtulo de Libro<\/p>\n<p>(1999): \u201cAbre el ojo y El amor al uso: marcas de g\u00e9nero y configuraci\u00f3n del enredo en Rojas Zorrilla y Antonio de Sol\u00eds\u201d. En: Actas del V Congreso Internacional de la Asociaci\u00f3n Internacional de Siglo de Oro (1998). Munster (Alemania): Universitat M\u00fcnster. ISBN: 84-8489-019-8. pp. 963-987. Cap\u00edtulo de Libro.<\/p>\n<p>(1999): \u201cM\u00fasica Po\u00e9tica. Influencia de la Ret\u00f3rica Cl\u00e1sica en la formaci\u00f3n de un concepto\u201d. En: Actes du XXIIe Congr\u00e8s International de Linguistique et Philologie Romaines (1998). Brux\u00e8lles : Universit\u00e9 Libre de Brux\u00e8lles. ISBN : 3-484-50370-X, pp. 125-138. Cap\u00edtulo de Libro.<\/p>\n<p>(2000): \u201cLa m\u00fasica como recurso dram\u00e1tico en la obra de Rojas Zorrilla\u201d En: Pedraza Jim\u00e9nez, Felipe B. (coord.): Rojas Zorrilla. Poeta dram\u00e1tico. Actas de las XXII Jornadas de Teatro Cl\u00e1sico de Almagro. Ciudad Real \/ Almagro. Universidad de Castilla-La Mancha. ISBN: 84-8427-073-4. pp. 243-269. Cap\u00edtulo de Libro.<\/p>\n<p>(2001): \u201cNi amor se libra de amor: articulaci\u00f3n musical de un texto dram\u00e1tico\u201d. En: Pedraza Jim\u00e9nez, Felipe B. (Coord.): Calder\u00f3n: Sistema dram\u00e1tico y t\u00e9cnicas esc\u00e9nicas. Actas de las XXIII Jornadas de Teatro Cl\u00e1sico de Almagro. Ciudad Real \/ Almagro. Universidad de Castilla-La Mancha. ISBN: 84-8427-138-2. pp. 309-334. Cap\u00edtulo de Libro.<\/p>\n<p>(2002): \u201cDesarrollo de la Ling\u00fc\u00edstica Textual sobre los objetos art\u00edsticos: \u2018cohesi\u00f3n\u2019 y \u2018coherencia\u2019 en el discurso musical\u201d En: D\u00edaz Hormiga, M\u00aa Tadea (Coord.): Actas del IV Congreso Internacional de Ling\u00fc\u00edsitica General (2000). C\u00e1diz: Servicio de Publicaciones de la Universidad de C\u00e1diz, Servicio de Publicaciones de la Universidad de Alcal\u00e1. ISBN: 84-7786-737-2. pp. 2037-2052. Cap\u00edtulo de Libro.<\/p>\n<p>(2004): \u201cLa m\u00fasica po\u00e9tica de Nicol\u00e1s Guill\u00e9n\u201d En: Mat\u00edas Barchino y Mar\u00eda Rubio (Coords.): Nicol\u00e1s Guill\u00e9n: Hispanidad, Vanguadia y Compromiso Social. Cuenca: Servicio de Publicaciones de la Universidad de Castilla-La Mancha. ISBN: 84-8427-334-2. pp. 453-467. Cap\u00edtulo de Libro<br \/>\nRese\u00f1as: Patricia Esteban y Olga Mu\u00f1oz Carrasco en Anales de Literatura Hispanoamericana (ISSN: ISSN: 0210-4547), 2005, vol. 34,pp. 259-274 ,<\/p>\n<p>(2005): Don Quijote de la Mancha. Versi\u00f3n de C\u00e1mara. Cuenca: Servicio de Publicaciones de la Universidad de Castilla-La Mancha. ISBN: 84-8427-421-7. Coordinador.<br \/>\nIndexado en Dialnet.<\/p>\n<p>(2005): \u201cBibliograf\u00eda\u201d En: Francisco Al\u00eda Miranda (Coord): El Quijote en las Bibliotecas Universitarias Espa\u00f1olas. Ciudad Real: Universidad de Castilla-La Mancha \/ Red Espa\u00f1ola de Bibliotecas Universitarias (REBIUN). ISBN: 84-8427-334-2. pp. 291-297. Capitulo de Libro.<\/p>\n<p>(2005): El teatro clasicista: de P\u00e9rez de Oliva a Viru\u00e9s. Madrid: Liceus E-Excelence. ISBN: 84-9822-027-0. Autor del monograf\u00eda<\/p>\n<p>(2005): La prefiguraci\u00f3n de la comedia nueva: Juan de la Cueva y los valencianos. Madrid: Liceus E-Excelence. ISBN: ISBN: 84-9822-062-9. Autor de monograf\u00eda<\/p>\n<p>(2005): Por \u00e1speros caminos: nueva m\u00fasica cervantina. Cuenca: Servicio de Publicaciones de la UCLM. ISBN: 84-8427-385-7. Autor de Libro.<\/p>\n<p>(2006): \u201cVaria Cervantina: De la M\u00fasica a las Letras\u201d En: Pastor Com\u00edn, Juan Jos\u00e9 y \u00c1ngel G. Cano (Coords.) Aula Cervantina. Ciudad Real: E. U. de Magisterio de Ciudad Real \/ Universidad de Castilla-La Mancha. ISBN: 84-609-9766-9. pp. 259-264. Cap\u00edtulo de libro.<\/p>\n<p>(2006): \u201cEventos pedag\u00f3gicos 2006\u201d. En: Pastor Com\u00edn, Juan Jos\u00e9 y \u00c1ngel G. Cano (Coords.) Aula Cervantina. Ciudad Real: E. U. de Magisterio de Ciudad Real \/ Universidad de Castilla-La Mancha. ISBN: 84-609-9766-9. pp. 243-254. Cap\u00edtulo de Libro<\/p>\n<p>(2006): \u201cAzor\u00edn: la ruta de Don Quijote\u201d. En: Pastor Com\u00edn, Juan Jos\u00e9 y \u00c1ngel G. Cano (Coords.) Aula Cervantina. Ciudad Real: E. U. de Magisterio de Ciudad Real \/ Universidad de Castilla-La Mancha. ISBN: 84-609-9766-9. pp. 233-236. Cap\u00edtulo de Libro.<\/p>\n<p>(2006): \u201cInstrumentos cervantinos. M\u00fasica y did\u00e1ctica. Contexto de un proyecto digital\u201d En: Pastor Com\u00edn, Juan Jos\u00e9 y \u00c1ngel G. Cano (Coords.) Aula Cervantina. Ciudad Real: E. U. de Magisterio de Ciudad Real \/ Universidad de Castilla-La Mancha. ISBN: 84-609-9766-9. pp. 187-228. Cap\u00edtulo de libro.<\/p>\n<p>(2006): \u201cEntre aventuras y encantamientos. M\u00fasica para don Quijote\u201d. En: Pastor Com\u00edn, Juan Jos\u00e9 y \u00c1ngel G. Cano (Coords.) Aula Cervantina. Ciudad Real: E. U. de Magisterio de Ciudad Real \/ Universidad de Castilla-La Mancha. ISBN: 84-609-9766-9. pp. 243-244. Cap\u00edtulo de libro.<\/p>\n<p>(2006): Aula Cervantina. Ciudad Real: E. U. de Magisterio de Ciudad Real \/ Universidad de Castilla-La Mancha. ISBN: 84-609-9766-9. Coordinador del libro.<\/p>\n<p>(2006): Don Quijote en el Aula. La aventura pedag\u00f3gica. Ciudad Real: Servicio de Publicaciones de la Universidad de Castilla-La Mancha. ISBN: 84-8427-447-0. Coordinador del libro.<\/p>\n<p>(2006): \u201cTerminorum musicae index. La organolog\u00eda musical en la obra cervantina y su proyecci\u00f3n did\u00e1ctica\u201d. En: Pastor Com\u00edn, J. J, y \u00c1ngel G. Cano (Coords.) Don Quijote en el Aula. La aventura pedag\u00f3gica. Ciudad Real: Servicio de Publicaciones de la UCLM. ISBN: 84-8427-447-0. pp. 231-248.<\/p>\n<p>(2006): \u201cCervantes y el amor de o\u00eddas: de las fuentes musicales en la literatura medieval europea a la recepci\u00f3n recreaci\u00f3n musical contempor\u00e1nea\u201d en Hagedorn, Christian (coord.) Don Quijote por tierras extranjeras. Ciudad Real: Universidad de Castilla-La Mancha. ISBN: 978-84-8427-448-3. pp. 315-344.<\/p>\n<p>(2006): \u201cM\u00fasica callada: la resonancia del hecho musical en la obra cervantina\u201d. En: Close, Anthony (Coord.): Edad de Oro Cantabrigense. Actas del VII Congreso Internacional de la Asociaci\u00f3n Internacional de Siglo de Oro. Madrid: Vervuert \/ AISO. ISBN: 84-8489-287-5, pp. 495-501. Cap\u00edtulo de Libro.<\/p>\n<p>(2006): \u201c\u00bfMerece la pena programar en navidad? El villancico tradicional y sus desarrollos transversales\u201d. En: Cano Vela, \u00c1ngel y Emilio Nieto (Coords.): Programaci\u00f3n did\u00e1ctica y de Aula. De la teor\u00eda a la pr\u00e1ctica docente. Cuenca: Servicio de Publicaciones de la Universidad de Castilla-La Mancha. ISBN: 978-84-8427-488-9. Pp. 355-358. Cap\u00edtulo de libro.<\/p>\n<p>(2007): Cervantes: m\u00fasica y poes\u00eda. El hecho musical en el pensamiento l\u00edrico cervantino. Vigo: Editorial Academia del Hispanismo. ISBN: 84-8427-385-7. Autor de libro.<\/p>\n<p>(2007): \u201cLa recepci\u00f3n musical de Don Quijote en Inglaterra: \u00d3peras y libretos, ciclos de canciones y composiciones program\u00e1ticas\u201d en Barrio Marco, J. M. (coord.) La huella cervantina en la cultura anglosajona. Valladolid: Universidad de Valladolid. ISBN: 978-84-8448-412-7. pp. 561-580. Cap\u00edtulo de Libro.<\/p>\n<p>(2007): \u201cEl cuento musical: una v\u00eda para la expresi\u00f3n de la comprensi\u00f3n lectora\u201d En: Cerrillo Torremocha, Pedro (Coord.): Literatura Infantil: Nuevas lecturas y nuevos lectores. Actas del V Seminario Internacional de Lectura y Patrimonio. Cuenca: Servicio de Publicaciones de la Universidad de Castilla-La Mancha: 978-84-8427-554-1. pp. 717-724. Cap\u00edtulo de Libro.<\/p>\n<p>(2007): \u201cNuevas contribuciones a la did\u00e1ctica de la M\u00fasica\u201d en: Pastor Com\u00edn, Juan Jos\u00e9 y \u00c1ngel G. Cano (coords.): Nuevas competencias docentes del profesorado. New Teaching Competences. Ciudad Real. E. U. de Magisterio \/ Universidad de Castilla-La Mancha. ISBN: 978-84-611-7509-3, pp. 269-273. Cap\u00edtulo de Libro.<\/p>\n<p>(2007): \u201cEventos pedag\u00f3gicos 2007\u201d. En: Pastor Com\u00edn, Juan Jos\u00e9 y \u00c1ngel G. Cano (coords.): Nuevas competencias docentes del profesorado. New Teaching Competences. Ciudad Real. E. U. de Magisterio \/ Universidad de Castilla-La Mancha. ISBN: 978-84-611-7509-3, pp. 281-300. Cap\u00edtulo de Libro.<\/p>\n<p>(2007): Nuevas competencias docentes del profesorado. New Teaching Competences. Ciudad Real. E. U. de Magisterio \/ Universidad de Castilla-La Mancha. ISBN: 978-84-611-7509-3. Coordinador del Libro.<\/p>\n<p>(2008): \u201cMusic Education\u2026 by Inquiry. Nuevas estrategias de investigaci\u00f3n musical en el aula para el desarrollo de un curr\u00edculum competencial\u201d. En: Pastor Com\u00edn, Juan Jos\u00e9 y \u00c1ngel G. Cano (Coords.): M\u00e9todos, procesos y estrategias de aprendizajes. Ciudad Real: E. U. de Magisterio de Ciudad Real \/ Universidad de Castilla-La Mancha. Colecci\u00f3n Multi\u00e1rea. ISBN: 978-84-8427-592-3. Cap\u00edtulo de libro. 237-262<\/p>\n<p>(2008): M\u00e9todos, procesos y estrategias de aprendizajes. Ciudad Real: E. U. de Magisterio de Ciudad Real \/ Universidad de Castilla-La Mancha. Colecci\u00f3n Multi\u00e1rea. ISBN: 978-84-8427-592-3. Coordinador del Libro.<\/p>\n<p>(2009): Francisco de Rojas Zorrilla. Primera parte de comedias. Cuenca: Servicio de Publicaciones de la Universidad de Castilla-La Mancha. Colecci\u00f3n: Cl\u00e1sicos del Siglo de Oro. Coordinador del volumen. ISBN: 978-84-8427-728-6<\/p>\n<p>(2009): \u201cPr\u00f3logo y edici\u00f3n anotada de Obligados y ofendidos\u201d en: Francisco de Rojas Zorrilla. Primera parte de comedias. Cuenca: Servicio de Publicaciones de la Universidad de Castilla-La Mancha. Colecci\u00f3n: Cl\u00e1sicos del Siglo de Oro. Director: Felipe B. Pedraza Jim\u00e9nez. Vol. II. Cap\u00edtulo de Libro. ISBN: 978-84-8427-728-6<\/p>\n<p>(2009): \u00abM\u00fasica y Romances en Cervantes\u00bb. En: Alvar, Carlos (coord.): Gran Enciclopedia Cervantina, Tomo VIII, GEC [matrimonio-parodia]. Madrid: Castalia. En prensa.<\/p>\n<p>(2009): Loco, trovador y cortesano. Bases materiales de la expresi\u00f3n musical en Cervantes. Vigo: Academia Editorial del Hispanismo. ISBN: 978-84-96915-17-6. Autor del Libro<\/p>\n<p>(2009): La Guerra de Marruecos y la Espa\u00f1a de su tiempo (1909-1927). Cuidado de la Edici\u00f3n. Coord. Francisco Al\u00eda Miranda. Ciudad Real: Sociedad Don Quijote de Conmemoraciones Culturales de Castilla. ISBN: 978-84-7788-562-7<\/p>\n<p>(2009): \u00abEl conflicto con Marruecos en la m\u00fasica espa\u00f1ola\u00bb En: La Guerra de Marruecos y la Espa\u00f1a de su tiempo (1909-1927). Cuidado de la Edici\u00f3n. Coord. Francisco Al\u00eda Miranda. Ciudad Real: Sociedad Don Quijote de Conmemoraciones Culturales de Castilla. ISBN: 978-84-7788-562-7; pp. 195-222.<\/p>\n<p>(2010, en prensa): \u201cPr\u00f3logo y edici\u00f3n anotada de Progne y Filomena\u201d en Francisco de Rojas Zorrilla. Primera parte de comedias. Cuenca: Servicio de Publicaciones de la Universidad de Castilla-La Mancha. Colecci\u00f3n: Cl\u00e1sicos del Siglo de Oro. Director: Felipe B. Pedraza Jim\u00e9nez. Vol. IV. Cap\u00edtulo de Libro.<\/p>\n<p>(2010, en prensa): \u201cM\u00fasicas procelosas: fidelidad y traici\u00f3n en aventuras escritas a cuatro manos\u201d. En: Hagedorn, Christian (Coord.): El periplo universal de Don Quijote. Investigaciones acerca de la recepci\u00f3n internacional de la novela cervantina. Cuenca: Servicio de Publicaciones de la Universidad de Castilla-La Mancha.<\/p>\n<p>(2010, en prensa): El universo musical cervantino. \u201cSuave canto y dulce armon\u00eda\u201d. Relaci\u00f3n de danzas, canciones y romances en la obra cervantina. Vigo: Academia Editorial del Hispanismo. ISBN: 978-84-96915-18-3. Autor de Libro.<\/p>\n<p style=\"text-align: right\"><a href=\"https:\/\/blog.uclm.es\/juanjosepastor\">inicio<\/a><\/p>\n<p>[\/vc_column_text][\/vc_column][\/vc_row]<\/p>\n","protected":false},"excerpt":{"rendered":"<p>[vc_row][vc_column][vc_column_text] Juan Jos\u00e9 Pastor Com\u00edn Profesor Titular de Universidad \u00c1rea de M\u00fasica juanjose.pastor@uclm.es Tlfno. + 34 926 29 53 00. Ext. 3211, 13211; 680 222 487 Departamento de Did\u00e1ctica de la Expresi\u00f3n Musical, Pl\u00e1stica y Corporal[\/vc_column_text][\/vc_column][\/vc_row][vc_row][vc_column][vc_column_text] Libros y Cap\u00edtulos de Libro | Art\u00edculos |Otras Publicaciones | Congresos | Proyectos de Investigaci\u00f3n\u00a0 | Estancias de Investigaci\u00f3n &hellip; <a href=\"https:\/\/blog.uclm.es\/juanjosepastor\/libros-y-capitulos-de-libros\/\" class=\"more-link\">Seguir leyendo <span class=\"screen-reader-text\">Libros y cap\u00edtulos de libros<\/span> <span class=\"meta-nav\">&rarr;<\/span><\/a><\/p>\n","protected":false},"author":140,"featured_media":0,"parent":0,"menu_order":0,"comment_status":"closed","ping_status":"closed","template":"","meta":{"footnotes":""},"class_list":["post-56","page","type-page","status-publish","hentry"],"_links":{"self":[{"href":"https:\/\/blog.uclm.es\/juanjosepastor\/wp-json\/wp\/v2\/pages\/56","targetHints":{"allow":["GET"]}}],"collection":[{"href":"https:\/\/blog.uclm.es\/juanjosepastor\/wp-json\/wp\/v2\/pages"}],"about":[{"href":"https:\/\/blog.uclm.es\/juanjosepastor\/wp-json\/wp\/v2\/types\/page"}],"author":[{"embeddable":true,"href":"https:\/\/blog.uclm.es\/juanjosepastor\/wp-json\/wp\/v2\/users\/140"}],"replies":[{"embeddable":true,"href":"https:\/\/blog.uclm.es\/juanjosepastor\/wp-json\/wp\/v2\/comments?post=56"}],"version-history":[{"count":0,"href":"https:\/\/blog.uclm.es\/juanjosepastor\/wp-json\/wp\/v2\/pages\/56\/revisions"}],"wp:attachment":[{"href":"https:\/\/blog.uclm.es\/juanjosepastor\/wp-json\/wp\/v2\/media?parent=56"}],"curies":[{"name":"wp","href":"https:\/\/api.w.org\/{rel}","templated":true}]}}