{"id":356,"date":"2020-06-08T10:58:10","date_gmt":"2020-06-08T09:58:10","guid":{"rendered":"http:\/\/blog.uclm.es\/juanjosepastor\/?page_id=84"},"modified":"2020-06-08T10:58:10","modified_gmt":"2020-06-08T09:58:10","slug":"cursos-y-seminarios-recibidos","status":"publish","type":"page","link":"https:\/\/blog.uclm.es\/juanjosepastor\/cursos-y-seminarios-recibidos\/","title":{"rendered":"Cursos y seminarios recibidos"},"content":{"rendered":"<p>[vc_row][vc_column][vc_column_text]<\/p>\n<p style=\"text-align: center\"><strong>Juan Jos\u00e9 Pastor Com\u00edn<\/strong><br \/>\nProfesor Titular de Universidad<br \/>\n\u00c1rea de M\u00fasica<br \/>\n<a href=\"mailto:juanjose.pastor@uclm.es\">juanjose.pastor@uclm.es<\/a><\/p>\n<p style=\"text-align: center\">Tlfno. + 34 926 29 53 00. Ext. 3211, 13211; 680 222 487<br \/>\nDepartamento de Did\u00e1ctica de la Expresi\u00f3n Musical,<br \/>\nPl\u00e1stica y Corporal[\/vc_column_text][\/vc_column][\/vc_row][vc_row][vc_column][vc_column_text]<\/p>\n<p style=\"text-align: center\"><strong><a href=\"https:\/\/blog.uclm.es\/juanjosepastor\/libros-y-capitulos-de-libros\/\" target=\"_top\" rel=\"noopener noreferrer\">Libros y Cap\u00edtulos de Libro<\/a> | <a href=\"https:\/\/blog.uclm.es\/juanjosepastor\/articulos\/\" target=\"_top\" rel=\"noopener noreferrer\">Art\u00edculos<\/a> |<a href=\"https:\/\/blog.uclm.es\/juanjosepastor\/otras-publicaciones\/\" target=\"_top\" rel=\"noopener noreferrer\">Otras Publicaciones<\/a> | <a href=\"https:\/\/blog.uclm.es\/juanjosepastor\/congresos\/\" target=\"_top\" rel=\"noopener noreferrer\">Congresos<\/a> | <a href=\"https:\/\/blog.uclm.es\/juanjosepastor\/proyectos-de-investigacion\/\" target=\"_top\" rel=\"noopener noreferrer\">Proyectos de Investigaci\u00f3n\u00a0<\/a> | <a href=\"https:\/\/blog.uclm.es\/juanjosepastor\/estancias-de-investigacion\/\" target=\"_top\" rel=\"noopener noreferrer\">Estancias de Investigaci\u00f3n<\/a> | <a href=\"https:\/\/blog.uclm.es\/juanjosepastor\/formacion-academica\/\" target=\"_top\" rel=\"noopener noreferrer\">Formaci\u00f3n Acad\u00e9mica<\/a> | <a href=\"https:\/\/blog.uclm.es\/juanjosepastor\/actividad-profesional\/\" target=\"_top\" rel=\"noopener noreferrer\">Actividad Profesional<\/a> | <a href=\"https:\/\/blog.uclm.es\/juanjosepastor\/becas-y-premios\/\" target=\"_top\" rel=\"noopener noreferrer\">Becas y Premios<\/a> | <a href=\"https:\/\/blog.uclm.es\/juanjosepastor\/gestion-y-administracion-educativa\/\" target=\"_top\" rel=\"noopener noreferrer\">Gesti\u00f3n y Administraci\u00f3n Educativa<\/a> | <a href=\"https:\/\/blog.uclm.es\/juanjosepastor\/actividad-Docente\/\" target=\"_top\" rel=\"noopener noreferrer\">Actividad Docente\u00a0<\/a> | <a href=\"https:\/\/blog.uclm.es\/juanjosepastor\/cursos-y-seminarios-impartidos\/\" target=\"_top\" rel=\"noopener noreferrer\">Cursos y Seminarios\u00a0Impartidos<\/a> |<a href=\"https:\/\/blog.uclm.es\/juanjosepastor\/cursos-y-seminarios-recibidos\/\" target=\"_top\" rel=\"noopener noreferrer\">Cursos y Seminarios Recibidos\u00a0<\/a> | <a href=\"https:\/\/blog.uclm.es\/juanjosepastor\/varia\" target=\"_top\" rel=\"noopener noreferrer\">Varia<\/a><\/strong><\/p>\n<p>[\/vc_column_text][\/vc_column][\/vc_row][vc_row][vc_column][vc_column_text]<strong>CURSOS Y SEMINARIOS RECIBIDOS<\/strong><\/p>\n<p><strong>De car\u00e1cter doctoral<\/strong><\/p>\n<p>Realizaci\u00f3n de los cursos de Doctorado (96-98): <em>Teor\u00eda de los G\u00e9neros Literarios (3c.) <\/em>Sobr<em>.; Introducci\u00f3n a la Mitolog\u00eda Grecolatina (3c.) <\/em>Sobr<em>; Comentario de Textos Gongorinos (2c). <\/em>Sobr<em>.; La comedia de enredo (4c) <\/em>Matr. H.<em>; Poes\u00eda Espa\u00f1ola (2c) <\/em>Sob<em>.; Mon\u00f3logo interior como t\u00e9cnica y g\u00e9nero literario (2c.) <\/em>Sob<em>.; La comedia en tiempos de Felipe II (4c.) <\/em>Matr. H<em>.; Lope de Vega en su fin de siglo (2c), <\/em>Matr. H.<em>)<\/em><\/p>\n<p><strong>Cursos realizados en la formaci\u00f3n predoctoral<\/strong><\/p>\n<p>(1992): <em>Teor\u00eda y pr\u00e1ctica de la interpretaci\u00f3n de los textos art\u00edsticos<\/em>. UNED. \u00c1vila: 18-22 de julio. Director: Jos\u00e9 Dom\u00ednguez Caparr\u00f3s. 40 horas. Expide: Vicerrectorado de Centros Asociados.<\/p>\n<p>(1994): <em>Perfil y presencia del Postismo literario. Universidad de Castilla-La Mancha<\/em>. Cuenca: 2-5 de julio. Director: Joaqu\u00edn Gonz\u00e1lez Cuenca. 20 horas. Expide: Vicerrectorado de Extensi\u00f3n Universitaria.<\/p>\n<p>(1994): <em>Escrituras po\u00e9ticas en la Espa\u00f1a de hoy<\/em>. Fundaci\u00f3n Duques de Soria. Salamanca: 24-26 de octubre. Director: Victor Garc\u00eda de la Concha. 20 horas.<\/p>\n<p>(1995): <em>Cine y Literatura<\/em>: Fidelidad y Traici\u00f3n. Universidad Internacional Men\u00e9ndez Pelayo. Formigal: 11-15 de septiembre. Director: Jes\u00fas Garc\u00eda de Due\u00f1as. 35 horas<\/p>\n<p>(1995): <em>Paleograf\u00eda e Historia<\/em>. Universidad de Castilla-La Mancha. Cuenca: 06\/1994 a 02\/1995. Director: Jos\u00e9 Mar\u00eda S\u00e1nchez Benito. 42 horas<\/p>\n<p>(1995): <em>Semana de Filosof\u00eda Actual<\/em>. Universidad de Castilla-La Mancha. Cuenca: noviembre 1995. Director: Antonio Hern\u00e1ndez S\u00e1nchez. 10 horas.<\/p>\n<p>(1995): <em>Seminario de Literatura Espa\u00f1ola<\/em>. Fundaci\u00f3n Duques de Soria: Valladolid. 6-10 de noviembre. Director: Leonardo Romero. 30 horas.<\/p>\n<p>(1997): <em>Relaciones literarias entre Jorge Luis Borges y Umberto Eco<\/em>. Congreso Internacional. Universidad de Castilla-La Mancha. Almagro: 20-22 de mayo. Directora: M\u00aa Jos\u00e9 Calvo Montoro. 20 horas.<\/p>\n<p>(1997): <em>La comedia de enredo. XX Jornadas de Teatro Cl\u00e1sico<\/em>. Universidad de Castilla-La Mancha. Almagro: 8-10 de julio. Director: Felipe B. Pedraza. 30 horas.<\/p>\n<p>(1998): <em>C\u00f3mo escuchar poes\u00eda y m\u00fasica contempor\u00e1neas<\/em>. Museo Thyssen-Bornemisza, Fundaci\u00f3n Loewe, ProM\u00fasica. Madrid: 27 de enero \/ 31 de marzo. Director: Tom\u00e1s Llorens Serra, Xavier G\u00fcell y Enrique Loewe. 20 horas.<\/p>\n<p>(1998): <em>El teatro en tiempos de Felipe II. XXI Jornadas de Teatro Cl\u00e1sico<\/em>. Universidad de Castilla-La Mancha. Almagro: 7-9 de julio. Director. Felipe B. Pedraza. 30 horas.<\/p>\n<p>(1999): <em>La influencia de Juan Sebasti\u00e1n Bach en los compositores del siglo XX<\/em>. Universidad Complutense de Madrid. San Lorenzo de El Escorial: 9-13 de agosto. Director: Crist\u00f3bal Halffter. 30 horas.<\/p>\n<p>(2000): <em>Pedagog\u00eda Musical Activa<\/em>. (V nivel y \u00faltimo nivel). Asociaci\u00f3n de Pedagog\u00eda Musical Wuytack. Vigo.<\/p>\n<p>(2001): <em>Formaci\u00f3n para Profesores de Secundaria en Pr\u00e1cticas<\/em>. Consejer\u00eda de Educaci\u00f3n. Junta de Comunidades de Castilla-La Mancha. 09\/01\/2001- 30\/01\/2001. 30 horas.<\/p>\n<p>(2002): <em>Curso Internacional de Composici\u00f3n Villafranca del Bierzo<\/em>. Tradici\u00f3n y Vanguardia. La reinvenci\u00f3n del pasado. Festival Internacional de \u00d3rgano \u201cCatedra de Le\u00f3n\u201d. Junta de Castilla y Le\u00f3n. 2-8 de septiembre. Director: Crist\u00f3bal Halffter. 40 horas.<\/p>\n<p>(2003): <em>An\u00e1lisis Musical. Universidad Internacional Men\u00e9ndez Pelayo<\/em>. Cuenca: 28-31 de julio. Director: Luis \u00c1ngel de Benito. 30 horas.<\/p>\n<p>(2004): <em>Don Quijote y Cervantes<\/em>. VI Curso Superior de Literatura Mal\u00f3n de Echaide. Universidad de Navarra. Pamplona: 29-30 de julio. Director: Ignacio Arellano. 15 horas.<\/p>\n<p><strong>De car\u00e1cter postdoctoral<\/strong><\/p>\n<p>(2005): \u201cPrimer intercambio de experiencias en ECTS\u201d. Fecha: 03-02-2005. Lugar. Rectorado de la UCLM (Ciudad Real). Organiza: Universidad de Castilla-La Mancha. Vicerrectorado de Convergencia Europea. Duraci\u00f3n: 4 horas<\/p>\n<p>(2007): \u201cTutor\u00edas electr\u00f3nicas\u201d. Fecha: 11-01-2007. Lugar. Rectorado de la UCLM (Ciudad Real). Organiza: Universidad de Castilla-La Mancha. Vicerrectorado de Convergencia Europea. Duraci\u00f3n: 4 horas<\/p>\n<p>(2007): \u201cCreaci\u00f3n de entornos virtuales\u201d. Fecha: 15-01-2007. Rectorado de la UCLM (Ciudad Real). Organiza: Universidad de Castilla-La Mancha. Vicerrectorado de Convergencia Europea. Duraci\u00f3n: 4 horas.<\/p>\n<p>(2007): \u201cCampus Virtual I\u201d. Fecha: 07-06-2007. Rectorado de la UCLM (Ciudad Real). Organiza: Universidad de Castilla-La Mancha. Vicerrectorado de Coordinaci\u00f3n, Econom\u00eda y Comunicaci\u00f3n. Duraci\u00f3n: 5 horas.<\/p>\n<p>(2007): \u201cCampus Virtual II\u201d. Fecha: 27-06-2007. Rectorado de la UCLM (Ciudad Real). Organiza: Universidad de Castilla-La Mancha. Vicerrectorado de Coordinaci\u00f3n, Econom\u00eda y Comunicaci\u00f3n. Duraci\u00f3n: 5 horas.<\/p>\n<p>(2007-2008): <em>Curso de Introducci\u00f3n a la Docencia Universitaria<\/em>. Unidad de Innovaci\u00f3n y Calidad Educativa. Vicerrectorado de Docencia. Universidad de Castilla-La Mancha. Duraci\u00f3n: 12 meses. 10 cr\u00e9ditos ECTS. Semipresencial (250-300 horas)<\/p>\n<p>(2008): <em>Moodle<\/em>. Fecha: Rectorado de la UCLM (Ciudad Real). Organiza: Universidad de Castilla-La Mancha. Vicerrectorado de Coordinaci\u00f3n, Econom\u00eda y Comunicaci\u00f3n. Duraci\u00f3n: 5 horas.<\/p>\n<p style=\"text-align: right\"><a href=\"https:\/\/blog.uclm.es\/juanjosepastor\">Inicio<\/a><\/p>\n<p>[\/vc_column_text][\/vc_column][\/vc_row]<\/p>\n","protected":false},"excerpt":{"rendered":"<p>[vc_row][vc_column][vc_column_text] Juan Jos\u00e9 Pastor Com\u00edn Profesor Titular de Universidad \u00c1rea de M\u00fasica juanjose.pastor@uclm.es Tlfno. + 34 926 29 53 00. Ext. 3211, 13211; 680 222 487 Departamento de Did\u00e1ctica de la Expresi\u00f3n Musical, Pl\u00e1stica y Corporal[\/vc_column_text][\/vc_column][\/vc_row][vc_row][vc_column][vc_column_text] Libros y Cap\u00edtulos de Libro | Art\u00edculos |Otras Publicaciones | Congresos | Proyectos de Investigaci\u00f3n\u00a0 | Estancias de Investigaci\u00f3n &hellip; <a href=\"https:\/\/blog.uclm.es\/juanjosepastor\/cursos-y-seminarios-recibidos\/\" class=\"more-link\">Seguir leyendo <span class=\"screen-reader-text\">Cursos y seminarios recibidos<\/span> <span class=\"meta-nav\">&rarr;<\/span><\/a><\/p>\n","protected":false},"author":140,"featured_media":0,"parent":0,"menu_order":0,"comment_status":"closed","ping_status":"closed","template":"","meta":{"footnotes":""},"class_list":["post-356","page","type-page","status-publish","hentry"],"_links":{"self":[{"href":"https:\/\/blog.uclm.es\/juanjosepastor\/wp-json\/wp\/v2\/pages\/356","targetHints":{"allow":["GET"]}}],"collection":[{"href":"https:\/\/blog.uclm.es\/juanjosepastor\/wp-json\/wp\/v2\/pages"}],"about":[{"href":"https:\/\/blog.uclm.es\/juanjosepastor\/wp-json\/wp\/v2\/types\/page"}],"author":[{"embeddable":true,"href":"https:\/\/blog.uclm.es\/juanjosepastor\/wp-json\/wp\/v2\/users\/140"}],"replies":[{"embeddable":true,"href":"https:\/\/blog.uclm.es\/juanjosepastor\/wp-json\/wp\/v2\/comments?post=356"}],"version-history":[{"count":0,"href":"https:\/\/blog.uclm.es\/juanjosepastor\/wp-json\/wp\/v2\/pages\/356\/revisions"}],"wp:attachment":[{"href":"https:\/\/blog.uclm.es\/juanjosepastor\/wp-json\/wp\/v2\/media?parent=356"}],"curies":[{"name":"wp","href":"https:\/\/api.w.org\/{rel}","templated":true}]}}