{"id":355,"date":"2020-06-08T11:28:22","date_gmt":"2020-06-08T10:28:22","guid":{"rendered":"http:\/\/blog.uclm.es\/juanjosepastor\/?page_id=74"},"modified":"2020-06-08T11:28:22","modified_gmt":"2020-06-08T10:28:22","slug":"actividad-profesional","status":"publish","type":"page","link":"https:\/\/blog.uclm.es\/juanjosepastor\/actividad-profesional\/","title":{"rendered":"Actividad profesional"},"content":{"rendered":"<p>[vc_row][vc_column][vc_column_text]<\/p>\n<p style=\"text-align: center\"><strong>Juan Jos\u00e9 Pastor Com\u00edn<\/strong><br \/>\nProfesor Titular de Universidad<br \/>\n\u00c1rea de M\u00fasica<br \/>\n<a href=\"mailto:juanjose.pastor@uclm.es\">juanjose.pastor@uclm.es<\/a><\/p>\n<p style=\"text-align: center\">Tlfno. + 34 926 29 53 00. Ext. 3211, 13211; 680 222 487<br \/>\nDepartamento de Did\u00e1ctica de la Expresi\u00f3n Musical,<br \/>\nPl\u00e1stica y Corporal[\/vc_column_text][\/vc_column][\/vc_row][vc_row][vc_column][vc_column_text]<\/p>\n<p style=\"text-align: center\"><strong><a href=\"https:\/\/blog.uclm.es\/juanjosepastor\/libros-y-capitulos-de-libros\/\" target=\"_top\" rel=\"noopener noreferrer\">Libros y Cap\u00edtulos de Libro<\/a> | <a href=\"https:\/\/blog.uclm.es\/juanjosepastor\/articulos\/\" target=\"_top\" rel=\"noopener noreferrer\">Art\u00edculos<\/a> |<a href=\"https:\/\/blog.uclm.es\/juanjosepastor\/otras-publicaciones\/\" target=\"_top\" rel=\"noopener noreferrer\">Otras Publicaciones<\/a> | <a href=\"https:\/\/blog.uclm.es\/juanjosepastor\/congresos\/\" target=\"_top\" rel=\"noopener noreferrer\">Congresos<\/a> | <a href=\"https:\/\/blog.uclm.es\/juanjosepastor\/proyectos-de-investigacion\/\" target=\"_top\" rel=\"noopener noreferrer\">Proyectos de Investigaci\u00f3n\u00a0<\/a> | <a href=\"https:\/\/blog.uclm.es\/juanjosepastor\/estancias-de-investigacion\/\" target=\"_top\" rel=\"noopener noreferrer\">Estancias de Investigaci\u00f3n<\/a> | <a href=\"https:\/\/blog.uclm.es\/juanjosepastor\/formacion-academica\/\" target=\"_top\" rel=\"noopener noreferrer\">Formaci\u00f3n Acad\u00e9mica<\/a> | <a href=\"https:\/\/blog.uclm.es\/juanjosepastor\/actividad-profesional\/\" target=\"_top\" rel=\"noopener noreferrer\">Actividad Profesional<\/a> | <a href=\"https:\/\/blog.uclm.es\/juanjosepastor\/becas-y-premios\/\" target=\"_top\" rel=\"noopener noreferrer\">Becas y Premios<\/a> | <a href=\"https:\/\/blog.uclm.es\/juanjosepastor\/gestion-y-administracion-educativa\/\" target=\"_top\" rel=\"noopener noreferrer\">Gesti\u00f3n y Administraci\u00f3n Educativa<\/a> | <a href=\"https:\/\/blog.uclm.es\/juanjosepastor\/actividad-Docente\/\" target=\"_top\" rel=\"noopener noreferrer\">Actividad Docente\u00a0<\/a> | <a href=\"https:\/\/blog.uclm.es\/juanjosepastor\/cursos-y-seminarios-impartidos\/\" target=\"_top\" rel=\"noopener noreferrer\">Cursos y Seminarios\u00a0Impartidos<\/a> |<a href=\"https:\/\/blog.uclm.es\/juanjosepastor\/cursos-y-seminarios-recibidos\/\" target=\"_top\" rel=\"noopener noreferrer\">Cursos y Seminarios Recibidos\u00a0<\/a> | <a href=\"https:\/\/blog.uclm.es\/juanjosepastor\/varia\" target=\"_top\" rel=\"noopener noreferrer\">Varia<\/a><\/strong><\/p>\n<p>[\/vc_column_text][\/vc_column][\/vc_row][vc_row][vc_column][vc_column_text]<strong>ACTIVIDAD PROFESIONAL NO UNIVERSITARIA<\/strong><\/p>\n<p>(2000): Ministerio de Educaci\u00f3n, Cultural y Deporte. Funcionario en Pr\u00e1cticas del Cuerpo de Profesores de Ense\u00f1anza Secundaria. Especialidad. M\u00fasica. Alta: 01\/09\/2000. Cese: 31\/08\/2001. N\u00ba de Registro Personal: 0459405102A0590.<\/p>\n<p style=\"padding-left: 40px\">Actividad desarrollada: Actividad docente continuada en los niveles de Ense\u00f1anza Secundaria Obligatoria y Bachillerato; Formaci\u00f3n de profesores en Pr\u00e1cticas; Grupos de Trabajo con profesores de distintas especialidades. Inter\u00e9s para la docencia\/investigaci\u00f3n: Conocimiento directo de las dificultades en los centros en los que el futuro maestro y profesor de Secundaria han de desarrollar su trabajo. Conocimiento de la pedagog\u00eda, did\u00e1ctica y pr\u00e1cticas docentes empleadas en los \u00e1mbitos educativos preuniversitarios. Adecuaci\u00f3n de dicha experiencia al desarrollo del ejercicio profesional como docente universitario en las escuelas de formaci\u00f3n del profesorado.<\/p>\n<p>(2001): Ministerio de Educaci\u00f3n, Cultura y Deporte. Funcionario de Carrera del Cuerpo de Profesores de Ense\u00f1anza Secundaria. Especialidad: M\u00fasica. Alta: 01\/09\/2001 hasta el presente. N.\u00ba de Registro Personal: 0459405102S0590<\/p>\n<p style=\"padding-left: 40px\">Actividad desarrollada: Actividad docente continuada en los niveles de Ense\u00f1anza Secundaria Obligatoria y Bachillerato; Formaci\u00f3n de profesores en Pr\u00e1cticas; Grupos de Trabajo con profesores de distintas especialidades. En la actualidad en comisi\u00f3n de servicios (desde el 01\/09\/2003). Inter\u00e9s para la docencia\/investigaci\u00f3n: Conocimiento directo de las dificultades en los centros en los que el futuro maestro y profesor de Secundaria han de desarrollar su trabajo. Conocimiento de la pedagog\u00eda, did\u00e1ctica y pr\u00e1cticas docentes empleadas en los \u00e1mbitos educativos preuniversitarios. Adecuaci\u00f3n de dicha experiencia al desarrollo del ejercicio profesional como docente universitario en las escuelas de formaci\u00f3n del profesorado.<\/p>\n<p>(2003): Universidad de Castilla-La Mancha \/ Junta de Comunidades de Castilla-La Mancha. Gabinete T\u00e9cnico del Rector. Grupo A. Nivel 26 en Comisi\u00f3n de Servicios. Alta: 01\/08\/2003.<\/p>\n<p style=\"padding-left: 40px\">Actividad desarrollada: Coordinaci\u00f3n acad\u00e9mica de las actividades culturales en el Vicerrectorado de Campus de Ciudad Real y Cooperaci\u00f3n Cultural. Inter\u00e9s para la docencia\/investigaci\u00f3n: Desarrollo de actividades culturales, coordinaci\u00f3n y gesti\u00f3n de proyectos de investigaci\u00f3n y gesti\u00f3n de la C\u00e1tedra Cervantes, as\u00ed como del conjunto de actividades did\u00e1cticas y pedag\u00f3gicas que genera.<\/p>\n<p style=\"text-align: right\"><a href=\"https:\/\/blog.uclm.es\/juanjosepastor\">Inicio<\/a><\/p>\n<p>[\/vc_column_text][\/vc_column][\/vc_row]<\/p>\n","protected":false},"excerpt":{"rendered":"<p>[vc_row][vc_column][vc_column_text] Juan Jos\u00e9 Pastor Com\u00edn Profesor Titular de Universidad \u00c1rea de M\u00fasica juanjose.pastor@uclm.es Tlfno. + 34 926 29 53 00. Ext. 3211, 13211; 680 222 487 Departamento de Did\u00e1ctica de la Expresi\u00f3n Musical, Pl\u00e1stica y Corporal[\/vc_column_text][\/vc_column][\/vc_row][vc_row][vc_column][vc_column_text] Libros y Cap\u00edtulos de Libro | Art\u00edculos |Otras Publicaciones | Congresos | Proyectos de Investigaci\u00f3n\u00a0 | Estancias de Investigaci\u00f3n &hellip; <a href=\"https:\/\/blog.uclm.es\/juanjosepastor\/actividad-profesional\/\" class=\"more-link\">Seguir leyendo <span class=\"screen-reader-text\">Actividad profesional<\/span> <span class=\"meta-nav\">&rarr;<\/span><\/a><\/p>\n","protected":false},"author":140,"featured_media":0,"parent":0,"menu_order":0,"comment_status":"closed","ping_status":"closed","template":"","meta":{"footnotes":""},"class_list":["post-355","page","type-page","status-publish","hentry"],"_links":{"self":[{"href":"https:\/\/blog.uclm.es\/juanjosepastor\/wp-json\/wp\/v2\/pages\/355","targetHints":{"allow":["GET"]}}],"collection":[{"href":"https:\/\/blog.uclm.es\/juanjosepastor\/wp-json\/wp\/v2\/pages"}],"about":[{"href":"https:\/\/blog.uclm.es\/juanjosepastor\/wp-json\/wp\/v2\/types\/page"}],"author":[{"embeddable":true,"href":"https:\/\/blog.uclm.es\/juanjosepastor\/wp-json\/wp\/v2\/users\/140"}],"replies":[{"embeddable":true,"href":"https:\/\/blog.uclm.es\/juanjosepastor\/wp-json\/wp\/v2\/comments?post=355"}],"version-history":[{"count":0,"href":"https:\/\/blog.uclm.es\/juanjosepastor\/wp-json\/wp\/v2\/pages\/355\/revisions"}],"wp:attachment":[{"href":"https:\/\/blog.uclm.es\/juanjosepastor\/wp-json\/wp\/v2\/media?parent=355"}],"curies":[{"name":"wp","href":"https:\/\/api.w.org\/{rel}","templated":true}]}}