{"id":354,"date":"2020-06-08T11:26:15","date_gmt":"2020-06-08T10:26:15","guid":{"rendered":"http:\/\/blog.uclm.es\/juanjosepastor\/?page_id=64"},"modified":"2020-06-08T11:26:15","modified_gmt":"2020-06-08T10:26:15","slug":"congresos","status":"publish","type":"page","link":"https:\/\/blog.uclm.es\/juanjosepastor\/congresos\/","title":{"rendered":"Congresos"},"content":{"rendered":"<p>[vc_row][vc_column][\/vc_column][\/vc_row][vc_row][vc_column][vc_column_text]<\/p>\n<p style=\"text-align: center\"><strong>Juan Jos\u00e9 Pastor Com\u00edn<\/strong><br \/>\nProfesor Titular de Universidad<br \/>\n\u00c1rea de M\u00fasica<br \/>\n<a href=\"mailto:juanjose.pastor@uclm.es\">juanjose.pastor@uclm.es<\/a><\/p>\n<p style=\"text-align: center\">Tlfno. + 34 926 29 53 00. Ext. 3211, 13211; 680 222 487<br \/>\nDepartamento de Did\u00e1ctica de la Expresi\u00f3n Musical,<br \/>\nPl\u00e1stica y Corporal[\/vc_column_text][\/vc_column][\/vc_row][vc_row][vc_column][vc_column_text]<\/p>\n<p style=\"text-align: center\"><strong><a href=\"https:\/\/blog.uclm.es\/juanjosepastor\/libros-y-capitulos-de-libros\/\" target=\"_top\" rel=\"noopener noreferrer\">Libros y Cap\u00edtulos de Libro<\/a> | <a href=\"https:\/\/blog.uclm.es\/juanjosepastor\/articulos\/\" target=\"_top\" rel=\"noopener noreferrer\">Art\u00edculos<\/a> |<a href=\"https:\/\/blog.uclm.es\/juanjosepastor\/otras-publicaciones\/\" target=\"_top\" rel=\"noopener noreferrer\">Otras Publicaciones<\/a> | <a href=\"https:\/\/blog.uclm.es\/juanjosepastor\/congresos\/\" target=\"_top\" rel=\"noopener noreferrer\">Congresos<\/a> | <a href=\"https:\/\/blog.uclm.es\/juanjosepastor\/proyectos-de-investigacion\/\" target=\"_top\" rel=\"noopener noreferrer\">Proyectos de Investigaci\u00f3n\u00a0<\/a> | <a href=\"https:\/\/blog.uclm.es\/juanjosepastor\/estancias-de-investigacion\/\" target=\"_top\" rel=\"noopener noreferrer\">Estancias de Investigaci\u00f3n<\/a> | <a href=\"https:\/\/blog.uclm.es\/juanjosepastor\/formacion-academica\/\" target=\"_top\" rel=\"noopener noreferrer\">Formaci\u00f3n Acad\u00e9mica<\/a> | <a href=\"https:\/\/blog.uclm.es\/juanjosepastor\/actividad-profesional\/\" target=\"_top\" rel=\"noopener noreferrer\">Actividad Profesional<\/a> | <a href=\"https:\/\/blog.uclm.es\/juanjosepastor\/becas-y-premios\/\" target=\"_top\" rel=\"noopener noreferrer\">Becas y Premios<\/a> | <a href=\"https:\/\/blog.uclm.es\/juanjosepastor\/gestion-y-administracion-educativa\/\" target=\"_top\" rel=\"noopener noreferrer\">Gesti\u00f3n y Administraci\u00f3n Educativa<\/a> | <a href=\"https:\/\/blog.uclm.es\/juanjosepastor\/actividad-Docente\/\" target=\"_top\" rel=\"noopener noreferrer\">Actividad Docente\u00a0<\/a> | <a href=\"https:\/\/blog.uclm.es\/juanjosepastor\/cursos-y-seminarios-impartidos\/\" target=\"_top\" rel=\"noopener noreferrer\">Cursos y Seminarios\u00a0Impartidos<\/a> |<a href=\"https:\/\/blog.uclm.es\/juanjosepastor\/cursos-y-seminarios-recibidos\/\" target=\"_top\" rel=\"noopener noreferrer\">Cursos y Seminarios Recibidos\u00a0<\/a> | <a href=\"https:\/\/blog.uclm.es\/juanjosepastor\/varia\" target=\"_top\" rel=\"noopener noreferrer\">Varia<\/a><\/strong><\/p>\n<p>[\/vc_column_text][\/vc_column][\/vc_row][vc_row][vc_column][vc_column_text]<strong>COMUNICACIONES Y PONENCIAS PRESENTADAS A CONGRESOS<\/strong><br \/>\n<strong>(Indicamos publicaci\u00f3n, en su caso)<\/strong><\/p>\n<p>(1997): \u201cRub\u00e9n Dar\u00edo: M\u00fasica y Mito\u201d. Congreso Internacional de Literatura Iberoamericana y Tradici\u00f3n Cl\u00e1sica. Barcelona-Valencia: 21-25 de octubre. Universidad Aut\u00f3noma de Barcelona. Congreso Internacional. Participaci\u00f3n: Comunicaci\u00f3n. Publicado: Ba\u00f1uls Oller, J. V.; S\u00e1nchez M\u00e9ndez, J. y Sanmart\u00edn S\u00e1ez, J. (coors.) (1999): Literatura Iberoamericana y tradici\u00f3n cl\u00e1sica. Barcelona: Universitat Aut\u00f2noma de Barcelona, Universitat de Valencia. ISBN: 84-370-4172-4, pp. 321-326.<\/p>\n<p>(1998): \u201cJos\u00e9 Luis Tejada: Para andar conmigo\u201d. Simposio \u201cJos\u00e9 Luis Tejada, poeta (1927-1988). El Puerto de Santa Mar\u00eda: 14-16 de enero. Universidad de C\u00e1diz. Congreso Nacional. Participaci\u00f3n: Comunicaci\u00f3n. Publicado: P\u00e9rez-Bustamente Mourier, Ana Sof\u00eda (Coord.) Jos\u00e9 Luis Tejada (1927-1988). Un poeta andaluz de la generaci\u00f3n de medio siglo. El Puerto de Santa Mar\u00eda: Excmo. Ayuntamiento. ISBN: 84-89141-30-4. pp. 53-62<\/p>\n<p>(1998): \u201cEl discurso musical: aproximaci\u00f3n a una caracterizaci\u00f3n ling\u00fc\u00edstica\u201d. XIII Encuentro de la Asociaci\u00f3n de J\u00f3venes Ling\u00fcistas. Salamanca: 22 de mayo. Universidad de Salamanca. Congreso Nacional. Participaci\u00f3n: Comunicaci\u00f3n. Publicado: Interling\u00fc\u00edsitca (ISSN: 1134-8941), n.\u00ba 9 (1998), pp. 247-251<\/p>\n<p>(1998): \u201cGabriel Garc\u00eda Marquez: Del amor y otros demonios. M\u00fasica y Erotismo\u201d. Congreso Internacional \u201cAmor y Erotismo en la Literatura\u201d. Salamanca: 3-5 de junio. Universidad de Salamanca. Congreso Internacional. Participaci\u00f3n: Comunicaci\u00f3n. Publicado en: Amor y Erotismo en la Literatura. Salamanca: Universidad de Salamanca y Caja Duero. 1999. ISBN: 84-87132-85-5. pp. 679-684. Recogido en DIALNET<\/p>\n<p>(1999): \u201cLudwig Wittgenstein y Arnold Schoenberg\u201d. XXXVI Congreso de Fil\u00f3sofos J\u00f3venes. Madrid: 7 de abril. Congreso Nacional. Participaci\u00f3n: Comunicaci\u00f3n.<\/p>\n<p>(1999): \u201cJames Joyce: hacia una articulaci\u00f3n musical de la obra literaria\u201d. X Encuentros James Joyce. Salamanca: 15-18 de abril. Universidad de Salamanca. British Council. Congreso Internacional. Participaci\u00f3n: Ponencia invitada.<\/p>\n<p>(1999): \u201cHacia una teor\u00eda generativa de la m\u00fasica tonal: estado de la cuesti\u00f3n\u201d. XIV Encuentro de la Asociaci\u00f3n de J\u00f3venes Ling\u00fcistas. C\u00e1ceres: 15-17 de abril. Asociaci\u00f3n de J\u00f3venes Ling\u00fcistas. Congreso Nacional. Participaci\u00f3n: Comunicaci\u00f3n. Publicado: Interling\u00fc\u00edsitca (ISSN: 1134-8941), n.\u00ba 10 (1999), p. 315-319<\/p>\n<p>(1999): \u201cCervantes y Calder\u00f3n: Contrapunto sobre un cantus firmus dram\u00e1tico\u201d. IX Coloquio Internacional de la Asociaci\u00f3n de Cervantistas. Villanueva de los Infantes: 29 de abril \/ 2 de mayo. Asociaci\u00f3n Internacional de Cervantistas. Congreso Internacional. Participaci\u00f3n: Comunicaci\u00f3n.<\/p>\n<p>(1999): \u201cDel agotamiento de la semi\u00f3tica musical y sus frutos tard\u00edos. V\u00edas de supervivencia en la ling\u00fc\u00edstica del texto\u201d. IV Congreso Internacional de la Federaci\u00f3n Latinoamericana de Semi\u00f3tica. A Coru\u00f1a: 27 de septiembre \/ 2 de octubre. Federaci\u00f3n Latinoamericana de Semi\u00f3tica, Universidade da Coru\u00f1a. Congreso Internacional. Participaci\u00f3n: Comunicaci\u00f3n.<\/p>\n<p>(1999): \u201cLe discours musical. D\u00e9termination d\u2019un cadre th\u00e9orique linguistique\u201d. Colloque International \u00ab Fronti\u00e8res, Limites, Passages \u00bb. Clermont-Ferrand (Francia) : 7-9 de octubre. Universit\u00e9 Blaise Pascal-Clermont II. Congreso Internacional. Participaci\u00f3n: Comunicaci\u00f3n.<\/p>\n<p>(1999): \u201cM\u00fasica y Literatura como sombras er\u00f3ticas en Gabriel Garc\u00eda M\u00e1rquez\u201d. VII Simposio Internacional sobre Narrativa Hisp\u00e1nica Contempor\u00e1nea \u201cEl erotismo en a narrativa espa\u00f1ola e hispanoamericana actual\u201d. El Puerto de Santa Maria: noviembre. Congreso Internacional. Participaci\u00f3n: Comunicaci\u00f3n.<\/p>\n<p>(2001): \u201cEl conocimiento ret\u00f3rico de los textos musicales. Nuevas contribuciones de la ling\u00fc\u00edstica textual al estudio del discurso musical: hip\u00f3tesis y modelos aplicados\u201d. XXIII Congreso Internacional de Ling\u00fc\u00edstica y Filolog\u00eda Rom\u00e1nica. Salamanca: 24-29 de septiembre. Universidad de Salamanca. Congreso Internacional. Participaci\u00f3n: Comunicaci\u00f3n.<\/p>\n<p>(2004): \u201cLa presencia musical de la muerte en la obra cervantina\u201d. VI Congreso de la Sociedad Espa\u00f1ola de Musicolog\u00eda. Oviedo: 17-20 de noviembre. Sociedad Espa\u00f1ola de Musicolog\u00eda. Congreso Nacional. Participaci\u00f3n: Comunicaci\u00f3n.<\/p>\n<p>(2004): \u201cLas condiciones del docente: nuevos retos de futuro\u201d. I Congreso Regional \u201cProgramaci\u00f3n Did\u00e1ctica y de Aula\u201d. Ciudad Real: 15-17 de diciembre. Congreso Regional. Participaci\u00f3n: Mesa redonda.<\/p>\n<p>(2005): \u201cMusical Transmission of Garcilaso de la Vega\u2019s Poems in Cervantes\u2019 Texts\u201d. Music\u2019s Intellectual History: Founders, Followers &amp; Fads\u201d RILM Internacional Conference. R\u00e9pertoire International de Litt\u00e9rature Musicale (RILM) &amp; City University of New York (CUNY). New York: 17-19 de marzo. Congreso Internacional. Participaci\u00f3n: Comunicaci\u00f3n. Publicaci\u00f3n: Zdravko Blazekovic (Coords.): Founders, Followers &amp; Fads\u201d RILM Internacional Conference. R\u00e9pertoire International de Litt\u00e9rature Musicale (RILM) &amp; City University of New York (CUNY). New York: 2009<\/p>\n<p>(2005): \u201cLa transformaci\u00f3n de las fuentes musicales en los textos cervantinos\u201d. Presence and Absence in Language and Literatura. Thirteenth Annual Graduate Conference on Romance Studies. Boston: 1-2 abril. Department of Romance Languages and Literaturas at Boston College. Congreso Internacional. Participaci\u00f3n: Comunicaci\u00f3n.<\/p>\n<p>(2005): \u201cQuijotes musicales olvidados: Did\u00e1ctica de la recepci\u00f3n musical\u201d. I Congreso Nacional de Reflexi\u00f3n Pedag\u00f3gica: Don Quijote en el Aula. Ciudad Real: 6-9 de abril. Universidad de Castilla-La mancha. Congreso Nacional. Participaci\u00f3n: Comunicaci\u00f3n.<\/p>\n<p>(2005): \u201cDon Quijote en el aula: retos did\u00e1cticos\u201d. I Congreso Nacional de Reflexi\u00f3n Pedag\u00f3gica: Don Quijote en el Aula. Ciudad Real: 6-9 de abril. Universidad de Castilla-La mancha. Congreso Nacional. Participaci\u00f3n: Mesa redonda.<\/p>\n<p>(2005): \u201cDon Quijote en la m\u00fasica\u201d. I Congreso Nacional de Reflexi\u00f3n Pedag\u00f3gica: Don Quijote en el Aula. Ciudad Real: 6-9 de abril. Universidad de Castilla-La mancha. Congreso Nacional. Participaci\u00f3n: Mesa redonda.<\/p>\n<p>(2005): \u201cLa experiencia musical cervantina: Educaci\u00f3n, amistades y espect\u00e1culos p\u00fablicos\u201d. XII Coloquio Internacional de la Asociaci\u00f3n de Cervantistas. Homenaje a Jos\u00e9 Mar\u00eda Casasayas. Argamasilla de Alba: 6-9 de mayo. Universidad de Castilla-La Mancha, Asociaci\u00f3n de Cervantistas. Congreso Internacional. Participaci\u00f3n: Ponencia invitada. Publicado en: Pedraza Jim\u00e9nez, Felipe B. (Coord): Actas del XII Coloquio Internacional de la Asociaci\u00f3n de Cervantistas. Cuenca: Servicio de Publicaciones de la Universidad de Castilla-La Mancha, pp. 319-349.<\/p>\n<p>(2005): \u201cBembo, Petrarca, Garcilaso: transmisi\u00f3n musical de sus textos en las obras cervantinas\u201d. IV Congreso Internacional de Humanismo y Pervivencia del Mundo Cl\u00e1sico. Homenaje al Profesor Antonio Prieto. Alca\u00f1iz: 9-14 de mayo. Instituto de Estudios Human\u00edsticos. Congreso Internacional. Participaci\u00f3n: Comunicaci\u00f3n<\/p>\n<p>(2005): \u201cIntroducci\u00f3n a la m\u00fasica cervantina. Audici\u00f3n y comentarios\u201d. Congreso Internacional \u201cEl pensamiento te\u00f3rico-literario ante El Quijote\u201d. Madrid: 20-24 de junio. Consejo Superior de Investigaciones Cient\u00edficas (CSIC). Congreso Internacional: Participaci\u00f3n: Ponencia invitada.<\/p>\n<p>(2005): \u201cDon Quijote como fuente de inspiraci\u00f3n en la m\u00fasica espa\u00f1ola contempor\u00e1nea (1975-2005)\u201d. Congreso Internacional \u201cEl pensamiento te\u00f3rico-literario ante el Quijote\u201d. Madrid: 20-24 junio. Consejo Superior de Investigaciones Cient\u00edficas (CSIC). Congreso Internacional. Participaci\u00f3n: Comunicaci\u00f3n. Publicado: Garrido Gallardo, Miguel \u00c1ngel, Luis Alburquerque (Coords.): El Quijote y el pensamiento te\u00f3rico-literario. Madrid: Consejo Superior de Investigaciones Cient\u00edficas. ISBN: 978-84-00-08622-0. pp. 427-445.<\/p>\n<p>(2005): \u201cLa huella del Quijote en las artes esc\u00e9nicas y la m\u00fasica\u201d. I Encuentro Nacional de Compositores, M\u00fasicos e Int\u00e9rpretes. Quintanar de la Orden, 8-10 de julio. Junta de Comunidades de Castilla-La Mancha. Asociaci\u00f3n de Compositores, Directores, Int\u00e9rpretes y Music\u00f3logos de Castilla-La Mancha. Congreso Nacional. Participaci\u00f3n: Mesa redonda.<\/p>\n<p>(2005): \u201cLas im\u00e1genes emblem\u00e1ticas musicales en la obra cervantina\u201d. Seventh Triennial Conference of the International Society for Emblem Studies. Urbana-Champaign: 24-30 de julio. University of Illinois at Urbana Champaign; Department of Germanic Languages and Literatures. Congreso Internacional. Participaci\u00f3n: Conferencia invitada.<\/p>\n<p>(2005): \u201cLa articulaci\u00f3n musical de Don Quijote. Procedimientos comunes y divergencias en las composiciones cervantinas de Purcell, Strauss, Ravel y Britten\u201d. International Conference \u201cFraming the Quixote\u201d. Provo: 12-15 de octubre. Brigham Young University (Utah, EEUU). Congreso Internacional. Participaci\u00f3n: Conferencia invitada.<\/p>\n<p>(2005): \u201cIluminaciones de Don Quijote, concierto para guitarra y orquesta de Manuel Angulo (2005) y El caballero de la triste figura, de Jos\u00e9 Antonio Esteban Usano (2005)\u201d. Congreso Internacional \u201cCervantes y el Quijote en la M\u00fasica\u201d. Madrid: 19-21 de octubre. Universidad Aut\u00f3noma de Madrid. Congreso Internacional. Participaci\u00f3n: Comunicaci\u00f3n.<\/p>\n<p>(2005): \u201c\u2026Porque sobre todo discantaba y a todo respond\u00eda, o la m\u00fasica como discurso cr\u00edtico\u201d. Tempo 2005. Molinos y Gigantes del Siglo 21. Albacete: 21 de octubre. Congreso Nacional. Participaci\u00f3n: Ponencia invitada.<\/p>\n<p>(2005): \u201cTextos de filiaci\u00f3n emblem\u00e1tica: m\u00fasica y emblemas en la obra cervantina\u201d. Congreso Internacional \u201cIV Centenario del Quijote. Miguel de Cervantes: Vida, obra, \u00e9poca\u201d. Lucena: 3-6 de noviembre. Universidad de C\u00f3rdoba \/ Ayuntamiento de Lucena. Congreso Internacional. Participaci\u00f3n: Comunicaci\u00f3n.<\/p>\n<p>(2005): \u201cMaurice Ravel y Miguel de Cervantes: Trois Chansons de Don Quichotte a Dulcin\u00e9e\u201d. Primer Encuentro Hispanofranc\u00e9s de Investigadores (APFUE\/SHF) \/ Premi\u00e8re Rencontre Hispano-fran\u00e7aise de Chercheurs (SHF\/APFUE). \u00ab La Culture de l\u2019autre : fran\u00e7ais en Espagne, espagnol en France \u00bb. Sevilla : 29 de noviembre, 2 de diciembre. Universidad de Sevilla. Congreso Internacional. Participaci\u00f3n: Comunicaci\u00f3n. Publicado: Bru\u00f1a Cuevas, Manuel et alii (2006): La cultural del otro: Espa\u00f1ol en Francia, franc\u00e9s en Espa\u00f1a La Culture de l\u2019autre : fran\u00e7ais en Espagne, espagnol en France \u00bb. Sevilla: Universidad de Sevilla. ISBN: 978-84-96377-85-7. pp. 589-604.<\/p>\n<p>(2007): \u201cVenus y Adonis: la transformaci\u00f3n literaria del mito en la m\u00fasica europea de finales del XVII (1682-1701). Congreso Internacional \u201cLa reescritura de los mitos en las obras literarias\u201d. Ciudad Real: 20-23 de marzo. Departamento de Filolog\u00eda Moderna de la Universidad de Castilla-La Mancha. Congreso Internacional. Participaci\u00f3n: Comunicaci\u00f3n. Publicado: Herrero Cecilia, Juan y Monterrat Morales (Coords.): Actas del Congreso Internacional \u201cLa reescritura de los mitos en las obras literarias\u201d. Cuenca: Servicio de Publicaciones de la Universidad de Castilla-La Mancha (en prensa): ISBN: 978-84-8427-613-5<\/p>\n<p>(2007): \u201cEl canto de Libia: M\u00fasica e iconograf\u00eda en las reescrituras de la tragedia cl\u00e1sica de Progne y Filomena\u201d. Congreso Internacional \u201cEl modo tr\u00e1gico y la cultura hisp\u00e1nica\u201d. Valladolid: 25-27 de junio. Universitas Castellae y McGill University (Canad\u00e1). Congreso Internacional. Participaci\u00f3n: Ponencia invitada. Publicado: De la Fuente Ballesteros, Ricardo (Coord.): El modo tr\u00e1gico. Valladolid: Universitas Castellae, 2008, pp. 201-227.<\/p>\n<p>(2007): \u201cDon Lucas del Cigarral, de Francisco de Rojas: Pol\u00e9micas de una adaptaci\u00f3n al g\u00e9nero l\u00edrico\u201d. Congreso Internacional IV Centenario del nacimiento de Francisco de Rojas Zorrilla. Toledo: 4-7 de octubre. Instituto Almagro de Teatro Cl\u00e1sico, Sociedad Estatal de Conmemoraciones, Universidad de Castilla-La Mancha. Congreso Internacional. Participaci\u00f3n: Ponencia invitada. Publicado: Pedraza Jim\u00e9nez, Felipe B. (Coord): Actas del Congreso Internacional IV Centenario del nacimiento de Francisco de Rojas Zorrilla .Cuenca: Servicio de Publicaciones de la Universidad de Castilla-La Mancha, 2008 (en prensa): pp. 721-735<\/p>\n<p>(2007): La cr\u00edtica ante Rojas Zorrilla. Congreso Internacional IV Centenario del nacimiento de Francisco de Rojas Zorrilla. Toledo: 4-7 de octubre. Instituto Almagro de Teatro Cl\u00e1sico, Sociedad Estatal de Conmemoraciones, Universidad de Castilla-La Mancha. Congreso Internacional. Participaci\u00f3n: Presidencia de Mesa<\/p>\n<p>(2007): \u201cGutierre de Cetina: M\u00fasica y Can\u00f3n Po\u00e9tico\u201d. VIII Conference of the Society for Renaissance and Baroque Hispanic Poetry. \u201cEl canon po\u00e9tico. Construcci\u00f3n y revision\u201d. C\u00f3rdoba: 17-20 de octubre. Congreso Internacional. Participaci\u00f3n: Comunicaci\u00f3n.<\/p>\n<p>(2008): \u201cEl futuro de la Educaci\u00f3n Musical en el nuevo Espacio Europeo de Educaci\u00f3n Superior\u201d. I Congreso Nacional sobre las Titulaciones de Educaci\u00f3n en el marco del Espacio Europeo de Educaci\u00f3n Superior. M\u00e1laga, del 14 al 15 de febrero.<\/p>\n<p>(2008): \u201cLa did\u00e1ctica de la m\u00fasica: oportunidades para una investigaci\u00f3n coordinada. An\u00e1lisis de algunos casos paradigm\u00e1ticos en Francia, Reino Unido y Estados Unidos\u201d. I Congreso de Educaci\u00f3n e Investigaci\u00f3n Musical. Madrid: 29 de febrero\/ 2 de marzo de 2008. Instituto de Educaci\u00f3n Musical, Universidad Aut\u00f3noma de Madrid, Sociedad para la Educaci\u00f3n Musical en el Estado Espa\u00f1ol. Congreso Nacional. Participaci\u00f3n: Comunicaci\u00f3n. Publicado: Actas del I Congreso de Educaci\u00f3n e Investigaci\u00f3n Musical. Madrid: SEM \/ Universidad Aut\u00f3noma de Madrid (en prensa)<\/p>\n<p>(2008): \u201cEducaci\u00f3n musical y justicia pol\u00edtica y social\u201d. VI Congreso Internacional de Filosof\u00eda de la Educaci\u00f3n. \u201cEducaci\u00f3n, conocimiento y justicia\u201d. Universidad Complutense de Madrid y Universidad Nacional de Educaci\u00f3n a Distancia. Madrid: 19-21 de junio. Congreso Internacional. Participaci\u00f3n: Comunicaci\u00f3n. Publicado: Actas del VI Congreso Internacional de Filosof\u00eda de la Educaci\u00f3n: \u201cEducaci\u00f3n, Conocimiento, Justicia\u201d. Madrid: Universidad Complutense de Madrid (CD: ISBN: 978-84-691-4347-6). Tambi\u00e9n en Madrid: Dykinson, 283-290<\/p>\n<p>(2008): \u201cAlgunas fuentes musicales en la obra po\u00e9tica de Gutierre de Cetina\u201d. VII Congreso de Musicolog\u00eda de la SedeM, C\u00e1ceres, 12-15 de noviembre.<\/p>\n<p>(2009): \u201cModelos de escucha y pr\u00e1ctica creativa de la audici\u00f3n musical para el desarrollo de la competencia cultural y art\u00edstica\u201d. I Congreso Internacional de Competencias B\u00e1sicas, celebrado en la E. U. de Magisterio de Ciudad Real, 16-18 de abril de 2009.Publicado: Nieto L\u00f3pez, Emilio y Callejas Albi\u00f1ana, Ana Isabel (coords.): Las competencias b\u00e1sicas: reflexiones y experiencias.UCLM: ISBN 98-84-692-09462.<\/p>\n<p>(2009): \u201cLa m\u00fasica en la Guerra de Marruecos\u201d. Tipo de participaci\u00f3n: Mesa redonda. Jornadas Internacionales La Guerra de Marruecos y la Espa\u00f1a (1909-1927). Director: Francisco Al\u00eda Miranda. 21 de octubre de 2009.<\/p>\n<p>(2009): \u201cDon Quijote en el sal\u00f3n: De Rupprecht a Korngold\u201d. Cervantes y el Quijote en la M\u00fasica del siglo XX. Tradici\u00f3n y Vanguardia. Congreso Internacional. Madrid, Universidad Aut\u00f3noma de Madrid. 4-6 de noviembre de 2009. Dirigido por Bego\u00f1a Lolo.<\/p>\n<p style=\"text-align: right;\"><a href=\"https:\/\/blog.uclm.es\/juanjosepastor\">Inicio<\/a><\/p>\n<p>[\/vc_column_text][\/vc_column][\/vc_row]<\/p>\n","protected":false},"excerpt":{"rendered":"<p>[vc_row][vc_column][\/vc_column][\/vc_row][vc_row][vc_column][vc_column_text] Juan Jos\u00e9 Pastor Com\u00edn Profesor Titular de Universidad \u00c1rea de M\u00fasica juanjose.pastor@uclm.es Tlfno. + 34 926 29 53 00. Ext. 3211, 13211; 680 222 487 Departamento de Did\u00e1ctica de la Expresi\u00f3n Musical, Pl\u00e1stica y Corporal[\/vc_column_text][\/vc_column][\/vc_row][vc_row][vc_column][vc_column_text] Libros y Cap\u00edtulos de Libro | Art\u00edculos |Otras Publicaciones | Congresos | Proyectos de Investigaci\u00f3n\u00a0 | Estancias de Investigaci\u00f3n &hellip; <a href=\"https:\/\/blog.uclm.es\/juanjosepastor\/congresos\/\" class=\"more-link\">Seguir leyendo <span class=\"screen-reader-text\">Congresos<\/span> <span class=\"meta-nav\">&rarr;<\/span><\/a><\/p>\n","protected":false},"author":140,"featured_media":0,"parent":0,"menu_order":0,"comment_status":"closed","ping_status":"closed","template":"","meta":{"footnotes":""},"class_list":["post-354","page","type-page","status-publish","hentry"],"_links":{"self":[{"href":"https:\/\/blog.uclm.es\/juanjosepastor\/wp-json\/wp\/v2\/pages\/354","targetHints":{"allow":["GET"]}}],"collection":[{"href":"https:\/\/blog.uclm.es\/juanjosepastor\/wp-json\/wp\/v2\/pages"}],"about":[{"href":"https:\/\/blog.uclm.es\/juanjosepastor\/wp-json\/wp\/v2\/types\/page"}],"author":[{"embeddable":true,"href":"https:\/\/blog.uclm.es\/juanjosepastor\/wp-json\/wp\/v2\/users\/140"}],"replies":[{"embeddable":true,"href":"https:\/\/blog.uclm.es\/juanjosepastor\/wp-json\/wp\/v2\/comments?post=354"}],"version-history":[{"count":0,"href":"https:\/\/blog.uclm.es\/juanjosepastor\/wp-json\/wp\/v2\/pages\/354\/revisions"}],"wp:attachment":[{"href":"https:\/\/blog.uclm.es\/juanjosepastor\/wp-json\/wp\/v2\/media?parent=354"}],"curies":[{"name":"wp","href":"https:\/\/api.w.org\/{rel}","templated":true}]}}