{"id":353,"date":"2020-06-08T11:10:44","date_gmt":"2020-06-08T10:10:44","guid":{"rendered":"http:\/\/blog.uclm.es\/juanjosepastor\/?page_id=25"},"modified":"2022-12-09T11:35:33","modified_gmt":"2022-12-09T10:35:33","slug":"asignaturas","status":"publish","type":"page","link":"https:\/\/blog.uclm.es\/juanjosepastor\/asignaturas\/","title":{"rendered":"Asignaturas"},"content":{"rendered":"<p style=\"text-align: center\"><strong>Juan Jos\u00e9 Pastor Com\u00edn<\/strong><br \/>\nProfesor Titular de Universidad<br \/>\n\u00c1rea de M\u00fasica<br \/>\n<a href=\"mailto:juanjose.pastor@uclm.es\">juanjose.pastor@uclm.es<\/a><\/p>\n<p style=\"text-align: center\">Tlfno. + 34 926 29 53 00. Ext. 3211, 13211; 680 222 487<br \/>\nDepartamento de Did\u00e1ctica de la Expresi\u00f3n Musical,<br \/>\nPl\u00e1stica y Corporal<\/p>\n<p style=\"text-align: center\"><strong><a href=\"https:\/\/blog.uclm.es\/juanjosepastor\/libros-y-capitulos-de-libros\/\" target=\"_top\" rel=\"noopener noreferrer\">Libros y Cap\u00edtulos de Libro<\/a> | <a href=\"https:\/\/blog.uclm.es\/juanjosepastor\/articulos\/\" target=\"_top\" rel=\"noopener noreferrer\">Art\u00edculos<\/a> |<a href=\"https:\/\/blog.uclm.es\/juanjosepastor\/otras-publicaciones\/\" target=\"_top\" rel=\"noopener noreferrer\">Otras Publicaciones<\/a> | <a href=\"https:\/\/blog.uclm.es\/juanjosepastor\/congresos\/\" target=\"_top\" rel=\"noopener noreferrer\">Congresos<\/a> | <a href=\"https:\/\/blog.uclm.es\/juanjosepastor\/proyectos-de-investigacion\/\" target=\"_top\" rel=\"noopener noreferrer\">Proyectos de Investigaci\u00f3n\u00a0<\/a> | <a href=\"https:\/\/blog.uclm.es\/juanjosepastor\/estancias-de-investigacion\/\" target=\"_top\" rel=\"noopener noreferrer\">Estancias de Investigaci\u00f3n<\/a> | <a href=\"https:\/\/blog.uclm.es\/juanjosepastor\/formacion-academica\/\" target=\"_top\" rel=\"noopener noreferrer\">Formaci\u00f3n Acad\u00e9mica<\/a> | <a href=\"https:\/\/blog.uclm.es\/juanjosepastor\/actividad-profesional\/\" target=\"_top\" rel=\"noopener noreferrer\">Actividad Profesional<\/a> | <a href=\"https:\/\/blog.uclm.es\/juanjosepastor\/becas-y-premios\/\" target=\"_top\" rel=\"noopener noreferrer\">Becas y Premios<\/a> | <a href=\"https:\/\/blog.uclm.es\/juanjosepastor\/gestion-y-administracion-educativa\/\" target=\"_top\" rel=\"noopener noreferrer\">Gesti\u00f3n y Administraci\u00f3n Educativa<\/a> | <a href=\"https:\/\/blog.uclm.es\/juanjosepastor\/actividad-Docente\/\" target=\"_top\" rel=\"noopener noreferrer\">Actividad Docente\u00a0<\/a> | <a href=\"https:\/\/blog.uclm.es\/juanjosepastor\/cursos-y-seminarios-impartidos\/\" target=\"_top\" rel=\"noopener noreferrer\">Cursos y Seminarios\u00a0Impartidos<\/a> |<a href=\"https:\/\/blog.uclm.es\/juanjosepastor\/cursos-y-seminarios-recibidos\/\" target=\"_top\" rel=\"noopener noreferrer\">Cursos y Seminarios Recibidos\u00a0<\/a> | <a href=\"https:\/\/blog.uclm.es\/juanjosepastor\/varia\" target=\"_top\" rel=\"noopener noreferrer\">Varia<\/a><\/strong><\/p>\n<p><strong>Did\u00e1ctica de la Expresi\u00f3n Musical II. Curso 2010-2011<\/strong><\/p>\n<p style=\"padding-left: 40px\"><strong>Programa<\/strong><br \/>\n<strong>Textos y Art\u00edculos de lectura obligatoria<\/strong><br \/>\n<strong>V\u00ednculos<\/strong><\/p>\n<p><img loading=\"lazy\" decoding=\"async\" class=\"aligncenter size-medium wp-image-26\" src=\"https:\/\/blog.uclm.es\/juanjosepastor\/wp-content\/uploads\/sites\/165\/2020\/05\/Eeckout-Gerbrand-van-den-Amsterdam-1621-1674-Amsterdam-Gemeentemuseum-The-Hague-300x200.jpg\" alt=\"Eeckout, Gerbrand van den Amsterdam (1621-1674) Amsterdam (Gemeentemuseum, The Hague)\" width=\"300\" height=\"200\" srcset=\"https:\/\/blog.uclm.es\/juanjosepastor\/wp-content\/uploads\/sites\/165\/2020\/05\/Eeckout-Gerbrand-van-den-Amsterdam-1621-1674-Amsterdam-Gemeentemuseum-The-Hague-300x200.jpg 300w, https:\/\/blog.uclm.es\/juanjosepastor\/wp-content\/uploads\/sites\/165\/2020\/05\/Eeckout-Gerbrand-van-den-Amsterdam-1621-1674-Amsterdam-Gemeentemuseum-The-Hague.jpg 500w\" sizes=\"auto, (max-width: 300px) 100vw, 300px\" \/><\/p>\n<p><strong>Historia de la M\u00fasica y del Folclore. Curso 2010-2011<\/strong><\/p>\n<p style=\"padding-left: 40px\">Programa<br \/>\nTextos y Art\u00edculos de lectura obligatoria<br \/>\nV\u00ednculos<\/p>\n","protected":false},"excerpt":{"rendered":"<p>Juan Jos\u00e9 Pastor Com\u00edn Profesor Titular de Universidad \u00c1rea de M\u00fasica juanjose.pastor@uclm.es Tlfno. + 34 926 29 53 00. Ext. 3211, 13211; 680 222 487 Departamento de Did\u00e1ctica de la Expresi\u00f3n Musical, Pl\u00e1stica y Corporal Libros y Cap\u00edtulos de Libro | Art\u00edculos |Otras Publicaciones | Congresos | Proyectos de Investigaci\u00f3n\u00a0 | Estancias de Investigaci\u00f3n | &hellip; <a href=\"https:\/\/blog.uclm.es\/juanjosepastor\/asignaturas\/\" class=\"more-link\">Seguir leyendo <span class=\"screen-reader-text\">Asignaturas<\/span> <span class=\"meta-nav\">&rarr;<\/span><\/a><\/p>\n","protected":false},"author":140,"featured_media":0,"parent":0,"menu_order":0,"comment_status":"closed","ping_status":"closed","template":"","meta":{"footnotes":""},"class_list":["post-353","page","type-page","status-publish","hentry"],"_links":{"self":[{"href":"https:\/\/blog.uclm.es\/juanjosepastor\/wp-json\/wp\/v2\/pages\/353","targetHints":{"allow":["GET"]}}],"collection":[{"href":"https:\/\/blog.uclm.es\/juanjosepastor\/wp-json\/wp\/v2\/pages"}],"about":[{"href":"https:\/\/blog.uclm.es\/juanjosepastor\/wp-json\/wp\/v2\/types\/page"}],"author":[{"embeddable":true,"href":"https:\/\/blog.uclm.es\/juanjosepastor\/wp-json\/wp\/v2\/users\/140"}],"replies":[{"embeddable":true,"href":"https:\/\/blog.uclm.es\/juanjosepastor\/wp-json\/wp\/v2\/comments?post=353"}],"version-history":[{"count":1,"href":"https:\/\/blog.uclm.es\/juanjosepastor\/wp-json\/wp\/v2\/pages\/353\/revisions"}],"predecessor-version":[{"id":386,"href":"https:\/\/blog.uclm.es\/juanjosepastor\/wp-json\/wp\/v2\/pages\/353\/revisions\/386"}],"wp:attachment":[{"href":"https:\/\/blog.uclm.es\/juanjosepastor\/wp-json\/wp\/v2\/media?parent=353"}],"curies":[{"name":"wp","href":"https:\/\/api.w.org\/{rel}","templated":true}]}}