{"id":32,"date":"2020-06-08T11:11:47","date_gmt":"2020-06-08T10:11:47","guid":{"rendered":"http:\/\/blog.uclm.es\/juanjosepastor\/?page_id=32"},"modified":"2022-12-09T11:36:22","modified_gmt":"2022-12-09T10:36:22","slug":"aula-de-musica","status":"publish","type":"page","link":"https:\/\/blog.uclm.es\/juanjosepastor\/aula-de-musica\/","title":{"rendered":"Aula de M\u00fasica"},"content":{"rendered":"<p style=\"text-align: center\"><strong>Juan Jos\u00e9 Pastor Com\u00edn<\/strong><br \/>\nProfesor Titular de Universidad<br \/>\n\u00c1rea de M\u00fasica<br \/>\n<a href=\"mailto:juanjose.pastor@uclm.es\">juanjose.pastor@uclm.es<\/a><\/p>\n<p style=\"text-align: center\">Tlfno. + 34 926 29 53 00. Ext. 3211, 13211; 680 222 487<br \/>\nDepartamento de Did\u00e1ctica de la Expresi\u00f3n Musical,<br \/>\nPl\u00e1stica y Corporal<\/p>\n<p style=\"text-align: center\"><strong><a href=\"https:\/\/blog.uclm.es\/juanjosepastor\/libros-y-capitulos-de-libros\/\" target=\"_top\" rel=\"noopener noreferrer\">Libros y Cap\u00edtulos de Libro<\/a> | <a href=\"https:\/\/blog.uclm.es\/juanjosepastor\/articulos\/\" target=\"_top\" rel=\"noopener noreferrer\">Art\u00edculos<\/a> |<a href=\"https:\/\/blog.uclm.es\/juanjosepastor\/otras-publicaciones\/\" target=\"_top\" rel=\"noopener noreferrer\">Otras Publicaciones<\/a> | <a href=\"https:\/\/blog.uclm.es\/juanjosepastor\/congresos\/\" target=\"_top\" rel=\"noopener noreferrer\">Congresos<\/a> | <a href=\"https:\/\/blog.uclm.es\/juanjosepastor\/proyectos-de-investigacion\/\" target=\"_top\" rel=\"noopener noreferrer\">Proyectos de Investigaci\u00f3n\u00a0<\/a> | <a href=\"https:\/\/blog.uclm.es\/juanjosepastor\/estancias-de-investigacion\/\" target=\"_top\" rel=\"noopener noreferrer\">Estancias de Investigaci\u00f3n<\/a> | <a href=\"https:\/\/blog.uclm.es\/juanjosepastor\/formacion-academica\/\" target=\"_top\" rel=\"noopener noreferrer\">Formaci\u00f3n Acad\u00e9mica<\/a> | <a href=\"https:\/\/blog.uclm.es\/juanjosepastor\/actividad-profesional\/\" target=\"_top\" rel=\"noopener noreferrer\">Actividad Profesional<\/a> | <a href=\"https:\/\/blog.uclm.es\/juanjosepastor\/becas-y-premios\/\" target=\"_top\" rel=\"noopener noreferrer\">Becas y Premios<\/a> | <a href=\"https:\/\/blog.uclm.es\/juanjosepastor\/gestion-y-administracion-educativa\/\" target=\"_top\" rel=\"noopener noreferrer\">Gesti\u00f3n y Administraci\u00f3n Educativa<\/a> | <a href=\"https:\/\/blog.uclm.es\/juanjosepastor\/actividad-Docente\/\" target=\"_top\" rel=\"noopener noreferrer\">Actividad Docente\u00a0<\/a> | <a href=\"https:\/\/blog.uclm.es\/juanjosepastor\/cursos-y-seminarios-impartidos\/\" target=\"_top\" rel=\"noopener noreferrer\">Cursos y Seminarios\u00a0Impartidos<\/a> |<a href=\"https:\/\/blog.uclm.es\/juanjosepastor\/cursos-y-seminarios-recibidos\/\" target=\"_top\" rel=\"noopener noreferrer\">Cursos y Seminarios Recibidos\u00a0<\/a> | <a href=\"https:\/\/blog.uclm.es\/juanjosepastor\/varia\" target=\"_top\" rel=\"noopener noreferrer\">Varia<\/a><\/strong><\/p>\n<p style=\"text-align: center\"><a href=\"http:\/\/www.uclm.es\/organos\/vic_ciudadreal\/aulademusica\/\">Pr\u00f3ximas actividades<\/a><\/p>\n<p style=\"text-align: center\">PRESENTACI\u00d3N<\/p>\n<p>El Aula de M\u00fasica es una iniciativa coordinada por el Vicerrectorado del Campus de Ciudad Real y Cooperaci\u00f3n Cultural e impulsada por el Departamento de Did\u00e1ctica de la Expresi\u00f3n Musical, Pl\u00e1stica y Corporal que pretende difundir y promover las distintas iniciativas musicales que se dan en el propio campus, de modo que alumnos, personal de administraci\u00f3n y servicios, profesores y todos aquellos ciudadanos en general interesados por la actividad musical puedan acceder al conjunto de la programaci\u00f3n que todos los meses la UCLM oferta.<\/p>\n<p>Varios son los proyectos que integran el Aula de M\u00fasica y que encuentran su realizaci\u00f3n en espacios como la Facultad de Letras o el Aula Cultural Universidad Abierta gracias a la colaboraci\u00f3n del Conservatorio Profesional de M\u00fasica Marcos Redondo de Ciudad Real y al patrocinio de la Excma. Diputaci\u00f3n de Ciudad Real. Se destacan as\u00ed, entre otros, Universijazz, \u00d3pera Abierta, el trabajo de la Coral Universitaria, el Ciclo \u201cLa M\u00fasica por dentro\u201d y los encuentros \u201cM\u00fasica para los m\u00e1s peque\u00f1os\u201d. El Aula de M\u00fasica es coordinada por los profesores Paulino Capdep\u00f3n Verd\u00fa y Juan Jos\u00e9 Pastor<\/p>\n<p>Si quieres conocer todos los recursos del Aula de M\u00fasica, te enviamos al repositorio de <a href=\"http:\/\/arca.rediris.es\/items.php?type=vodpod&amp;domain=null&amp;category=null&amp;channel=Universidad+de+Castilla-La+Mancha&amp;search=m%C3%BAsica+concierto+piano&amp;log=or&amp;orderby=default&amp;orderdir=DESC&amp;fdate=&amp;sdate=&amp;currentpage=1\">ARCA<\/a>, donde podr\u00e1s acceder a la totalidad de eventos musicales programados (casi un centenar). En esta p\u00e1gina te ofrecemos \u00fanicamente una peque\u00f1a selecci\u00f3n.<\/p>\n<p style=\"text-align: center\"><strong>TODOS LAS ACTIVIDADES MUSICALES DEL AULA DE M\u00daSICA: ARCA<\/strong><\/p>\n<p style=\"text-align: center\"><strong>SELECCI\u00d3N DE CONCIERTOS Y CONFERENCIAS<\/strong><\/p>\n<p style=\"padding-left: 40px\"><strong>19 de mayo de 2010<\/strong>. Aula Cultural Universidad Abierta.<br \/>\nConcierto de piano: Brahms,Busoni y SchumannAna Pozuelo, piano.<br \/>\n<a href=\"http:\/\/v2.uclm.es\/buscador.aspx?p=1&amp;b=concierto&amp;serie=62&amp;campus=1&amp;centro=39\">Concierto de piano: Brahms, Busoni y Schumann.<\/a><\/p>\n<p style=\"padding-left: 40px\"><strong>14 de mayo de 2010<\/strong>. Aula Cultural Universidad Abierta.<br \/>\nCanta el poeta. Obras para piano, Lieder y D\u00faos de Robert Schumann.<br \/>\nChristina Koch, soprano; Carlos Alcocer, tenor; Trini Mujal, piano.<br \/>\n<a href=\"http:\/\/v2.uclm.es\/buscador.aspx?p=1&amp;b=cante%20el%20poeta&amp;serie=61&amp;campus=%20&amp;centro=\">Canta el poeta, Concierto. Obras para piano, Lieder y Duos de Robert Schumann.<\/a><\/p>\n<p style=\"padding-left: 40px\"><strong>21 de abril<\/strong>. Aula Cultural Universidad Abierta<br \/>\nConcierto de m\u00fasica cervantina. Estefan\u00eda Ram\u00edrez, flauta; Juan Jos\u00e9 Pastor, piano<br \/>\n<a href=\"http:\/\/v2.uclm.es\/buscador.aspx?p=1&amp;b=Conferencia%20%22Los%20instrumentos%20musicales%20en%20el%20siglo%20de%20oro%20espa%c3%b1ol%22%20Germ%c3%a1n%20Torrellas&amp;serie=55&amp;campus=1&amp;centro=39\">IV Semana Cervantina. Quijotes musicales<\/a><\/p>\n<p style=\"padding-left: 40px\"><strong>7 de abril<\/strong>. Aula Cultural Universidad Abierta<br \/>\nLa mujer en la \u00f3pera. Conferencia de Patricia Felipe y Juan Jos\u00e9 Pastor<br \/>\nConcierto: Obras de Monteverdi, Mozart, Offenbach, Rossini y Donizetti<br \/>\n<a href=\"http:\/\/v2.uclm.es\/buscador.aspx?p=1&amp;b=&amp;serie=57&amp;campus=1&amp;centro=39\">La mujer en la \u00f3pera<\/a><\/p>\n<p style=\"padding-left: 40px\"><strong>21 de abril<\/strong>. Aula Cultural Universidad Abierta<br \/>\nConferencia de Bego\u00f1a Lolo. Catedr\u00e1tica de M\u00fasica en la UAM.<br \/>\nLa presencia de Cervantes en el teatro l\u00edrico europeo<br \/>\n<a href=\"http:\/\/v2.uclm.es\/buscador.aspx?p=1&amp;b=Conferencia%20%22Los%20instrumentos%20musicales%20en%20el%20siglo%20de%20oro%20espa%c3%b1ol%22%20Germ%c3%a1n%20Torrellas&amp;serie=55&amp;campus=1&amp;centro=39\">IV Semana Cervantina. Quijotes musicales<\/a><\/p>\n<p style=\"padding-left: 40px\"><strong>20 de abril<\/strong>. Aula Cultural Universidad Abierta<br \/>\nConferencia de Eduardo Urbina, Catedr\u00e1tico de la Texas A&amp;M University<br \/>\nQuijotes musicales. Historia de una edici\u00f3n<br \/>\n<a href=\"http:\/\/v2.uclm.es\/buscador.aspx?p=1&amp;b=Conferencia%20%22Los%20instrumentos%20musicales%20en%20el%20siglo%20de%20oro%20espa%c3%b1ol%22%20Germ%c3%a1n%20Torrellas&amp;serie=55&amp;campus=1&amp;centro=39\">IV Semana Cervantina. Quijotes musicales<\/a><\/p>\n<p style=\"padding-left: 40px\"><strong>19 de abril<\/strong>. Aula Cultural Universidad Abierta<br \/>\nConcierto. La M\u00fasica en Cervantes.<br \/>\nGrupo Neocantes.<br \/>\n<a href=\"http:\/\/v2.uclm.es\/buscador.aspx?p=1&amp;b=&amp;serie=58&amp;campus=1&amp;centro=39\">La M\u00fasica en Cervantes<\/a><\/p>\n<p style=\"padding-left: 40px\"><strong>19 de abril<\/strong>. Aula Cultural Universidad Abierta<br \/>\nConferencia-Concierto: Los instrumentos musicales en el siglo de Oro espa\u00f1ol. Germ\u00e1n Torrellas.<br \/>\n<a href=\"http:\/\/v2.uclm.es\/buscador.aspx?p=1&amp;b=Conferencia%20%22Los%20instrumentos%20musicales%20en%20el%20siglo%20de%20oro%20espa%c3%b1ol%22%20Germ%c3%a1n%20Torrellas&amp;serie=55&amp;campus=1&amp;centro=39\">IV Semana Cervantina. Quijotes musicales<\/a><\/p>\n<p style=\"padding-left: 40px\"><strong>17 de marzo de 2010<\/strong>. Aula Cultural Universidad Abierta.<br \/>\nM\u00fasica del siglo XX<br \/>\nCuarteto de Clarinetes Clartet<br \/>\n<a href=\"http:\/\/v2.uclm.es\/buscador.aspx?p=1&amp;b=&amp;serie=54&amp;campus=1&amp;centro=39\">Clartet, cuarteto de clarinetes. Concierto de m\u00fasica del siglo XX<\/a><\/p>\n","protected":false},"excerpt":{"rendered":"<p>Juan Jos\u00e9 Pastor Com\u00edn Profesor Titular de Universidad \u00c1rea de M\u00fasica juanjose.pastor@uclm.es Tlfno. + 34 926 29 53 00. Ext. 3211, 13211; 680 222 487 Departamento de Did\u00e1ctica de la Expresi\u00f3n Musical, Pl\u00e1stica y Corporal Libros y Cap\u00edtulos de Libro | Art\u00edculos |Otras Publicaciones | Congresos | Proyectos de Investigaci\u00f3n\u00a0 | Estancias de Investigaci\u00f3n | &hellip; <a href=\"https:\/\/blog.uclm.es\/juanjosepastor\/aula-de-musica\/\" class=\"more-link\">Seguir leyendo <span class=\"screen-reader-text\">Aula de M\u00fasica<\/span> <span class=\"meta-nav\">&rarr;<\/span><\/a><\/p>\n","protected":false},"author":140,"featured_media":0,"parent":0,"menu_order":0,"comment_status":"closed","ping_status":"closed","template":"","meta":{"footnotes":""},"class_list":["post-32","page","type-page","status-publish","hentry"],"_links":{"self":[{"href":"https:\/\/blog.uclm.es\/juanjosepastor\/wp-json\/wp\/v2\/pages\/32","targetHints":{"allow":["GET"]}}],"collection":[{"href":"https:\/\/blog.uclm.es\/juanjosepastor\/wp-json\/wp\/v2\/pages"}],"about":[{"href":"https:\/\/blog.uclm.es\/juanjosepastor\/wp-json\/wp\/v2\/types\/page"}],"author":[{"embeddable":true,"href":"https:\/\/blog.uclm.es\/juanjosepastor\/wp-json\/wp\/v2\/users\/140"}],"replies":[{"embeddable":true,"href":"https:\/\/blog.uclm.es\/juanjosepastor\/wp-json\/wp\/v2\/comments?post=32"}],"version-history":[{"count":1,"href":"https:\/\/blog.uclm.es\/juanjosepastor\/wp-json\/wp\/v2\/pages\/32\/revisions"}],"predecessor-version":[{"id":387,"href":"https:\/\/blog.uclm.es\/juanjosepastor\/wp-json\/wp\/v2\/pages\/32\/revisions\/387"}],"wp:attachment":[{"href":"https:\/\/blog.uclm.es\/juanjosepastor\/wp-json\/wp\/v2\/media?parent=32"}],"curies":[{"name":"wp","href":"https:\/\/api.w.org\/{rel}","templated":true}]}}