{"id":19,"date":"2015-12-15T16:18:26","date_gmt":"2015-12-15T15:18:26","guid":{"rendered":"http:\/\/blog.uclm.es\/juanjosepardo\/?page_id=19"},"modified":"2024-04-17T10:26:07","modified_gmt":"2024-04-17T10:26:07","slug":"presentacion","status":"publish","type":"page","link":"https:\/\/blog.uclm.es\/juanjosepardo\/","title":{"rendered":"Presentaci\u00f3n"},"content":{"rendered":"<p>Nac\u00ed en la tranquila localidad de Casas Iba\u00f1ez, provincia de Albacete. Tras obtener el titulo de Licenciado en Inform\u00e1tica por la Universidad Polit\u00e9cnica de Valencia en 1995, me incorpor\u00e9 a la Universidad de Castilla- la Mancha, como Becario de Colaboraci\u00f3n de Tercer Ciclo en el a\u00f1o 1997. En el a\u00f1o 2003 obtuve el t\u00edtulo de Doctor Ingeniero Inform\u00e1tico por la Universidad de Castilla- La Mancha.<br \/>\nActualmente soy Profesor Contratado-Doctor del Departamento de Sistemas Inform\u00e1ticos de la Universidad e imparto docencia en el Grado en Ingenier\u00eda Inform\u00e1tica y en el Grado en Criminolog\u00eda, aunque tambi\u00e9n he impartido docencia en el Grado en Gesti\u00f3n y Administraci\u00f3n P\u00fablica hasta su extinci\u00f3n.<\/p>\n<p>Las l\u00edneas de investigaci\u00f3n en las que se centra mi tarea investigadora son principalmente: modelos formales de concurrencia, model checking, evaluaci\u00f3n de prestaciones y testing y computaci\u00f3n de altas prestaciones .<\/p>\n","protected":false},"excerpt":{"rendered":"<p>Nac\u00ed en la tranquila localidad de Casas Iba\u00f1ez, provincia de Albacete. Tras obtener el titulo de Licenciado en Inform\u00e1tica por la Universidad Polit\u00e9cnica de Valencia en 1995, me incorpor\u00e9 a la Universidad de Castilla- la Mancha, como Becario de Colaboraci\u00f3n de Tercer Ciclo en el a\u00f1o 1997. En el a\u00f1o 2003 obtuve el t\u00edtulo de &hellip; <a href=\"https:\/\/blog.uclm.es\/juanjosepardo\/\" class=\"more-link\">Seguir leyendo <span class=\"screen-reader-text\">Presentaci\u00f3n<\/span> <span class=\"meta-nav\">&rarr;<\/span><\/a><\/p>\n","protected":false},"author":73,"featured_media":0,"parent":0,"menu_order":0,"comment_status":"closed","ping_status":"closed","template":"","meta":{"footnotes":""},"class_list":["post-19","page","type-page","status-publish","hentry"],"_links":{"self":[{"href":"https:\/\/blog.uclm.es\/juanjosepardo\/wp-json\/wp\/v2\/pages\/19","targetHints":{"allow":["GET"]}}],"collection":[{"href":"https:\/\/blog.uclm.es\/juanjosepardo\/wp-json\/wp\/v2\/pages"}],"about":[{"href":"https:\/\/blog.uclm.es\/juanjosepardo\/wp-json\/wp\/v2\/types\/page"}],"author":[{"embeddable":true,"href":"https:\/\/blog.uclm.es\/juanjosepardo\/wp-json\/wp\/v2\/users\/73"}],"replies":[{"embeddable":true,"href":"https:\/\/blog.uclm.es\/juanjosepardo\/wp-json\/wp\/v2\/comments?post=19"}],"version-history":[{"count":2,"href":"https:\/\/blog.uclm.es\/juanjosepardo\/wp-json\/wp\/v2\/pages\/19\/revisions"}],"predecessor-version":[{"id":85,"href":"https:\/\/blog.uclm.es\/juanjosepardo\/wp-json\/wp\/v2\/pages\/19\/revisions\/85"}],"wp:attachment":[{"href":"https:\/\/blog.uclm.es\/juanjosepardo\/wp-json\/wp\/v2\/media?parent=19"}],"curies":[{"name":"wp","href":"https:\/\/api.w.org\/{rel}","templated":true}]}}