{"id":9,"date":"2017-11-16T10:42:19","date_gmt":"2017-11-16T09:42:19","guid":{"rendered":"http:\/\/blog.uclm.es\/juanjimenez\/?page_id=9"},"modified":"2022-11-08T16:26:32","modified_gmt":"2022-11-08T15:26:32","slug":"inicio","status":"publish","type":"page","link":"https:\/\/blog.uclm.es\/juanjimenez\/","title":{"rendered":"P\u00e1gina principal"},"content":{"rendered":"<h1><img loading=\"lazy\" decoding=\"async\" class=\"wp-image-163 alignleft\" src=\"https:\/\/blog.uclm.es\/juanjimenez\/wp-content\/uploads\/sites\/102\/2017\/11\/Juan-J-JIMENEZ-253x300.jpg\" alt=\"\" width=\"159\" height=\"189\" srcset=\"https:\/\/blog.uclm.es\/juanjimenez\/wp-content\/uploads\/sites\/102\/2017\/11\/Juan-J-JIMENEZ-253x300.jpg 253w, https:\/\/blog.uclm.es\/juanjimenez\/wp-content\/uploads\/sites\/102\/2017\/11\/Juan-J-JIMENEZ.jpg 270w\" sizes=\"auto, (max-width: 159px) 100vw, 159px\" \/><\/h1>\n<h1><\/h1>\n<h1>JUAN J. JIM\u00c9NEZ MORENO<\/h1>\n<p>Catedr\u00e1tico de Universidad<br \/>\nen el \u00c1rea de Organizaci\u00f3n de Empresas<br \/>\nAdscrito al Departamento de Administraci\u00f3n de Empresas<br \/>\ndestinado en la Facultad de Econ\u00f3micas y Empresariales<br \/>\nen el Edificio Melchor de Macanaz, Campus de Albacete<\/p>\n<ul>\n<li style=\"list-style-type: none\">\n<ul>\n<li><strong>Correo electr\u00f3nico:<\/strong> <a href=\"mailto:Juan.Jimenez@uclm.es\"><span style=\"color: #0000ff\">Jimenez@uclm.es<\/span><\/a><\/li>\n<li><strong>Tel\u00e9fono:<\/strong> (0034) 926053300<\/li>\n<li><strong>Web:<\/strong> <span style=\"color: #0000ff\"><a style=\"color: #0000ff\" href=\"http:\/\/blog.uclm.es\/juanjimenez\/\">blog.uclm.es\/juanjimenez\/<\/a><\/span><\/li>\n<li><strong>Despacho:<\/strong> 215 Edificio Melchor de Macanaz<\/li>\n<li><strong>Correo postal:<\/strong><\/li>\n<li>Juan J. Jim\u00e9nez Moreno<\/li>\n<li>\u00c1rea de Organizaci\u00f3n de Empresas<\/li>\n<li>Facultad de Econ\u00f3micas y Empresariales<\/li>\n<li>de la Universidad, 1<\/li>\n<li>02071 Albacete (ESPA\u00d1A)<\/li>\n<\/ul>\n<\/li>\n<\/ul>\n<p style=\"text-align: right\"><strong><a href=\"http:\/\/blog.uclm.es\/juanjimenez\/inicio\/libertad_catedra\/\" rel=\"noopener\">Libertad de c\u00e1tedra<\/a><\/strong><\/p>\n<p style=\"text-align: center;padding-left: 40px\">\u00abJuro fidelidad a esta Universidad de Castilla-La Mancha, guardar su honra y provecho y utilidad, guardar los Estatutos que ahora son o por tiempo se hicieren, guardar la orden de los asientos y ancianidades sin pervertirlos y llevar los derechos de los Grados por entero y no soltarlos a persona alguna\u00bb (1991)<\/p>\n","protected":false},"excerpt":{"rendered":"<p>JUAN J. JIM\u00c9NEZ MORENO Catedr\u00e1tico de Universidad en el \u00c1rea de Organizaci\u00f3n de Empresas Adscrito al Departamento de Administraci\u00f3n de Empresas destinado en la Facultad de Econ\u00f3micas y Empresariales en el Edificio Melchor de Macanaz, Campus de Albacete Correo electr\u00f3nico: Jimenez@uclm.es Tel\u00e9fono: (0034) 926053300 Web: blog.uclm.es\/juanjimenez\/ Despacho: 215 Edificio Melchor de Macanaz Correo postal: Juan [&hellip;]<\/p>\n","protected":false},"author":6,"featured_media":0,"parent":0,"menu_order":0,"comment_status":"closed","ping_status":"closed","template":"page-templates\/full-width.php","meta":{"footnotes":""},"class_list":["post-9","page","type-page","status-publish","hentry"],"_links":{"self":[{"href":"https:\/\/blog.uclm.es\/juanjimenez\/wp-json\/wp\/v2\/pages\/9","targetHints":{"allow":["GET"]}}],"collection":[{"href":"https:\/\/blog.uclm.es\/juanjimenez\/wp-json\/wp\/v2\/pages"}],"about":[{"href":"https:\/\/blog.uclm.es\/juanjimenez\/wp-json\/wp\/v2\/types\/page"}],"author":[{"embeddable":true,"href":"https:\/\/blog.uclm.es\/juanjimenez\/wp-json\/wp\/v2\/users\/6"}],"replies":[{"embeddable":true,"href":"https:\/\/blog.uclm.es\/juanjimenez\/wp-json\/wp\/v2\/comments?post=9"}],"version-history":[{"count":3,"href":"https:\/\/blog.uclm.es\/juanjimenez\/wp-json\/wp\/v2\/pages\/9\/revisions"}],"predecessor-version":[{"id":903,"href":"https:\/\/blog.uclm.es\/juanjimenez\/wp-json\/wp\/v2\/pages\/9\/revisions\/903"}],"wp:attachment":[{"href":"https:\/\/blog.uclm.es\/juanjimenez\/wp-json\/wp\/v2\/media?parent=9"}],"curies":[{"name":"wp","href":"https:\/\/api.w.org\/{rel}","templated":true}]}}