{"id":80,"date":"2017-11-16T11:20:58","date_gmt":"2017-11-16T10:20:58","guid":{"rendered":"http:\/\/blog.uclm.es\/juanjimenez\/?page_id=80"},"modified":"2023-01-31T23:09:39","modified_gmt":"2023-01-31T22:09:39","slug":"equipo","status":"publish","type":"page","link":"https:\/\/blog.uclm.es\/juanjimenez\/investigacion\/global-entrepreneurship-monitor-castilla-la-mancha\/equipo\/","title":{"rendered":"Equipo"},"content":{"rendered":"\n<figure class=\"wp-block-table is-style-regular\"><table><tbody><tr><td class=\"has-text-align-center\" data-align=\"center\"><strong><a href=\"https:\/\/blog.uclm.es\/juanjimenez\/investigacion\/global-entrepreneurship-monitor-castilla-la-mancha\/\">GEM-CLM<\/a><\/strong><\/td><td class=\"has-text-align-center\" data-align=\"center\"><strong><a href=\"http:\/\/www.gem-spain.com\/\" target=\"_blank\" rel=\"noreferrer noopener\">GEM ESPA\u00d1A<\/a><\/strong><strong><\/strong><\/td><td class=\"has-text-align-center\" data-align=\"center\"><strong><a rel=\"noreferrer noopener\" href=\"http:\/\/www.gemconsortium.org\/\" target=\"_blank\">GEM CONSORTIUM<\/a><\/strong><\/td><td class=\"has-text-align-center\" data-align=\"center\"><strong><a href=\"http:\/\/blog.uclm.es\/juanjimenez\/investigacion\/global-entrepreneurship-monitor-castilla-la-mancha\/equipo\/\">EQUIPO<\/a><\/strong><strong><\/strong><\/td><td><strong><a href=\"http:\/\/blog.uclm.es\/juanjimenez\/investigacion\/global-entrepreneurship-monitor-castilla-la-mancha\/patrocinadores\/\">PATROCINADORES<\/a><\/strong><strong><\/strong><\/td><td><strong><a href=\"http:\/\/blog.uclm.es\/juanjimenez\/investigacion\/global-entrepreneurship-monitor-castilla-la-mancha\/informes\/\">INFORMES<\/a><\/strong><strong><\/strong><\/td><td class=\"has-text-align-center\" data-align=\"center\"><strong><a href=\"http:\/\/blog.uclm.es\/juanjimenez\/investigacion\/global-entrepreneurship-monitor-castilla-la-mancha\/informacion-de-interes\/\">DE INTER\u00c9S<\/a><\/strong><strong><\/strong><\/td><td><strong><a href=\"http:\/\/blog.uclm.es\/juanjimenez\/\">CONTACTO<\/a><\/strong><strong><\/strong><\/td><\/tr><\/tbody><\/table><\/figure>\n\n\n\n<figure class=\"wp-block-table is-style-stripes\"><table><tbody><tr><td><\/td><\/tr><tr><td><strong>Juan J. JIM\u00c9NEZ MORENO<\/strong><\/td><\/tr><tr><td>   Director GEM Castilla-La Mancha &nbsp;<\/td><\/tr><tr><td><strong>\u00c1ngela GONZ\u00c1LEZ MORENO<\/strong><\/td><\/tr><tr><td>   Codirectora GEM Castilla-La Mancha &nbsp;<\/td><\/tr><tr><td><strong>Francisco J. S\u00c1EZ MART\u00cdNEZ<\/strong><\/td><\/tr><tr><td>   Direcci\u00f3n t\u00e9cnica e Investigador &nbsp;<\/td><\/tr><tr><td><strong>Rafael Minami SUZUKI<\/strong><\/td><\/tr><tr><td>   Investigador &nbsp;<\/td><\/tr><tr><td><strong>Adri\u00e1n RABAD\u00c1N GUERRA<\/strong><\/td><\/tr><tr><td>   Investigador &nbsp;<\/td><\/tr><tr><td><strong>Cristina D\u00edAZ GARC\u00cdA<\/strong><\/td><\/tr><tr><td>   Investigadora &nbsp;<\/td><\/tr><tr><td><strong>Llanos L\u00d3PEZ MU\u00d1OZ<\/strong><\/td><\/tr><tr><td>   T\u00e9cnica &nbsp;<\/td><\/tr><tr><td><strong>Jos\u00e9 M\u00aa. RUIZ PALOMO<\/strong><\/td><\/tr><tr><td>   T\u00e9cnico &nbsp;<\/td><\/tr><\/tbody><\/table><\/figure>\n","protected":false},"excerpt":{"rendered":"<p>GEM-CLM GEM ESPA\u00d1A GEM CONSORTIUM EQUIPO PATROCINADORES INFORMES DE INTER\u00c9S CONTACTO Juan J. JIM\u00c9NEZ MORENO Director GEM Castilla-La Mancha &nbsp; \u00c1ngela GONZ\u00c1LEZ MORENO Codirectora GEM Castilla-La Mancha &nbsp; Francisco J. S\u00c1EZ MART\u00cdNEZ Direcci\u00f3n t\u00e9cnica e Investigador &nbsp; Rafael Minami SUZUKI Investigador &nbsp; Adri\u00e1n RABAD\u00c1N GUERRA Investigador &nbsp; Cristina D\u00edAZ GARC\u00cdA Investigadora &nbsp; Llanos L\u00d3PEZ MU\u00d1OZ [&hellip;]<\/p>\n","protected":false},"author":6,"featured_media":0,"parent":70,"menu_order":2,"comment_status":"closed","ping_status":"closed","template":"","meta":{"footnotes":""},"class_list":["post-80","page","type-page","status-publish","hentry"],"_links":{"self":[{"href":"https:\/\/blog.uclm.es\/juanjimenez\/wp-json\/wp\/v2\/pages\/80","targetHints":{"allow":["GET"]}}],"collection":[{"href":"https:\/\/blog.uclm.es\/juanjimenez\/wp-json\/wp\/v2\/pages"}],"about":[{"href":"https:\/\/blog.uclm.es\/juanjimenez\/wp-json\/wp\/v2\/types\/page"}],"author":[{"embeddable":true,"href":"https:\/\/blog.uclm.es\/juanjimenez\/wp-json\/wp\/v2\/users\/6"}],"replies":[{"embeddable":true,"href":"https:\/\/blog.uclm.es\/juanjimenez\/wp-json\/wp\/v2\/comments?post=80"}],"version-history":[{"count":14,"href":"https:\/\/blog.uclm.es\/juanjimenez\/wp-json\/wp\/v2\/pages\/80\/revisions"}],"predecessor-version":[{"id":978,"href":"https:\/\/blog.uclm.es\/juanjimenez\/wp-json\/wp\/v2\/pages\/80\/revisions\/978"}],"up":[{"embeddable":true,"href":"https:\/\/blog.uclm.es\/juanjimenez\/wp-json\/wp\/v2\/pages\/70"}],"wp:attachment":[{"href":"https:\/\/blog.uclm.es\/juanjimenez\/wp-json\/wp\/v2\/media?parent=80"}],"curies":[{"name":"wp","href":"https:\/\/api.w.org\/{rel}","templated":true}]}}