{"id":797,"date":"2022-01-11T17:53:35","date_gmt":"2022-01-11T16:53:35","guid":{"rendered":"https:\/\/blog.uclm.es\/juanjimenez\/?page_id=797"},"modified":"2023-01-31T23:13:37","modified_gmt":"2023-01-31T22:13:37","slug":"colaboradores-informe-pyme-clm-2021","status":"publish","type":"page","link":"https:\/\/blog.uclm.es\/juanjimenez\/investigacion\/observatorio-de-la-pyme-de-castilla-la-mancha\/colaboradores-informe-pyme-clm-2021\/","title":{"rendered":"Colaboradores 2021"},"content":{"rendered":"\n<\/p>\n<figure class=\"wp-block-table\">\n<table>\n<tbody>\n<tr>\n<td class=\"has-text-align-center\" data-align=\"center\"><img loading=\"lazy\" decoding=\"async\" width=\"3508\" height=\"2347\" class=\"wp-image-798\" style=\"width: 300px\" src=\"https:\/\/blog.uclm.es\/juanjimenez\/wp-content\/uploads\/sites\/102\/2022\/01\/LOGO-JCCM.png\" alt=\"\" srcset=\"https:\/\/blog.uclm.es\/juanjimenez\/wp-content\/uploads\/sites\/102\/2022\/01\/LOGO-JCCM.png 3508w, https:\/\/blog.uclm.es\/juanjimenez\/wp-content\/uploads\/sites\/102\/2022\/01\/LOGO-JCCM-300x201.png 300w, https:\/\/blog.uclm.es\/juanjimenez\/wp-content\/uploads\/sites\/102\/2022\/01\/LOGO-JCCM-1024x685.png 1024w, https:\/\/blog.uclm.es\/juanjimenez\/wp-content\/uploads\/sites\/102\/2022\/01\/LOGO-JCCM-768x514.png 768w, https:\/\/blog.uclm.es\/juanjimenez\/wp-content\/uploads\/sites\/102\/2022\/01\/LOGO-JCCM-1536x1028.png 1536w, https:\/\/blog.uclm.es\/juanjimenez\/wp-content\/uploads\/sites\/102\/2022\/01\/LOGO-JCCM-2048x1370.png 2048w, https:\/\/blog.uclm.es\/juanjimenez\/wp-content\/uploads\/sites\/102\/2022\/01\/LOGO-JCCM-624x417.png 624w\" sizes=\"auto, (max-width: 3508px) 100vw, 3508px\" \/><br \/>\n<a href=\"https:\/\/www.castillalamancha.es\/\" data-type=\"URL\" data-id=\"https:\/\/www.castillalamancha.es\/\" target=\"_blank\" rel=\"noreferrer noopener\">Junta de Comunidades de Castilla-La Mancha<\/a><\/td>\n<td class=\"has-text-align-center\" data-align=\"center\"><code><img loading=\"lazy\" decoding=\"async\" width=\"1754\" height=\"1241\" class=\"wp-image-799\" style=\"width: 300px\" src=\"https:\/\/blog.uclm.es\/juanjimenez\/wp-content\/uploads\/sites\/102\/2022\/01\/Logotipo-CECAM.png\" alt=\"\" srcset=\"https:\/\/blog.uclm.es\/juanjimenez\/wp-content\/uploads\/sites\/102\/2022\/01\/Logotipo-CECAM.png 1754w, https:\/\/blog.uclm.es\/juanjimenez\/wp-content\/uploads\/sites\/102\/2022\/01\/Logotipo-CECAM-300x212.png 300w, https:\/\/blog.uclm.es\/juanjimenez\/wp-content\/uploads\/sites\/102\/2022\/01\/Logotipo-CECAM-1024x725.png 1024w, https:\/\/blog.uclm.es\/juanjimenez\/wp-content\/uploads\/sites\/102\/2022\/01\/Logotipo-CECAM-768x543.png 768w, https:\/\/blog.uclm.es\/juanjimenez\/wp-content\/uploads\/sites\/102\/2022\/01\/Logotipo-CECAM-1536x1087.png 1536w, https:\/\/blog.uclm.es\/juanjimenez\/wp-content\/uploads\/sites\/102\/2022\/01\/Logotipo-CECAM-624x441.png 624w\" sizes=\"auto, (max-width: 1754px) 100vw, 1754px\" \/><\/code><br \/>\n<a href=\"https:\/\/cecam.es\/\" data-type=\"URL\" data-id=\"https:\/\/cecam.es\/\" target=\"_blank\" rel=\"noreferrer noopener\">Confederaci\u00f3n Regional de Empresas de Castilla-La Mancha<\/a><\/td>\n<\/tr>\n<tr>\n<td class=\"has-text-align-center\" data-align=\"center\"><img loading=\"lazy\" decoding=\"async\" width=\"9998\" height=\"2622\" class=\"wp-image-800\" style=\"width: 300px\" src=\"https:\/\/blog.uclm.es\/juanjimenez\/wp-content\/uploads\/sites\/102\/2022\/01\/Logo_Consejo.png\" alt=\"\" srcset=\"https:\/\/blog.uclm.es\/juanjimenez\/wp-content\/uploads\/sites\/102\/2022\/01\/Logo_Consejo.png 9998w, https:\/\/blog.uclm.es\/juanjimenez\/wp-content\/uploads\/sites\/102\/2022\/01\/Logo_Consejo-300x79.png 300w, https:\/\/blog.uclm.es\/juanjimenez\/wp-content\/uploads\/sites\/102\/2022\/01\/Logo_Consejo-1024x269.png 1024w, https:\/\/blog.uclm.es\/juanjimenez\/wp-content\/uploads\/sites\/102\/2022\/01\/Logo_Consejo-768x201.png 768w, https:\/\/blog.uclm.es\/juanjimenez\/wp-content\/uploads\/sites\/102\/2022\/01\/Logo_Consejo-1536x403.png 1536w, https:\/\/blog.uclm.es\/juanjimenez\/wp-content\/uploads\/sites\/102\/2022\/01\/Logo_Consejo-2048x537.png 2048w, https:\/\/blog.uclm.es\/juanjimenez\/wp-content\/uploads\/sites\/102\/2022\/01\/Logo_Consejo-624x164.png 624w\" sizes=\"auto, (max-width: 9998px) 100vw, 9998px\" \/><br \/>\n<a href=\"https:\/\/camarasclm.com\/\" data-type=\"URL\" data-id=\"https:\/\/camarasclm.com\/\" target=\"_blank\" rel=\"noreferrer noopener\">Consejo de C\u00e1maras Oficiales de Comercio, Industria y Servicios de Castilla-La Mancha<\/a><\/td>\n<td class=\"has-text-align-center\" data-align=\"center\"><img loading=\"lazy\" decoding=\"async\" width=\"1248\" height=\"498\" class=\"wp-image-801\" style=\"width: 300px\" src=\"https:\/\/blog.uclm.es\/juanjimenez\/wp-content\/uploads\/sites\/102\/2022\/01\/Logo-FGlobalcajaHXXII.jpg\" alt=\"\" srcset=\"https:\/\/blog.uclm.es\/juanjimenez\/wp-content\/uploads\/sites\/102\/2022\/01\/Logo-FGlobalcajaHXXII.jpg 1248w, https:\/\/blog.uclm.es\/juanjimenez\/wp-content\/uploads\/sites\/102\/2022\/01\/Logo-FGlobalcajaHXXII-300x120.jpg 300w, https:\/\/blog.uclm.es\/juanjimenez\/wp-content\/uploads\/sites\/102\/2022\/01\/Logo-FGlobalcajaHXXII-1024x409.jpg 1024w, https:\/\/blog.uclm.es\/juanjimenez\/wp-content\/uploads\/sites\/102\/2022\/01\/Logo-FGlobalcajaHXXII-768x306.jpg 768w, https:\/\/blog.uclm.es\/juanjimenez\/wp-content\/uploads\/sites\/102\/2022\/01\/Logo-FGlobalcajaHXXII-624x249.jpg 624w\" sizes=\"auto, (max-width: 1248px) 100vw, 1248px\" \/><br \/>\n<a href=\"https:\/\/fundacionglobalcajahxxii.com\/\" data-type=\"URL\" data-id=\"https:\/\/fundacionglobalcajahxxii.com\/\" target=\"_blank\" rel=\"noreferrer noopener\">Fundaci\u00f3n Globalcaja HXXII<\/a><\/td>\n<\/tr>\n<\/tbody>\n<\/table>\n<\/figure>\n<p>\n\n\n<p><\/p>\n\n\n<p><\/p>\n\n\n","protected":false},"excerpt":{"rendered":"<p>Junta de Comunidades de Castilla-La Mancha Confederaci\u00f3n Regional de Empresas de Castilla-La Mancha Consejo de C\u00e1maras Oficiales de Comercio, Industria y Servicios de Castilla-La Mancha Fundaci\u00f3n Globalcaja HXXII<\/p>\n","protected":false},"author":108,"featured_media":0,"parent":767,"menu_order":0,"comment_status":"closed","ping_status":"closed","template":"","meta":{"footnotes":""},"class_list":["post-797","page","type-page","status-publish","hentry"],"_links":{"self":[{"href":"https:\/\/blog.uclm.es\/juanjimenez\/wp-json\/wp\/v2\/pages\/797","targetHints":{"allow":["GET"]}}],"collection":[{"href":"https:\/\/blog.uclm.es\/juanjimenez\/wp-json\/wp\/v2\/pages"}],"about":[{"href":"https:\/\/blog.uclm.es\/juanjimenez\/wp-json\/wp\/v2\/types\/page"}],"author":[{"embeddable":true,"href":"https:\/\/blog.uclm.es\/juanjimenez\/wp-json\/wp\/v2\/users\/108"}],"replies":[{"embeddable":true,"href":"https:\/\/blog.uclm.es\/juanjimenez\/wp-json\/wp\/v2\/comments?post=797"}],"version-history":[{"count":1,"href":"https:\/\/blog.uclm.es\/juanjimenez\/wp-json\/wp\/v2\/pages\/797\/revisions"}],"predecessor-version":[{"id":984,"href":"https:\/\/blog.uclm.es\/juanjimenez\/wp-json\/wp\/v2\/pages\/797\/revisions\/984"}],"up":[{"embeddable":true,"href":"https:\/\/blog.uclm.es\/juanjimenez\/wp-json\/wp\/v2\/pages\/767"}],"wp:attachment":[{"href":"https:\/\/blog.uclm.es\/juanjimenez\/wp-json\/wp\/v2\/media?parent=797"}],"curies":[{"name":"wp","href":"https:\/\/api.w.org\/{rel}","templated":true}]}}