{"id":78,"date":"2017-11-16T11:20:32","date_gmt":"2017-11-16T10:20:32","guid":{"rendered":"http:\/\/blog.uclm.es\/juanjimenez\/?page_id=78"},"modified":"2023-01-31T22:59:55","modified_gmt":"2023-01-31T21:59:55","slug":"patrocinadores","status":"publish","type":"page","link":"https:\/\/blog.uclm.es\/juanjimenez\/investigacion\/global-entrepreneurship-monitor-castilla-la-mancha\/patrocinadores\/","title":{"rendered":"Patrocinadores"},"content":{"rendered":"<table width=\"872\">\n<tbody>\n<tr>\n<td width=\"94\">\n<p style=\"text-align: center\"><strong><a href=\"https:\/\/blog.uclm.es\/juanjimenez\/investigacion\/global-entrepreneurship-monitor-castilla-la-mancha\/\">GEM-CLM<\/a><\/strong><\/p>\n<\/td>\n<td width=\"113\">\n<p style=\"text-align: center\"><strong><a href=\"http:\/\/www.gem-spain.com\/\">GEM ESPA\u00d1A<\/a><\/strong><\/p>\n<\/td>\n<td width=\"151\">\n<p style=\"text-align: center\"><strong><a href=\"http:\/\/www.gemconsortium.org\/\">GEM CONSORTIUM<\/a><\/strong><\/p>\n<\/td>\n<td width=\"71\">\n<p style=\"text-align: center\"><strong><a href=\"http:\/\/blog.uclm.es\/juanjimenez\/investigacion\/global-entrepreneurship-monitor-castilla-la-mancha\/equipo\/\">EQUIPO<\/a><\/strong><\/p>\n<\/td>\n<td width=\"154\">\n<p style=\"text-align: center\"><strong><a href=\"http:\/\/blog.uclm.es\/juanjimenez\/investigacion\/global-entrepreneurship-monitor-castilla-la-mancha\/patrocinadores\/\">PATROCINADORES<\/a><\/strong><\/p>\n<\/td>\n<td width=\"92\">\n<p style=\"text-align: center\"><strong><a href=\"http:\/\/blog.uclm.es\/juanjimenez\/investigacion\/global-entrepreneurship-monitor-castilla-la-mancha\/informes\/\">INFORMES<\/a><\/strong><\/p>\n<\/td>\n<td width=\"99\">\n<p style=\"text-align: center\"><strong><a href=\"http:\/\/blog.uclm.es\/juanjimenez\/investigacion\/global-entrepreneurship-monitor-castilla-la-mancha\/informacion-de-interes\/\">DE INTER\u00c9S<\/a><\/strong><\/p>\n<\/td>\n<td width=\"98\">\n<p style=\"text-align: center\"><strong><a href=\"http:\/\/blog.uclm.es\/juanjimenez\/\">CONTACTO<\/a><\/strong><\/p>\n<\/td>\n<\/tr>\n<\/tbody>\n<\/table>\n<p><span style=\"color: #000080;font-family: Verdana;font-size: large\"><a href=\"http:\/\/www.horizontexxii.com\/\"><img loading=\"lazy\" decoding=\"async\" class=\"size-full wp-image-95 alignleft\" src=\"https:\/\/blog.uclm.es\/juanjimenez\/wp-content\/uploads\/sites\/102\/2017\/11\/logo-Globalcaja.jpg\" alt=\"\" width=\"200\" height=\"79\" \/> FUNDACI\u00d3N HORIZONTE XXII<\/a><\/span><\/p>\n<p><span style=\"color: #000080;font-family: Verdana;font-size: large\">\u00a0 \u00a0 \u00a0(desde 2012)<\/span><\/p>\n<p><span style=\"color: #000080;font-family: Verdana;font-size: large\"><a href=\"http:\/\/www.uclm.es\/\"><img loading=\"lazy\" decoding=\"async\" class=\"size-thumbnail wp-image-96 alignleft\" src=\"https:\/\/blog.uclm.es\/juanjimenez\/wp-content\/uploads\/sites\/102\/2017\/11\/escudo-150x150.jpg\" alt=\"\" width=\"150\" height=\"150\" \/>JUNTA DE COMUNIDADES DE CASTILLA-LA MACHA<\/a><\/span><\/p>\n<p><span style=\"color: #000080;font-family: Verdana;font-size: large\">\u00a0 \u00a0 \u00a0(desde 2013)<\/span><\/p>\n<p><span style=\"color: #000080;font-family: Verdana;font-size: large\"><a href=\"http:\/\/www.uclm.es\/\"><img loading=\"lazy\" decoding=\"async\" class=\"size-thumbnail wp-image-97 alignleft\" src=\"https:\/\/blog.uclm.es\/juanjimenez\/wp-content\/uploads\/sites\/102\/2017\/11\/logo-UCLM-150x150.jpg\" alt=\"\" width=\"150\" height=\"150\" \/> UNIVERSIDAD DE CASTILLA-LA MANCHA<\/a><\/span><\/p>\n<p><span style=\"color: #000080;font-family: Verdana;font-size: large\">\u00a0 \u00a0 \u00a0(desde 2012)<\/span><\/p>\n","protected":false},"excerpt":{"rendered":"<p>GEM-CLM GEM ESPA\u00d1A GEM CONSORTIUM EQUIPO PATROCINADORES INFORMES DE INTER\u00c9S CONTACTO FUNDACI\u00d3N HORIZONTE XXII \u00a0 \u00a0 \u00a0(desde 2012) JUNTA DE COMUNIDADES DE CASTILLA-LA MACHA \u00a0 \u00a0 \u00a0(desde 2013) UNIVERSIDAD DE CASTILLA-LA MANCHA \u00a0 \u00a0 \u00a0(desde 2012)<\/p>\n","protected":false},"author":6,"featured_media":0,"parent":70,"menu_order":1,"comment_status":"closed","ping_status":"closed","template":"","meta":{"footnotes":""},"class_list":["post-78","page","type-page","status-publish","hentry"],"_links":{"self":[{"href":"https:\/\/blog.uclm.es\/juanjimenez\/wp-json\/wp\/v2\/pages\/78","targetHints":{"allow":["GET"]}}],"collection":[{"href":"https:\/\/blog.uclm.es\/juanjimenez\/wp-json\/wp\/v2\/pages"}],"about":[{"href":"https:\/\/blog.uclm.es\/juanjimenez\/wp-json\/wp\/v2\/types\/page"}],"author":[{"embeddable":true,"href":"https:\/\/blog.uclm.es\/juanjimenez\/wp-json\/wp\/v2\/users\/6"}],"replies":[{"embeddable":true,"href":"https:\/\/blog.uclm.es\/juanjimenez\/wp-json\/wp\/v2\/comments?post=78"}],"version-history":[{"count":3,"href":"https:\/\/blog.uclm.es\/juanjimenez\/wp-json\/wp\/v2\/pages\/78\/revisions"}],"predecessor-version":[{"id":968,"href":"https:\/\/blog.uclm.es\/juanjimenez\/wp-json\/wp\/v2\/pages\/78\/revisions\/968"}],"up":[{"embeddable":true,"href":"https:\/\/blog.uclm.es\/juanjimenez\/wp-json\/wp\/v2\/pages\/70"}],"wp:attachment":[{"href":"https:\/\/blog.uclm.es\/juanjimenez\/wp-json\/wp\/v2\/media?parent=78"}],"curies":[{"name":"wp","href":"https:\/\/api.w.org\/{rel}","templated":true}]}}