{"id":67,"date":"2017-11-16T11:01:48","date_gmt":"2017-11-16T10:01:48","guid":{"rendered":"http:\/\/blog.uclm.es\/juanjimenez\/?page_id=67"},"modified":"2025-12-17T12:20:30","modified_gmt":"2025-12-17T11:20:30","slug":"investigacion","status":"publish","type":"page","link":"https:\/\/blog.uclm.es\/juanjimenez\/investigacion\/","title":{"rendered":"Investigaci\u00f3n"},"content":{"rendered":"<p><strong>ORCID<\/strong> 0000-0001-8508-3455<br \/>\n<strong>Scopus Author ID<\/strong> 25958149600<br \/>\n<strong>Researcher ID<\/strong> H-5457-2015<br \/>\n<strong>Web of Science <\/strong><a class=\"very-dark-gray-link\" title=\"Copy and share this profile's URL\" href=\"https:\/\/publons.com\/researcher\/AAF-6987-2021\/\">AAF-6987-2021<\/a><\/p>\n<h3>PROYECTOS<\/h3>\n<p>Proyectos Internacionales (IP)<\/p>\n<ul>\n<li>Project 2016-1-CY01-KA204-017335, \u00abAspiRing enTrepreneurial families to perpetuate cultural buSiness Across geNerations -ARTISAN- (Erasmus+ Programme KA2)\u00a0 <a href=\"http:\/\/blog.uclm.es\/juanjimenez\/investigacion\/artisan\/\">Website<\/a><\/li>\n<li>Transferencia de nueva metodolog\u00eda docente en ense\u00f1anza universitaria (AECID)<\/li>\n<\/ul>\n<p>Proyectos Internacionales (I)<\/p>\n<ul>\n<li>Proyectos CAI+D 2016, Tipo I (Proyectos de investigaci\u00f3n), UNL (Argentina): \u00abDesarrollo de la cultura emprendedora en la Universidad\u00bb, IP: M.F. Andr\u00e9s.<\/li>\n<\/ul>\n<p>Proyectos Nacionales (IP)<\/p>\n<ul>\n<li><span lang=\"ES-TRAD\">Los recursos y resultados empresariales: una perspectiva de g\u00e9nero<\/span>\u00a0<span lang=\"ES-TRAD\">-REMPGEN<\/span><\/li>\n<\/ul>\n<p>Proyectos Regionales (IP)<\/p>\n<ul>\n<li>Efecto de la formaci\u00f3n emprendedora recibida en la intenci\u00f3n empresarial del alumnado universitario -(2014-2015)-<\/li>\n<\/ul>\n<ul>\n<li>Efecto de la formaci\u00f3n emprendedora recibida en la intenci\u00f3n empresarial del alumnado universitario -(2011-2012)-<\/li>\n<\/ul>\n<ul>\n<li>La generaci\u00f3n de capital social en los parques cient\u00edficos y tecnol\u00f3gicos y su incidencia sobre el resultado empresarial<\/li>\n<\/ul>\n<p>Proyectos internos y de innovaci\u00f3n docente UCLM<\/p>\n<ul>\n<li>(IP) Mejora de la competencia espec\u00edfica \u201cE2) administrar el esp\u00edritu emprendedor y la creatividad\u201d en el Grado en Administraci\u00f3n y Direcci\u00f3n de Empresas -(2015\/2016)-<\/li>\n<li>(I) Adquisici\u00f3n de competencias gen\u00e9ricas en la titulaci\u00f3n de GADE a trav\u00e9s de aprendizaje basado en problemas (ABP)\u00a0-(2013\/2014)-<\/li>\n<li>(I) El Aprendizaje Basado en Problemas como m\u00e9todo docente en Grado y Postgrado\u00a0 -(2012)-<\/li>\n<li>(I) Incidencia de la fiscalidad en la creaci\u00f3n de empresas\u00a0(HU20112286)<\/li>\n<\/ul>\n<p>OTROS PROYECTOS (IP)<\/p>\n<ul>\n<li><a href=\"http:\/\/blog.uclm.es\/juanjimenez\/investigacion\/global-entrepreneurship-monitor-castilla-la-mancha\/\">Global Entrepreneurship Monitor Castilla-La Mancha<\/a><\/li>\n<li>Global\u00a0University Entrepreneurship Spirit Student&#8217;s Survey<\/li>\n<li><a href=\"https:\/\/blog.uclm.es\/juanjimenez\/investigacion\/observatorio-de-la-pyme-de-castilla-la-mancha\/\" target=\"_blank\" rel=\"noopener\">Observatorio de la PYME de Castilla-La Mancha<\/a><\/li>\n<li><a href=\"https:\/\/blog.uclm.es\/juanjimenez\/observatorio-de-la-mipyme-familiar-de-castilla-la-mancha\/\">Observatorio de la MiPYME Familiar de Castilla-La Mancha<\/a><\/li>\n<li>Informes Sectoriales regionales de Castilla-La Mancha<\/li>\n<\/ul>\n<h3>TRABAJOS DIRIGIDOS<\/h3>\n<p>Tesis Doctorales:<\/p>\n<ul>\n<li>LA TRANSFORMACI\u00d3N DIGITAL\u00a0EN PEQUE\u00d1AS Y MEDIANAS EMPRESAS\u00a0DE LA PROVINCIA DE SANTA FE, ARGENTINA (Diciembre, 2025); D\u00aa. M\u00aa.Cecilia GUTI\u00c9RREZ FERRRERO. Codirector.<\/li>\n<li>FACTORES SOCIOECON\u00d3MICOS QUE AFECTAN A LOS CLUSTERS Y ECOSISTEMAS DE INNOVACI\u00d3N: IMPACTO EN EL DESARROLLO REGIONAL SOSTENIBLE (Enero, 2022); D\u00aa. B\u00e1rbara MAR\u00cdN CAMBRONERO. Codirector.<\/li>\n<li>ENTORNO ACAD\u00c9MICO Y CREACI\u00d3N DE EMPRESAS SPIN-OFF UNIVERSITARIAS EN ESPA\u00d1A\u00a0\u00a0(Julio. 2016); D. Rafael Minami SUZUKI.\u00a0 Director.<\/li>\n<li>LA INTERNACIONALIZACI\u00d3N DE LAS EMPRESAS DE CASTILLA-LA MANCHA:\u00a0 MODOS DE ENTRADA VERSUS COMBINACIONES DE MODOS\u00a0(May.2015); D\u00aa. Sara JIM\u00c9NEZ BURILLO.\u00a0 Director.<\/li>\n<li>EL DESEQUILIBRIO CREATIVO EN EL EMPRENDEDOR POR DESEO, POR NECESIDAD Y SOCIAL (Jul.2013); D\u00aa. Soledad PARRA MIRANDA. Director.<\/li>\n<li>CAPITAL SOCIAL, ADQUISICI\u00d3N DE CONOCIMIENTO Y RESULTADOS EN LOS DISTRITOS INDUSTRIALES: MODELOS COMPARATIVO Y EXPLICATIVO (Dic.2008); D\u00aa. Gloria PARRA REQUENA. Codirector.<\/li>\n<li>INFLUENCIA DEL G\u00c9NERO EN LOS RECURSOS Y RESULTADOS DE LAS PEQUE\u00d1AS EMPRESAS (Sept.2006); D\u00aa. Cristina D\u00cdAZ GARC\u00cdA. Director.<\/li>\n<li>FACTORES DETERMINANTES DE LA CREACI\u00d3N DE UNA EMPRESA EN LA ETAPA DEL PROCESO DE PUESTA EN MARCHA (Abr.2006); D\u00aa. M. del Pilar VALENCIA DE LARA. Codirector.<\/li>\n<li>INNOVACI\u00d3N EN LOS SERVICIOS. AN\u00c1LISIS DE LA RELACI\u00d3N TIPO DE SERVICIOS PATR\u00d3N DE INNOVACI\u00d3N Y SU INCIDENCIA EN EL RESULTADO (Feb.2005); D\u00aa. Dionisia ELCHE HORTELANO. Codirector.<\/li>\n<li>CAPACIDADE INOVADORA EMPRESARIAL: ESTUDOS DOS FACTORES IMPLUSIONADORES E LIMITADORES NAS EMPRESAS INDUSTRIAIS PORTUGUESAS (May.2004); D\u00aa.\u00a0 Maria Jose AGUILAR MADEIRA VALENTE DA SILVA. Codirector.<\/li>\n<li>EL AJUSTE ENTRE LA ESTRATEGIA COMPETITIVA Y LA ESTRATEGIA DE INNOVACI\u00d3N TECNOL\u00d3GICA: SU IMPLICACI\u00d3N EN EL RESULTADO DE LA EMPRESA (Sept.2000); D\u00aa. \u00c1ngela GONZ\u00c1LEZ MORENO. Codirector.<\/li>\n<li>GRUPOS ESTRAT\u00c9GICOS Y GRUPOS COGNOSCITIVOS: COMPARACI\u00d3N TE\u00d3RICA Y AN\u00c1LISIS EMP\u00cdRICO APLICADO AL SECTOR DE PROMOCI\u00d3N Y CONSTRUCCI\u00d3N DE VIVIENDAS (Jun.2000); D. Francisco J. S\u00c1EZ MART\u00cdNEZ. Codirector.<\/li>\n<li>ESTILOS DE DIRECCI\u00d3N Y CARACTER\u00cdSTICAS DEL EMPRESARIO. AN\u00c1LISIS DE LAS EMPRESAS DE CASTILLA-LA MANCHA. (Oct.1998); D\u00aa. Carmen RUIZ AMAYA. Codirector.<\/li>\n<\/ul>\n<p>Trabajo Fin de M\u00e1ster<\/p>\n<ul>\n<li>INTERNACIONALIZACI\u00d3N EMPRESARIAL DE ARCOS HERMANOS, S.A. (Oct.2017); D\u00aa. Irene S\u00c1NCHEZ HONRADO. <em>MUEME.<\/em><\/li>\n<li>AN\u00c1LISIS ESTRAT\u00c9GICO PARA LA INTERNACIONALIZACI\u00d3N DE POLGRI S.A.\u00a0(Jul.2015); D\u00aa. Carmen DEL RAMO.\u00a0<em>MCyAFyF<\/em>.<\/li>\n<li>CONSULTOR\u00cdA A LA EMPRESA ALBAZETECH (Jul.2015); D. Carlos CARRI\u00d3N.\u00a0<em>MCyAFyF<\/em>.<\/li>\n<li>INTERNACIONALIZACI\u00d3N DE HORT\u00cdCOLA ALBACETE, S.A. (Oct. 2014); D. Omar Oulad MANSOUR CHIKHI.\u00a0\u00a0<em>MUEME<\/em>.<\/li>\n<li>PROCESO DE INTERNACIONALIZACI\u00d3N DE QUESOS VEGA SOTU\u00c9LAMOS S.L. (Oct.2013); D\u00aa. Inmaculada CHINCHILLA LOZANO.\u00a0<em>MCyAFyF<\/em>.<\/li>\n<li>LA INTENCI\u00d3N EMPRENDEDORA EN LOS ESTUDIANTES DE SECUNDARIA Y BACHILLERATO (Oct.2012); D. Jos\u00e9 Manuel RODENAS FERN\u00c1NDEZ.\u00a0<em>MUEME<\/em>.<\/li>\n<li>AN\u00c1LISIS\u00a0 ESTRAT\u00c9GICO\u00a0 PARA\u00a0 LA EMPRESA SYMBIA IT (Oct.2012); D. Jos\u00e9 Luis L\u00d3PEZ MORENO.\u00a0<em>MUEME<\/em>.<\/li>\n<li>ESTRATEGIAS DE INTERNACIONALIZACI\u00d3N: COJALI, S.L. (Sept.2012); D\u00aa. M\u00aa. del Carmen MATA L\u00d3PEZ.\u00a0<em>MCyAFyF<\/em>.<\/li>\n<li>ESTUDIO DE LA INTENCI\u00d3N EMPRENDEDORA DE LA POBLACI\u00d3N UNIVERSITARIA FEMENINA (Oct.2011); D\u00aa. Ana ARENAS ESCRIBANO.\u00a0<em>MUEME<\/em>..<\/li>\n<\/ul>\n<p>Trabajo Fin de Grado:<\/p>\n<ul>\n<li>ECOCAR (Ene.2018); D\u00aa. Cristina CAMPAYO MONSALVE<\/li>\n<li>BUILDING FUTURE (Jul. 2017); D. David ESCOT ALFARO<\/li>\n<li>AN\u00c1LISIS ESTRAT\u00c9GICO DE \u00abDESGUACE LA CERRAJERA\u00bb (Jul.2016); D\u00aa. Elena CALVO<\/li>\n<li>PLAN DE NEGOCIO DEFCOM SOFTWARE S.L.N.E. (Jul.2016); D\u00aa. Almudena CUEVAS<\/li>\n<li>NUEVA L\u00cdNEA DE NEGOCIO PARA LA EMPRESA ACUVI SOLUCIONES (Jul.2015); D. Fernando MART\u00cdNEZ<\/li>\n<li>AN\u00c1LISIS ESTRAT\u00c9GICO DE LA EMPRESA PIQMAR S.L. (Jun.2015); D\u00aa. Silvia MART\u00cdNEZ<\/li>\n<li>CREACI\u00d3N DE UNA NUEVA L\u00cdNEA DE NEGOCIO PARA LA EMPREA CDM (Jun.2015); D. \u00c1lvaro A. ETEMAD<\/li>\n<li>AN\u00c1LISIS ESTRAT\u00c9GICO DE LA EMPRESA FAMILIAR COWEST (Jun.2015); D\u00aa. Ver\u00f3nica GONZ\u00c1LEZ<\/li>\n<li>AN\u00c1LISIS DE LA EMPRESA EXTRUIDOS DEL ALUMINIO S.A. (Jul.2014); D\u00aa. In\u00e9s SANJOS\u00c9 G\u00c1ZQUEZ.<\/li>\n<li>PLAN DE NEGOCIO ANCESTRA ARTESANA (Jun.2014); D. Iv\u00e1n G\u00d3MEZ P\u00c9REZ.<\/li>\n<li>PLAN DE NEGOCIO NEOPARK (Jul.2013); D. Antonio OCHOA BLEDA.<\/li>\n<\/ul>\n<p>Diploma de Estudios Avanzados:<\/p>\n<ul>\n<li>UNA APROXIMACI\u00d3N EMP\u00cdRICA AL AN\u00c1LISIS FACTORES CONDICIONANTES DE LA CREACI\u00d3N DE SPIN-OFF EN EL \u00c1MBITO UNIVERSITARIO ESPA\u00d1OL (Nov.2011), D. Rafael Minami SUZUKI.<\/li>\n<\/ul>\n","protected":false},"excerpt":{"rendered":"<p>ORCID 0000-0001-8508-3455 Scopus Author ID 25958149600 Researcher ID H-5457-2015 Web of Science AAF-6987-2021 PROYECTOS Proyectos Internacionales (IP) Project 2016-1-CY01-KA204-017335, \u00abAspiRing enTrepreneurial families to perpetuate cultural buSiness Across geNerations -ARTISAN- (Erasmus+ Programme KA2)\u00a0 Website Transferencia de nueva metodolog\u00eda docente en ense\u00f1anza universitaria (AECID) Proyectos Internacionales (I) Proyectos CAI+D 2016, Tipo I (Proyectos de investigaci\u00f3n), UNL (Argentina): [&hellip;]<\/p>\n","protected":false},"author":6,"featured_media":0,"parent":0,"menu_order":0,"comment_status":"closed","ping_status":"closed","template":"","meta":{"footnotes":""},"class_list":["post-67","page","type-page","status-publish","hentry"],"_links":{"self":[{"href":"https:\/\/blog.uclm.es\/juanjimenez\/wp-json\/wp\/v2\/pages\/67","targetHints":{"allow":["GET"]}}],"collection":[{"href":"https:\/\/blog.uclm.es\/juanjimenez\/wp-json\/wp\/v2\/pages"}],"about":[{"href":"https:\/\/blog.uclm.es\/juanjimenez\/wp-json\/wp\/v2\/types\/page"}],"author":[{"embeddable":true,"href":"https:\/\/blog.uclm.es\/juanjimenez\/wp-json\/wp\/v2\/users\/6"}],"replies":[{"embeddable":true,"href":"https:\/\/blog.uclm.es\/juanjimenez\/wp-json\/wp\/v2\/comments?post=67"}],"version-history":[{"count":7,"href":"https:\/\/blog.uclm.es\/juanjimenez\/wp-json\/wp\/v2\/pages\/67\/revisions"}],"predecessor-version":[{"id":1081,"href":"https:\/\/blog.uclm.es\/juanjimenez\/wp-json\/wp\/v2\/pages\/67\/revisions\/1081"}],"wp:attachment":[{"href":"https:\/\/blog.uclm.es\/juanjimenez\/wp-json\/wp\/v2\/media?parent=67"}],"curies":[{"name":"wp","href":"https:\/\/api.w.org\/{rel}","templated":true}]}}