{"id":60,"date":"2017-11-16T10:58:45","date_gmt":"2017-11-16T09:58:45","guid":{"rendered":"http:\/\/blog.uclm.es\/juanjimenez\/?page_id=60"},"modified":"2023-01-30T19:06:08","modified_gmt":"2023-01-30T18:06:08","slug":"docencia","status":"publish","type":"page","link":"https:\/\/blog.uclm.es\/juanjimenez\/docencia\/","title":{"rendered":"Docencia"},"content":{"rendered":"<h3><strong>Asignaturas de Grado<\/strong><\/h3>\n<ul>\n<li>Direcci\u00f3n Estrat\u00e9gica\u00a0\u00a0(troncal 4\u00ba, 1<sup><u>er<\/u><\/sup>\u00a0cuatrimestre)<\/li>\n<li>Creaci\u00f3n de Empresas Innovadoras\u00a0(optativa, 1<sup><u>er<\/u><\/sup>\u00a0cuatrimestre)<\/li>\n<li>Direcci\u00f3n de Empresas Familiares\u00a0(optativa, 1<sup><u>er<\/u><\/sup>\u00a0cuatrimestre)<\/li>\n<\/ul>\n<h3><strong>Asignaturas de M\u00e1ster<\/strong><\/h3>\n<ul>\n<li><strong>M\u00e1ster en Comercio Internacional y sus T\u00e9cnicas<\/strong> (Estrategias de Internacionalizaci\u00f3n) extinto en 2020-2021 (20 ediciones)<\/li>\n<li><a href=\"http:\/\/www.mueme.masteruniversitario.uclm.es\/presentacion.aspx\" target=\"_blank\" rel=\"noopener noreferrer\">M\u00e1ster Universitario en Estrategia y Marketing de la Empresa<\/a>\u00a0(Estrategias de Internacionalizaci\u00f3n)<\/li>\n<li><a href=\"http:\/\/www.mucaff.masteruniversitario.uclm.es\/presentacion.aspx\" target=\"_blank\" rel=\"noopener noreferrer\">M\u00e1ster Universitario en Consultor\u00eda y Asesor\u00eda Financiera y Fiscal<\/a>\u00a0(Estrategias de Internacionalizaci\u00f3n)<\/li>\n<\/ul>\n<p style=\"text-align: right\">\u00abI never teach my pupils. I only attempt to provide the conditions in which they can learn\u00bb<\/p>\n<p style=\"text-align: right\"><b>Albert Einstein<\/b><\/p>\n","protected":false},"excerpt":{"rendered":"<p>Asignaturas de Grado Direcci\u00f3n Estrat\u00e9gica\u00a0\u00a0(troncal 4\u00ba, 1er\u00a0cuatrimestre) Creaci\u00f3n de Empresas Innovadoras\u00a0(optativa, 1er\u00a0cuatrimestre) Direcci\u00f3n de Empresas Familiares\u00a0(optativa, 1er\u00a0cuatrimestre) Asignaturas de M\u00e1ster M\u00e1ster en Comercio Internacional y sus T\u00e9cnicas (Estrategias de Internacionalizaci\u00f3n) extinto en 2020-2021 (20 ediciones) M\u00e1ster Universitario en Estrategia y Marketing de la Empresa\u00a0(Estrategias de Internacionalizaci\u00f3n) M\u00e1ster Universitario en Consultor\u00eda y Asesor\u00eda Financiera y Fiscal\u00a0(Estrategias [&hellip;]<\/p>\n","protected":false},"author":108,"featured_media":0,"parent":0,"menu_order":0,"comment_status":"closed","ping_status":"closed","template":"page-templates\/full-width.php","meta":{"footnotes":""},"class_list":["post-60","page","type-page","status-publish","hentry"],"_links":{"self":[{"href":"https:\/\/blog.uclm.es\/juanjimenez\/wp-json\/wp\/v2\/pages\/60","targetHints":{"allow":["GET"]}}],"collection":[{"href":"https:\/\/blog.uclm.es\/juanjimenez\/wp-json\/wp\/v2\/pages"}],"about":[{"href":"https:\/\/blog.uclm.es\/juanjimenez\/wp-json\/wp\/v2\/types\/page"}],"author":[{"embeddable":true,"href":"https:\/\/blog.uclm.es\/juanjimenez\/wp-json\/wp\/v2\/users\/108"}],"replies":[{"embeddable":true,"href":"https:\/\/blog.uclm.es\/juanjimenez\/wp-json\/wp\/v2\/comments?post=60"}],"version-history":[{"count":2,"href":"https:\/\/blog.uclm.es\/juanjimenez\/wp-json\/wp\/v2\/pages\/60\/revisions"}],"predecessor-version":[{"id":913,"href":"https:\/\/blog.uclm.es\/juanjimenez\/wp-json\/wp\/v2\/pages\/60\/revisions\/913"}],"wp:attachment":[{"href":"https:\/\/blog.uclm.es\/juanjimenez\/wp-json\/wp\/v2\/media?parent=60"}],"curies":[{"name":"wp","href":"https:\/\/api.w.org\/{rel}","templated":true}]}}