{"id":56,"date":"2017-11-16T10:51:48","date_gmt":"2017-11-16T09:51:48","guid":{"rendered":"http:\/\/blog.uclm.es\/juanjimenez\/?page_id=56"},"modified":"2023-06-27T17:41:09","modified_gmt":"2023-06-27T16:41:09","slug":"english-version","status":"publish","type":"page","link":"https:\/\/blog.uclm.es\/juanjimenez\/curriculum\/english-version\/","title":{"rendered":"English version"},"content":{"rendered":"<p style=\"text-align: center\"><b><span style=\"color: #800000;font-family: Verdana;font-size: large\"><span id=\"BABID_Results\">OVERVIEW CURRICULUM<\/span><\/span><\/b><\/p>\n<h2 style=\"text-align: center\">\u2013 Omnia mea mecum porto \u2013<\/h2>\n<p style=\"text-align: justify\">Professor of University (1999) in the Area of the Business Administration, assigned to the Department of Business Administration, in the Faculty of Economics and Business of the University of Castilla-La Mancha (UCLM-Spain).<\/p>\n<p style=\"text-align: justify\">PhD in Economics and Business by the University of Castilla-La Mancha (1991), Degree in Economics and Business with Extraordinary Prize of Degree, by the University of Murcia (1984), Spain.<\/p>\n<p style=\"text-align: justify\">Professor in the Degree in Management and in the Programme of Ph.D. in Business Creation, SMEs and Family Business. Professor in Masters, Courses, Seminars and Workshops in the UCLM and other Spanish, European and Latin America Universities and Business Schools, with incidence in Business Creation, SMEs, Family Business and Competitiveness and Innovation.<\/p>\n<p style=\"text-align: justify\">Principal researcher of a national project (2007-2009) and three regional projects (2002-2004, 2007-2009, 2011-2012), researcher in a national project (2000-2002), director\/co-director of twelve doctoral theses (1998, 2000 -2-, 2004, 2005, 2006-2-, 2008, 2013, 2015, 2016, 2022), person in charge for two bilateral Programs of Integrated Actions for scientific and technical research between Spain and Portugal and between Spain and Italy. Coordinator of the Network EYALDE \u2013 creation of businesses \u2013 of the Programme ALFA (PB2), of cooperation for the scientific and technological formation of the European Commission. Stay of research in <em>Business Creation<\/em> at the University of Qu\u00e9bec (1995, Canada) and in <em>Family Business <\/em>at Lancaster University (2010, UK).<\/p>\n<p style=\"text-align: justify\">Director of the group of Research SITEFB -Strategy, Innovation, Technology and Entrepreneurship and Family Business- of the UCLM.<\/p>\n<p style=\"text-align: justify\">Topics of research:<\/p>\n<p style=\"text-align: justify\">-Entrepreneurship: enterprising-entrepreneur and gender<\/p>\n<p style=\"text-align: justify\">-Family Business: continuity-succession<\/p>\n<p style=\"text-align: justify\">-Strategic management of the company: innovation, internationalization<\/p>\n<p style=\"text-align: justify\">-Teaching innovation: problem-based learning, methodology adapted to EHEA, enterprising training<\/p>\n<p style=\"text-align: justify\">Author\/co-authored three manuals, various studies and reports, chapters of books, articles, other publications, lectures and communications in national and international congresses and scientific encounters and academic journals.<\/p>\n<p style=\"text-align: justify\">Referee of academic journals: Econom\u00eda y Empresa, Europea de Direcci\u00f3n y Econom\u00eda de la Empresa, Investigaciones Europeas en Direcci\u00f3n y Econom\u00eda de la Empresa, Cuadernos de Econom\u00eda y Direcci\u00f3n de Empresas, Universia Business Review, M@n@gement and Ciencias Sociales (RCS, Universidad del Zulia, Venezuela), Lecturas de Econom\u00eda, Q4 SJR (Universidad de Antioquia, Colombia).<\/p>\n<p style=\"text-align: justify\">Member of the Editorial Board of the Journal \u00abCiencias Administrativas\u00bb, Faculty of Economic Sciences of the National University of La Plata (Argentina). Member of the Advisory Board of the Journal \u00abCiencias Econ\u00f3micas\u00bb of the Faculty of Economics at the National University of Litoral (Argentina). Member of Scientific Committee of Journal ADENAG (Asociaci\u00f3n de Docentes Nacionales de Administraci\u00f3n General de la Rep\u00fablica Argentina).<\/p>\n<p style=\"text-align: justify\">Referee of academic conferences: CLADEA-2012, ACEDE.<\/p>\n<p style=\"text-align: justify\">Spanish Vicepresident of the European Council for Small Business and Entrepreneurship (1998-2008) and member of different associations national and international scientific.<\/p>\n<p style=\"text-align: justify\">Professor of the Programme of Cooperation Inter\/E. AL. and\/AL.E. with Universities of Argentina, Bolivia, Brasil, Colombia, Cuba, El Salvador, Mexico and Venezuela. Contacts with Universities of United Kingdom, Portugal, Brazil and Chile. Professor responsible for the Erasmus programme student exchange of Economics and Business with the Universities of Siena and Palermo (Italy); the Universities of Warsaw, Jagiell\u00f3nski, Ekonomiczny w Krakowie and L\u00f3dzki (Poland); the University of Presov (Slovakia); \u00a0the UCLan and the CUT (Cyprus).<\/p>\n<p style=\"text-align: justify\">Collaborating professor of the sponsored Chair of Family Business in the University of Castilla-La Mancha.<\/p>\n<p style=\"text-align: justify\">Professor responsible for the virtual subjects \u00abOld Lessons for New Strategies (Art of War)\u00bb and \u00abFrom Businessman to Family Business\u00bb, at Group G9 of Universities.<\/p>\n<p style=\"text-align: justify\">Chairman of\u00a0Family Business\u00a0ACEDE\u00a0Section\u00a0(2011-2013).<\/p>\n<p style=\"text-align: justify\">Vice-Chairman of\u00a0Entrepreneurship\u00a0ACEDE\u00a0Section\u00a0(2014-2016).<\/p>\n<p style=\"text-align: justify\">Chairman of\u00a0Entrepreneurship\u00a0ACEDE\u00a0Section\u00a0(2016-2018).<\/p>\n<p style=\"text-align: justify\">Secretary and Director (in functions) of the Department of Economy of the Enterprise of the University of Murcia (1987, 1988), Vicedean of the Faculty of Economics and Business Sciences of Albacete (1992-1997) and of the Faculty of Social Sciences of Cuenca (1997-2000). Academic Director of First Vice Chancellor in Policy Academic and New Lessons (2001-2003). Academic Director of Vice Chancellor in Campus of Albacete and Projects Entrepreneurs, and Head of the Programme UCLM-Enterprising (2004-2007).<\/p>\n<p style=\"text-align: justify\">Director of <em>Global Entrepreneurship Monitor (GEM) \u2013 Castilla-La Mancha<\/em>, since 2012.<\/p>\n<p style=\"text-align: justify\">Director of <em>Global University Entrepreneurial Spirit Student&#8217;s Survey (GUESSS) for UCLM<\/em>, since 2013.<\/p>\n<p>Director of <em>Observatorio de la PYME de Castilla-La Mancha<\/em>, since 2018.<\/p>\n<p style=\"text-align: justify\">Spanish researcher of GESt-study: Start-Up Entrepreneurship Behavior and Motivation of Students.<\/p>\n<p style=\"text-align: justify\">Member of Advisory Council Chair INCREA (Innovation, Creativity and Learning) at the Universitat Jaume I.<\/p>\n<p style=\"text-align: justify\"><em>Associate Fellow<\/em>\u00a0for Centre for Entrepreneurial Development, Alliance, Research -CEDAR- UCLan Cyprus.<\/p>\n<p style=\"text-align: justify\">YUZZ Expert Program (2014). YUZZ Tutor Program (2014, 2015). Explorer Program Mentor (2021).<\/p>\n<p style=\"text-align: justify\">Youth Business Spain-YBI Mentor (2016-2017)<\/p>\n<p style=\"text-align: justify\">Recognition of\u00a0research stage (2005-2010) by the National Quality Agency of Assessment and Accreditation.<\/p>\n<p>Recognition of knowledge transfer stage (2008-2016) by the National Quality Agency of Assessment and Accreditation.<\/p>\n","protected":false},"excerpt":{"rendered":"<p>OVERVIEW CURRICULUM \u2013 Omnia mea mecum porto \u2013 Professor of University (1999) in the Area of the Business Administration, assigned to the Department of Business Administration, in the Faculty of Economics and Business of the University of Castilla-La Mancha (UCLM-Spain). PhD in Economics and Business by the University of Castilla-La Mancha (1991), Degree in Economics [&hellip;]<\/p>\n","protected":false},"author":6,"featured_media":0,"parent":53,"menu_order":0,"comment_status":"closed","ping_status":"closed","template":"page-templates\/full-width.php","meta":{"footnotes":""},"class_list":["post-56","page","type-page","status-publish","hentry"],"_links":{"self":[{"href":"https:\/\/blog.uclm.es\/juanjimenez\/wp-json\/wp\/v2\/pages\/56","targetHints":{"allow":["GET"]}}],"collection":[{"href":"https:\/\/blog.uclm.es\/juanjimenez\/wp-json\/wp\/v2\/pages"}],"about":[{"href":"https:\/\/blog.uclm.es\/juanjimenez\/wp-json\/wp\/v2\/types\/page"}],"author":[{"embeddable":true,"href":"https:\/\/blog.uclm.es\/juanjimenez\/wp-json\/wp\/v2\/users\/6"}],"replies":[{"embeddable":true,"href":"https:\/\/blog.uclm.es\/juanjimenez\/wp-json\/wp\/v2\/comments?post=56"}],"version-history":[{"count":5,"href":"https:\/\/blog.uclm.es\/juanjimenez\/wp-json\/wp\/v2\/pages\/56\/revisions"}],"predecessor-version":[{"id":1000,"href":"https:\/\/blog.uclm.es\/juanjimenez\/wp-json\/wp\/v2\/pages\/56\/revisions\/1000"}],"up":[{"embeddable":true,"href":"https:\/\/blog.uclm.es\/juanjimenez\/wp-json\/wp\/v2\/pages\/53"}],"wp:attachment":[{"href":"https:\/\/blog.uclm.es\/juanjimenez\/wp-json\/wp\/v2\/media?parent=56"}],"curies":[{"name":"wp","href":"https:\/\/api.w.org\/{rel}","templated":true}]}}