{"id":53,"date":"2017-11-16T10:50:14","date_gmt":"2017-11-16T09:50:14","guid":{"rendered":"http:\/\/blog.uclm.es\/juanjimenez\/?page_id=53"},"modified":"2025-12-17T12:15:45","modified_gmt":"2025-12-17T11:15:45","slug":"curriculum","status":"publish","type":"page","link":"https:\/\/blog.uclm.es\/juanjimenez\/curriculum\/","title":{"rendered":"Curriculum"},"content":{"rendered":"<h2 style=\"text-align: center\">\u2013 Omnia mea mecum porto \u2013<\/h2>\n<p style=\"text-align: justify\">Catedr\u00e1tico de Universidad\u00a0(1999)\u00a0en el \u00c1rea de Organizaci\u00f3n de Empresas, adscrito al Departamento de Administraci\u00f3n de Empresas, en la Facultad de Ciencias Econ\u00f3micas y Empresariales de la Universidad de Castilla-La Mancha (UCLM).<\/p>\n<p style=\"text-align: justify\">Doctor en Ciencias Econ\u00f3micas y Empresariales por la Universidad de Castilla-La Mancha (1991), Licenciado en Ciencias Econ\u00f3micas y Empresariales con Premio Extraordinario de Licenciatura, por la Universidad de Murcia (1984).<\/p>\n<p style=\"text-align: justify\">Docente en el Grado en Administraci\u00f3n y Direcci\u00f3n de Empresas y en el Master en Estrategia y Marketing (anteriormente en el Programa de Doctorado en Creaci\u00f3n de Empresas, Direcci\u00f3n de PYMEs y Empresa Familiar). Profesor en <em>Masters<\/em>, Cursos, Seminarios y Jornadas en la UCLM y en otras Universidades\u00a0y Escuelas de Negociosespa\u00f1olas, europeas y latinoamericanas,\u00a0en Direcci\u00f3n de Empresas, con incidencia en Creaci\u00f3n de Empresas, Cultura Emprendedora,\u00a0Direcci\u00f3n de PYMEs, Empresa Familiar y Competitividad e Innovaci\u00f3n.<\/p>\n<p style=\"text-align: justify\">Investigador de un proyecto europeo (2016-2018), Investigador Principal de un proyecto nacional (2007-2009) y tres proyectos regionales (2002-2004, 2007-2009, 2011-2012), investigador de un proyecto nacional (2000-2002), director\/codirector de trece tesis doctorales (1998, 2000 -2-, 2004, 2005, 2006 -2-, 2008, 2013, 2015, 2016, 2022 y 2025), responsable de dos Programas bilaterales de Acciones Integradas de investigaci\u00f3n cient\u00edfica y t\u00e9cnica entre Espa\u00f1a y Portugal y entre Espa\u00f1a e Italia. Coordinador de la Red EYALDE \u2013creaci\u00f3n de empresas\u2013 del Programa ALFA (PB2), de cooperaci\u00f3n para la formaci\u00f3n cient\u00edfica y tecnol\u00f3gica, de la Comisi\u00f3n Europea. Estancia de investigaci\u00f3n en <em>Creaci\u00f3n de Empresas<\/em> en la Universidad de Qu\u00e9bec (1995) y en <em>Empresas Familiares<\/em> la Universidad de Lancaster (2010).<\/p>\n<p style=\"text-align: justify\">Director del grupo de Investigaci\u00f3n SITEFB\u00a0&#8211;<em>Strategy, Innovation, Tecnology and Entrepreneurship<\/em><em>\u00a0and Family Business<\/em>&#8211; de la UCLM.<\/p>\n<p style=\"text-align: justify\">L\u00edneas de investigaci\u00f3n:<\/p>\n<p style=\"text-align: justify\">-Creaci\u00f3n de empresas: emprendedor-empresario\u00a0y g\u00e9nero<\/p>\n<p style=\"text-align: justify\">-Direcci\u00f3n estrat\u00e9gica de la empresa: innovaci\u00f3n, internacionalizaci\u00f3n<\/p>\n<p style=\"text-align: justify\">-Empresa Familiar: continuidad-sucesi\u00f3n<\/p>\n<p style=\"text-align: justify\">-Innovaci\u00f3n educativa: Aprendizaje Basado en Problemas, formaci\u00f3n emprendedora<\/p>\n<p style=\"text-align: justify\">Autor\/coautor de tres manuales de texto, diversos estudios e informes, cap\u00edtulos de libros, art\u00edculos, otras publicaciones, ponencias y comunicaciones en congresos y encuentros cient\u00edficos nacionales e internacionales.<\/p>\n<p style=\"text-align: justify\">Evaluador de las revistas Econom\u00eda y Empresa, Europea de Direcci\u00f3n y Econom\u00eda de la Empresa, Investigaciones Europeas en Direcci\u00f3n y Econom\u00eda de la Empresa, Universia Business Review,\u00a0M@n@gement\u00a0y Ciencias Sociales (RCS, Universidad del Zulia, Venezuela), Revista Lecturas de Econom\u00eda, Q4 SJR (Universidad de Antioquia, Colombia).<\/p>\n<p style=\"text-align: justify\">Miembro del Comit\u00e9 Editorial de la revista \u00abCiencias Administrativas\u00bb, de la Facultad de Ciencias Econ\u00f3micas de la Universidad Nacional de La Plata (Argentina). Miembro del Consejo asesor de la Revista \u00abCiencias Econ\u00f3micas\u00bb, de la Facultad de Ciencias Econ\u00f3micas de la Universidad Nacional del Litoral (Argentina). Miembro del Comit\u00e9 Cient\u00edfico de la Revista ADENAG (Asociaci\u00f3n de Docentes Nacionales de Administraci\u00f3n General de la Rep\u00fablica Argentina).<\/p>\n<p style=\"text-align: justify\">Evaluador de ACEDE y CLADEA.<\/p>\n<p style=\"text-align: justify\">Spanish Vicepresident of the European Council for Small Business and Entrepreneurship\u00a0(1998-2008)\u00a0y miembro de diferentes asociaciones cient\u00edficas nacionales e internacionales.<\/p>\n<p style=\"text-align: justify\">Profesor del Programa de Cooperaci\u00f3n Interuniversitaria \/E.AL. y \/AL.E. con Universidades de Argentina, Bolivia, Colombia, Cuba, El Salvador, M\u00e9xico y Venezuela. Contactos con Universidades de Reino Unido, Portugal, Brasil y Chile. Profesor responsable del Programa Erasmus+ de intercambio de estudiantes de Econ\u00f3micas y Empresariales con la Universidad de Siena y la de Palermo (Italia); las Universidades de Varsovia, Jagiell\u00f3nski, Econ\u00f3mica de Cracovia, Lodz y WSB Merito Gdansk (Polonia); y la de Presov (Eslovaquia); y la UCLan y la CUT (Cyprus).<\/p>\n<p style=\"text-align: justify\">Profesor colaborador de la C\u00e1tedra patrocinada de Empresa Familiar en la Universidad de Castilla-La Mancha por CCM.<\/p>\n<p style=\"text-align: justify\">Profesor responsable de la asignaturas virtuales \u201cAntiguas ense\u00f1anzas para nuevas estrategias (PIN FA)\u201d y \u201cDe Empresario a Empresa Familiar\u201d, del Grupo G9 de Universidades.<\/p>\n<p style=\"text-align: justify\">Presidente de la Secci\u00f3n de Empresa Familiar de ACEDE (2011-2013).<\/p>\n<p style=\"text-align: justify\">Vicepresidente de la Secci\u00f3n de Funci\u00f3n Empresarial y Creaci\u00f3n de Empresas de ACEDE (2014-2016).<\/p>\n<p style=\"text-align: justify\">Presidente de la Secci\u00f3n de Funci\u00f3n Empresarial y Creaci\u00f3n de Empresas de ACEDE (2016-2018).<\/p>\n<p style=\"text-align: justify\">Secretario y Director en funciones del Departamento de Econom\u00eda de la Empresa de la Universidad de Murcia (1987, 1988), Vicedecano de la Facultad de Ciencias Econ\u00f3micas y Empresariales de Albacete (1992-1997) y de la Facultad de Ciencias Sociales de Cuenca (1997-2000). Director Acad\u00e9mico del Vicerrector Primero y de Pol\u00edtica Acad\u00e9mica y Nuevas Ense\u00f1anzas (2001-2003). Director Acad\u00e9mico del Vicerrectorado del Campus de Albacete y Proyectos Emprendedores,\u00a0y\u00a0Encargado\u00a0del Programa UCLM-Emprende\u00a0(2004-2007).<\/p>\n<p style=\"text-align: justify\">Director del\u00a0<em>Global Entrepreneurship Monitor (GEM)\u00a0<\/em>de Castilla-La Mancha, desde 2012.<\/p>\n<p style=\"text-align: justify\">Director del\u00a0<em>Global University Entrepreneurial Spirit Student&#8217;s Survey<\/em>\u00a0<em>(GUESSS)\u00a0<\/em>para la UCLM, desde 2013.<\/p>\n<p>Director del <em>Observatorio de la PYME de Castilla-La Mancha<\/em>, desde 2018.<\/p>\n<p style=\"text-align: justify\">Investigador espa\u00f1ol del\u00a0<em>GESt-study: Start-Up Behavior and Entrepreneurship Motivation of Students.<\/em><\/p>\n<p style=\"text-align: justify\">Miembro del Consejo Asesor de la C\u00e1tedra INCREA (Innovaci\u00f3n, Creatividad y Aprendizaje) de la Universitat Jaume I.<\/p>\n<p style=\"text-align: justify\"><em>Associate Fellow<\/em>\u00a0del Centre for Entrepreneurial Development, Alliance, Research -CEDAR- UCLan Cyprus.<\/p>\n<p style=\"text-align: justify\">Experto del Programa YUZZ (2014). Tutor del Programa YUZZ (2014, 2015). Mentor del Programa Explorer (2021 y 2022).<\/p>\n<p style=\"text-align: justify\">Mentor del Programa Youth Business Spain-YBI (2016-2017)<\/p>\n<p style=\"text-align: justify\">Tramo de investigaci\u00f3n (sexenio) 2005-2010 reconocido por la Agencia Nacional de Evaluaci\u00f3n de la Calidad y Acreditaci\u00f3n (ANECA).<\/p>\n<p>Tramo de investigaci\u00f3n (sexenio de transferencia) 2008-2016 reconocido por la Agencia Nacional de Evaluaci\u00f3n de la Calidad y Acreditaci\u00f3n (ANECA).<\/p>\n","protected":false},"excerpt":{"rendered":"<p>\u2013 Omnia mea mecum porto \u2013 Catedr\u00e1tico de Universidad\u00a0(1999)\u00a0en el \u00c1rea de Organizaci\u00f3n de Empresas, adscrito al Departamento de Administraci\u00f3n de Empresas, en la Facultad de Ciencias Econ\u00f3micas y Empresariales de la Universidad de Castilla-La Mancha (UCLM). Doctor en Ciencias Econ\u00f3micas y Empresariales por la Universidad de Castilla-La Mancha (1991), Licenciado en Ciencias Econ\u00f3micas y [&hellip;]<\/p>\n","protected":false},"author":6,"featured_media":0,"parent":0,"menu_order":0,"comment_status":"closed","ping_status":"closed","template":"page-templates\/full-width.php","meta":{"footnotes":""},"class_list":["post-53","page","type-page","status-publish","hentry"],"_links":{"self":[{"href":"https:\/\/blog.uclm.es\/juanjimenez\/wp-json\/wp\/v2\/pages\/53","targetHints":{"allow":["GET"]}}],"collection":[{"href":"https:\/\/blog.uclm.es\/juanjimenez\/wp-json\/wp\/v2\/pages"}],"about":[{"href":"https:\/\/blog.uclm.es\/juanjimenez\/wp-json\/wp\/v2\/types\/page"}],"author":[{"embeddable":true,"href":"https:\/\/blog.uclm.es\/juanjimenez\/wp-json\/wp\/v2\/users\/6"}],"replies":[{"embeddable":true,"href":"https:\/\/blog.uclm.es\/juanjimenez\/wp-json\/wp\/v2\/comments?post=53"}],"version-history":[{"count":6,"href":"https:\/\/blog.uclm.es\/juanjimenez\/wp-json\/wp\/v2\/pages\/53\/revisions"}],"predecessor-version":[{"id":1079,"href":"https:\/\/blog.uclm.es\/juanjimenez\/wp-json\/wp\/v2\/pages\/53\/revisions\/1079"}],"wp:attachment":[{"href":"https:\/\/blog.uclm.es\/juanjimenez\/wp-json\/wp\/v2\/media?parent=53"}],"curies":[{"name":"wp","href":"https:\/\/api.w.org\/{rel}","templated":true}]}}