{"id":47,"date":"2017-11-16T10:44:28","date_gmt":"2017-11-16T09:44:28","guid":{"rendered":"http:\/\/blog.uclm.es\/juanjimenez\/?page_id=47"},"modified":"2023-01-31T19:37:27","modified_gmt":"2023-01-31T18:37:27","slug":"libertad_catedra","status":"publish","type":"page","link":"https:\/\/blog.uclm.es\/juanjimenez\/inicio\/libertad_catedra\/","title":{"rendered":"Libertad de C\u00e1tedra"},"content":{"rendered":"<p style=\"text-align: center\"><b>CONSTITUCI\u00d3N ESPA\u00d1OLA (1978)<\/b><\/p>\n<ul style=\"text-align: center\">\n<li>TITULO I: De los derechos y deberes fundamentales. CAP\u00cdTULO SEGUNDO: Derechos y libertades. SECCI\u00d3N 1\u00aa: De los derechos fundamentales y de las libertades p\u00fablicas: Art\u00edculo 20.1. Se reconocen y protegen los derechos: c) A la libertad de c\u00e1tedra.<\/li>\n<\/ul>\n<p style=\"text-align: center\"><b>CARTA DE DERECHOS FUNDAMENTALES DE LA UNI\u00d3N EUROPEA <\/b><strong>(2000\/C 364\/01)<\/strong><\/p>\n<ul>\n<li style=\"text-align: center\">Art\u00edculo 13; Libertad de la artes y de las ciencias: Las artes y la investigaci\u00f3n cient\u00edfica son libres. Se respeta la libertad de c\u00e1tedra.<\/li>\n<\/ul>\n<p style=\"text-align: center\"><strong>Conferencia General<\/strong><strong>\u00a0de la Organizaci\u00f3n de las Naciones Unidas para la Educaci\u00f3n, la Ciencia y la Cultura (UNESCO), <\/strong>reunida en Par\u00eds del 21 de octubre al 12 de noviembre de 1997, en su 29\u00aa reuni\u00f3n<strong>.\u00a0<\/strong>Recomendaci\u00f3n relativa a la Condici\u00f3n del Personal Docente de la Ense\u00f1anza Superior.\u00a0VI. DERECHOS Y LIBERTADES DEL PERSONAL DOCENTE DE LA ENSE\u00d1ANZA SUPERIOR. A. Derechos y libertades individuales: derechos civiles, libertad acad\u00e9mica, derechos de publicaci\u00f3n, e intercambio internacional de informaci\u00f3n<\/p>\n<ul>\n<li style=\"text-align: center\">28. El personal docente tiene derecho a ense\u00f1ar sin interferencias, con sujeci\u00f3n a los principios profesionales aceptados, entre los que se cuentan la responsabilidad profesional y el rigor intelectual inherentes a las normas y los m\u00e9todos de ense\u00f1anza. El personal docente de ense\u00f1anza superior no debe verse obligado a impartir ense\u00f1anzas que contradigan sus conocimientos y conciencia ni a aplicar planes de estudios o m\u00e9todos contrarios a las normas nacionales o internacionales de derechos humanos. Asimismo, deber\u00eda desempe\u00f1ar un papel importante en la elaboraci\u00f3n de los planes de estudios.<\/li>\n<\/ul>\n","protected":false},"excerpt":{"rendered":"<p>CONSTITUCI\u00d3N ESPA\u00d1OLA (1978) TITULO I: De los derechos y deberes fundamentales. CAP\u00cdTULO SEGUNDO: Derechos y libertades. SECCI\u00d3N 1\u00aa: De los derechos fundamentales y de las libertades p\u00fablicas: Art\u00edculo 20.1. Se reconocen y protegen los derechos: c) A la libertad de c\u00e1tedra. CARTA DE DERECHOS FUNDAMENTALES DE LA UNI\u00d3N EUROPEA (2000\/C 364\/01) Art\u00edculo 13; Libertad de [&hellip;]<\/p>\n","protected":false},"author":6,"featured_media":0,"parent":9,"menu_order":0,"comment_status":"closed","ping_status":"closed","template":"","meta":{"footnotes":""},"class_list":["post-47","page","type-page","status-publish","hentry"],"_links":{"self":[{"href":"https:\/\/blog.uclm.es\/juanjimenez\/wp-json\/wp\/v2\/pages\/47","targetHints":{"allow":["GET"]}}],"collection":[{"href":"https:\/\/blog.uclm.es\/juanjimenez\/wp-json\/wp\/v2\/pages"}],"about":[{"href":"https:\/\/blog.uclm.es\/juanjimenez\/wp-json\/wp\/v2\/types\/page"}],"author":[{"embeddable":true,"href":"https:\/\/blog.uclm.es\/juanjimenez\/wp-json\/wp\/v2\/users\/6"}],"replies":[{"embeddable":true,"href":"https:\/\/blog.uclm.es\/juanjimenez\/wp-json\/wp\/v2\/comments?post=47"}],"version-history":[{"count":7,"href":"https:\/\/blog.uclm.es\/juanjimenez\/wp-json\/wp\/v2\/pages\/47\/revisions"}],"predecessor-version":[{"id":937,"href":"https:\/\/blog.uclm.es\/juanjimenez\/wp-json\/wp\/v2\/pages\/47\/revisions\/937"}],"up":[{"embeddable":true,"href":"https:\/\/blog.uclm.es\/juanjimenez\/wp-json\/wp\/v2\/pages\/9"}],"wp:attachment":[{"href":"https:\/\/blog.uclm.es\/juanjimenez\/wp-json\/wp\/v2\/media?parent=47"}],"curies":[{"name":"wp","href":"https:\/\/api.w.org\/{rel}","templated":true}]}}