{"id":450,"date":"2019-07-03T22:52:37","date_gmt":"2019-07-03T21:52:37","guid":{"rendered":"http:\/\/blog.uclm.es\/juanjimenez\/?page_id=450"},"modified":"2026-04-13T12:31:20","modified_gmt":"2026-04-13T11:31:20","slug":"international-relations","status":"publish","type":"page","link":"https:\/\/blog.uclm.es\/juanjimenez\/international-relations\/","title":{"rendered":"International Relations"},"content":{"rendered":"<h1><strong>Iberoamerica:<\/strong><\/h1>\n<p><strong>Argentine<\/strong><\/p>\n<ul>\n<li>Universidad Cat\u00f3lica Argentina-Rosario (Agreement)<\/li>\n<li>Universidad Nacional de La Plata (Agreement)<\/li>\n<li>Universidad Nacional de Rafaela (Agreement)<\/li>\n<li>Universidad Nacional del Centro Prov. Buenos Aires (Agreement)<\/li>\n<li>Universidad Nacional del Litoral<\/li>\n<li>Universidad Nacional del Nordeste<\/li>\n<li>Universidad Provincial del Sudoeste (Agreement)<\/li>\n<\/ul>\n<p><strong>Bolivia<\/strong><\/p>\n<ul>\n<li>Universidad Andina Sim\u00f3n Bol\u00edvar<\/li>\n<li>Universidad Aut\u00f3noma Gabriel Ren\u00e9 Moreno<\/li>\n<li>Universidad Privada del Valle (Agreement; AECID Project)<\/li>\n<\/ul>\n<p><strong>Brazil<\/strong><\/p>\n<ul>\n<li>Universidade de Sao Paulo<\/li>\n<\/ul>\n<p><strong>Chile<\/strong><\/p>\n<ul>\n<li>Universidad Adolfo Ib\u00e1\u00f1ez<\/li>\n<\/ul>\n<p><strong>Mexico<\/strong><\/p>\n<ul>\n<li>Universidad Aut\u00f3noma del Estado de Hidalgo (Agreement)<\/li>\n<\/ul>\n<h1><strong>Europe:<\/strong><\/h1>\n<p><strong>\u00a0<\/strong><\/p>\n<p><strong>Cyprus<\/strong><\/p>\n<ul>\n<li>Central University of Technology (Erasmus+)<\/li>\n<li>University of Central Lancashire in Cyprus (Erasmus+)<\/li>\n<\/ul>\n<p><strong>Italia<\/strong><\/p>\n<ul>\n<li>Universit\u00e0 degli Studi di Palermo (Erasmus+)<\/li>\n<li>Universit\u00e1 degli Studi di Siena (Erasmus+)<\/li>\n<\/ul>\n<p><strong>Poland<\/strong><\/p>\n<ul>\n<li>Uniwersytet Ekonomiczny w Krakowie (Erasmus+)<\/li>\n<li>Uniwersytet L\u00f3dzki (Erasmus+)<\/li>\n<li>Uniwersytet Jagiellonski (Erasmus+)<\/li>\n<li>Uniwersytet Warszawki (Erasmus+)<\/li>\n<li>\n<p class=\"paragraph--type--tiles-variant-1__title\">Uniwersytet WSB Merito w Gda\u0144sku <em>(Erasmus+)<\/em><\/p>\n<\/li>\n<\/ul>\n<p><strong>Portugal<\/strong><\/p>\n<ul>\n<li>Universidade da Beira Interior<\/li>\n<\/ul>\n<p><strong>Slovakia<\/strong><\/p>\n<ul>\n<li>University of Presov (Erasmus+)<\/li>\n<\/ul>\n<p><strong>UK<\/strong><\/p>\n<ul>\n<li>Lancaster University<\/li>\n<\/ul>\n","protected":false},"excerpt":{"rendered":"<p>Iberoamerica: Argentine Universidad Cat\u00f3lica Argentina-Rosario (Agreement) Universidad Nacional de La Plata (Agreement) Universidad Nacional de Rafaela (Agreement) Universidad Nacional del Centro Prov. Buenos Aires (Agreement) Universidad Nacional del Litoral Universidad Nacional del Nordeste Universidad Provincial del Sudoeste (Agreement) Bolivia Universidad Andina Sim\u00f3n Bol\u00edvar Universidad Aut\u00f3noma Gabriel Ren\u00e9 Moreno Universidad Privada del Valle (Agreement; AECID Project) [&hellip;]<\/p>\n","protected":false},"author":108,"featured_media":0,"parent":0,"menu_order":0,"comment_status":"closed","ping_status":"closed","template":"page-templates\/full-width.php","meta":{"footnotes":""},"class_list":["post-450","page","type-page","status-publish","hentry"],"_links":{"self":[{"href":"https:\/\/blog.uclm.es\/juanjimenez\/wp-json\/wp\/v2\/pages\/450","targetHints":{"allow":["GET"]}}],"collection":[{"href":"https:\/\/blog.uclm.es\/juanjimenez\/wp-json\/wp\/v2\/pages"}],"about":[{"href":"https:\/\/blog.uclm.es\/juanjimenez\/wp-json\/wp\/v2\/types\/page"}],"author":[{"embeddable":true,"href":"https:\/\/blog.uclm.es\/juanjimenez\/wp-json\/wp\/v2\/users\/108"}],"replies":[{"embeddable":true,"href":"https:\/\/blog.uclm.es\/juanjimenez\/wp-json\/wp\/v2\/comments?post=450"}],"version-history":[{"count":2,"href":"https:\/\/blog.uclm.es\/juanjimenez\/wp-json\/wp\/v2\/pages\/450\/revisions"}],"predecessor-version":[{"id":1083,"href":"https:\/\/blog.uclm.es\/juanjimenez\/wp-json\/wp\/v2\/pages\/450\/revisions\/1083"}],"wp:attachment":[{"href":"https:\/\/blog.uclm.es\/juanjimenez\/wp-json\/wp\/v2\/media?parent=450"}],"curies":[{"name":"wp","href":"https:\/\/api.w.org\/{rel}","templated":true}]}}