{"id":346,"date":"2019-07-03T10:07:53","date_gmt":"2019-07-03T09:07:53","guid":{"rendered":"http:\/\/blog.uclm.es\/juanjimenez\/?page_id=346"},"modified":"2022-11-08T16:25:28","modified_gmt":"2022-11-08T15:25:28","slug":"main-website","status":"publish","type":"page","link":"https:\/\/blog.uclm.es\/juanjimenez\/main-website\/","title":{"rendered":"Main Website"},"content":{"rendered":"<p><img loading=\"lazy\" decoding=\"async\" class=\"size-thumbnail wp-image-163 aligncenter\" src=\"https:\/\/blog.uclm.es\/juanjimenez\/wp-content\/uploads\/sites\/102\/2017\/11\/Juan-J-JIMENEZ-150x150.jpg\" alt=\"\" width=\"150\" height=\"150\" \/><\/p>\n<h2 style=\"text-align: center\">JUAN J. JIM\u00c9NEZ-MORENO<\/h2>\n<p style=\"text-align: center\">Full Professor in <em>Management of Business<\/em> attached to the Department of Business Administration, assigned to the Faculty of Economy and Business in the Campus of Albacete.<\/p>\n<ul>\n<li><strong>Email:<\/strong><span style=\"color: #3366ff\"> Juan.Jimenez@uclm.es<\/span><\/li>\n<li><strong>Telephone:<\/strong> (0034) 926053300<\/li>\n<li><strong>Web:<\/strong> <span style=\"color: #3366ff\">blog.uclm.es\/juanjimenez\/<\/span><\/li>\n<li><strong>Office:<\/strong> 215 Melchor de Macanaz Building<\/li>\n<li><strong>Post mail:<\/strong>\n<ul>\n<li>Juan J. Jim\u00e9nez Moreno<\/li>\n<li>\u00c1rea de Organizaci\u00f3n de Empresas<\/li>\n<li>Facultad de Econ\u00f3micas y Empresariales<\/li>\n<li>de la Universidad, 1<\/li>\n<li>02071 Albacete (SPAIN)<\/li>\n<\/ul>\n<\/li>\n<\/ul>\n","protected":false},"excerpt":{"rendered":"<p>JUAN J. JIM\u00c9NEZ-MORENO Full Professor in Management of Business attached to the Department of Business Administration, assigned to the Faculty of Economy and Business in the Campus of Albacete. Email: Juan.Jimenez@uclm.es Telephone: (0034) 926053300 Web: blog.uclm.es\/juanjimenez\/ Office: 215 Melchor de Macanaz Building Post mail: Juan J. Jim\u00e9nez Moreno \u00c1rea de Organizaci\u00f3n de Empresas Facultad de [&hellip;]<\/p>\n","protected":false},"author":108,"featured_media":0,"parent":0,"menu_order":0,"comment_status":"closed","ping_status":"closed","template":"page-templates\/full-width.php","meta":{"footnotes":""},"class_list":["post-346","page","type-page","status-publish","hentry"],"_links":{"self":[{"href":"https:\/\/blog.uclm.es\/juanjimenez\/wp-json\/wp\/v2\/pages\/346","targetHints":{"allow":["GET"]}}],"collection":[{"href":"https:\/\/blog.uclm.es\/juanjimenez\/wp-json\/wp\/v2\/pages"}],"about":[{"href":"https:\/\/blog.uclm.es\/juanjimenez\/wp-json\/wp\/v2\/types\/page"}],"author":[{"embeddable":true,"href":"https:\/\/blog.uclm.es\/juanjimenez\/wp-json\/wp\/v2\/users\/108"}],"replies":[{"embeddable":true,"href":"https:\/\/blog.uclm.es\/juanjimenez\/wp-json\/wp\/v2\/comments?post=346"}],"version-history":[{"count":2,"href":"https:\/\/blog.uclm.es\/juanjimenez\/wp-json\/wp\/v2\/pages\/346\/revisions"}],"predecessor-version":[{"id":902,"href":"https:\/\/blog.uclm.es\/juanjimenez\/wp-json\/wp\/v2\/pages\/346\/revisions\/902"}],"wp:attachment":[{"href":"https:\/\/blog.uclm.es\/juanjimenez\/wp-json\/wp\/v2\/media?parent=346"}],"curies":[{"name":"wp","href":"https:\/\/api.w.org\/{rel}","templated":true}]}}