{"id":183,"date":"2017-11-30T13:03:14","date_gmt":"2017-11-30T12:03:14","guid":{"rendered":"http:\/\/blog.uclm.es\/juanjimenez\/?page_id=183"},"modified":"2023-01-31T23:12:46","modified_gmt":"2023-01-31T22:12:46","slug":"artisan","status":"publish","type":"page","link":"https:\/\/blog.uclm.es\/juanjimenez\/investigacion\/artisan\/","title":{"rendered":"ARTISAN"},"content":{"rendered":"<ul style=\"font-weight: 400\">\n<li>ARTISAN :\u00a0<a href=\"http:\/\/www.euartisan.eu\/\">www.euartisan.eu<\/a><\/li>\n<li>Facebook:\u00a0EUARTISAN<\/li>\n<li>Twitter:\u00a0@EU_ARTISAN<\/li>\n<li>LinkedIn:\u00a0EU ARTISAN<\/li>\n<\/ul>\n<p style=\"text-align: center\">Este proyecto ha sido financiado con el apoyo de a Comisi\u00f3n Europea en el marco del programa ERASMUS+. Esta publicaci\u00f3n expresa la opini\u00f3n de sus autores y es de su exclusiva responsabilidad. La Comisi\u00f3n Europea no se hace responsable del uso que pueda hacerse de la informaci\u00f3n contenida en el mismo<\/p>\n<p style=\"font-weight: 400;text-align: center\"><span style=\"color: #339966\"><b><u>A<\/u>spi<u>R<\/u>ing en<u>T<\/u>repreneur<u>I<\/u>aI families to<\/b><\/span><\/p>\n<p style=\"font-weight: 400;text-align: center\"><span style=\"color: #339966\"><b>perpetuate agrotourism bu<u>S<\/u>iness\u00a0<u>A<\/u>cross ge<u>N<\/u>erations<\/b><\/span><\/p>\n<p style=\"font-weight: 400;text-align: center\"><span style=\"color: #339966\"><b>Project Number\u00a0\u2013 2016-1-CY01-KA204-017335<\/b><\/span><\/p>\n<h4 style=\"text-align: right\"><strong><span style=\"color: #339966\">Empresas familiares emprendedoras en agroturismo<\/span><\/strong><br \/>\n<strong><span style=\"color: #339966\"> que aspiran\u00a0a perpetuar su cultura empresarial<\/span><\/strong><br \/>\n<strong><span style=\"color: #339966\"> entre generaciones<\/span><\/strong><\/h4>\n<p style=\"font-weight: 400;text-align: center\"><span style=\"color: #339966\"><b>\u00bfQu\u00e9 es ARTISAN?<\/b><\/span><\/p>\n<p style=\"font-weight: 400;text-align: center\">Es un proyecto orientado a atender la necesidad de muchas peque\u00f1as empresas familiares para mejorar su potencial empresarial y sus habilidades para gestionar y controlar m\u00e1s eficazmente la direcci\u00f3n de sus negocios. Est\u00e1 enfocado a apoyar la continuidad y el crecimiento de las peque\u00f1as empresas familiares de agro-turismo, mediante la mejora de las potenciales capacidades emprendedoras y empresariales\u00a0 de los miembros de las familias de estas empresas.<\/p>\n<p style=\"font-weight: 400;text-align: center\"><span style=\"color: #339966\"><b>\u00bfCu\u00e1l es objetivo?<\/b><\/span><\/p>\n<p style=\"font-weight: 400;text-align: center\">El objetivo principal del proyecto ARTISAN es desarrollar una aplicaci\u00f3n pr\u00e1ctica para el desarrollo de un programa de formaci\u00f3n (con sus herramientas y estructuras) que ayude a mejorar las capacidades y competencias empresariales a los miembros (mayores y j\u00f3venes) de las empresas familiares dedicadas al agro-turismo.<\/p>\n<p style=\"font-weight: 400;text-align: center\"><span style=\"color: #339966\"><b>\u00bfC\u00f3mo se financia?<\/b><\/span><\/p>\n<p style=\"font-weight: 400;text-align: center\">El proyecto ARTISAN est\u00e1 financiado por el programa ERASMUS+ 2016 bajo la acci\u00f3n clave titulada \u00abCooperaci\u00f3n para la innovaci\u00f3n y el intercambio de buenas pr\u00e1cticas\u00bb en la Educaci\u00f3n de adultos. El proyecto es ejecutado por 7 socios de 6 pa\u00edses distintos de la UE, (Chipre, Espa\u00f1a, Italia, Francia, Portugal y Alemania).<\/p>\n<p style=\"font-weight: 400;text-align: center\">\u00a0La duraci\u00f3n del proyecto es de 24 meses (Fecha de inicio del Proyecto: 01\/09\/2016, fecha de finalizaci\u00f3n del proyecto: 31\/08\/2018).<\/p>\n<p style=\"font-weight: 400;text-align: center\"><span style=\"color: #339966\"><b>\u00bfQui\u00e9nes lo integran?<\/b><\/span><\/p>\n<p style=\"font-weight: 400;text-align: center\">La elecci\u00f3n de los socios se hizo tras una cuidadosa consideraci\u00f3n que asegurase que el proyecto reuniera el mayor conocimiento y la mejor experiencia posible entre sus socios sobre el tema en cuesti\u00f3n.<\/p>\n<p style=\"font-weight: 400;text-align: center\">El proyecto est\u00e1 dise\u00f1ado en funci\u00f3n de las fortalezas, capacidades y competencias de los siete miembros del consorcio, de tal manera que se cree un programa empresarial pr\u00e1ctico para las empresas familiares, centr\u00e1ndose en el potencial emprendedor y empresarial transgeneracional de los miembros de las empresas familiares de un sector econ\u00f3mico y culturalmente sensible como es el agro-turismo.<\/p>\n<p style=\"font-weight: 400;text-align: center\">El proyecto se lleva a cabo en 6 pa\u00edses (Chipre, Francia, Italia, Portugal, Espa\u00f1a y Alemania) con la colaboraci\u00f3n de las 7 entidades implicadas.<\/p>\n<p style=\"font-weight: 400;text-align: center\"><span style=\"color: #339966\"><b>Socios<\/b><\/span><\/p>\n<p style=\"font-weight: 400;text-align: center\">El consorcio de socios est\u00e1 compuesto por 7 entidades de 6 pa\u00edses de la UE y est\u00e1 formado por:<\/p>\n<ul>\n<li>P1: UCLan, Chipre (Coordinador del Proyecto)<\/li>\n<li>P2: UNIVERSIDAD DE CASTILLA &#8211; LA MANCHA, Espa\u00f1a<\/li>\n<li>P3: UNIVERSITA DEGLI STUDI DI PALERMO, Italia<\/li>\n<li>P4: GrantXpert Consulting, Chipre<\/li>\n<li>P5: EDHEC BUSINESS SCHOOL, Francia<\/li>\n<li>P6: UNIVERSIDADE DA BEIRA INTERIOR, Portugal<\/li>\n<li>P7: ISOB GMBH, Alemania<\/li>\n<\/ul>\n<p style=\"font-weight: 400;text-align: center\"><span style=\"color: #339966\"><b>Equipo de la Universidad de Castilla-La Mancha<\/b><\/span><\/p>\n<ul>\n<li>Prof. Dr. D. Juan J. Jim\u00e9nez &#8211; Responsable del equipo (CU-UCLM)<\/li>\n<li>Prof\u00aa. Dra. D\u00aa. \u00c1ngela Gonz\u00e1lez Moreno (PTU-UCLM)<\/li>\n<li>Prof\u00aa. Dra. D\u00aa. M\u00aa. Gabriela Lagos Rodr\u00edguez (PTU-UCLM)<\/li>\n<li>Prof. Dr. D. Francisco J. S\u00e1ez Mart\u00ednez (PTU-UCLM)<\/li>\n<\/ul>\n<p style=\"font-weight: 400;text-align: center\"><span style=\"color: #339966\"><b>Consejo asesor del equipo de la UCLM<\/b><\/span><\/p>\n<ul>\n<li>Prof. Dr. D. Juan Antonio Mond\u00e9jar Jim\u00e9nez (PTU-UCLM)<\/li>\n<li>Prof. Dr. D. Felipe Hern\u00e1ndez Perlines (PTU-UCLM)<\/li>\n<li>D. Manuel Murcia S\u00e1nchez (Pte. AJE-AB)<\/li>\n<li>D\u00aa. M\u00aa. Isabel de Miguel Palomino (Directora AEFCLM)<\/li>\n<li>D. Pascual Parada Torralba (Consultor<em>\u00a0Startups<\/em>)<\/li>\n<li>D. Malaquias Jim\u00e9nez Ram\u00edrez (Gerente CDR La Manchuela)<\/li>\n<li>D\u00aa. Juani O\u00f1ate Cebri\u00e1n (T\u00e9cnica CEDER La Manchuela)<\/li>\n<li>D\u00aa. Encarna Arteaga Fern\u00e1ndez (Asoc. Turismo Rural La Manchuela)<\/li>\n<li>D. Rafael Fern\u00e1ndez Melgares (Gerente GAL de la Sierra del Segura)<\/li>\n<li>D. Juan \u00c1ngel Mart\u00ednez (Pte. Asoc. Turismo Rural Sierra del Segura)<\/li>\n<li>D\u00aa. M\u00aa. Bel\u00e9n Montoya Buedo (Turismo-JCCM)<\/li>\n<\/ul>\n<p style=\"font-weight: 400;text-align: center\"><span style=\"color: #339966\"><b>\u00bfQu\u00e9 resultados esperamos?<\/b><\/span><\/p>\n<ul>\n<li><strong>1.<\/strong>\u00a0Desarrollo de un\u00a0 innovador programa de formaci\u00f3n pr\u00e1ctico (en l\u00ednea y fuera de l\u00ednea) que tambi\u00e9n incluir\u00e1 un manual y una gu\u00eda de formaci\u00f3n para instructores, as\u00ed como un libro de casos pr\u00e1cticos.<\/li>\n<li><strong>2.\u00a0<\/strong>Incremento del potencial emprendedor empresarial y desarrollo de orientaciones emprendedoras empresariales que pueda alcanzar a varias generaciones dentro de la empresa familiar.<\/li>\n<li><strong>3.<\/strong>\u00a0Identificaci\u00f3n de los obst\u00e1culos, las dificultades y los problemas a los que se enfrenta el grupo de empresas familiares objetivo.<\/li>\n<li><strong>4.\u00a0<\/strong>Los participantes tendr\u00e1n la oportunidad de colaborar con otros participantes de la UE en la prueba piloto a trav\u00e9s de la plataforma web.<\/li>\n<li><strong>5.<\/strong>\u00a0Los miembros m\u00e1s j\u00f3venes de las familias adquirir\u00e1n experiencia, conocimientos y habilidades sobre pr\u00e1cticas empresariales de otras empresas familiares a trav\u00e9s de las actividades de\u00a0<em>mentorizaci\u00f3n<\/em>.<\/li>\n<li><strong>6.\u00a0<\/strong>Fomento del esp\u00edritu emprendedor para los miembros de las familias, mediante la presentaci\u00f3n de casos pr\u00e1cticos de \u00e9xito empresarial de miembros de familias de negocios de agro-turismo de los pa\u00edses participantes.<\/li>\n<li><strong>7.<\/strong>\u00a0Apoyar y estimular el intercambio de conocimientos y experiencias entre las empresas familiares de los 6 pa\u00edses de la UE participantes.<\/li>\n<\/ul>\n<p style=\"font-weight: 400;text-align: center\"><span style=\"color: #339966\"><b>\u00bfCu\u00e1les son las fases del proceso?<\/b><\/span><\/p>\n<ul>\n<li><strong>Fase A:<\/strong>\u00a0Revisi\u00f3n de la literatura especializada y de los programas existentes. Esta revisi\u00f3n implica el estudio de la situaci\u00f3n actual en aquellas \u00e1reas relevantes para el proyecto en cuesti\u00f3n.<\/li>\n<li><strong>Fase B:\u00a0<\/strong>Estudio emp\u00edrico de empresas familiares de los sectores de agro-turismo.<\/li>\n<li><strong>Fase C:<\/strong>\u00a0An\u00e1lisis de los datos primarios: An\u00e1lisis tanto de datos cualitativos como cuantitativos, para elaborar un informe que recoja los principales resultados.<\/li>\n<li><strong>Fase D:\u00a0<\/strong>Plan para formaci\u00f3n emprendedora empresarial. Basado en la revisi\u00f3n de la documentaci\u00f3n de la Fase A y el an\u00e1lisis de la fase C, se desarrollar\u00e1 un plan para la aplicaci\u00f3n\u00a0 de los programas de formaci\u00f3n en valores emprendedores y competencias empresariales.<\/li>\n<li><strong>Fase E:<\/strong>\u00a0Generaci\u00f3n y desarrollo del Material de formaci\u00f3n emprendedora-empresarial.<\/li>\n<li><strong>Fase F:\u00a0<\/strong>Desarrollo de la plataforma web.<\/li>\n<li><strong>Fase G:<\/strong>\u00a0Pruebas piloto y evaluaci\u00f3n.<\/li>\n<\/ul>\n<p style=\"font-weight: 400;text-align: center\"><span style=\"color: #339966\"><b>M\u00e1s Informaci\u00f3n: noticias y actividades<\/b><\/span><\/p>\n<ul>\n<li><a href=\"https:\/\/blog.uclm.es\/juanjimenez\/wp-content\/uploads\/sites\/102\/2017\/11\/1st-newsletter-ARTISAN-es.pdf\" target=\"_blank\" rel=\"noopener\">1er\u00a0Bolet\u00edn de noticias<\/a><\/li>\n<\/ul>\n<p style=\"font-weight: 400\">Enlaces de inter\u00e9s<\/p>\n<p>Visite los enlaces relacionados con nuestro objeto de estudio:<\/p>\n<ul>\n<li><a href=\"http:\/\/ceres-ecotur.com\/\">http:\/\/ceres-ecotur.com\/<\/a><\/li>\n<li><a href=\"http:\/\/www.agroturismosnavarra.com\/en\/\">http:\/\/www.agroturismosnavarra.com\/en\/<\/a><\/li>\n<li><a href=\"http:\/\/www.rusticbooking.com\/en\/farmhouses\/mallorca\">http:\/\/www.rusticbooking.com\/en\/farmhouses\/mallorca<\/a><\/li>\n<li><a href=\"http:\/\/www.tourspain.es\/en-us\/paginas\/index.aspx\">http:\/\/www.tourspain.es\/en-us\/paginas\/index.aspx<\/a><\/li>\n<\/ul>\n<p style=\"font-weight: 400;text-align: center\"><span style=\"color: #339966\"><b>S\u00edguenos en redes sociales<\/b><\/span><\/p>\n<p style=\"font-weight: 400;text-align: center\">Si desea recibir informaci\u00f3n actualizada sobre el progreso de nuestro proyecto, art\u00edculos de inter\u00e9s sobre directivas y pol\u00edticas de la UE sobre temas de emprendimiento en las empresas familiares y agroturismo, s\u00edganos en:<\/p>\n<ul style=\"font-weight: 400\">\n<li>Nuestro sitio\u00a0<strong>Web<\/strong>\u00a0ARTISAN:\u00a0<a href=\"http:\/\/www.euartisan.eu\/\">www.euartisan.eu<\/a><\/li>\n<li>Nuestra p\u00e1gina de\u00a0<strong>Facebook<\/strong>:\u00a0EUARTISAN<\/li>\n<li>Nuestra cuenta de\u00a0<strong>Twitter:<\/strong>\u00a0@EU_ARTISAN<\/li>\n<li>Nuestro grupo de\u00a0<strong>LinkedIn<\/strong>:\u00a0EU ARTISAN<\/li>\n<\/ul>\n<p style=\"font-weight: 400;text-align: center\"><span style=\"color: #339966\"><b>Contacto<\/b><\/span><\/p>\n<p style=\"font-weight: 400;text-align: center\">Para m\u00e1s informaci\u00f3n sobre ARTISAN, p\u00f3ngase en contacto con el responsable del Proyecto ARTISAN para Espa\u00f1a: \u00a0<a href=\"mailto:Juan.Jimenez@uclm.es\">Juan.Jimenez@uclm.es<\/a><\/p>\n<p style=\"font-weight: 400;text-align: center\">\n","protected":false},"excerpt":{"rendered":"<p>ARTISAN :\u00a0www.euartisan.eu Facebook:\u00a0EUARTISAN Twitter:\u00a0@EU_ARTISAN LinkedIn:\u00a0EU ARTISAN Este proyecto ha sido financiado con el apoyo de a Comisi\u00f3n Europea en el marco del programa ERASMUS+. Esta publicaci\u00f3n expresa la opini\u00f3n de sus autores y es de su exclusiva responsabilidad. La Comisi\u00f3n Europea no se hace responsable del uso que pueda hacerse de la informaci\u00f3n contenida en [&hellip;]<\/p>\n","protected":false},"author":6,"featured_media":0,"parent":67,"menu_order":0,"comment_status":"closed","ping_status":"closed","template":"","meta":{"footnotes":""},"class_list":["post-183","page","type-page","status-publish","hentry"],"_links":{"self":[{"href":"https:\/\/blog.uclm.es\/juanjimenez\/wp-json\/wp\/v2\/pages\/183","targetHints":{"allow":["GET"]}}],"collection":[{"href":"https:\/\/blog.uclm.es\/juanjimenez\/wp-json\/wp\/v2\/pages"}],"about":[{"href":"https:\/\/blog.uclm.es\/juanjimenez\/wp-json\/wp\/v2\/types\/page"}],"author":[{"embeddable":true,"href":"https:\/\/blog.uclm.es\/juanjimenez\/wp-json\/wp\/v2\/users\/6"}],"replies":[{"embeddable":true,"href":"https:\/\/blog.uclm.es\/juanjimenez\/wp-json\/wp\/v2\/comments?post=183"}],"version-history":[{"count":3,"href":"https:\/\/blog.uclm.es\/juanjimenez\/wp-json\/wp\/v2\/pages\/183\/revisions"}],"predecessor-version":[{"id":982,"href":"https:\/\/blog.uclm.es\/juanjimenez\/wp-json\/wp\/v2\/pages\/183\/revisions\/982"}],"up":[{"embeddable":true,"href":"https:\/\/blog.uclm.es\/juanjimenez\/wp-json\/wp\/v2\/pages\/67"}],"wp:attachment":[{"href":"https:\/\/blog.uclm.es\/juanjimenez\/wp-json\/wp\/v2\/media?parent=183"}],"curies":[{"name":"wp","href":"https:\/\/api.w.org\/{rel}","templated":true}]}}