{"id":146,"date":"2017-11-16T13:07:30","date_gmt":"2017-11-16T12:07:30","guid":{"rendered":"http:\/\/blog.uclm.es\/juanjimenez\/?page_id=146"},"modified":"2022-11-04T11:46:34","modified_gmt":"2022-11-04T10:46:34","slug":"actividades","status":"publish","type":"page","link":"https:\/\/blog.uclm.es\/juanjimenez\/actividades\/","title":{"rendered":"Actividades"},"content":{"rendered":"<p><strong>Actividades virtuales<\/strong><\/p>\n<p style=\"padding-left: 80px\"><strong>\u00a0&#8211; XXI Seminario virtual de especializaci\u00f3n en ESTRATEGIA<\/strong><\/p>\n<p style=\"padding-left: 80px\"><span style=\"color: #000080\"><strong>Pin Fa \u00abEl arte de la guerra: del campo de batalla al mundo empresarial\u00bb<\/strong><\/span><\/p>\n<p style=\"text-align: center\"><em>Aprende estrategia leyendo un cl\u00e1sico<\/em><\/p>\n<p style=\"text-align: justify\"><em>Pin Fa <\/em>es un cl\u00e1sico en la literatura sobre Direcci\u00f3n de Empresas. Es un tratado, del siglo V a.C., sobre el \u201carte\u201d de la guerra, atribuido al general chino Sun Tzu. Recoge, a lo largo de 13 breves cap\u00edtulos, la filosof\u00eda que debe inspirar toda actuaci\u00f3n en este \u00e1mbito, sustentada en principios b\u00e1sicos como:\u00a0<em>La mejor victoria es la que se obtiene sin combatir.<\/em><\/p>\n<p style=\"text-align: justify\">2.500 a\u00f1os despu\u00e9s el texto sigue teniendo validez, para plantear y resolver situaciones de conflicto en la que est\u00e1n en juego objetivos, recursos, competidores, amenazas, oportunidades, estrategias y t\u00e1cticas.<\/p>\n<p><strong>Actividades semipresenciales<\/strong><\/p>\n<p><strong>Actividades presenciales<\/strong><\/p>\n<p><strong>Actividades de cursos anteriores<\/strong><\/p>\n<ul>\n<li>2020-2021<\/li>\n<li><a href=\"http:\/\/blog.uclm.es\/juanjimenez\/actividades\/otras-actividades\/\" target=\"_blank\" rel=\"noopener\">2019-2020<\/a><\/li>\n<\/ul>\n","protected":false},"excerpt":{"rendered":"<p>Actividades virtuales \u00a0&#8211; XXI Seminario virtual de especializaci\u00f3n en ESTRATEGIA Pin Fa \u00abEl arte de la guerra: del campo de batalla al mundo empresarial\u00bb Aprende estrategia leyendo un cl\u00e1sico Pin Fa es un cl\u00e1sico en la literatura sobre Direcci\u00f3n de Empresas. Es un tratado, del siglo V a.C., sobre el \u201carte\u201d de la guerra, atribuido [&hellip;]<\/p>\n","protected":false},"author":6,"featured_media":0,"parent":0,"menu_order":0,"comment_status":"closed","ping_status":"closed","template":"page-templates\/full-width.php","meta":{"footnotes":""},"class_list":["post-146","page","type-page","status-publish","hentry"],"_links":{"self":[{"href":"https:\/\/blog.uclm.es\/juanjimenez\/wp-json\/wp\/v2\/pages\/146","targetHints":{"allow":["GET"]}}],"collection":[{"href":"https:\/\/blog.uclm.es\/juanjimenez\/wp-json\/wp\/v2\/pages"}],"about":[{"href":"https:\/\/blog.uclm.es\/juanjimenez\/wp-json\/wp\/v2\/types\/page"}],"author":[{"embeddable":true,"href":"https:\/\/blog.uclm.es\/juanjimenez\/wp-json\/wp\/v2\/users\/6"}],"replies":[{"embeddable":true,"href":"https:\/\/blog.uclm.es\/juanjimenez\/wp-json\/wp\/v2\/comments?post=146"}],"version-history":[{"count":1,"href":"https:\/\/blog.uclm.es\/juanjimenez\/wp-json\/wp\/v2\/pages\/146\/revisions"}],"predecessor-version":[{"id":893,"href":"https:\/\/blog.uclm.es\/juanjimenez\/wp-json\/wp\/v2\/pages\/146\/revisions\/893"}],"wp:attachment":[{"href":"https:\/\/blog.uclm.es\/juanjimenez\/wp-json\/wp\/v2\/media?parent=146"}],"curies":[{"name":"wp","href":"https:\/\/api.w.org\/{rel}","templated":true}]}}