{"id":121,"date":"2017-11-16T12:37:14","date_gmt":"2017-11-16T11:37:14","guid":{"rendered":"http:\/\/blog.uclm.es\/juanjimenez\/?page_id=121"},"modified":"2023-01-31T23:14:49","modified_gmt":"2023-01-31T22:14:49","slug":"global-university-entrepreneurial-spirit-students-survey-castilla-la-mancha","status":"publish","type":"page","link":"https:\/\/blog.uclm.es\/juanjimenez\/investigacion\/global-university-entrepreneurial-spirit-students-survey-castilla-la-mancha\/","title":{"rendered":"GLOBAL UNIVERSITY ENTREPRENEURIAL SPIRIT STUDENTS&#8217; SURVEY CASTILLA-LA MANCHA"},"content":{"rendered":"<ul>\n<li><b>Guesss C-LM<\/b><\/li>\n<li><a href=\"http:\/\/www.guesssurvey.org\/index.html\" target=\"_blank\" rel=\"noopener\"><b>Guesss\u00a0Global<\/b><\/a><\/li>\n<li><a href=\"http:\/\/blog.uclm.es\/juanjimenez\/investigacion\/global-university-entrepreneurial-spirit-students-survey-castilla-la-mancha\/equipo\/\"><b>Equipo<\/b><\/a><\/li>\n<li><a href=\"http:\/\/blog.uclm.es\/juanjimenez\/investigacion\/global-university-entrepreneurial-spirit-students-survey-castilla-la-mancha\/informes\/\"><b>Informes<\/b><\/a><\/li>\n<li><a href=\"http:\/\/blog.uclm.es\/juanjimenez\/\"><b>Contacto<\/b><\/a><\/li>\n<\/ul>\n<p><b>\u00bfQu\u00e9 es GUESSS?<\/b><\/p>\n<p style=\"text-align: center\">GUESSS es el acr\u00f3nimo de\u00a0<em>Global University Entrepreneurial Spirit Students\u2018 Survey<\/em>. Es un proyecto de investigaci\u00f3n sobre el contexto de la iniciativa emprendedora. Su prop\u00f3sito es conocer la intenci\u00f3n emprendedora de los estudiantes universitarios, haciendo posible su comparaci\u00f3n geogr\u00e1fica y temporal.<\/p>\n<p style=\"text-align: center\">La instituci\u00f3n l\u00edder del proyecto es el\u00a0<em>Swiss Institute for Small Business and Entrepreneurship<\/em>\u00a0de la University of St. Gallen (KMU-HSG), en Suiza. El proyecto est\u00e1 dirigido por el Prof. Dr. Urs Fueglistaller, asistido por el Prof. Dr. Thomas Zellweger, el Dr. Frank Halter y el Prof. Norris Krueger. El responsable del proyecto es el Dr. Philipp Sieger, Assistant Professor del\u00a0<em>Center for family Business<\/em>\u00a0de la HSG.<\/p>\n<p style=\"text-align: center\">La primera encuesta se realiz\u00f3 en 2003. La encuesta se realiza cada dos a\u00f1os, mediante un cuestionario en l\u00ednea, cuyo eje principal son preguntas panel que se repiten en cada encuesta internacional y preguntas espec\u00edficas de cada pa\u00eds. La comunicaci\u00f3n con los estudiantes se establece a trav\u00e9s de un v\u00ednculo al cuestionario, los datos se procesan de forma an\u00f3nima y se garantiza la confidencialidad.<\/p>\n<p>La dimensi\u00f3n del proyecto ha crecido de manera constante en los \u00faltimos a\u00f1os, con la incorporaci\u00f3n de nuevos pa\u00edses. En la \u00faltima edici\u00f3n han participado 34\u00a0 pa\u00edses.<\/p>\n<p style=\"text-align: center\">Los resultados se publican bajo el formato de un informe internacional, informes nacionales y otros medios de difusi\u00f3n como ponencias en congresos, seminarios, art\u00edculos en revistas cient\u00edficas y otras publicaciones.<\/p>\n<p><strong>Objetivos del proyecto<\/strong><\/p>\n<p style=\"text-align: center\">El proyecto permite verificar y explicar la intenci\u00f3n emprendedora de los estudiantes universitarios desde diferentes niveles de an\u00e1lisis (individual, proceso, eficacia macroecon\u00f3mica, etc.). Tambi\u00e9n es posible conocer la calidad de las nuevas empresas creadas (empleo, volumen de negocio, etc.). Por otro lado, permite generar modelos de investigaci\u00f3n y verificar los existentes.<\/p>\n<p><strong>Para los pa\u00edses participantes<\/strong><\/p>\n<p style=\"text-align: center\">Permite a los responsables de los diferentes pa\u00edses conocer el esp\u00edritu emprendedor\u00a0 de sus estudiantes\u00a0 y su intenci\u00f3n de ser empresarios, as\u00ed como los obst\u00e1culos y las dificultades percibidas, de modo que se pueden derivar importantes recomendaciones para la toma de decisiones para orientar pol\u00edticas y programas de promoci\u00f3n de valores emprendedores. GUESSS ofrece la posibilidad de incluir en su propia encuesta preguntas espec\u00edficas para cada pa\u00eds. Los datos nacionales est\u00e1n disponibles para los representantes de cada pa\u00eds una vez realizada su encuesta y pueden utilizarse para su explotaci\u00f3n y difusi\u00f3n. Dos a\u00f1os despu\u00e9s tendr\u00e1n tambi\u00e9n acceso a los datos internacionales.<\/p>\n<p><b>\u00a0Para las Universidades<\/b><\/p>\n<p style=\"text-align: center\">Como estudio de panel, permiten conocer la evoluci\u00f3n de los efectos de la educaci\u00f3n emprendedora recibida, a largo plazo y ayudar a las Universidades a aplicar pol\u00edticas activas de promoci\u00f3n de cultura emprendedora y ayuda a la creaci\u00f3n de empresas por universitarios.<\/p>\n<p><b>Para la comunidad cient\u00edfica<\/b><\/p>\n<p>GUESSS permite la comparaci\u00f3n internacional de los resultados.<\/p>\n","protected":false},"excerpt":{"rendered":"<p>Guesss C-LM Guesss\u00a0Global Equipo Informes Contacto \u00bfQu\u00e9 es GUESSS? GUESSS es el acr\u00f3nimo de\u00a0Global University Entrepreneurial Spirit Students\u2018 Survey. Es un proyecto de investigaci\u00f3n sobre el contexto de la iniciativa emprendedora. Su prop\u00f3sito es conocer la intenci\u00f3n emprendedora de los estudiantes universitarios, haciendo posible su comparaci\u00f3n geogr\u00e1fica y temporal. La instituci\u00f3n l\u00edder del proyecto es [&hellip;]<\/p>\n","protected":false},"author":6,"featured_media":0,"parent":67,"menu_order":0,"comment_status":"closed","ping_status":"closed","template":"","meta":{"footnotes":""},"class_list":["post-121","page","type-page","status-publish","hentry"],"_links":{"self":[{"href":"https:\/\/blog.uclm.es\/juanjimenez\/wp-json\/wp\/v2\/pages\/121","targetHints":{"allow":["GET"]}}],"collection":[{"href":"https:\/\/blog.uclm.es\/juanjimenez\/wp-json\/wp\/v2\/pages"}],"about":[{"href":"https:\/\/blog.uclm.es\/juanjimenez\/wp-json\/wp\/v2\/types\/page"}],"author":[{"embeddable":true,"href":"https:\/\/blog.uclm.es\/juanjimenez\/wp-json\/wp\/v2\/users\/6"}],"replies":[{"embeddable":true,"href":"https:\/\/blog.uclm.es\/juanjimenez\/wp-json\/wp\/v2\/comments?post=121"}],"version-history":[{"count":1,"href":"https:\/\/blog.uclm.es\/juanjimenez\/wp-json\/wp\/v2\/pages\/121\/revisions"}],"predecessor-version":[{"id":985,"href":"https:\/\/blog.uclm.es\/juanjimenez\/wp-json\/wp\/v2\/pages\/121\/revisions\/985"}],"up":[{"embeddable":true,"href":"https:\/\/blog.uclm.es\/juanjimenez\/wp-json\/wp\/v2\/pages\/67"}],"wp:attachment":[{"href":"https:\/\/blog.uclm.es\/juanjimenez\/wp-json\/wp\/v2\/media?parent=121"}],"curies":[{"name":"wp","href":"https:\/\/api.w.org\/{rel}","templated":true}]}}