{"id":23,"date":"2017-09-17T19:06:42","date_gmt":"2017-09-17T18:06:42","guid":{"rendered":"http:\/\/blog.uclm.es\/juanablanco\/?page_id=23"},"modified":"2017-09-17T19:06:42","modified_gmt":"2017-09-17T18:06:42","slug":"sobre-mis-grupos-de-investigacion","status":"publish","type":"page","link":"https:\/\/blog.uclm.es\/juanablanco\/sobre-mis-grupos-de-investigacion\/","title":{"rendered":"Sobre mis Grupos de Investigaci\u00f3n"},"content":{"rendered":"<p><img loading=\"lazy\" decoding=\"async\" class=\"alignnone size-medium wp-image-24\" src=\"https:\/\/blog.uclm.es\/juanablanco\/wp-content\/uploads\/sites\/60\/2017\/09\/FORMULE-300x225.jpg\" alt=\"\" width=\"300\" height=\"225\" srcset=\"https:\/\/blog.uclm.es\/juanablanco\/wp-content\/uploads\/sites\/60\/2017\/09\/FORMULE-300x225.jpg 300w, https:\/\/blog.uclm.es\/juanablanco\/wp-content\/uploads\/sites\/60\/2017\/09\/FORMULE-1024x768.jpg 1024w, https:\/\/blog.uclm.es\/juanablanco\/wp-content\/uploads\/sites\/60\/2017\/09\/FORMULE-768x576.jpg 768w, https:\/\/blog.uclm.es\/juanablanco\/wp-content\/uploads\/sites\/60\/2017\/09\/FORMULE.jpg 1097w\" sizes=\"auto, (max-width: 300px) 100vw, 300px\" \/><\/p>\n<p><strong>Grupo ForMuLE (Foro de Multiling\u00fcismo, Literacidad y Educaci\u00f3n)<\/strong><\/p>\n<p>Surge en 2011 como un foro para la reflexi\u00f3n e investigaci\u00f3n sobre la ense\u00f1anza-aprendizaje de lenguas y la alfabetizaci\u00f3n multimodal. Su finalidad es promover un debate en torno a la consideraci\u00f3n de la competencia en comunicaci\u00f3n ling\u00fc\u00edstica en el s.XXI y la manera en que deber\u00eda ser abordado su tratamiento en los diferentes niveles educativos desde la perspectiva de la educaci\u00f3n ling\u00fc\u00edstica del profesorado. M\u00e1s informaci\u00f3n en <a href=\"http:\/\/formule.es\/\">http:\/\/formule.es\/<\/a><\/p>\n<p>&nbsp;<\/p>\n","protected":false},"excerpt":{"rendered":"<p>Grupo ForMuLE (Foro de Multiling\u00fcismo, Literacidad y Educaci\u00f3n) Surge en 2011 como un foro para la reflexi\u00f3n e investigaci\u00f3n sobre la ense\u00f1anza-aprendizaje de lenguas y la alfabetizaci\u00f3n multimodal. Su finalidad es promover un debate en torno a la consideraci\u00f3n de la competencia en comunicaci\u00f3n ling\u00fc\u00edstica en el s.XXI y la manera en que deber\u00eda ser &hellip; <\/p>\n<p class=\"link-more\"><a href=\"https:\/\/blog.uclm.es\/juanablanco\/sobre-mis-grupos-de-investigacion\/\" class=\"more-link\">Continuar leyendo<span class=\"screen-reader-text\"> \u00abSobre mis Grupos de Investigaci\u00f3n\u00bb<\/span><\/a><\/p>\n","protected":false},"author":100,"featured_media":0,"parent":0,"menu_order":0,"comment_status":"closed","ping_status":"closed","template":"","meta":{"footnotes":""},"class_list":["post-23","page","type-page","status-publish","hentry"],"_links":{"self":[{"href":"https:\/\/blog.uclm.es\/juanablanco\/wp-json\/wp\/v2\/pages\/23","targetHints":{"allow":["GET"]}}],"collection":[{"href":"https:\/\/blog.uclm.es\/juanablanco\/wp-json\/wp\/v2\/pages"}],"about":[{"href":"https:\/\/blog.uclm.es\/juanablanco\/wp-json\/wp\/v2\/types\/page"}],"author":[{"embeddable":true,"href":"https:\/\/blog.uclm.es\/juanablanco\/wp-json\/wp\/v2\/users\/100"}],"replies":[{"embeddable":true,"href":"https:\/\/blog.uclm.es\/juanablanco\/wp-json\/wp\/v2\/comments?post=23"}],"version-history":[{"count":0,"href":"https:\/\/blog.uclm.es\/juanablanco\/wp-json\/wp\/v2\/pages\/23\/revisions"}],"wp:attachment":[{"href":"https:\/\/blog.uclm.es\/juanablanco\/wp-json\/wp\/v2\/media?parent=23"}],"curies":[{"name":"wp","href":"https:\/\/api.w.org\/{rel}","templated":true}]}}