{"id":15,"date":"2017-09-17T18:42:04","date_gmt":"2017-09-17T17:42:04","guid":{"rendered":"http:\/\/blog.uclm.es\/juanablanco\/?page_id=15"},"modified":"2017-09-17T18:42:04","modified_gmt":"2017-09-17T17:42:04","slug":"prof-juana-blanco","status":"publish","type":"page","link":"https:\/\/blog.uclm.es\/juanablanco\/prof-juana-blanco\/","title":{"rendered":"Sobre Juana Blanco"},"content":{"rendered":"<p><img loading=\"lazy\" decoding=\"async\" class=\"alignnone size-full wp-image-16\" src=\"https:\/\/blog.uclm.es\/juanablanco\/wp-content\/uploads\/sites\/60\/2017\/09\/FOTO.jpg\" alt=\"\" width=\"216\" height=\"291\" \/><\/p>\n<p>Juana Mar\u00eda Blanco es Jefa de Estudios y miembro del equipo docente del programa Espa\u00f1ol en Toledo, adscrito a la Fundaci\u00f3n de la Universidad de Castilla-La Mancha, actividad que compagina con la docencia universitaria como Profesor Asociado en la Facultad de Educaci\u00f3n de Toledo (UCLM), en el Departamento de Filolog\u00eda Hisp\u00e1nica y Cl\u00e1sica. Su formaci\u00f3n acad\u00e9mica incluye la Licenciatura en Filolog\u00eda Hisp\u00e1nica por la Universidad de Castilla-La Mancha (2000-2005), el Mag\u00edster en Formaci\u00f3n de Profesores especialistas en la ense\u00f1anza del espa\u00f1ol como lengua extranjera por la Universidad Complutense de Madrid (2006) y el Diploma en Estudios Avanzados en Ling\u00fc\u00edstica General por la Universidad de Castilla-La Mancha (2012). Actualmente cursa el Programa de doctorado en Educaci\u00f3n de la UCM en la l\u00ednea de investigaci\u00f3n de Did\u00e1ctica de la Lengua espa\u00f1ola bajo la tutorizaci\u00f3n de la Dra. Isabel Garc\u00eda Parejo. Su trayectoria docente e investigadora se inscribe en el \u00e1mbito de la Ling\u00fc\u00edstica Aplicada a la ense\u00f1anza del espa\u00f1ol como L1 y LE\/L2. Sus \u00e1reas de investigaci\u00f3n son la alfabetizaci\u00f3n acad\u00e9mica y la ense\u00f1anza del espa\u00f1ol como segunda lengua en contextos escolares multiling\u00fces. En este marco, ha desarrollado actividades de formaci\u00f3n espec\u00edficas en la Facultad de Educaci\u00f3n de Toledo, en distintos cursos del Instituto Cervantes y en el M\u00e1ster de E\/LE de la UCLM. Ha publicado materiales did\u00e1cticos de ense\u00f1anza de E\/LE y art\u00edculos de investigaci\u00f3n sobre el tema de la alfabetizaci\u00f3n en espa\u00f1ol como L2 contextos escolares multiling\u00fces.<\/p>\n<p>Juana Mar\u00eda Blanco is the Head of Studies and a current member of Espa\u00f1ol en Toledo program teaching staff, adscribed to University of Castilla-La Mancha Foundation. She is also Adjunct Professor in The Faculty of Education in Toledo (UCLM), as part of the Hispanic and Classics Philology Department. Her academic training includes a Degree in Hispanic Philology from University of Castilla-La Mancha (2000-2005), a Master\u00b4s degree in Spanish as a Foreign Language Teacher Training from Universidad Complutense (2006) and a Diploma of Advanced Studies in General Linguistics from University of Castilla-La Mancha (2012). She is currently taking the PhD Education Program specialized in Didactics of Spanish Language in Universidad Complutense under the mentorship of Ph.D. Isabel Garc\u00eda Parejo. Her teaching and research career is related to Applied Linguistics in the field of teaching spanish as a first and second language, specially focused in academic literacy and multilingual school contexts. She has developed specific teacher training activities in many institutions, as The Faculty of Education in Toledo, Instituto Cervantes and the Spanish as a Foreign Language Master\u00b4s Degree of UCLM. She has published instructional materials on this topic and research papers about spanish as a second language early literacy in multilingual school contexts.<\/p>\n","protected":false},"excerpt":{"rendered":"<p>Juana Mar\u00eda Blanco es Jefa de Estudios y miembro del equipo docente del programa Espa\u00f1ol en Toledo, adscrito a la Fundaci\u00f3n de la Universidad de Castilla-La Mancha, actividad que compagina con la docencia universitaria como Profesor Asociado en la Facultad de Educaci\u00f3n de Toledo (UCLM), en el Departamento de Filolog\u00eda Hisp\u00e1nica y Cl\u00e1sica. Su formaci\u00f3n &hellip; <\/p>\n<p class=\"link-more\"><a href=\"https:\/\/blog.uclm.es\/juanablanco\/prof-juana-blanco\/\" class=\"more-link\">Continuar leyendo<span class=\"screen-reader-text\"> \u00abSobre Juana Blanco\u00bb<\/span><\/a><\/p>\n","protected":false},"author":100,"featured_media":0,"parent":0,"menu_order":0,"comment_status":"closed","ping_status":"closed","template":"","meta":{"footnotes":""},"class_list":["post-15","page","type-page","status-publish","hentry"],"_links":{"self":[{"href":"https:\/\/blog.uclm.es\/juanablanco\/wp-json\/wp\/v2\/pages\/15","targetHints":{"allow":["GET"]}}],"collection":[{"href":"https:\/\/blog.uclm.es\/juanablanco\/wp-json\/wp\/v2\/pages"}],"about":[{"href":"https:\/\/blog.uclm.es\/juanablanco\/wp-json\/wp\/v2\/types\/page"}],"author":[{"embeddable":true,"href":"https:\/\/blog.uclm.es\/juanablanco\/wp-json\/wp\/v2\/users\/100"}],"replies":[{"embeddable":true,"href":"https:\/\/blog.uclm.es\/juanablanco\/wp-json\/wp\/v2\/comments?post=15"}],"version-history":[{"count":0,"href":"https:\/\/blog.uclm.es\/juanablanco\/wp-json\/wp\/v2\/pages\/15\/revisions"}],"wp:attachment":[{"href":"https:\/\/blog.uclm.es\/juanablanco\/wp-json\/wp\/v2\/media?parent=15"}],"curies":[{"name":"wp","href":"https:\/\/api.w.org\/{rel}","templated":true}]}}