{"id":342,"date":"2012-12-21T17:58:46","date_gmt":"2012-12-21T17:58:46","guid":{"rendered":"http:\/\/blog.uclm.es\/josevalverde\/?page_id=2"},"modified":"2023-01-13T09:56:12","modified_gmt":"2023-01-13T08:56:12","slug":"inicio","status":"publish","type":"page","link":"https:\/\/blog.uclm.es\/josevalverde\/","title":{"rendered":"Inicio\\Home"},"content":{"rendered":"\n<p>Bienvenidos al blog personal de Jose C. Valverde, profesor del Departamento de Matem\u00e1ticas de la Universidad de Castilla-La Mancha.<br>En las distintas secciones de la p\u00e1gina web puede encontrarse informaci\u00f3n actualizada en relaci\u00f3n a mis actividades de docencia e investigaci\u00f3n, as\u00ed como enlaces que considero de inter\u00e9s.<br>\\<br>Welcome to the personal blog of Jose C. Valverde Professor of the Department of Mathematics at the University of Castilla-La Mancha.<br>In the different sections of this website, information related to my activities of teaching and research, as well as links of interest, can be find.<\/p>\n\n\n\n<p><strong>Contact<\/strong><\/p>\n\n\n\n<p>Prof. Jose C. Valverde\n<br>Institute of Applied Mathematics in Science and Engineering\n<br>Department of Mathematics\n<br>University of Castilla-La Mancha\n<br>02071-Albacete\n<br>SPAIN\n<\/p>\n\n\n\n<p>Tel.: +34902204100 <br>Fax: +34902204130 <br>E-mail: <a href=\"mailto:jose.valverde@uclm.es\">jose.valverde@uclm.es<\/a> <br><a rel=\"noreferrer noopener\" href=\"https:\/\/orcid.org\/0000-0002-3214-9606\" target=\"_blank\"><img decoding=\"async\" style=\"width: 1em;margin-right: .5em\" src=\"https:\/\/orcid.org\/sites\/default\/files\/images\/orcid_16x16.png\" alt=\"ORCID iD icon\">orcid.org\/0000-0002-3214-9606<\/a> <\/p>\n","protected":false},"excerpt":{"rendered":"<p>Bienvenidos al blog personal de Jose C. Valverde, profesor del Departamento de Matem\u00e1ticas de la Universidad de Castilla-La Mancha.En las distintas secciones de la p\u00e1gina web puede encontrarse informaci\u00f3n actualizada en relaci\u00f3n a mis actividades de docencia e investigaci\u00f3n, as\u00ed como enlaces que considero de inter\u00e9s.\\Welcome to the personal blog of Jose C. Valverde Professor [&hellip;]<\/p>\n","protected":false},"author":16,"featured_media":0,"parent":0,"menu_order":0,"comment_status":"closed","ping_status":"open","template":"","meta":{"footnotes":""},"class_list":["post-342","page","type-page","status-publish","hentry"],"_links":{"self":[{"href":"https:\/\/blog.uclm.es\/josevalverde\/wp-json\/wp\/v2\/pages\/342","targetHints":{"allow":["GET"]}}],"collection":[{"href":"https:\/\/blog.uclm.es\/josevalverde\/wp-json\/wp\/v2\/pages"}],"about":[{"href":"https:\/\/blog.uclm.es\/josevalverde\/wp-json\/wp\/v2\/types\/page"}],"author":[{"embeddable":true,"href":"https:\/\/blog.uclm.es\/josevalverde\/wp-json\/wp\/v2\/users\/16"}],"replies":[{"embeddable":true,"href":"https:\/\/blog.uclm.es\/josevalverde\/wp-json\/wp\/v2\/comments?post=342"}],"version-history":[{"count":1,"href":"https:\/\/blog.uclm.es\/josevalverde\/wp-json\/wp\/v2\/pages\/342\/revisions"}],"predecessor-version":[{"id":520,"href":"https:\/\/blog.uclm.es\/josevalverde\/wp-json\/wp\/v2\/pages\/342\/revisions\/520"}],"wp:attachment":[{"href":"https:\/\/blog.uclm.es\/josevalverde\/wp-json\/wp\/v2\/media?parent=342"}],"curies":[{"name":"wp","href":"https:\/\/api.w.org\/{rel}","templated":true}]}}