{"id":5,"date":"2020-05-22T11:33:04","date_gmt":"2020-05-22T10:33:04","guid":{"rendered":"http:\/\/blog.uclm.es\/josetejero\/?page_id=5"},"modified":"2022-12-02T13:50:20","modified_gmt":"2022-12-02T12:50:20","slug":"inicio","status":"publish","type":"page","link":"https:\/\/blog.uclm.es\/josetejero\/","title":{"rendered":"Inicio"},"content":{"rendered":"<p>Bienvenidos a mi p\u00e1gina como Profesor del \u00c1rea de Mec\u00e1nica de los Medios Continuos y Teor\u00eda de las Estructuras, dentro del Departamento de Mec\u00e1nica Aplicada e Ingenier\u00eda de Proyectos, en la Escuela de Ingenier\u00eda Minera e Industrial de Almad\u00e9n de la Universidad de Castilla-La Mancha.<\/p>\n<p>En esta p\u00e1gina podr\u00e1s encontrar informaci\u00f3n sobre programas, bibliograf\u00eda, laboratorios, noticias, etc., relacionadas con las asignaturas que imparto dentro de este \u00c1rea de Conocimiento, as\u00ed como algunos datos sobre mi investigaci\u00f3n.<\/p>\n\n\n<div class=\"wp-block-columns is-layout-flex wp-container-core-columns-is-layout-9d6595d7 wp-block-columns-is-layout-flex\">\n<div class=\"wp-block-column is-layout-flow wp-block-column-is-layout-flow\">\n<figure class=\"wp-block-image size-full is-resized\"><img loading=\"lazy\" decoding=\"async\" src=\"https:\/\/blog.uclm.es\/josetejero\/wp-content\/uploads\/sites\/166\/2020\/05\/image4951.jpg\" alt=\"\" class=\"wp-image-48\" width=\"253\" height=\"170\" srcset=\"https:\/\/blog.uclm.es\/josetejero\/wp-content\/uploads\/sites\/166\/2020\/05\/image4951.jpg 365w, https:\/\/blog.uclm.es\/josetejero\/wp-content\/uploads\/sites\/166\/2020\/05\/image4951-300x202.jpg 300w\" sizes=\"auto, (max-width: 253px) 100vw, 253px\" \/><\/figure>\n<\/div>\n\n\n\n<div class=\"wp-block-column is-layout-flow wp-block-column-is-layout-flow\">\n<figure class=\"wp-block-image size-full is-resized\"><img loading=\"lazy\" decoding=\"async\" src=\"https:\/\/blog.uclm.es\/josetejero\/wp-content\/uploads\/sites\/166\/2022\/12\/image7231.jpg\" alt=\"\" class=\"wp-image-389\" width=\"222\" height=\"171\" srcset=\"https:\/\/blog.uclm.es\/josetejero\/wp-content\/uploads\/sites\/166\/2022\/12\/image7231.jpg 320w, https:\/\/blog.uclm.es\/josetejero\/wp-content\/uploads\/sites\/166\/2022\/12\/image7231-300x232.jpg 300w\" sizes=\"auto, (max-width: 222px) 100vw, 222px\" \/><\/figure>\n<\/div>\n<\/div>\n","protected":false},"excerpt":{"rendered":"<p>Bienvenidos a mi p\u00e1gina como Profesor del \u00c1rea de Mec\u00e1nica de los Medios Continuos y Teor\u00eda de las Estructuras, dentro del Departamento de Mec\u00e1nica Aplicada e Ingenier\u00eda de Proyectos, en la Escuela de Ingenier\u00eda Minera e Industrial de Almad\u00e9n de la Universidad de Castilla-La Mancha. En esta p\u00e1gina podr\u00e1s encontrar informaci\u00f3n sobre programas, bibliograf\u00eda, laboratorios, &hellip; <a href=\"https:\/\/blog.uclm.es\/josetejero\/\" class=\"more-link\">Seguir leyendo <span class=\"screen-reader-text\">Inicio<\/span> <span class=\"meta-nav\">&rarr;<\/span><\/a><\/p>\n","protected":false},"author":141,"featured_media":0,"parent":0,"menu_order":0,"comment_status":"closed","ping_status":"closed","template":"","meta":{"footnotes":""},"class_list":["post-5","page","type-page","status-publish","hentry"],"_links":{"self":[{"href":"https:\/\/blog.uclm.es\/josetejero\/wp-json\/wp\/v2\/pages\/5","targetHints":{"allow":["GET"]}}],"collection":[{"href":"https:\/\/blog.uclm.es\/josetejero\/wp-json\/wp\/v2\/pages"}],"about":[{"href":"https:\/\/blog.uclm.es\/josetejero\/wp-json\/wp\/v2\/types\/page"}],"author":[{"embeddable":true,"href":"https:\/\/blog.uclm.es\/josetejero\/wp-json\/wp\/v2\/users\/141"}],"replies":[{"embeddable":true,"href":"https:\/\/blog.uclm.es\/josetejero\/wp-json\/wp\/v2\/comments?post=5"}],"version-history":[{"count":3,"href":"https:\/\/blog.uclm.es\/josetejero\/wp-json\/wp\/v2\/pages\/5\/revisions"}],"predecessor-version":[{"id":390,"href":"https:\/\/blog.uclm.es\/josetejero\/wp-json\/wp\/v2\/pages\/5\/revisions\/390"}],"wp:attachment":[{"href":"https:\/\/blog.uclm.es\/josetejero\/wp-json\/wp\/v2\/media?parent=5"}],"curies":[{"name":"wp","href":"https:\/\/api.w.org\/{rel}","templated":true}]}}