{"id":353,"date":"2020-05-25T07:41:38","date_gmt":"2020-05-25T06:41:38","guid":{"rendered":"http:\/\/blog.uclm.es\/josetejero\/?page_id=84"},"modified":"2022-12-02T13:55:27","modified_gmt":"2022-12-02T12:55:27","slug":"datos-docentes","status":"publish","type":"page","link":"https:\/\/blog.uclm.es\/josetejero\/datos-docentes\/","title":{"rendered":"Datos acad\u00e9micos"},"content":{"rendered":"<div class=\"wp-block-image\">\n<figure class=\"aligncenter size-full\"><img loading=\"lazy\" decoding=\"async\" width=\"309\" height=\"225\" src=\"https:\/\/blog.uclm.es\/josetejero\/wp-content\/uploads\/sites\/166\/2020\/05\/image15901.jpg\" alt=\"Jos\u00e9 Tejero Manzanares\" class=\"wp-image-50\" srcset=\"https:\/\/blog.uclm.es\/josetejero\/wp-content\/uploads\/sites\/166\/2020\/05\/image15901.jpg 309w, https:\/\/blog.uclm.es\/josetejero\/wp-content\/uploads\/sites\/166\/2020\/05\/image15901-300x218.jpg 300w\" sizes=\"auto, (max-width: 309px) 100vw, 309px\" \/><figcaption class=\"wp-element-caption\">Jos\u00e9 Tejero Manzanares<\/figcaption><\/figure>\n<\/div>\n\n<p><strong>Titulaci\u00f3n<\/strong>: INGENIERO T\u00c9CNICO INDUSTRIAL<\/p>\n<p><strong>Especialidad<\/strong>: MEC\u00c1NICA por la Escuela Universitaria Polit\u00e9cnica de Almad\u00e9n (UNIVERSIDAD DE CASTILLA-LA MANCHA)<\/p>\n<p><strong>Titulaci\u00f3n<\/strong>: M\u00c1STER EN PROYECTO Y GESTI\u00d3N DE PLANTAS AGROINDUSTRIALES POR LA UNIVERSIDAD DE C\u00d3RDOBA<\/p>\n<p><strong>Titulaci\u00f3n<\/strong>: DOCTOR EN INGENIER\u00cdA DE PLANTAS AGROINDUSTRIALES POR LA UNIVERSIDAD DE C\u00d3RDOBA<\/p>\n<div class=\"pageheader\">\n<div class=\"headercontent\">\n<div class=\"section-container\">\n<h2 class=\"title\">Datos docentes<\/h2>\n<\/div>\n<\/div>\n<\/div>\n<p>Categor\u00eda docente:<br \/>PROFESOR TITULAR DE UNIVERSIDAD<\/p>\n<p>\u00c1rea de conocimiento:<br \/>MEC\u00c1NICA DE LOS MEDIOS CONTINUOS Y TEOR\u00cdA DE ESTRUCTURAS<\/p>\n<p>Departamento:<br \/>MEC\u00c1NICA APLICADA E INGENIER\u00cdA DE PROYECTOS<\/p>\n<p>Cargo Acad\u00e9mico:<br \/>DIRECTOR DE DEPARTAMENTO<\/p>\n<p>Universidad:<br \/>CASTILLA-LA MANCHA<\/p>\n<p>Asignaturas:<\/p>\n<p>-TEOR\u00cdA DE ESTRUCTURAS Y CONSTRUCCIONES INDUSTRIALES<\/p>\n<p>-DISE\u00d1O Y C\u00c1LCULO DE ESTRUCTURAS MET\u00c1LICAS Y DE HORMIG\u00d3N<\/p>\n<p>-COMPLEMENTOS DE ESTRUCTURAS MET\u00c1LICAS Y DE HORMIG\u00d3N<\/p>\n<p>\u00a0<\/p>\n<div class=\"pageheader\">\n<div class=\"headercontent\">\n<div class=\"section-container\">\n<h2 class=\"title\">Datos de contacto<\/h2>\n<\/div>\n<\/div>\n<\/div>\n<table>\n<tbody>\n<tr>\n<td width=\"669\">\n<p>Direcci\u00f3n:<\/p>\n<p><strong>Departamento de Mec\u00e1nica Aplicada e Ingenier\u00eda de Proyectos<\/strong><\/p>\n<p>Web:\u00a0<a href=\"http:\/\/www.uclm.es\/dep\/maplicada\/\">http:\/\/www.uclm.es\/dep\/maplicada\/<\/a><\/p>\n<p><strong>Escuela de Ingenier\u00eda Minera e Industrial de Almad\u00e9n<\/strong><\/p>\n<p>Web:\u00a0<a href=\"http:\/\/eimia.uclm.es\/\">http:\/\/www.eimia.uclm.es\/<\/a><\/p>\n<p><strong>Plaza de Manuel Meca, n\u00ba 1<\/strong><\/p>\n<p><strong>13400 ALMADEN (Ciudad Real)<\/strong><\/p>\n<\/td>\n<\/tr>\n<\/tbody>\n<\/table>\n<table>\n<tbody>\n<tr>\n<td width=\"343\">Informaci\u00f3n de contacto:<\/td>\n<\/tr>\n<\/tbody>\n<\/table>\n<table>\n<tbody>\n<tr>\n<td width=\"342\">\n<p><strong>Tel\u00e9fono: 926 26 40 07, 926 29 53 00, Ext. 6044<\/strong><\/p>\n<p>Correo: <a href=\"mailto:jose.tejero@uclm.es\">jose.tejero@uclm.es<\/a><\/p>\n<\/td>\n<\/tr>\n<\/tbody>\n<\/table>\n<p>\u00a0<\/p>","protected":false},"excerpt":{"rendered":"<p>Titulaci\u00f3n: INGENIERO T\u00c9CNICO INDUSTRIAL Especialidad: MEC\u00c1NICA por la Escuela Universitaria Polit\u00e9cnica de Almad\u00e9n (UNIVERSIDAD DE CASTILLA-LA MANCHA) Titulaci\u00f3n: M\u00c1STER EN PROYECTO Y GESTI\u00d3N DE PLANTAS AGROINDUSTRIALES POR LA UNIVERSIDAD DE C\u00d3RDOBA Titulaci\u00f3n: DOCTOR EN INGENIER\u00cdA DE PLANTAS AGROINDUSTRIALES POR LA UNIVERSIDAD DE C\u00d3RDOBA Datos docentes Categor\u00eda docente:PROFESOR TITULAR DE UNIVERSIDAD \u00c1rea de conocimiento:MEC\u00c1NICA DE LOS &hellip; <a href=\"https:\/\/blog.uclm.es\/josetejero\/datos-docentes\/\" class=\"more-link\">Seguir leyendo <span class=\"screen-reader-text\">Datos acad\u00e9micos<\/span> <span class=\"meta-nav\">&rarr;<\/span><\/a><\/p>\n","protected":false},"author":141,"featured_media":0,"parent":0,"menu_order":0,"comment_status":"closed","ping_status":"closed","template":"","meta":{"footnotes":""},"class_list":["post-353","page","type-page","status-publish","hentry"],"_links":{"self":[{"href":"https:\/\/blog.uclm.es\/josetejero\/wp-json\/wp\/v2\/pages\/353","targetHints":{"allow":["GET"]}}],"collection":[{"href":"https:\/\/blog.uclm.es\/josetejero\/wp-json\/wp\/v2\/pages"}],"about":[{"href":"https:\/\/blog.uclm.es\/josetejero\/wp-json\/wp\/v2\/types\/page"}],"author":[{"embeddable":true,"href":"https:\/\/blog.uclm.es\/josetejero\/wp-json\/wp\/v2\/users\/141"}],"replies":[{"embeddable":true,"href":"https:\/\/blog.uclm.es\/josetejero\/wp-json\/wp\/v2\/comments?post=353"}],"version-history":[{"count":1,"href":"https:\/\/blog.uclm.es\/josetejero\/wp-json\/wp\/v2\/pages\/353\/revisions"}],"predecessor-version":[{"id":392,"href":"https:\/\/blog.uclm.es\/josetejero\/wp-json\/wp\/v2\/pages\/353\/revisions\/392"}],"wp:attachment":[{"href":"https:\/\/blog.uclm.es\/josetejero\/wp-json\/wp\/v2\/media?parent=353"}],"curies":[{"name":"wp","href":"https:\/\/api.w.org\/{rel}","templated":true}]}}