{"id":208,"date":"2020-05-26T10:04:30","date_gmt":"2020-05-26T09:04:30","guid":{"rendered":"http:\/\/blog.uclm.es\/josetejero\/?page_id=208"},"modified":"2022-12-02T14:22:15","modified_gmt":"2022-12-02T13:22:15","slug":"enlaces","status":"publish","type":"page","link":"https:\/\/blog.uclm.es\/josetejero\/enlaces\/","title":{"rendered":"Enlaces"},"content":{"rendered":"<p>Algunos enlaces de inter\u00e9s relacionados con las materias son:<\/p>\n<table>\n<tbody>\n<tr>\n<td><a href=\"http:\/\/www.cype.com\/\"><strong>http:\/\/www.cype.com<\/strong><\/a><\/p>\n<p>P\u00e1gina de software para ingenier\u00eda y construcci\u00f3n<\/td>\n<td><a href=\"http:\/\/www.metalpla.com\/\"><strong>http:\/\/www.metalpla.com<\/strong><\/a><\/p>\n<p>P\u00e1gina de software para c\u00e1lculo de estructuras<\/td>\n<\/tr>\n<tr>\n<td><a href=\"http:\/\/www.onduline.es\/\"><strong>http:\/\/www.onduline.es<\/strong><\/a><\/p>\n<p>P\u00e1gina principal<\/td>\n<td><a href=\"http:\/\/www.drizoro.com\/\"><strong>http:\/\/www.drizoro.com<\/strong><\/a><\/p>\n<p>P\u00e1gina principal de sistemas innovadores para la impermeabilizaci\u00f3n, reparaci\u00f3n, protecci\u00f3n y decoraci\u00f3n del hormig\u00f3n y la mamposter\u00eda<\/td>\n<\/tr>\n<tr>\n<td><a href=\"http:\/\/www.xn--wrth-0ra.es\/\"><strong>http:\/\/www.w\u00fcrth.es<\/strong><\/a><\/p>\n<p>P\u00e1gina principal de sistemas de anclajes<\/td>\n<td><a href=\"http:\/\/www.coverclim.com\/\"><strong>http:\/\/www.coverclim.com<\/strong><\/a><\/p>\n<p>P\u00e1gina principal de sistemas de aislamientos para cubiertas<\/td>\n<\/tr>\n<tr>\n<td><a href=\"http:\/\/www.kp1.es\/\"><strong>http:\/\/www.kp1.es<\/strong><\/a><\/p>\n<p>P\u00e1gina de prefabricados de hormig\u00f3n<\/td>\n<td><a href=\"http:\/\/www.malpesa.es\/\"><strong>http:\/\/www.malpesa.es<\/strong><\/a><\/p>\n<p>P\u00e1gina de productos de cer\u00e1mica<\/td>\n<\/tr>\n<tr>\n<td><a href=\"http:\/\/www.cebe.biz\/\"><strong>http:\/\/www.cebe.biz<\/strong><\/a><\/p>\n<p>P\u00e1gina de soleras ventiladas y forjados sanitarios<\/td>\n<td><a href=\"http:\/\/www.firstiberica.com\/\"><strong>http:\/\/www.firstibericacom<\/strong><\/a><\/p>\n<p>P\u00e1gina de productos pl\u00e1stico para la construcci\u00f3n<\/td>\n<\/tr>\n<tr>\n<td><a href=\"http:\/\/www.jimtem.com\/\"><strong>http:\/\/www.jimtem.com<\/strong><\/a><\/p>\n<p>P\u00e1gina de sistemas de canalizaci\u00f3n de aguas para instalaciones de uso p\u00fablico<\/td>\n<td><a href=\"http:\/\/www.uralita.com\/\"><strong>http:\/\/www.uralita.com<\/strong><\/a><\/p>\n<p>P\u00e1gina de sistemas de cubiertas y tuber\u00edas<\/td>\n<\/tr>\n<tr>\n<td><a href=\"http:\/\/www.ictubular.es\/\"><strong>ttp:\/\/www.ictubular.es<\/strong><\/a><\/p>\n<p>P\u00e1gina del instituto t\u00e9cnico de la construcci\u00f3n tubula<\/td>\n<td><a href=\"http:\/\/www.bettor-mbt.es\/\"><strong>http:\/\/www.bettor-mbt.es<\/strong><\/a><\/p>\n<p>P\u00e1gina de empresa dedicada a la investigaci\u00f3n, desarrollo, fabricaci\u00f3n, comercializaci\u00f3n y asesoramiento t\u00e9cnico de productos qu\u00edmicos para la construcci\u00f3n<\/td>\n<\/tr>\n<tr>\n<td><a href=\"http:\/\/www.blocotelha.com\/\"><strong>ttp:\/\/www.blocotelha.com<\/strong><\/a><\/p>\n<p>P\u00e1gina de sistemas de cubiertas met\u00e1licas autoportantes<\/td>\n<td><a href=\"http:\/\/www.termoarcilla.es\/\"><strong>http:\/\/www.termoarcilla.es<\/strong><\/a><\/p>\n<p>P\u00e1gina de productos de termoarcilla para la construcci\u00f3n<\/td>\n<\/tr>\n<tr>\n<td><a href=\"http:\/\/www.finnforest.es\/\"><strong>http:\/\/www.finnforest.com<\/strong><\/a><\/p>\n<p>P\u00e1gina de paneles prefabricados autoportantes de madera<\/td>\n<td><a href=\"http:\/\/www.prainsa.es\/\"><strong>http:\/\/www.prainsa.es<\/strong><\/a><\/p>\n<p>P\u00e1gina de productos prefabricados de hormig\u00f3n<\/td>\n<\/tr>\n<tr>\n<td><a href=\"http:\/\/www.infomadera.net\/\"><strong>http:\/\/www.infomadera.net<\/strong><\/a><\/p>\n<p>P\u00e1gina de la asociaci\u00f3n t\u00e9cnica de la madera<\/td>\n<td><a href=\"http:\/\/www.ideasenmetal.com\/\"><strong>http:\/\/www.ideasenmetal.com<\/strong><\/a><\/p>\n<p>P\u00e1gina de estructuras espaciales met\u00e1licas<\/td>\n<\/tr>\n<tr>\n<td><a href=\"http:\/\/www.ccnorthwall.com\/\"><strong>http:\/\/www.ccnorthwall.com<\/strong><\/a><\/p>\n<p>P\u00e1gina de estructuras de madera<\/td>\n<td><a href=\"http:\/\/www.tecnopanel.es\/\"><strong>http:\/\/www.tecnopanel.es<\/strong><\/a><\/p>\n<p>P\u00e1gina de sistemas portantes de paneles de hormig\u00f3n armado termoaislante<\/td>\n<\/tr>\n<tr>\n<td><a href=\"http:\/\/www.hiansa.com\/\"><strong>http:\/\/www.hiansa.com<\/strong><\/a><\/p>\n<p>P\u00e1gina de perfiles para forjado colaborante<\/td>\n<td><a href=\"http:\/\/www.pavistamp.com\/\"><strong>http:\/\/www.pavistamp.com<\/strong><\/a><\/p>\n<p>P\u00e1gina de hormigones estampados<\/td>\n<\/tr>\n<\/tbody>\n<\/table>\n","protected":false},"excerpt":{"rendered":"<p>Algunos enlaces de inter\u00e9s relacionados con las materias son: http:\/\/www.cype.com P\u00e1gina de software para ingenier\u00eda y construcci\u00f3n http:\/\/www.metalpla.com P\u00e1gina de software para c\u00e1lculo de estructuras http:\/\/www.onduline.es P\u00e1gina principal http:\/\/www.drizoro.com P\u00e1gina principal de sistemas innovadores para la impermeabilizaci\u00f3n, reparaci\u00f3n, protecci\u00f3n y decoraci\u00f3n del hormig\u00f3n y la mamposter\u00eda http:\/\/www.w\u00fcrth.es P\u00e1gina principal de sistemas de anclajes http:\/\/www.coverclim.com P\u00e1gina &hellip; <a href=\"https:\/\/blog.uclm.es\/josetejero\/enlaces\/\" class=\"more-link\">Seguir leyendo <span class=\"screen-reader-text\">Enlaces<\/span> <span class=\"meta-nav\">&rarr;<\/span><\/a><\/p>\n","protected":false},"author":141,"featured_media":0,"parent":0,"menu_order":0,"comment_status":"closed","ping_status":"closed","template":"","meta":{"footnotes":""},"class_list":["post-208","page","type-page","status-publish","hentry"],"_links":{"self":[{"href":"https:\/\/blog.uclm.es\/josetejero\/wp-json\/wp\/v2\/pages\/208","targetHints":{"allow":["GET"]}}],"collection":[{"href":"https:\/\/blog.uclm.es\/josetejero\/wp-json\/wp\/v2\/pages"}],"about":[{"href":"https:\/\/blog.uclm.es\/josetejero\/wp-json\/wp\/v2\/types\/page"}],"author":[{"embeddable":true,"href":"https:\/\/blog.uclm.es\/josetejero\/wp-json\/wp\/v2\/users\/141"}],"replies":[{"embeddable":true,"href":"https:\/\/blog.uclm.es\/josetejero\/wp-json\/wp\/v2\/comments?post=208"}],"version-history":[{"count":1,"href":"https:\/\/blog.uclm.es\/josetejero\/wp-json\/wp\/v2\/pages\/208\/revisions"}],"predecessor-version":[{"id":406,"href":"https:\/\/blog.uclm.es\/josetejero\/wp-json\/wp\/v2\/pages\/208\/revisions\/406"}],"wp:attachment":[{"href":"https:\/\/blog.uclm.es\/josetejero\/wp-json\/wp\/v2\/media?parent=208"}],"curies":[{"name":"wp","href":"https:\/\/api.w.org\/{rel}","templated":true}]}}