{"id":205,"date":"2020-05-26T09:37:34","date_gmt":"2020-05-26T08:37:34","guid":{"rendered":"http:\/\/blog.uclm.es\/josetejero\/?page_id=205"},"modified":"2022-12-02T14:21:50","modified_gmt":"2022-12-02T13:21:50","slug":"laboratorio","status":"publish","type":"page","link":"https:\/\/blog.uclm.es\/josetejero\/laboratorio\/","title":{"rendered":"Laboratorio"},"content":{"rendered":"<p>Nave-taller<\/p>\n<p>La nave taller es una construcci\u00f3n que, por s\u00ed sola, constituye un espacio did\u00e1ctico donde el alumno puede observar a pie de campo lo aprendido en las ense\u00f1anzas te\u00f3ricas. Adem\u00e1s, en su interior acoge unas colecciones de elementos y detalles constructivos en estructura met\u00e1lica y hormig\u00f3n que conforman una exposici\u00f3n muy interesante.<\/p>\n<p>Laboratorio-aula de inform\u00e1tica<\/p>\n<p>El laboratorio o aula de inform\u00e1tica est\u00e1 dotado con 15 puestos donde los alumnos realizan las pr\u00e1cticas y Proyectos Fin de Carrera mediante programas de an\u00e1lisis y dise\u00f1os de estructuras, que est\u00e1n instalados en cada puesto y en red. Puesto que hoy d\u00eda cada alumno cuenta con licencia Cype, gracias al Convenio UCLM-Cype Ingenieros promovido desde la Escuela de Ingenier\u00eda de Almad\u00e9n, estas pr\u00e1cticas se desarrollar\u00e1n en el aula anunciada en su momento.<\/p>\n","protected":false},"excerpt":{"rendered":"<p>Nave-taller La nave taller es una construcci\u00f3n que, por s\u00ed sola, constituye un espacio did\u00e1ctico donde el alumno puede observar a pie de campo lo aprendido en las ense\u00f1anzas te\u00f3ricas. Adem\u00e1s, en su interior acoge unas colecciones de elementos y detalles constructivos en estructura met\u00e1lica y hormig\u00f3n que conforman una exposici\u00f3n muy interesante. Laboratorio-aula de &hellip; <a href=\"https:\/\/blog.uclm.es\/josetejero\/laboratorio\/\" class=\"more-link\">Seguir leyendo <span class=\"screen-reader-text\">Laboratorio<\/span> <span class=\"meta-nav\">&rarr;<\/span><\/a><\/p>\n","protected":false},"author":141,"featured_media":0,"parent":0,"menu_order":0,"comment_status":"closed","ping_status":"closed","template":"","meta":{"footnotes":""},"class_list":["post-205","page","type-page","status-publish","hentry"],"_links":{"self":[{"href":"https:\/\/blog.uclm.es\/josetejero\/wp-json\/wp\/v2\/pages\/205","targetHints":{"allow":["GET"]}}],"collection":[{"href":"https:\/\/blog.uclm.es\/josetejero\/wp-json\/wp\/v2\/pages"}],"about":[{"href":"https:\/\/blog.uclm.es\/josetejero\/wp-json\/wp\/v2\/types\/page"}],"author":[{"embeddable":true,"href":"https:\/\/blog.uclm.es\/josetejero\/wp-json\/wp\/v2\/users\/141"}],"replies":[{"embeddable":true,"href":"https:\/\/blog.uclm.es\/josetejero\/wp-json\/wp\/v2\/comments?post=205"}],"version-history":[{"count":1,"href":"https:\/\/blog.uclm.es\/josetejero\/wp-json\/wp\/v2\/pages\/205\/revisions"}],"predecessor-version":[{"id":405,"href":"https:\/\/blog.uclm.es\/josetejero\/wp-json\/wp\/v2\/pages\/205\/revisions\/405"}],"wp:attachment":[{"href":"https:\/\/blog.uclm.es\/josetejero\/wp-json\/wp\/v2\/media?parent=205"}],"curies":[{"name":"wp","href":"https:\/\/api.w.org\/{rel}","templated":true}]}}