{"id":201,"date":"2020-05-26T09:31:11","date_gmt":"2020-05-26T08:31:11","guid":{"rendered":"http:\/\/blog.uclm.es\/josetejero\/?page_id=201"},"modified":"2020-05-26T09:31:11","modified_gmt":"2020-05-26T08:31:11","slug":"tesis-dirigidas","status":"publish","type":"page","link":"https:\/\/blog.uclm.es\/josetejero\/tesis-dirigidas\/","title":{"rendered":"Tesis dirigidas"},"content":{"rendered":"<p>Autor:&nbsp;<strong>Marjalizo Cerrato, Pablo J.<\/strong><\/p>\n<p>T\u00edtulo:&nbsp;<strong>Dise\u00f1o de equipo compacto para la optimizaci\u00f3n de trabajos y la minimizaci\u00f3n de riesgos en el interior de espacios confinados (EECC).<\/strong><\/p>\n<p>&nbsp;A\u00f1o:&nbsp;<strong>2014<\/strong><\/p>\n<p>Universidad:&nbsp;<strong>C\u00f3rdoba<\/strong><\/p>\n<p>Calificaci\u00f3n: Sobresaliente \u201cCUM LAUDE\u201d<\/p>\n<p>Directores:<\/p>\n<p style=\"padding-left: 30px\"><strong>Francisco de Paula Montes Tub\u00edo<\/strong><\/p>\n<p style=\"padding-left: 30px\"><strong> Jos\u00e9 Tejero Manzanares<\/strong><\/p>\n<p style=\"font-weight: 400\">&nbsp;<\/p>\n<p style=\"font-weight: 400\">Autor:&nbsp;<strong>M\u00e9ntrida Pisano, Jes\u00fas M.<\/strong><\/p>\n<p style=\"font-weight: 400\">T\u00edtulo:&nbsp;<strong>Evoluci\u00f3n en la calidad de las inspecciones de seguridad industrial provocada por los nuevos modos de regulaci\u00f3n.<\/strong><\/p>\n<p style=\"font-weight: 400\">A\u00f1o:&nbsp;<strong>2015<\/strong><\/p>\n<p style=\"font-weight: 400\">Universidad:&nbsp;<strong>C\u00f3rdoba<\/strong><\/p>\n<p style=\"font-weight: 400\">Directores:<\/p>\n<p style=\"font-weight: 400;padding-left: 30px\"><strong>Francisco de Paula Montes Tub\u00edo<\/strong><\/p>\n<p style=\"font-weight: 400;padding-left: 30px\"><strong>Jos\u00e9 Tejero Manzanares<\/strong><\/p>\n<p style=\"font-weight: 400\">&nbsp;<\/p>\n<p>&nbsp;<\/p>\n","protected":false},"excerpt":{"rendered":"<p>Autor:&nbsp;Marjalizo Cerrato, Pablo J. T\u00edtulo:&nbsp;Dise\u00f1o de equipo compacto para la optimizaci\u00f3n de trabajos y la minimizaci\u00f3n de riesgos en el interior de espacios confinados (EECC). &nbsp;A\u00f1o:&nbsp;2014 Universidad:&nbsp;C\u00f3rdoba Calificaci\u00f3n: Sobresaliente \u201cCUM LAUDE\u201d Directores: Francisco de Paula Montes Tub\u00edo Jos\u00e9 Tejero Manzanares &nbsp; Autor:&nbsp;M\u00e9ntrida Pisano, Jes\u00fas M. T\u00edtulo:&nbsp;Evoluci\u00f3n en la calidad de las inspecciones de seguridad industrial &hellip; <a href=\"https:\/\/blog.uclm.es\/josetejero\/tesis-dirigidas\/\" class=\"more-link\">Seguir leyendo <span class=\"screen-reader-text\">Tesis dirigidas<\/span> <span class=\"meta-nav\">&rarr;<\/span><\/a><\/p>\n","protected":false},"author":141,"featured_media":0,"parent":0,"menu_order":0,"comment_status":"closed","ping_status":"closed","template":"","meta":{"footnotes":""},"class_list":["post-201","page","type-page","status-publish","hentry"],"_links":{"self":[{"href":"https:\/\/blog.uclm.es\/josetejero\/wp-json\/wp\/v2\/pages\/201","targetHints":{"allow":["GET"]}}],"collection":[{"href":"https:\/\/blog.uclm.es\/josetejero\/wp-json\/wp\/v2\/pages"}],"about":[{"href":"https:\/\/blog.uclm.es\/josetejero\/wp-json\/wp\/v2\/types\/page"}],"author":[{"embeddable":true,"href":"https:\/\/blog.uclm.es\/josetejero\/wp-json\/wp\/v2\/users\/141"}],"replies":[{"embeddable":true,"href":"https:\/\/blog.uclm.es\/josetejero\/wp-json\/wp\/v2\/comments?post=201"}],"version-history":[{"count":0,"href":"https:\/\/blog.uclm.es\/josetejero\/wp-json\/wp\/v2\/pages\/201\/revisions"}],"wp:attachment":[{"href":"https:\/\/blog.uclm.es\/josetejero\/wp-json\/wp\/v2\/media?parent=201"}],"curies":[{"name":"wp","href":"https:\/\/api.w.org\/{rel}","templated":true}]}}