{"id":197,"date":"2020-05-26T09:25:12","date_gmt":"2020-05-26T08:25:12","guid":{"rendered":"http:\/\/blog.uclm.es\/josetejero\/?page_id=197"},"modified":"2020-05-26T09:25:12","modified_gmt":"2020-05-26T08:25:12","slug":"tesis","status":"publish","type":"page","link":"https:\/\/blog.uclm.es\/josetejero\/tesis\/","title":{"rendered":"Tesis"},"content":{"rendered":"<p>Autor:&nbsp;<strong>Tejero Manzanares, Jos\u00e9.<\/strong><\/p>\n<p>T\u00edtulo:&nbsp;<strong>Evoluci\u00f3n hist\u00f3rico-tecnol\u00f3gica de los hornos en la metalurgia del mercurio en las Minas de Almad\u00e9n: implantaci\u00f3n de los hornos Cermak-Spirek y Spirek.<\/strong><\/p>\n<p>Universidad:&nbsp;<strong>C\u00f3rdoba<\/strong><\/p>\n<p>Calificaci\u00f3n: Sobresaliente \u201cCUM LAUDE\u201d<\/p>\n<p>Directores:<\/p>\n<p style=\"padding-left: 30px\"><strong>Francisco de Paula Montes Tub\u00edo<\/strong><\/p>\n<p style=\"padding-left: 30px\"><strong> Mar\u00eda Dolores Mu\u00f1oz Due\u00f1as<\/strong><\/p>\n","protected":false},"excerpt":{"rendered":"<p>Autor:&nbsp;Tejero Manzanares, Jos\u00e9. T\u00edtulo:&nbsp;Evoluci\u00f3n hist\u00f3rico-tecnol\u00f3gica de los hornos en la metalurgia del mercurio en las Minas de Almad\u00e9n: implantaci\u00f3n de los hornos Cermak-Spirek y Spirek. Universidad:&nbsp;C\u00f3rdoba Calificaci\u00f3n: Sobresaliente \u201cCUM LAUDE\u201d Directores: Francisco de Paula Montes Tub\u00edo Mar\u00eda Dolores Mu\u00f1oz Due\u00f1as<\/p>\n","protected":false},"author":141,"featured_media":0,"parent":0,"menu_order":0,"comment_status":"closed","ping_status":"closed","template":"","meta":{"footnotes":""},"class_list":["post-197","page","type-page","status-publish","hentry"],"_links":{"self":[{"href":"https:\/\/blog.uclm.es\/josetejero\/wp-json\/wp\/v2\/pages\/197","targetHints":{"allow":["GET"]}}],"collection":[{"href":"https:\/\/blog.uclm.es\/josetejero\/wp-json\/wp\/v2\/pages"}],"about":[{"href":"https:\/\/blog.uclm.es\/josetejero\/wp-json\/wp\/v2\/types\/page"}],"author":[{"embeddable":true,"href":"https:\/\/blog.uclm.es\/josetejero\/wp-json\/wp\/v2\/users\/141"}],"replies":[{"embeddable":true,"href":"https:\/\/blog.uclm.es\/josetejero\/wp-json\/wp\/v2\/comments?post=197"}],"version-history":[{"count":0,"href":"https:\/\/blog.uclm.es\/josetejero\/wp-json\/wp\/v2\/pages\/197\/revisions"}],"wp:attachment":[{"href":"https:\/\/blog.uclm.es\/josetejero\/wp-json\/wp\/v2\/media?parent=197"}],"curies":[{"name":"wp","href":"https:\/\/api.w.org\/{rel}","templated":true}]}}