{"id":193,"date":"2020-05-26T09:17:10","date_gmt":"2020-05-26T08:17:10","guid":{"rendered":"http:\/\/blog.uclm.es\/josetejero\/?page_id=193"},"modified":"2022-12-02T14:20:38","modified_gmt":"2022-12-02T13:20:38","slug":"libros","status":"publish","type":"page","link":"https:\/\/blog.uclm.es\/josetejero\/libros\/","title":{"rendered":"Libros"},"content":{"rendered":"<p>Autor: Jose Tejero Manzanares.<\/p>\n<p>T\u00edtulo:\u00a0CIMENTACIONES\u00a0SUPERFICIALES.\u00a0pp.\u00a01\u00a0&#8211;\u00a0176.\u00a0(Espa\u00f1a)\u00a0EDICIONES\u00a0COPI-EXPR\u00c9S,\u00a0S.L.,\u00a01997.<\/p>\n<p>ISBN\u00a084-88248-02-4<\/p>\n<p><strong>Tipo<\/strong><strong>de<\/strong><strong>producci\u00f3n:\u00a0<\/strong>Libro<\/p>\n<p>Autor: Jose\u00a0Tejero\u00a0Manzanares.<\/p>\n<p>T\u00edtulo:\u00a0PROBLEMAS\u00a0DE\u00a0AN\u00c1LISIS\u00a0DE\u00a0ESTRUCTURAS.\u00a0pp.\u00a01\u00a0&#8211;\u00a090.\u00a0(Espa\u00f1a)<\/p>\n<p>EDICIONES\u00a0COPI-EXPR\u00c9S,\u00a0S.L.,\u00a01997.<\/p>\n<p>ISBN\u00a084-88248-02-4<\/p>\n<p><strong>Tipo<\/strong><strong>de<\/strong><strong>producci\u00f3n:\u00a0<\/strong>Libro<\/p>\n<p>Autor: Jose\u00a0Tejero\u00a0Manzanares.<\/p>\n<p>T\u00edtulo:\u00a0MEC\u00c1NICA\u00a0T\u00c9CNICA.\u00a0pp.\u00a01\u00a0&#8211;\u00a0379.\u00a0(Espa\u00f1a)<\/p>\n<p>EDICIONES\u00a0COPI-EXPR\u00c9S,\u00a0S.L.,\u00a01994.<\/p>\n<p>ISBN\u00a084-88248-24-5<\/p>\n<p><strong>Tipo<\/strong><strong>de<\/strong><strong>producci\u00f3n:\u00a0<\/strong>Libro<\/p>\n<p>Autor: Jose\u00a0Tejero\u00a0Manzanares.<\/p>\n<p>T\u00edtulo:\u00a0C\u00c1LCULO\u00a0DE\u00a0ESTRUCTURAS,\u00a0TOMO\u00a0I:\u00a0AN\u00c1LISIS\u00a0DE\u00a0ESTRUCTURAS.\u00a0pp.\u00a01\u00a0&#8211;\u00a0212.\u00a0(Espa\u00f1a)<\/p>\n<p>EDICIONES\u00a0COPI-EXPR\u00c9S,\u00a0S.L.,\u00a01993.<\/p>\n<p>ISBN\u00a084-88248-17-2<\/p>\n<p><strong>Tipo<\/strong><strong>de<\/strong><strong>producci\u00f3n:\u00a0<\/strong>Libro<\/p>\n<p>Autor: Jose\u00a0Tejero\u00a0Manzanares.<\/p>\n<p>T\u00edtulo:\u00a0C\u00c1LCULO\u00a0DE\u00a0ESTRUCTURAS,\u00a0TOMO\u00a0II:\u00a0ESTRUCTURAS\u00a0MET\u00c1LICAS.\u00a0pp.\u00a01\u00a0&#8211;\u00a0315.\u00a0(Espa\u00f1a)<\/p>\n<p>EDICIONES\u00a0COPI-EXPR\u00c9S,\u00a0S.L.,\u00a01993.<\/p>\n<p>ISBN\u00a084-88248-18-0<\/p>\n<p><strong>Tipo<\/strong><strong>de<\/strong><strong>producci\u00f3n:\u00a0<\/strong>Libro<\/p>\n<div class=\"pageheader\">\n<div class=\"headercontent\">\n<div class=\"section-container\">\n<h2 class=\"title\">Cap\u00edtulos de libros<\/h2>\n<\/div>\n<\/div>\n<\/div>\n<p>Autor:\u00a0<strong>Tejero, J.<\/strong><\/p>\n<p>Editor: Universidad Nacional de Educaci\u00f3n a Distancia. Madrid.<\/p>\n<p>T\u00edtulo Cap\u00edtulo:\u00a0La reconstrucci\u00f3n virtual del patrimonio metal\u00fargico de Minas de Almad\u00e9n: otra forma de recuperar este legado tecnol\u00f3gico.<\/p>\n<p>Libro: \u201cReuni\u00f3n Cient\u00edfica. Paisajes mineros antiguos en la Pen\u00ednsula Ib\u00e9rica: Investigaciones recientes y nuevas l\u00edneas de trabajo\u201d Homenaje a Claude Domergue. P. 229-238 (2013)<\/p>\n<p>Autores:\u00a0<strong>Leite W.o.; Jc Campos Rubio; Jose Tejero Manzanares; Francisco Mata Cabrera; Issam Hanafi.<\/strong><\/p>\n<p>Editorial: Nova Science Publishers, INC<\/p>\n<p>Publicaci\u00f3n: Manufacturing Engineering.<\/p>\n<p>T\u00edtulo Cap\u00edtulo: A Comparison of Milling Cutting Path Strategies for Aluminium 6262-T6 Alloys<\/p>\n<p>Fabrication. pp. 0 &#8211; 0. 2014. ISBN 978-1-63463-396-3<\/p>\n","protected":false},"excerpt":{"rendered":"<p>Autor: Jose Tejero Manzanares. T\u00edtulo:\u00a0CIMENTACIONES\u00a0SUPERFICIALES.\u00a0pp.\u00a01\u00a0&#8211;\u00a0176.\u00a0(Espa\u00f1a)\u00a0EDICIONES\u00a0COPI-EXPR\u00c9S,\u00a0S.L.,\u00a01997. ISBN\u00a084-88248-02-4 Tipodeproducci\u00f3n:\u00a0Libro Autor: Jose\u00a0Tejero\u00a0Manzanares. T\u00edtulo:\u00a0PROBLEMAS\u00a0DE\u00a0AN\u00c1LISIS\u00a0DE\u00a0ESTRUCTURAS.\u00a0pp.\u00a01\u00a0&#8211;\u00a090.\u00a0(Espa\u00f1a) EDICIONES\u00a0COPI-EXPR\u00c9S,\u00a0S.L.,\u00a01997. ISBN\u00a084-88248-02-4 Tipodeproducci\u00f3n:\u00a0Libro Autor: Jose\u00a0Tejero\u00a0Manzanares. T\u00edtulo:\u00a0MEC\u00c1NICA\u00a0T\u00c9CNICA.\u00a0pp.\u00a01\u00a0&#8211;\u00a0379.\u00a0(Espa\u00f1a) EDICIONES\u00a0COPI-EXPR\u00c9S,\u00a0S.L.,\u00a01994. ISBN\u00a084-88248-24-5 Tipodeproducci\u00f3n:\u00a0Libro Autor: Jose\u00a0Tejero\u00a0Manzanares. T\u00edtulo:\u00a0C\u00c1LCULO\u00a0DE\u00a0ESTRUCTURAS,\u00a0TOMO\u00a0I:\u00a0AN\u00c1LISIS\u00a0DE\u00a0ESTRUCTURAS.\u00a0pp.\u00a01\u00a0&#8211;\u00a0212.\u00a0(Espa\u00f1a) EDICIONES\u00a0COPI-EXPR\u00c9S,\u00a0S.L.,\u00a01993. ISBN\u00a084-88248-17-2 Tipodeproducci\u00f3n:\u00a0Libro Autor: Jose\u00a0Tejero\u00a0Manzanares. T\u00edtulo:\u00a0C\u00c1LCULO\u00a0DE\u00a0ESTRUCTURAS,\u00a0TOMO\u00a0II:\u00a0ESTRUCTURAS\u00a0MET\u00c1LICAS.\u00a0pp.\u00a01\u00a0&#8211;\u00a0315.\u00a0(Espa\u00f1a) EDICIONES\u00a0COPI-EXPR\u00c9S,\u00a0S.L.,\u00a01993. ISBN\u00a084-88248-18-0 Tipodeproducci\u00f3n:\u00a0Libro Cap\u00edtulos de libros Autor:\u00a0Tejero, J. Editor: Universidad Nacional de Educaci\u00f3n a Distancia. Madrid. T\u00edtulo Cap\u00edtulo:\u00a0La reconstrucci\u00f3n virtual del patrimonio metal\u00fargico de Minas de Almad\u00e9n: &hellip; <a href=\"https:\/\/blog.uclm.es\/josetejero\/libros\/\" class=\"more-link\">Seguir leyendo <span class=\"screen-reader-text\">Libros<\/span> <span class=\"meta-nav\">&rarr;<\/span><\/a><\/p>\n","protected":false},"author":141,"featured_media":0,"parent":0,"menu_order":0,"comment_status":"closed","ping_status":"closed","template":"","meta":{"footnotes":""},"class_list":["post-193","page","type-page","status-publish","hentry"],"_links":{"self":[{"href":"https:\/\/blog.uclm.es\/josetejero\/wp-json\/wp\/v2\/pages\/193","targetHints":{"allow":["GET"]}}],"collection":[{"href":"https:\/\/blog.uclm.es\/josetejero\/wp-json\/wp\/v2\/pages"}],"about":[{"href":"https:\/\/blog.uclm.es\/josetejero\/wp-json\/wp\/v2\/types\/page"}],"author":[{"embeddable":true,"href":"https:\/\/blog.uclm.es\/josetejero\/wp-json\/wp\/v2\/users\/141"}],"replies":[{"embeddable":true,"href":"https:\/\/blog.uclm.es\/josetejero\/wp-json\/wp\/v2\/comments?post=193"}],"version-history":[{"count":1,"href":"https:\/\/blog.uclm.es\/josetejero\/wp-json\/wp\/v2\/pages\/193\/revisions"}],"predecessor-version":[{"id":404,"href":"https:\/\/blog.uclm.es\/josetejero\/wp-json\/wp\/v2\/pages\/193\/revisions\/404"}],"wp:attachment":[{"href":"https:\/\/blog.uclm.es\/josetejero\/wp-json\/wp\/v2\/media?parent=193"}],"curies":[{"name":"wp","href":"https:\/\/api.w.org\/{rel}","templated":true}]}}