{"id":185,"date":"2020-05-26T09:04:49","date_gmt":"2020-05-26T08:04:49","guid":{"rendered":"http:\/\/blog.uclm.es\/josetejero\/?page_id=185"},"modified":"2022-12-02T14:19:18","modified_gmt":"2022-12-02T13:19:18","slug":"lineas-de-investigacion","status":"publish","type":"page","link":"https:\/\/blog.uclm.es\/josetejero\/lineas-de-investigacion\/","title":{"rendered":"L\u00edneas de investigaci\u00f3n"},"content":{"rendered":"<p><strong>L\u00ednea:<\/strong><\/p>\n<p>DISE\u00d1O Y C\u00c1LCULO APLICADO A LA CONSTRUCCI\u00d3N INDUSTRIAL Y ARQUITECT\u00d3NICA<\/p>\n<p><strong>L\u00ednea:<\/strong><\/p>\n<p>T\u00c9CNICAS DE MODELADO 3D ASISTIDO POR ORDENADOR AL SERVICIO DE LA INGENIER\u00cdA<\/p>\n<p><strong>L\u00ednea:<\/strong><\/p>\n<p>ANIMACI\u00d3N Y RECREACI\u00d3N VIRTUAL POR ORDENADOR<\/p>\n<p><strong>L\u00ednea:<\/strong><\/p>\n<p>PATRIMONIO MINERO INDUSTRIAL<\/p>\n<p><strong>L\u00ednea:<\/strong><\/p>\n<p>REGISTRO Y DESCRIPCI\u00d3N GR\u00c1FICA PARA EL PATRIMONIO INDUSTRIAL<\/p>\n<p><strong>L\u00ednea:<\/strong><\/p>\n<p>METODOLOG\u00cdA GR\u00c1FICA DE TRABAJO AVANZADA PARA EL PATRIMONIO<\/p>\n<p><strong>L\u00ednea:<\/strong><\/p>\n<p>SIMULACI\u00d3N Y DISE\u00d1O MEC\u00c1NICO Y ESTRUCTURAL.<\/p>\n<p><strong>L\u00ednea:<\/strong><\/p>\n<p>DISE\u00d1O DE VEH\u00cdCULOS ESPECIALES<\/p>\n<p><strong>L\u00ednea:<\/strong><\/p>\n<p>DISE\u00d1O DE ESTRUCTURAS ESPECIALES<\/p>\n<p><strong>L\u00ednea:<\/strong><\/p>\n<p>DISE\u00d1O DE NUEVO PRODUCTO<\/p>\n","protected":false},"excerpt":{"rendered":"<p>L\u00ednea: DISE\u00d1O Y C\u00c1LCULO APLICADO A LA CONSTRUCCI\u00d3N INDUSTRIAL Y ARQUITECT\u00d3NICA L\u00ednea: T\u00c9CNICAS DE MODELADO 3D ASISTIDO POR ORDENADOR AL SERVICIO DE LA INGENIER\u00cdA L\u00ednea: ANIMACI\u00d3N Y RECREACI\u00d3N VIRTUAL POR ORDENADOR L\u00ednea: PATRIMONIO MINERO INDUSTRIAL L\u00ednea: REGISTRO Y DESCRIPCI\u00d3N GR\u00c1FICA PARA EL PATRIMONIO INDUSTRIAL L\u00ednea: METODOLOG\u00cdA GR\u00c1FICA DE TRABAJO AVANZADA PARA EL PATRIMONIO L\u00ednea: SIMULACI\u00d3N &hellip; <a href=\"https:\/\/blog.uclm.es\/josetejero\/lineas-de-investigacion\/\" class=\"more-link\">Seguir leyendo <span class=\"screen-reader-text\">L\u00edneas de investigaci\u00f3n<\/span> <span class=\"meta-nav\">&rarr;<\/span><\/a><\/p>\n","protected":false},"author":141,"featured_media":0,"parent":0,"menu_order":0,"comment_status":"closed","ping_status":"closed","template":"","meta":{"footnotes":""},"class_list":["post-185","page","type-page","status-publish","hentry"],"_links":{"self":[{"href":"https:\/\/blog.uclm.es\/josetejero\/wp-json\/wp\/v2\/pages\/185","targetHints":{"allow":["GET"]}}],"collection":[{"href":"https:\/\/blog.uclm.es\/josetejero\/wp-json\/wp\/v2\/pages"}],"about":[{"href":"https:\/\/blog.uclm.es\/josetejero\/wp-json\/wp\/v2\/types\/page"}],"author":[{"embeddable":true,"href":"https:\/\/blog.uclm.es\/josetejero\/wp-json\/wp\/v2\/users\/141"}],"replies":[{"embeddable":true,"href":"https:\/\/blog.uclm.es\/josetejero\/wp-json\/wp\/v2\/comments?post=185"}],"version-history":[{"count":1,"href":"https:\/\/blog.uclm.es\/josetejero\/wp-json\/wp\/v2\/pages\/185\/revisions"}],"predecessor-version":[{"id":402,"href":"https:\/\/blog.uclm.es\/josetejero\/wp-json\/wp\/v2\/pages\/185\/revisions\/402"}],"wp:attachment":[{"href":"https:\/\/blog.uclm.es\/josetejero\/wp-json\/wp\/v2\/media?parent=185"}],"curies":[{"name":"wp","href":"https:\/\/api.w.org\/{rel}","templated":true}]}}