{"id":137,"date":"2020-05-25T12:58:37","date_gmt":"2020-05-25T11:58:37","guid":{"rendered":"http:\/\/blog.uclm.es\/josetejero\/?page_id=137"},"modified":"2022-12-02T14:18:07","modified_gmt":"2022-12-02T13:18:07","slug":"actividad-academica","status":"publish","type":"page","link":"https:\/\/blog.uclm.es\/josetejero\/actividad-academica\/","title":{"rendered":"Actividad acad\u00e9mica"},"content":{"rendered":"\n<p>En esta p\u00e1gina, encontrar\u00e1s noticias de inter\u00e9s relacionadas con la docencia. Adem\u00e1s de las que se presentan en la siguiente relaci\u00f3n, se vienen celebrando cada a\u00f1o jornadas con la empresa CYPE INGENIEROS, con el Instituto para la Construcci\u00f3n Tubular ICT, la Asociaci\u00f3n Espa\u00f1ola de Fabricantes de Elementos de Fijaci\u00f3n Met\u00e1licos ASEFI.<\/p>\n\n\n\n<p>JORNADAS T\u00c9CNICO-PR\u00c1CTICAS EN LA PLANTA DE \u00c1RIDOS DE LA EMPRESA HORMIMANCHA EN CHILL\u00d3N<\/p>\n\n\n\n<figure class=\"wp-block-gallery has-nested-images columns-default is-cropped wp-block-gallery-1 is-layout-flex wp-block-gallery-is-layout-flex\">\n<figure class=\"wp-block-image size-large\"><img loading=\"lazy\" decoding=\"async\" width=\"304\" height=\"229\" data-id=\"66\" src=\"https:\/\/blog.uclm.es\/josetejero\/wp-content\/uploads\/sites\/166\/2020\/05\/image10741.jpg\" alt=\"\" class=\"wp-image-66\" srcset=\"https:\/\/blog.uclm.es\/josetejero\/wp-content\/uploads\/sites\/166\/2020\/05\/image10741.jpg 304w, https:\/\/blog.uclm.es\/josetejero\/wp-content\/uploads\/sites\/166\/2020\/05\/image10741-300x226.jpg 300w\" sizes=\"auto, (max-width: 304px) 100vw, 304px\" \/><\/figure>\n\n\n\n<figure class=\"wp-block-image size-large\"><img loading=\"lazy\" decoding=\"async\" width=\"296\" height=\"223\" data-id=\"65\" src=\"https:\/\/blog.uclm.es\/josetejero\/wp-content\/uploads\/sites\/166\/2020\/05\/image10711.jpg\" alt=\"\" class=\"wp-image-65\" \/><\/figure>\n\n\n\n<figure class=\"wp-block-image size-large\"><img loading=\"lazy\" decoding=\"async\" width=\"304\" height=\"229\" data-id=\"61\" src=\"https:\/\/blog.uclm.es\/josetejero\/wp-content\/uploads\/sites\/166\/2020\/05\/image10611.jpg\" alt=\"\" class=\"wp-image-61\" srcset=\"https:\/\/blog.uclm.es\/josetejero\/wp-content\/uploads\/sites\/166\/2020\/05\/image10611.jpg 304w, https:\/\/blog.uclm.es\/josetejero\/wp-content\/uploads\/sites\/166\/2020\/05\/image10611-300x226.jpg 300w\" sizes=\"auto, (max-width: 304px) 100vw, 304px\" \/><\/figure>\n\n\n\n<figure class=\"wp-block-image size-large\"><img loading=\"lazy\" decoding=\"async\" width=\"304\" height=\"229\" data-id=\"343\" src=\"https:\/\/blog.uclm.es\/josetejero\/wp-content\/uploads\/sites\/166\/2020\/05\/image10461.jpg\" alt=\"\" class=\"wp-image-343\" srcset=\"https:\/\/blog.uclm.es\/josetejero\/wp-content\/uploads\/sites\/166\/2020\/05\/image10461.jpg 304w, https:\/\/blog.uclm.es\/josetejero\/wp-content\/uploads\/sites\/166\/2020\/05\/image10461-300x226.jpg 300w\" sizes=\"auto, (max-width: 304px) 100vw, 304px\" \/><\/figure>\n\n\n\n<figure class=\"wp-block-image size-large\"><img loading=\"lazy\" decoding=\"async\" width=\"304\" height=\"229\" data-id=\"344\" src=\"https:\/\/blog.uclm.es\/josetejero\/wp-content\/uploads\/sites\/166\/2020\/05\/image10601.jpg\" alt=\"\" class=\"wp-image-344\" srcset=\"https:\/\/blog.uclm.es\/josetejero\/wp-content\/uploads\/sites\/166\/2020\/05\/image10601.jpg 304w, https:\/\/blog.uclm.es\/josetejero\/wp-content\/uploads\/sites\/166\/2020\/05\/image10601-300x226.jpg 300w\" sizes=\"auto, (max-width: 304px) 100vw, 304px\" \/><\/figure>\n\n\n\n<figure class=\"wp-block-image size-large\"><img loading=\"lazy\" decoding=\"async\" width=\"304\" height=\"229\" data-id=\"59\" src=\"https:\/\/blog.uclm.es\/josetejero\/wp-content\/uploads\/sites\/166\/2020\/05\/image10591.jpg\" alt=\"\" class=\"wp-image-59\" srcset=\"https:\/\/blog.uclm.es\/josetejero\/wp-content\/uploads\/sites\/166\/2020\/05\/image10591.jpg 304w, https:\/\/blog.uclm.es\/josetejero\/wp-content\/uploads\/sites\/166\/2020\/05\/image10591-300x226.jpg 300w\" sizes=\"auto, (max-width: 304px) 100vw, 304px\" \/><\/figure>\n\n\n\n<figure class=\"wp-block-image size-large\"><img loading=\"lazy\" decoding=\"async\" width=\"304\" height=\"229\" data-id=\"56\" src=\"https:\/\/blog.uclm.es\/josetejero\/wp-content\/uploads\/sites\/166\/2020\/05\/image10531.jpg\" alt=\"\" class=\"wp-image-56\" srcset=\"https:\/\/blog.uclm.es\/josetejero\/wp-content\/uploads\/sites\/166\/2020\/05\/image10531.jpg 304w, https:\/\/blog.uclm.es\/josetejero\/wp-content\/uploads\/sites\/166\/2020\/05\/image10531-300x226.jpg 300w\" sizes=\"auto, (max-width: 304px) 100vw, 304px\" \/><\/figure>\n\n\n\n<figure class=\"wp-block-image size-large\"><img loading=\"lazy\" decoding=\"async\" width=\"304\" height=\"229\" data-id=\"52\" src=\"https:\/\/blog.uclm.es\/josetejero\/wp-content\/uploads\/sites\/166\/2020\/05\/image10381.jpg\" alt=\"\" class=\"wp-image-52\" srcset=\"https:\/\/blog.uclm.es\/josetejero\/wp-content\/uploads\/sites\/166\/2020\/05\/image10381.jpg 304w, https:\/\/blog.uclm.es\/josetejero\/wp-content\/uploads\/sites\/166\/2020\/05\/image10381-300x226.jpg 300w\" sizes=\"auto, (max-width: 304px) 100vw, 304px\" \/><\/figure>\n<\/figure>\n\n\n\n<p>Cada a\u00f1o, coincidiendo con el mes de marzo, los alumnos de la asignatura de Complementos de Estructuras Met\u00e1licas y de Hormig\u00f3n, visitan y realizan una jornada de car\u00e1cter pr\u00e1ctico en la planta de \u00e1ridos de la empresa Hormimancha, que abastece a la planta de fabricaci\u00f3n de hormig\u00f3n que posee esta misma empresa en la localidad vecina de Chill\u00f3n.<\/p>\n\n\n\n<p>JORNADAS T\u00c9CNICO-PR\u00c1CTICAS EN LA PLANTA DE FABRICACI\u00d3N DE HORMIG\u00d3N DE LA EMPRESA HORMIMANCHA EN CHILL\u00d3N<\/p>\n\n\n\n<figure class=\"wp-block-gallery has-nested-images columns-default is-cropped wp-block-gallery-2 is-layout-flex wp-block-gallery-is-layout-flex\">\n<figure class=\"wp-block-image size-large\"><img loading=\"lazy\" decoding=\"async\" width=\"229\" height=\"303\" data-id=\"63\" src=\"https:\/\/blog.uclm.es\/josetejero\/wp-content\/uploads\/sites\/166\/2020\/05\/image10661.jpg\" alt=\"\" class=\"wp-image-63\" srcset=\"https:\/\/blog.uclm.es\/josetejero\/wp-content\/uploads\/sites\/166\/2020\/05\/image10661.jpg 229w, https:\/\/blog.uclm.es\/josetejero\/wp-content\/uploads\/sites\/166\/2020\/05\/image10661-227x300.jpg 227w\" sizes=\"auto, (max-width: 229px) 100vw, 229px\" \/><\/figure>\n\n\n\n<figure class=\"wp-block-image size-large\"><img loading=\"lazy\" decoding=\"async\" width=\"304\" height=\"229\" data-id=\"345\" src=\"https:\/\/blog.uclm.es\/josetejero\/wp-content\/uploads\/sites\/166\/2020\/05\/image10671.jpg\" alt=\"\" class=\"wp-image-345\" srcset=\"https:\/\/blog.uclm.es\/josetejero\/wp-content\/uploads\/sites\/166\/2020\/05\/image10671.jpg 304w, https:\/\/blog.uclm.es\/josetejero\/wp-content\/uploads\/sites\/166\/2020\/05\/image10671-300x226.jpg 300w\" sizes=\"auto, (max-width: 304px) 100vw, 304px\" \/><\/figure>\n\n\n\n<figure class=\"wp-block-image size-large\"><img loading=\"lazy\" decoding=\"async\" width=\"304\" height=\"229\" data-id=\"62\" src=\"https:\/\/blog.uclm.es\/josetejero\/wp-content\/uploads\/sites\/166\/2020\/05\/image10651.jpg\" alt=\"\" class=\"wp-image-62\" srcset=\"https:\/\/blog.uclm.es\/josetejero\/wp-content\/uploads\/sites\/166\/2020\/05\/image10651.jpg 304w, https:\/\/blog.uclm.es\/josetejero\/wp-content\/uploads\/sites\/166\/2020\/05\/image10651-300x226.jpg 300w\" sizes=\"auto, (max-width: 304px) 100vw, 304px\" \/><\/figure>\n\n\n\n<figure class=\"wp-block-image size-large\"><img loading=\"lazy\" decoding=\"async\" width=\"304\" height=\"229\" data-id=\"58\" src=\"https:\/\/blog.uclm.es\/josetejero\/wp-content\/uploads\/sites\/166\/2020\/05\/image10561.jpg\" alt=\"\" class=\"wp-image-58\" srcset=\"https:\/\/blog.uclm.es\/josetejero\/wp-content\/uploads\/sites\/166\/2020\/05\/image10561.jpg 304w, https:\/\/blog.uclm.es\/josetejero\/wp-content\/uploads\/sites\/166\/2020\/05\/image10561-300x226.jpg 300w\" sizes=\"auto, (max-width: 304px) 100vw, 304px\" \/><\/figure>\n\n\n\n<figure class=\"wp-block-image size-large\"><img loading=\"lazy\" decoding=\"async\" width=\"229\" height=\"304\" data-id=\"73\" src=\"https:\/\/blog.uclm.es\/josetejero\/wp-content\/uploads\/sites\/166\/2020\/05\/image4211.jpg\" alt=\"\" class=\"wp-image-73\" srcset=\"https:\/\/blog.uclm.es\/josetejero\/wp-content\/uploads\/sites\/166\/2020\/05\/image4211.jpg 229w, https:\/\/blog.uclm.es\/josetejero\/wp-content\/uploads\/sites\/166\/2020\/05\/image4211-226x300.jpg 226w\" sizes=\"auto, (max-width: 229px) 100vw, 229px\" \/><\/figure>\n\n\n\n<figure class=\"wp-block-image size-large\"><img loading=\"lazy\" decoding=\"async\" width=\"229\" height=\"304\" data-id=\"55\" src=\"https:\/\/blog.uclm.es\/josetejero\/wp-content\/uploads\/sites\/166\/2020\/05\/image10491.jpg\" alt=\"\" class=\"wp-image-55\" srcset=\"https:\/\/blog.uclm.es\/josetejero\/wp-content\/uploads\/sites\/166\/2020\/05\/image10491.jpg 229w, https:\/\/blog.uclm.es\/josetejero\/wp-content\/uploads\/sites\/166\/2020\/05\/image10491-226x300.jpg 226w\" sizes=\"auto, (max-width: 229px) 100vw, 229px\" \/><\/figure>\n\n\n\n<figure class=\"wp-block-image size-large\"><img loading=\"lazy\" decoding=\"async\" width=\"304\" height=\"229\" data-id=\"342\" src=\"https:\/\/blog.uclm.es\/josetejero\/wp-content\/uploads\/sites\/166\/2020\/05\/image10431.jpg\" alt=\"\" class=\"wp-image-342\" srcset=\"https:\/\/blog.uclm.es\/josetejero\/wp-content\/uploads\/sites\/166\/2020\/05\/image10431.jpg 304w, https:\/\/blog.uclm.es\/josetejero\/wp-content\/uploads\/sites\/166\/2020\/05\/image10431-300x226.jpg 300w\" sizes=\"auto, (max-width: 304px) 100vw, 304px\" \/><\/figure>\n\n\n\n<figure class=\"wp-block-image size-large\"><img loading=\"lazy\" decoding=\"async\" width=\"304\" height=\"229\" data-id=\"51\" src=\"https:\/\/blog.uclm.es\/josetejero\/wp-content\/uploads\/sites\/166\/2020\/05\/image10361.jpg\" alt=\"\" class=\"wp-image-51\" srcset=\"https:\/\/blog.uclm.es\/josetejero\/wp-content\/uploads\/sites\/166\/2020\/05\/image10361.jpg 304w, https:\/\/blog.uclm.es\/josetejero\/wp-content\/uploads\/sites\/166\/2020\/05\/image10361-300x226.jpg 300w\" sizes=\"auto, (max-width: 304px) 100vw, 304px\" \/><\/figure>\n\n\n\n<figure class=\"wp-block-image size-large\"><img loading=\"lazy\" decoding=\"async\" width=\"298\" height=\"225\" data-id=\"71\" src=\"https:\/\/blog.uclm.es\/josetejero\/wp-content\/uploads\/sites\/166\/2020\/05\/image11441.jpg\" alt=\"\" class=\"wp-image-71\" \/><\/figure>\n<\/figure>\n\n\n\n<p>Cada a\u00f1o, coincidiendo con el mes de marzo, los alumnos de la asignatura de Complementos de Estructuras Met\u00e1licas y de Hormig\u00f3n, visitan y realizan una jornada de car\u00e1cter pr\u00e1ctico en la planta de fabricaci\u00f3n de hormig\u00f3n que posee esta misma empresa en la localidad vecina de Chill\u00f3n. Los alumnos aprenden la fabricaci\u00f3n de hormig\u00f3n en funci\u00f3n de los pedidos de las obras y realizan, posteriormente, todo tipo de ensayos y pruebas.<\/p>\n\n\n\n<h2 class=\"wp-block-heading\">JORNADAS T\u00c9CNICO-PR\u00c1CTICAS EN LA PLANTA DE FABRICACI\u00d3N DE CEMENTOS DE LA EMPRESA COSMOS EN C\u00d3RDOBA<\/h2>\n\n\n\n<figure class=\"wp-block-gallery has-nested-images columns-default is-cropped wp-block-gallery-3 is-layout-flex wp-block-gallery-is-layout-flex\">\n<figure class=\"wp-block-image size-large\"><img loading=\"lazy\" decoding=\"async\" width=\"309\" height=\"210\" data-id=\"69\" src=\"https:\/\/blog.uclm.es\/josetejero\/wp-content\/uploads\/sites\/166\/2020\/05\/image11361.jpg\" alt=\"\" class=\"wp-image-69\" srcset=\"https:\/\/blog.uclm.es\/josetejero\/wp-content\/uploads\/sites\/166\/2020\/05\/image11361.jpg 309w, https:\/\/blog.uclm.es\/josetejero\/wp-content\/uploads\/sites\/166\/2020\/05\/image11361-300x204.jpg 300w\" sizes=\"auto, (max-width: 309px) 100vw, 309px\" \/><\/figure>\n\n\n\n<figure class=\"wp-block-image size-large\"><img loading=\"lazy\" decoding=\"async\" width=\"309\" height=\"210\" data-id=\"67\" src=\"https:\/\/blog.uclm.es\/josetejero\/wp-content\/uploads\/sites\/166\/2020\/05\/image11301.jpg\" alt=\"\" class=\"wp-image-67\" srcset=\"https:\/\/blog.uclm.es\/josetejero\/wp-content\/uploads\/sites\/166\/2020\/05\/image11301.jpg 309w, https:\/\/blog.uclm.es\/josetejero\/wp-content\/uploads\/sites\/166\/2020\/05\/image11301-300x204.jpg 300w\" sizes=\"auto, (max-width: 309px) 100vw, 309px\" \/><\/figure>\n\n\n\n<figure class=\"wp-block-image size-large\"><img loading=\"lazy\" decoding=\"async\" width=\"306\" height=\"208\" data-id=\"68\" src=\"https:\/\/blog.uclm.es\/josetejero\/wp-content\/uploads\/sites\/166\/2020\/05\/image11311.jpg\" alt=\"\" class=\"wp-image-68\" srcset=\"https:\/\/blog.uclm.es\/josetejero\/wp-content\/uploads\/sites\/166\/2020\/05\/image11311.jpg 306w, https:\/\/blog.uclm.es\/josetejero\/wp-content\/uploads\/sites\/166\/2020\/05\/image11311-300x204.jpg 300w\" sizes=\"auto, (max-width: 306px) 100vw, 306px\" \/><\/figure>\n\n\n\n<figure class=\"wp-block-image size-large\"><img loading=\"lazy\" decoding=\"async\" width=\"310\" height=\"211\" data-id=\"70\" src=\"https:\/\/blog.uclm.es\/josetejero\/wp-content\/uploads\/sites\/166\/2020\/05\/image11391.jpg\" alt=\"\" class=\"wp-image-70\" srcset=\"https:\/\/blog.uclm.es\/josetejero\/wp-content\/uploads\/sites\/166\/2020\/05\/image11391.jpg 310w, https:\/\/blog.uclm.es\/josetejero\/wp-content\/uploads\/sites\/166\/2020\/05\/image11391-300x204.jpg 300w\" sizes=\"auto, (max-width: 310px) 100vw, 310px\" \/><\/figure>\n\n\n\n<figure class=\"wp-block-image size-large\"><img loading=\"lazy\" decoding=\"async\" width=\"309\" height=\"210\" data-id=\"75\" src=\"https:\/\/blog.uclm.es\/josetejero\/wp-content\/uploads\/sites\/166\/2020\/05\/image7371.jpg\" alt=\"\" class=\"wp-image-75\" srcset=\"https:\/\/blog.uclm.es\/josetejero\/wp-content\/uploads\/sites\/166\/2020\/05\/image7371.jpg 309w, https:\/\/blog.uclm.es\/josetejero\/wp-content\/uploads\/sites\/166\/2020\/05\/image7371-300x204.jpg 300w\" sizes=\"auto, (max-width: 309px) 100vw, 309px\" \/><\/figure>\n\n\n\n<figure class=\"wp-block-image size-large\"><img loading=\"lazy\" decoding=\"async\" width=\"305\" height=\"208\" data-id=\"346\" src=\"https:\/\/blog.uclm.es\/josetejero\/wp-content\/uploads\/sites\/166\/2020\/05\/image7351.jpg\" alt=\"\" class=\"wp-image-346\" srcset=\"https:\/\/blog.uclm.es\/josetejero\/wp-content\/uploads\/sites\/166\/2020\/05\/image7351.jpg 305w, https:\/\/blog.uclm.es\/josetejero\/wp-content\/uploads\/sites\/166\/2020\/05\/image7351-300x205.jpg 300w\" sizes=\"auto, (max-width: 305px) 100vw, 305px\" \/><\/figure>\n\n\n\n<figure class=\"wp-block-image size-large\"><img loading=\"lazy\" decoding=\"async\" width=\"300\" height=\"226\" data-id=\"76\" src=\"https:\/\/blog.uclm.es\/josetejero\/wp-content\/uploads\/sites\/166\/2020\/05\/image7531.jpg\" alt=\"\" class=\"wp-image-76\" \/><\/figure>\n\n\n\n<figure class=\"wp-block-image size-large\"><img loading=\"lazy\" decoding=\"async\" width=\"307\" height=\"208\" data-id=\"77\" src=\"https:\/\/blog.uclm.es\/josetejero\/wp-content\/uploads\/sites\/166\/2020\/05\/image7551.jpg\" alt=\"\" class=\"wp-image-77\" srcset=\"https:\/\/blog.uclm.es\/josetejero\/wp-content\/uploads\/sites\/166\/2020\/05\/image7551.jpg 307w, https:\/\/blog.uclm.es\/josetejero\/wp-content\/uploads\/sites\/166\/2020\/05\/image7551-300x203.jpg 300w\" sizes=\"auto, (max-width: 307px) 100vw, 307px\" \/><\/figure>\n<\/figure>\n\n\n\n<p>Cada a\u00f1o, a finales del mes de abril o principios del mes de mayo, los alumnos de la asignatura de Complementos de Estructuras Met\u00e1licas y de Hormig\u00f3n, as\u00ed como los que cursen otras asignaturas como Teor\u00eda de estructuras y Construcciones Industriales y Estructuras Met\u00e1licas y de Hormig\u00f3n, visitan y viven una jornada de car\u00e1cter pr\u00e1ctico inolvidable en la planta de fabricaci\u00f3n de cementos de la empresa Cosmos que posee en la localidad de C\u00f3rdoba. Los alumnos, a pie de f\u00e1brica, aprenden como se obtiene el cemento en un proceso de fabricaci\u00f3n que comprende desde la llegada de la materia prima hasta la salida de producto terminado, bien envasado \u00f3 a granel. Pero adem\u00e1s, debido a la cantidad de instalaciones existentes en la central, los alumnos pueden ver una inmensa cantidad de detalles constructivos tanto en construcci\u00f3n met\u00e1lica como en hormig\u00f3n, por lo que la visita resulta muy satisfactoria y provechosa.<\/p>\n\n\n\n<p>JORNADAS T\u00c9CNICO-PR\u00c1CTICAS EN LA PLANTA DE PREFABRICADOS DE HORMIG\u00d3N DE LA EMPRESA PRETENSADOS CAC DE POZOBLANCO (C\u00d3RDOBA)<\/p>\n\n\n<div class=\"wp-block-image\">\n<figure class=\"aligncenter size-full\"><img loading=\"lazy\" decoding=\"async\" width=\"406\" height=\"306\" src=\"https:\/\/blog.uclm.es\/josetejero\/wp-content\/uploads\/sites\/166\/2020\/05\/image11471.jpg\" alt=\"\" class=\"wp-image-72\" srcset=\"https:\/\/blog.uclm.es\/josetejero\/wp-content\/uploads\/sites\/166\/2020\/05\/image11471.jpg 406w, https:\/\/blog.uclm.es\/josetejero\/wp-content\/uploads\/sites\/166\/2020\/05\/image11471-300x226.jpg 300w\" sizes=\"auto, (max-width: 406px) 100vw, 406px\" \/><\/figure>\n<\/div>\n\n\n<p>Cada a\u00f1o, a finales del mes de abril o principios del mes de mayo, los alumnos de la asignatura de Complementos de Estructuras Met\u00e1licas y de Hormig\u00f3n, as\u00ed como los que cursen otras asignaturas como Teor\u00eda de estructuras y Construcciones Industriales y Estructuras Met\u00e1licas y de Hormig\u00f3n, viven igualmente una jornada de car\u00e1cter pr\u00e1ctico en la planta de la empresa CAC Pretensados del Grupo Prasa, dedicada a los elementos prefabricados de hormig\u00f3n en la localidad de cordobesa de Pozoblanco. De esta manera, m\u00e1s las clases pr\u00e1cticas en el aula de inform\u00e1tica, se complementa la formaci\u00f3n te\u00f3rica de manera muy satisfactoria y provechosa, como se comentaba anteriormente.<\/p>\n\n\n\n<h2 class=\"wp-block-heading\">OTRAS JORNADAS T\u00c9CNICO-PR\u00c1CTICAS EN LAS INSTALACIONES DE MANTENIMIENTO DE IBERIA Y EN LA F\u00c1BRICA DE ARLITA EN MADRID, AS\u00cd COMO OBRAS COMO EL TEATRO CERVANTES DE ALMAD\u00c9N<\/h2>\n\n\n\n<figure class=\"wp-block-gallery has-nested-images columns-default is-cropped wp-block-gallery-4 is-layout-flex wp-block-gallery-is-layout-flex\">\n<figure class=\"wp-block-image size-large\"><img loading=\"lazy\" decoding=\"async\" width=\"330\" height=\"223\" data-id=\"78\" src=\"https:\/\/blog.uclm.es\/josetejero\/wp-content\/uploads\/sites\/166\/2020\/05\/image7591.jpg\" alt=\"\" class=\"wp-image-78\" srcset=\"https:\/\/blog.uclm.es\/josetejero\/wp-content\/uploads\/sites\/166\/2020\/05\/image7591.jpg 330w, https:\/\/blog.uclm.es\/josetejero\/wp-content\/uploads\/sites\/166\/2020\/05\/image7591-300x203.jpg 300w\" sizes=\"auto, (max-width: 330px) 100vw, 330px\" \/><\/figure>\n\n\n\n<figure class=\"wp-block-image size-large\"><img loading=\"lazy\" decoding=\"async\" width=\"325\" height=\"219\" data-id=\"79\" src=\"https:\/\/blog.uclm.es\/josetejero\/wp-content\/uploads\/sites\/166\/2020\/05\/image7611.jpg\" alt=\"\" class=\"wp-image-79\" srcset=\"https:\/\/blog.uclm.es\/josetejero\/wp-content\/uploads\/sites\/166\/2020\/05\/image7611.jpg 325w, https:\/\/blog.uclm.es\/josetejero\/wp-content\/uploads\/sites\/166\/2020\/05\/image7611-300x202.jpg 300w\" sizes=\"auto, (max-width: 325px) 100vw, 325px\" \/><\/figure>\n\n\n\n<figure class=\"wp-block-image size-large\"><img loading=\"lazy\" decoding=\"async\" width=\"345\" height=\"260\" data-id=\"80\" src=\"https:\/\/blog.uclm.es\/josetejero\/wp-content\/uploads\/sites\/166\/2020\/05\/image7641.jpg\" alt=\"\" class=\"wp-image-80\" srcset=\"https:\/\/blog.uclm.es\/josetejero\/wp-content\/uploads\/sites\/166\/2020\/05\/image7641.jpg 345w, https:\/\/blog.uclm.es\/josetejero\/wp-content\/uploads\/sites\/166\/2020\/05\/image7641-300x226.jpg 300w\" sizes=\"auto, (max-width: 345px) 100vw, 345px\" \/><\/figure>\n<\/figure>\n","protected":false},"excerpt":{"rendered":"<p>En esta p\u00e1gina, encontrar\u00e1s noticias de inter\u00e9s relacionadas con la docencia. Adem\u00e1s de las que se presentan en la siguiente relaci\u00f3n, se vienen celebrando cada a\u00f1o jornadas con la empresa CYPE INGENIEROS, con el Instituto para la Construcci\u00f3n Tubular ICT, la Asociaci\u00f3n Espa\u00f1ola de Fabricantes de Elementos de Fijaci\u00f3n Met\u00e1licos ASEFI. JORNADAS T\u00c9CNICO-PR\u00c1CTICAS EN LA &hellip; <a href=\"https:\/\/blog.uclm.es\/josetejero\/actividad-academica\/\" class=\"more-link\">Seguir leyendo <span class=\"screen-reader-text\">Actividad acad\u00e9mica<\/span> <span class=\"meta-nav\">&rarr;<\/span><\/a><\/p>\n","protected":false},"author":141,"featured_media":0,"parent":0,"menu_order":0,"comment_status":"closed","ping_status":"closed","template":"","meta":{"footnotes":""},"class_list":["post-137","page","type-page","status-publish","hentry"],"_links":{"self":[{"href":"https:\/\/blog.uclm.es\/josetejero\/wp-json\/wp\/v2\/pages\/137","targetHints":{"allow":["GET"]}}],"collection":[{"href":"https:\/\/blog.uclm.es\/josetejero\/wp-json\/wp\/v2\/pages"}],"about":[{"href":"https:\/\/blog.uclm.es\/josetejero\/wp-json\/wp\/v2\/types\/page"}],"author":[{"embeddable":true,"href":"https:\/\/blog.uclm.es\/josetejero\/wp-json\/wp\/v2\/users\/141"}],"replies":[{"embeddable":true,"href":"https:\/\/blog.uclm.es\/josetejero\/wp-json\/wp\/v2\/comments?post=137"}],"version-history":[{"count":2,"href":"https:\/\/blog.uclm.es\/josetejero\/wp-json\/wp\/v2\/pages\/137\/revisions"}],"predecessor-version":[{"id":408,"href":"https:\/\/blog.uclm.es\/josetejero\/wp-json\/wp\/v2\/pages\/137\/revisions\/408"}],"wp:attachment":[{"href":"https:\/\/blog.uclm.es\/josetejero\/wp-json\/wp\/v2\/media?parent=137"}],"curies":[{"name":"wp","href":"https:\/\/api.w.org\/{rel}","templated":true}]}}