{"id":135,"date":"2020-05-25T12:56:44","date_gmt":"2020-05-25T11:56:44","guid":{"rendered":"http:\/\/blog.uclm.es\/josetejero\/?page_id=135"},"modified":"2022-12-02T14:09:14","modified_gmt":"2022-12-02T13:09:14","slug":"calendario-y-horarios","status":"publish","type":"page","link":"https:\/\/blog.uclm.es\/josetejero\/calendario-y-horarios\/","title":{"rendered":"Calendario y horarios"},"content":{"rendered":"<h3>Horario de clases<\/h3>\n<p>Primer cuatrimestre<\/p>\n<p><strong>DISE\u00d1O Y CALCULO DE ESTRUCTURAS MET\u00c1LICAS Y DE HORMIG\u00d3N (Obligatoria)<\/strong><\/p>\n<table>\n<tbody>\n<tr>\n<td>Lunes<\/td>\n<td>17,40 &#8211; 19,30 horas<\/td>\n<\/tr>\n<tr>\n<td>Mi\u00e9rcoles<\/td>\n<td>17,40 &#8211; 19,30 horas<\/td>\n<\/tr>\n<\/tbody>\n<\/table>\n<p><strong>COMPLEMENTOS DE ESTRUCTURAS MET\u00c1LICAS Y DE HORMIG\u00d3N (Optativa)<\/strong><\/p>\n<table>\n<tbody>\n<tr>\n<td>Lunes<\/td>\n<td>13,40 &#8211; 14,30 horas<\/td>\n<\/tr>\n<tr>\n<td>Martes<\/td>\n<td>11,30 &#8211; 13,30 horas<\/td>\n<\/tr>\n<tr>\n<td>Mi\u00e9rcoles<\/td>\n<td>11,40 &#8211; 12,30 horas<\/td>\n<\/tr>\n<\/tbody>\n<\/table>\n<p>Segundo cuatrimestre<\/p>\n<p><strong>TEOR\u00cdA DE ESTRUCTURAS Y CONSTRUCCIONES INDUSTRIALES (Obligatoria)<\/strong><\/p>\n<table>\n<tbody>\n<tr>\n<td>Martes<\/td>\n<td>17,40 &#8211; 19,30 horas<\/td>\n<\/tr>\n<tr>\n<td>Mi\u00e9rcoles<\/td>\n<td>18,40 &#8211; 19,30 horas<\/td>\n<\/tr>\n<tr>\n<td>Viernes<\/td>\n<td>12,40 &#8211; 13,30 horas<\/td>\n<\/tr>\n<\/tbody>\n<\/table>\n<p><strong>PR\u00c1CTICAS<\/strong><\/p>\n<table>\n<tbody>\n<tr>\n<td>Viernes<\/td>\n<td>8,30 &#8211; 12,30 horas<\/td>\n<\/tr>\n<\/tbody>\n<\/table>\n<p>D\u00edas: Publicados en el horario del centro.<\/p>\n<h2>Horario de tutorias<\/h2>\n<p>Primer cuatrimestre<\/p>\n<table>\n<tbody>\n<tr>\n<td>Lunes<\/td>\n<td>10,30 &#8211; 13,30 horas<\/td>\n<\/tr>\n<tr>\n<td>Martes<\/td>\n<td>10,30 &#8211; 11,30 horas<\/p>\n<p>13,30 &#8211; 14,30 horas<\/td>\n<\/tr>\n<tr>\n<td>Mi\u00e9rcoles<\/td>\n<td>10,30 &#8211; 11,30 horas<\/td>\n<\/tr>\n<\/tbody>\n<\/table>\n<p>Segundo cuatrimestre<\/p>\n<table>\n<tbody>\n<tr>\n<td>Lunes<\/td>\n<td>10,30 &#8211; 13,30 horas<\/td>\n<\/tr>\n<tr>\n<td>Martes<\/td>\n<td>10,30 &#8211; 11,30 horas<\/td>\n<\/tr>\n<\/tbody>\n<\/table>\n<p>Fechas de ex\u00e1menes<\/p>\n<p>Tanto para el caso de realizarse ex\u00e1menes como entrega de trabajos, proyectos globalizadores y pr\u00e1cticas, ser\u00e1n las fechas fijadas para cada caso por el Centro.<\/p>\n","protected":false},"excerpt":{"rendered":"<p>Horario de clases Primer cuatrimestre DISE\u00d1O Y CALCULO DE ESTRUCTURAS MET\u00c1LICAS Y DE HORMIG\u00d3N (Obligatoria) Lunes 17,40 &#8211; 19,30 horas Mi\u00e9rcoles 17,40 &#8211; 19,30 horas COMPLEMENTOS DE ESTRUCTURAS MET\u00c1LICAS Y DE HORMIG\u00d3N (Optativa) Lunes 13,40 &#8211; 14,30 horas Martes 11,30 &#8211; 13,30 horas Mi\u00e9rcoles 11,40 &#8211; 12,30 horas Segundo cuatrimestre TEOR\u00cdA DE ESTRUCTURAS Y CONSTRUCCIONES &hellip; <a href=\"https:\/\/blog.uclm.es\/josetejero\/calendario-y-horarios\/\" class=\"more-link\">Seguir leyendo <span class=\"screen-reader-text\">Calendario y horarios<\/span> <span class=\"meta-nav\">&rarr;<\/span><\/a><\/p>\n","protected":false},"author":141,"featured_media":0,"parent":0,"menu_order":0,"comment_status":"closed","ping_status":"closed","template":"","meta":{"footnotes":""},"class_list":["post-135","page","type-page","status-publish","hentry"],"_links":{"self":[{"href":"https:\/\/blog.uclm.es\/josetejero\/wp-json\/wp\/v2\/pages\/135","targetHints":{"allow":["GET"]}}],"collection":[{"href":"https:\/\/blog.uclm.es\/josetejero\/wp-json\/wp\/v2\/pages"}],"about":[{"href":"https:\/\/blog.uclm.es\/josetejero\/wp-json\/wp\/v2\/types\/page"}],"author":[{"embeddable":true,"href":"https:\/\/blog.uclm.es\/josetejero\/wp-json\/wp\/v2\/users\/141"}],"replies":[{"embeddable":true,"href":"https:\/\/blog.uclm.es\/josetejero\/wp-json\/wp\/v2\/comments?post=135"}],"version-history":[{"count":2,"href":"https:\/\/blog.uclm.es\/josetejero\/wp-json\/wp\/v2\/pages\/135\/revisions"}],"predecessor-version":[{"id":399,"href":"https:\/\/blog.uclm.es\/josetejero\/wp-json\/wp\/v2\/pages\/135\/revisions\/399"}],"wp:attachment":[{"href":"https:\/\/blog.uclm.es\/josetejero\/wp-json\/wp\/v2\/media?parent=135"}],"curies":[{"name":"wp","href":"https:\/\/api.w.org\/{rel}","templated":true}]}}