{"id":125,"date":"2020-05-25T12:21:10","date_gmt":"2020-05-25T11:21:10","guid":{"rendered":"http:\/\/blog.uclm.es\/josetejero\/?page_id=125"},"modified":"2022-12-02T14:01:11","modified_gmt":"2022-12-02T13:01:11","slug":"complementos-de-estructuras-metalicas-y-de-hormigon","status":"publish","type":"page","link":"https:\/\/blog.uclm.es\/josetejero\/complementos-de-estructuras-metalicas-y-de-hormigon\/","title":{"rendered":"COMPLEMENTOS DE ESTRUCTURAS MET\u00c1LICAS Y DE HORMIG\u00d3N"},"content":{"rendered":"<h4><strong>PARTE 1: HORMIG\u00d3N ARMADO<\/strong><\/h4>\n<p>\u00a0<\/p>\n<p><strong>TEMA 1:\u00a0<\/strong><strong><em>PROPIEDADES TECNOL\u00d3GICAS DE LOS MATERIALES<\/em><\/strong><\/p>\n<p><strong>LECCI\u00d3N N\u00daM. 1 : COMPONENTES Y PROPIEDADES DEL HORMIG\u00d3N<\/strong><\/p>\n<p>Cementos. Agua. \u00c1ridos. Otros componentes.<\/p>\n<p><strong>LECCI\u00d3N N\u00daM. 2: HORMIGONES<\/strong><\/p>\n<p>Composici\u00f3n. Condiciones de calidad. Caracter\u00edsticas mec\u00e1nicas. Docilidad del hormig\u00f3n. Durabilidad.<\/p>\n<p>\u00a0<\/p>\n<p><strong>TEMA 2:\u00a0<\/strong><strong><em>A RMADURAS<\/em><\/strong><\/p>\n<p><strong>LECCI\u00d3N N\u00daM. 3: ARMADURAS PASIVAS<\/strong><\/p>\n<p>Productos. Valores caracter\u00edsticos. Clasificaci\u00f3n de los aceros. Suministro y almacenamiento. Durabilidad.<\/p>\n<p><strong>LECCI\u00d3N N\u00daM. 4: ARMADURAS ACTIVAS<\/strong><\/p>\n<p>Generalidades. Caracter\u00edsticas mec\u00e1nicas. Alambres, barras y cordones. Suministro y almacenamiento. Durabilidad.<\/p>\n<p>\u00a0<\/p>\n<p><strong>TEMA 3:\u00a0<\/strong><strong><em>EJECUCI\u00d3N DEL HORMIG\u00d3N ARMADO<\/em><\/strong><\/p>\n<p><strong>LECCI\u00d3N N\u00daM. 5: ELABORACI\u00d3N Y COLOCACI\u00d3N DE LAS ARMADURAS<\/strong><\/p>\n<p>Generalidades. Disposici\u00f3n de separadores. Doblado de las armaduras pasivas. Anclaje de las armaduras pasivas. Empalme de las armaduras pasivas.<\/p>\n<p><strong>LECCI\u00d3N N\u00daM. 6: DOSIFICACI\u00d3N, FABRICACI\u00d3N Y PUESTA EN OBRA DEL HORMIG\u00d3N<\/strong><\/p>\n<p>Dosificaci\u00f3n. Fabricaci\u00f3n, transporte a obra. Puesta en obra.<\/p>\n<p>\u00a0<\/p>\n<p><strong>TEMA 4: <\/strong><strong><em>CONTROL DE CALIDAD DE LAS ESTRUCTURAS DE HORMIG\u00d3N<\/em><\/strong><\/p>\n<p><strong>LECCI\u00d3N N\u00daM. 7: CONTROL Y EJECUCI\u00d3N DEL HORMIG\u00d3N.<\/strong><\/p>\n<p>Control de la calidad. Control de los materiales. Control de la ejecuci\u00f3n.<\/p>\n<p>\u00a0<\/p>\n<p><strong>TEMA 5:\u00a0<\/strong><strong><em>BASES DE C\u00c1LCULO. M\u00c9TODO DE LOS ESTADOS L\u00cdMITES<\/em><\/strong><\/p>\n<p><strong>LECCI\u00d3N N\u00daM. 8: BASES DE C\u00c1LCULO<\/strong><\/p>\n<p>Introducci\u00f3n a la seguridad. Bases generales. Definici\u00f3n de estados l\u00edmites. Estados l\u00edmites \u00faltimos. Estados l\u00edmites de utilizaci\u00f3n. Niveles de c\u00e1lculo. Aplicaci\u00f3n. Dominios de deformaci\u00f3n.<\/p>\n<p><strong>LECCI\u00d3N N\u00daM. 9: ACCIONES<\/strong><\/p>\n<p>Clasificaci\u00f3n de las acciones. Valores caracter\u00edsticos de las acciones. Valores representativos de las acciones. Combinaciones de acciones.<\/p>\n<p>\u00a0<\/p>\n<p><strong>TEMA 6:\u00a0<em>ESTADO L\u00cdMITE DE AGOTAMIENTO FRENTE A SOLICITACIONES NORMALES<\/em><\/strong><\/p>\n<p><strong>LECCI\u00d3N N\u00daM. 10: TRACCI\u00d3N<\/strong><\/p>\n<p>Introducci\u00f3n. Tracci\u00f3n simple. Tracci\u00f3n compuesta. Cuant\u00eda m\u00ednima. Cuant\u00eda m\u00e1xima. Disposiciones constructivas.<\/p>\n<p><strong>LECCI\u00d3N N\u00daM. 11: COMPRESI\u00d3N SIMPLE<\/strong><\/p>\n<p>Introducci\u00f3n. Comportamiento longitudinal. Resistencia a compresi\u00f3n del hormig\u00f3n. Excentricidad m\u00ednima. Cuant\u00eda m\u00ednima. Cuant\u00eda m\u00e1xima. Disposiciones constructivas.<\/p>\n<p><strong>LECCI\u00d3N N\u00daM. 12: FLEXI\u00d3N SIMPLE<\/strong><\/p>\n<p>Introducci\u00f3n. Flexi\u00f3n simple en piezas rectangulares. Cuant\u00eda m\u00ednima. Cuant\u00eda m\u00e1xima. Disposiciones constructivas.<\/p>\n<p><strong>LECCI\u00d3N N\u00daM. 13: COMPRESI\u00d3N Y FLEXI\u00d3N COMPUESTAS<\/strong><\/p>\n<p>Introducci\u00f3n. Secci\u00f3n rectangular con armadura sim\u00e9trica. Excentricidad m\u00ednima. Secciones circulares. Cuant\u00eda m\u00ednima. Cuant\u00eda m\u00e1xima. Disposiciones constructivas.<\/p>\n<p><strong>LECCI\u00d3N N\u00daM. 14: FLEXI\u00d3N ESVIADA, FLEXI\u00d3N Y COMPRESI\u00d3N COMPUESTAS ESVIADAS<\/strong><\/p>\n<p>Introducci\u00f3n. Flexi\u00f3n esviada. Flexi\u00f3n y compresi\u00f3n esviadas. Cuant\u00eda m\u00ednima. Cuant\u00eda m\u00e1xima. Disposiciones constructivas.<\/p>\n<p>\u00a0<\/p>\n<p><strong>TEMA 7:\u00a0<\/strong><strong><em>ESTADO L\u00cdMITE DE INESTABILIDAD<\/em><\/strong><\/p>\n<p><strong>LECCI\u00d3N N\u00daM. 15: ESTADO L\u00cdMITE DE INESTABILIDAD<\/strong><\/p>\n<p>Generalidades. M\u00e9todo general. Comprobaci\u00f3n de estructuras intraslacionales. Comprobaci\u00f3n de estructuras traslacionales. Soportes aislados. Inestabilidad lateral en vigas.<\/p>\n<p>\u00a0<\/p>\n<p><strong>TEMA 8:\u00a0<\/strong><strong><em>ESTADO L\u00cdMITE DE AGOTAMIENTO FRENTE A CORTANTE<\/em><\/strong><\/p>\n<p><strong>LECCI\u00d3N N\u00daM. 16: ESTADO L\u00cdMITE DE AGOTAIENTO FRENTE A ESFUERZO CORTANTE<\/strong><\/p>\n<p>Generalidades. Regla del cosido. Resistencia a esfuerzo cortante en elementos lineales. Armaduras transversales y longitudinales.<\/p>\n<p>\u00a0<\/p>\n<p><strong>TEMA 9:\u00a0<\/strong><strong><em>ESTADO L\u00cdMITE DE AGOTAMIENTO POR TORSI\u00d3N<\/em><\/strong><\/p>\n<p><strong>LECCI\u00d3N N\u00daM. 17: ESTADO L\u00cdMITE DE AGOTAMIENTO POR TORSI\u00d3N<\/strong><\/p>\n<p>\u00a0Consideraciones generales. Torsi\u00f3n pura. Disposiciones relativas a las armaduras.<\/p>\n<p>\u00a0<\/p>\n<p><strong>TEMA 10:\u00a0<\/strong><strong><em>ESTADO L\u00cdMITE DE PUNZONAMIENTO<\/em><\/strong><\/p>\n<p><strong>LECCI\u00d3N N\u00daM. 18: ESTADO L\u00cdMITE DE PUNZONAMIENTO<\/strong><\/p>\n<p>\u00a0Introducci\u00f3n. M\u00e9todo EHE. Disposiciones constructivas. Sistemas industrializados.<\/p>\n<p>\u00a0<\/p>\n<p><strong>TEMA 11:\u00a0<\/strong><strong><em>ESTADOS L\u00cdMITE DE SERVICIO<\/em><\/strong><\/p>\n<p><strong>LECCI\u00d3N N\u00daM. 19: ESTADOS L\u00cdMITE DE SERVICIO<\/strong><\/p>\n<p>\u00a0Estado l\u00edmite de figuraci\u00f3n. Estado l\u00edmite de deformaci\u00f3n. Estado l\u00edmite de vibraci\u00f3n.<\/p>\n<p>\u00a0<\/p>\n<p><strong>TEMA 12:\u00a0<\/strong><strong><em>FORJADOS UNIDIRECCIONALES Y LOSAS<\/em><\/strong><\/p>\n<p><strong>LECCI\u00d3N N\u00daM. 20: FORJADOS UNIDIRECCIONALES<\/strong><\/p>\n<p>\u00a0Introducci\u00f3n. Tipolog\u00eda. Forjados de viguetas .<\/p>\n<p><strong>LECCI\u00d3N N\u00daM. 21: LOSAS<\/strong><\/p>\n<p>\u00a0C\u00e1lculo de esfuerzos. Dimensionamiento a flexi\u00f3n. Dimensionamiento a cortante. Anclaje. Deformaci\u00f3n y figuraci\u00f3n. Esquema de armado. Refuerzos de borde.<\/p>\n<p>\u00a0<\/p>\n<p>\u00a0<\/p>\n<h4><strong>PARTE 2: MEC\u00c1NICA DEL SUELO<\/strong><\/h4>\n<p>\u00a0<\/p>\n<p><strong>TEMA 13:\u00a0<\/strong><strong><em>INTRODUCCI\u00d3N A LA GEOTECNIA<\/em><\/strong><\/p>\n<p><strong>LECCI\u00d3N N\u00daM. 22: INTRODUCCI\u00d3N A LA GEOTECNIA<\/strong><\/p>\n<p>\u00a0Tipos de rocas. Tipos de suelos. Propiedades elementales de los suelos.<\/p>\n<p>\u00a0<\/p>\n<p><strong>TEMA 14:\u00a0<\/strong><strong><em>TENSIONES EN EL TERRENO<\/em><\/strong><\/p>\n<p><strong>LECCI\u00d3N N\u00daM. 23: TENSIONES EN EL TERRENO<\/strong><\/p>\n<p>\u00a0Principio de las tensiones efectivas. Tensiones verticales. Tensiones horizontales.<\/p>\n<p>\u00a0<\/p>\n<p><strong>TEMA 15:\u00a0<\/strong><strong><em>RESISTENCIA AL CORTE. RECONOCIMIENTO DEL TERRENO<\/em><\/strong><\/p>\n<p><strong>LECCI\u00d3N N\u00daM. 24: RESISTENCIA AL CORTE. RECONOCIMIENTO DEL TERRENO.<\/strong><\/p>\n<p>\u00a0Introducci\u00f3n. Angulo de rozamiento interno y cohesi\u00f3n. Estudio geot\u00e9cnico. Planificaci\u00f3n de los reconocimientos. Determinaci\u00f3n de las propiedades geot\u00e9cnicas. El informe geot\u00e9cnico.<\/p>\n<p>\u00a0<\/p>\n<p><strong>TEMA 16:\u00a0<\/strong><strong><em>EMPUJES DE TIERRAS. MUROS DE CONTENCI\u00d3N<\/em><\/strong><\/p>\n<p><strong>LECCI\u00d3N N\u00daM. 25: EMPUJES DE TIERRAS. MUROS DE CONTENCI\u00d3N<\/strong><\/p>\n<p>\u00a0Introducci\u00f3n. Tipolog\u00eda. Funcionamiento. C\u00e1lculo del empuje. Predimensionamiento. Dimensionamiento. Detalles constructivos.<\/p>\n<p>\u00a0<\/p>\n<h4>\u00a0<\/h4>\n<h4><strong>PARTE 3: CONSTRUCCI\u00d3N<\/strong><\/h4>\n<p>\u00a0<\/p>\n<p><strong>TEMA 17:\u00a0<\/strong><strong><em>CUBIERTAS<\/em><\/strong><\/p>\n<p><strong>LECCI\u00d3N N\u00daM. 26: ELEMENTOS DE CUBIERTAS<\/strong><\/p>\n<p>\u00a0Tejas, placas y piezas. Elementos complementarios. Accesorios de montaje.<\/p>\n<p><strong>LECCI\u00d3N N\u00daM. 27: SISTEMAS USUALES<\/strong><\/p>\n<p>\u00a0Modelos de cubiertas en construcci\u00f3n urbana e industrial m\u00e1s usuales.<\/p>\n<p>\u00a0<\/p>\n<p><strong>TEMA 18:\u00a0<\/strong><strong><em>CERRAMIENTOS<\/em><\/strong><\/p>\n<p><strong>LECCI\u00d3N N\u00daM. 28: CERRAMIENTOS DE F\u00c1BRICA (I)<\/strong><\/p>\n<p>\u00a0Tipolog\u00eda. Muros y encuentros. F\u00e1bricas reforzadas. Resistencia.<\/p>\n<p><strong>LECCI\u00d3N N\u00daM. 29: CERRAMIENTOS DE F\u00c1BRICA (II)<\/strong><\/p>\n<p>\u00a0C\u00e1lculo a flexocompresi\u00f3n. C\u00e1lculo a flexi\u00f3n y cortante.<\/p>\n<p>\u00a0<\/p>\n<p><strong>TEMA 19:\u00a0<\/strong><strong><em>EQUIPOS DE OBRA<\/em><\/strong><\/p>\n<p><strong>LECCI\u00d3N N\u00daM. 30: EQUIPOS DE OBRA<\/strong><\/p>\n<p>\u00a0Maquinaria para movimientos de tierra. Equipos de fabricaci\u00f3n de hormig\u00f3n. Gr\u00faas.<\/p>\n<p>\u00a0<\/p>\n<h2>Bibliograf\u00eda<\/h2>\n\n<div class=\"wp-block-image\">\n<figure class=\"aligncenter size-full\"><img loading=\"lazy\" decoding=\"async\" width=\"669\" height=\"648\" src=\"https:\/\/blog.uclm.es\/josetejero\/wp-content\/uploads\/sites\/166\/2020\/05\/image1428.png\" alt=\"Bibliograf\u00eda\" class=\"wp-image-47\" srcset=\"https:\/\/blog.uclm.es\/josetejero\/wp-content\/uploads\/sites\/166\/2020\/05\/image1428.png 669w, https:\/\/blog.uclm.es\/josetejero\/wp-content\/uploads\/sites\/166\/2020\/05\/image1428-300x291.png 300w\" sizes=\"auto, (max-width: 669px) 100vw, 669px\" \/><\/figure>\n<\/div>","protected":false},"excerpt":{"rendered":"<p>PARTE 1: HORMIG\u00d3N ARMADO \u00a0 TEMA 1:\u00a0PROPIEDADES TECNOL\u00d3GICAS DE LOS MATERIALES LECCI\u00d3N N\u00daM. 1 : COMPONENTES Y PROPIEDADES DEL HORMIG\u00d3N Cementos. Agua. \u00c1ridos. Otros componentes. LECCI\u00d3N N\u00daM. 2: HORMIGONES Composici\u00f3n. Condiciones de calidad. Caracter\u00edsticas mec\u00e1nicas. Docilidad del hormig\u00f3n. Durabilidad. \u00a0 TEMA 2:\u00a0A RMADURAS LECCI\u00d3N N\u00daM. 3: ARMADURAS PASIVAS Productos. Valores caracter\u00edsticos. Clasificaci\u00f3n de los aceros. &hellip; <a href=\"https:\/\/blog.uclm.es\/josetejero\/complementos-de-estructuras-metalicas-y-de-hormigon\/\" class=\"more-link\">Seguir leyendo <span class=\"screen-reader-text\">COMPLEMENTOS DE ESTRUCTURAS MET\u00c1LICAS Y DE HORMIG\u00d3N<\/span> <span class=\"meta-nav\">&rarr;<\/span><\/a><\/p>\n","protected":false},"author":141,"featured_media":0,"parent":0,"menu_order":0,"comment_status":"closed","ping_status":"closed","template":"","meta":{"footnotes":""},"class_list":["post-125","page","type-page","status-publish","hentry"],"_links":{"self":[{"href":"https:\/\/blog.uclm.es\/josetejero\/wp-json\/wp\/v2\/pages\/125","targetHints":{"allow":["GET"]}}],"collection":[{"href":"https:\/\/blog.uclm.es\/josetejero\/wp-json\/wp\/v2\/pages"}],"about":[{"href":"https:\/\/blog.uclm.es\/josetejero\/wp-json\/wp\/v2\/types\/page"}],"author":[{"embeddable":true,"href":"https:\/\/blog.uclm.es\/josetejero\/wp-json\/wp\/v2\/users\/141"}],"replies":[{"embeddable":true,"href":"https:\/\/blog.uclm.es\/josetejero\/wp-json\/wp\/v2\/comments?post=125"}],"version-history":[{"count":2,"href":"https:\/\/blog.uclm.es\/josetejero\/wp-json\/wp\/v2\/pages\/125\/revisions"}],"predecessor-version":[{"id":397,"href":"https:\/\/blog.uclm.es\/josetejero\/wp-json\/wp\/v2\/pages\/125\/revisions\/397"}],"wp:attachment":[{"href":"https:\/\/blog.uclm.es\/josetejero\/wp-json\/wp\/v2\/media?parent=125"}],"curies":[{"name":"wp","href":"https:\/\/api.w.org\/{rel}","templated":true}]}}