{"id":121,"date":"2020-05-25T12:10:43","date_gmt":"2020-05-25T11:10:43","guid":{"rendered":"http:\/\/blog.uclm.es\/josetejero\/?page_id=121"},"modified":"2022-12-02T13:59:48","modified_gmt":"2022-12-02T12:59:48","slug":"diseno-y-calculo-de-estructuras-metalicas-y-de-hormigon","status":"publish","type":"page","link":"https:\/\/blog.uclm.es\/josetejero\/diseno-y-calculo-de-estructuras-metalicas-y-de-hormigon\/","title":{"rendered":"DISE\u00d1O Y C\u00c1LCULO DE  ESTRUCTURAS MET\u00c1LICAS Y DE HORMIG\u00d3N"},"content":{"rendered":"<p><strong>TEMA 1:\u00a0<\/strong><strong><em>TIPOS DE ACERO PARA ESTRUCTURAS<\/em><\/strong><\/p>\n<p><strong>LECCI\u00d3N N\u00daM. 1: EL ACERO<\/strong><\/p>\n<p>El acero. Normativa. Acero en chapas, perfiles y tornillos.<\/p>\n<p><strong>LECCI\u00d3N N\u00daM. 2: PRODUCTOS COMERCIALES<\/strong><\/p>\n<p>Generalidades. Perfiles y chapas de secci\u00f3n llena de acero laminado en caliente.. Perfiles huecos de acero en caliente y en fr\u00edo. Perfiles de secci\u00f3n abierta conformados en fr\u00edo.. Perfiles y chapas no normalizados.Tornillos, tuercas y arandelas.<\/p>\n<p><strong>LECCI\u00d3N N\u00daM. 3: BASES DE C\u00c1LCULO<\/strong><\/p>\n<p>An\u00e1lisis estructural y dimensionado. Requisitos esenciales. Vida \u00fatil de las estructuras. Clases de ejecuci\u00f3n. Estados l\u00edmite. Acciones. Valores caracter\u00edsticos, representativos y de c\u00e1lculo de las acciones. Coeficientes de seguridad. Combinaci\u00f3n de acciones. Resistencia de c\u00e1lculo. Coeficientes parciales de seguridad. Condiciones de agotamiento. Constantes el\u00e1sticas. Clases de secciones. Condiciones de deformaci\u00f3n. Imperfecciones. Unidades, convenci\u00f3n de signos y notaci\u00f3n.<\/p>\n<p><strong>TEMA 2:\u00a0<\/strong><strong><em>ELEMENTOS TRACCIONADOS<\/em><\/strong><\/p>\n<p><strong>LECCI\u00d3N N\u00daM. 4: NORMALIZACI\u00d3N Y C\u00c1LCULO<\/strong><\/p>\n<p>Introducci\u00f3n. Piezas simples y compuestas. T\u00e9rminos de secci\u00f3n.\u00a0Tracci\u00f3n centrada. Tracci\u00f3n exc\u00e9ntrica. Enlace de piezas mediante angulares.<\/p>\n<p><strong>TEMA 3:\u00a0<\/strong><strong><em>ELEMENTOS SOMETIDOS A COMPRESI\u00d3N<\/em><\/strong><\/p>\n<p><strong>LECCI\u00d3N N\u00daM. 5: COMPRESI\u00d3N EN PIEZAS SIMPLES (I<\/strong>)<\/p>\n<p>Piezas simples. Esfuerzo axil de compresi\u00f3n. Estado l\u00edmite de inestabilidad..<\/p>\n<p>\u00a0<\/p>\n<p><strong>LECCI\u00d3N N\u00daM. 6: COMPRESI\u00d3N EN PIEZAS SIMPLES (II)<\/strong><\/p>\n<p>Resistencia de la secci\u00f3n. Pandeo lateral. Estabilidad a pandeo.<\/p>\n<p><strong>LECCI\u00d3N N\u00daM. 7: OTRAS CLASES DE PANDEO<\/strong><\/p>\n<p>Piezas de secci\u00f3n constante con carga axial variable a lo largo de su longitud. Piezas de secci\u00f3n variable sometida a carga axial constante. Barras de secci\u00f3n constante arriostradas en secciones intermedias. Pilares en bayoneta. Arcos.<\/p>\n<p><strong>LECCI\u00d3N N\u00daM. 8: PANDEO EN PIEZAS COMPUESTAS<\/strong><\/p>\n<p>Piezas compuestas. Criterios de dise\u00f1o. Criterios de c\u00e1lculo. C\u00e1lculo de enlaces con presillas. C\u00e1lculo de enlaces mediante celos\u00edas.<\/p>\n<p><strong>LECCI\u00d3N N\u00daM. 9: PILARES UTILIZADOS EN EDIFICACI\u00d3N<\/strong><\/p>\n<p>Introducci\u00f3n. Vinculaciones en extremos de barras de p\u00f3rticos de una sola planta. Vinculaciones en extremos de barras de p\u00f3rticos de varias plantas. Tipos de perfiles empleados. Empalme de pilares.<\/p>\n<p><strong>TEMA 4:\u00a0<\/strong><strong><em>C\u00c1LCULO A FLEXI\u00d3N<\/em><\/strong><\/p>\n<p><strong>LECCI\u00d3N N\u00daM.10: PIEZAS DE DIRECTRIZ RECTA SOMETIDAS A FLEXI\u00d3N (I)<\/strong><\/p>\n<p>Criterios generales. Predimensionado. Estados l\u00edmite \u00faltimos. Estados l\u00edmite de servicio.<\/p>\n<p><strong>LECCI\u00d3N N\u00daM.11: PIEZAS DE DIRECTRIZ RECTA SOMETIDAS A FLEXI\u00d3N (II)<\/strong><\/p>\n<p>Introducci\u00f3n a los efectos de inestabilidad. Pandeo del alma.Pandeo lateral.Abolladura del alma.<\/p>\n<p><strong><br \/>LECCI\u00d3N N\u00daM.12: VIGAS DE ALMA LLENA (I)<\/strong><\/p>\n<p>Introducci\u00f3n.Vigas de perfiles laminados.Vigas armadas.<\/p>\n<p><strong>LECCI\u00d3N N\u00daM.13: VIGAS DE ALMA LLENA (II)<\/strong><\/p>\n<p>Vigas carril.Vigas reforzadas.<\/p>\n<p><strong>LECCI\u00d3N N\u00daM. 14: VIGAS DE ALMA ALIGERADA:<\/strong><strong>C\u00c1LCULO DE ESFUERZOS<\/strong><\/p>\n<p>Descripci\u00f3n.C\u00e1lculo de esfuerzos.<\/p>\n<p><strong>LECCI\u00d3N N\u00daM. 15: VIGAS DE ALMA ALIGERADA:<\/strong><strong>COMPROBACIONES<\/strong><\/p>\n<p>Comprobaci\u00f3n de secciones. Comprobaci\u00f3n de la flecha.<\/p>\n<p><strong>LECCI\u00d3N N\u00daM.16: OTROS TIPOS DE VIGAS.<\/strong><strong>UNIONES VIGA A VIGA.<\/strong><\/p>\n<p>Vigas de secci\u00f3n variable.Vigas de celos\u00eda.Vigas m\u00faltiples.Vigas mixtas.Uniones viga a viga.<\/p>\n<p><strong>TEMA 5:\u00a0<\/strong><strong><em>UNIONES SOLDADAS Y ATORNILLADAS<\/em><\/strong><\/p>\n<p><strong>LECCI\u00d3N N\u00daM. 17: UNIONES<\/strong><\/p>\n<p>Introducci\u00f3n. Generalidades.Clasificaci\u00f3n de las uniones.\u00a0Influencia sobre la estructura. Proyecto de las uniones.<\/p>\n<p><strong>LECCI\u00d3N N\u00daM. 18: INTRODUCCI\u00d3N A LAS UNIONES SOLDADAS<\/strong><\/p>\n<p>Generalidades.Procesos de soldeo.Material base y de aportaci\u00f3n.\u00a0El cord\u00f3n de soldadura.\u00a0Tipos de uniones y cordones. Defectos de la soldadura. Control de calidad.<\/p>\n<p><strong>LECCI\u00d3N N\u00daM. 19: C\u00c1LCULO DE UNIONES SOLDADAS<\/strong><\/p>\n<p>Soldaduras a tope. Disposiciones generales de las soldaduras en \u00e1ngulo.Condici\u00f3n de agotamiento de las soldaduras en \u00e1ngulo.C\u00e1lculo.<\/p>\n<p><strong>LECCI\u00d3N N\u00daM. 20: UNIONES ATORNILLADAS<\/strong><\/p>\n<p>Introducci\u00f3n. Caracter\u00edsticas del material. Caracter\u00edsticas de los tornillos. Categor\u00eda de las uniones soldadas. C\u00e1lculo. Disposiciones constructivas. Roblones. Tablas para el c\u00e1lculo.<\/p>\n<p><strong>LECCI\u00d3N N\u00daM. 21: UNIONES T\u00cdPICAS VIGA A PILAR<\/strong><\/p>\n<p>Introducci\u00f3n.Uniones flexibles. Uniones mediante cubrejuntas. Uniones r\u00edgidas.<\/p>\n<p><strong>LECCI\u00d3N N\u00daM. 22: UNIONES EN VIGAS DE CELOS\u00cdA<\/strong><\/p>\n<p>Uniones de perfiles huecos en vigas de celos\u00eda. Uniones en nudos acartelados.<\/p>\n<p><strong>TEMA 6:\u00a0<\/strong><strong><em>BASES DE PILARES<\/em><\/strong><\/p>\n<p><strong>LECCI\u00d3N N\u00daM. 23: GENERALIDADES<\/strong><\/p>\n<p>Generalidades.Proceso constructivo. Funci\u00f3n resistente de la placa. Criterios de c\u00e1lculo.<\/p>\n<p><strong>LECCI\u00d3N N\u00daM. 24: C\u00c1LCULO DE PLACAS DE PILARES<\/strong><\/p>\n<p>Casos de compresi\u00f3n simple y compresi\u00f3n compuesta. Flexocompresi\u00f3n. Bases de soportes traccionados.<\/p>\n<p><strong>TEMA 7:\u00a0<\/strong><strong><em>DISE\u00d1O DE CIMENTACIONES<\/em><\/strong><\/p>\n<p><strong>LECCI\u00d3N N\u00daM. 25: COMPONENTES Y PROPIEDADES DEL HORMIG\u00d3N<\/strong><\/p>\n<p>Definici\u00f3n y tipo de hormigones.Materiales.Propiedades del hormig\u00f3n.<\/p>\n<p><strong>LECCI\u00d3N N\u00daM. 26: ARMADURAS<\/strong><\/p>\n<p>Constituci\u00f3n.Colocaci\u00f3n.Anclaje.Empalme.Adherencia entre hormig\u00f3n y acero.Capacidad mec\u00e1nica de las armaduras.\u00a0Cuant\u00eda geom\u00e9trica de las armaduras.<\/p>\n<p><strong>LECCI\u00d3N N\u00daM. 27: GENERALIDADES SOBRE CIMENTACIONES\u00a0<\/strong><strong>SUPERFICIALES<\/strong><\/p>\n<p>Interacci\u00f3n suelo-estructura.Cimentaciones superficiales y profundas.Acciones.Tipolog\u00eda.Tipos de zapatas.Distribuci\u00f3n de tensiones en el terreno.Comprobaci\u00f3n al vuelco y al deslizamiento.Seguridad frente al deslizamiento. Asientos admisibles y previsibles.Recomendaciones constructivas para todo tipo de zapatas.<\/p>\n<p><strong>LECCI\u00d3N N\u00daM. 28: ZAPATAS AISLADAS. VIGAS DE ATADO<\/strong><\/p>\n<p>C\u00e1lculo de zapatas bajo carga centrada. C\u00e1lculo de zapatas sometidas a momentos flectores. Vigas de atado.<\/p>\n<p><strong>LECCI\u00d3N N\u00daM. 29: ZAPATAS CONTINUAS Y DE MEDIANER\u00cdA<\/strong><\/p>\n<p>C\u00e1lculo de zapatas continuas.Generalidades sobre zapatas de medianer\u00eda.C\u00e1lculo de zapatas sin viga centradora.C\u00e1lculo de zapatas con viga centradora.<\/p>\n<p><strong>LECCI\u00d3N N\u00daM. 30: ZAPATAS DE ESQUINA. ZAPATAS COMBINADAS<\/strong><\/p>\n<p>Zapatas de esquina con dos vigas centradoras. Zapatas combinadas.<\/p>\n<h3>Bibliograf\u00eda<\/h3>\n\n<div class=\"wp-block-image\">\n<figure class=\"aligncenter size-full\"><img loading=\"lazy\" decoding=\"async\" width=\"669\" height=\"648\" src=\"https:\/\/blog.uclm.es\/josetejero\/wp-content\/uploads\/sites\/166\/2020\/05\/image1428.png\" alt=\"Bibliograf\u00eda\" class=\"wp-image-47\" srcset=\"https:\/\/blog.uclm.es\/josetejero\/wp-content\/uploads\/sites\/166\/2020\/05\/image1428.png 669w, https:\/\/blog.uclm.es\/josetejero\/wp-content\/uploads\/sites\/166\/2020\/05\/image1428-300x291.png 300w\" sizes=\"auto, (max-width: 669px) 100vw, 669px\" \/><\/figure>\n<\/div>","protected":false},"excerpt":{"rendered":"<p>TEMA 1:\u00a0TIPOS DE ACERO PARA ESTRUCTURAS LECCI\u00d3N N\u00daM. 1: EL ACERO El acero. Normativa. Acero en chapas, perfiles y tornillos. LECCI\u00d3N N\u00daM. 2: PRODUCTOS COMERCIALES Generalidades. Perfiles y chapas de secci\u00f3n llena de acero laminado en caliente.. Perfiles huecos de acero en caliente y en fr\u00edo. Perfiles de secci\u00f3n abierta conformados en fr\u00edo.. Perfiles y &hellip; <a href=\"https:\/\/blog.uclm.es\/josetejero\/diseno-y-calculo-de-estructuras-metalicas-y-de-hormigon\/\" class=\"more-link\">Seguir leyendo <span class=\"screen-reader-text\">DISE\u00d1O Y C\u00c1LCULO DE  ESTRUCTURAS MET\u00c1LICAS Y DE HORMIG\u00d3N<\/span> <span class=\"meta-nav\">&rarr;<\/span><\/a><\/p>\n","protected":false},"author":141,"featured_media":0,"parent":0,"menu_order":0,"comment_status":"closed","ping_status":"closed","template":"","meta":{"footnotes":""},"class_list":["post-121","page","type-page","status-publish","hentry"],"_links":{"self":[{"href":"https:\/\/blog.uclm.es\/josetejero\/wp-json\/wp\/v2\/pages\/121","targetHints":{"allow":["GET"]}}],"collection":[{"href":"https:\/\/blog.uclm.es\/josetejero\/wp-json\/wp\/v2\/pages"}],"about":[{"href":"https:\/\/blog.uclm.es\/josetejero\/wp-json\/wp\/v2\/types\/page"}],"author":[{"embeddable":true,"href":"https:\/\/blog.uclm.es\/josetejero\/wp-json\/wp\/v2\/users\/141"}],"replies":[{"embeddable":true,"href":"https:\/\/blog.uclm.es\/josetejero\/wp-json\/wp\/v2\/comments?post=121"}],"version-history":[{"count":2,"href":"https:\/\/blog.uclm.es\/josetejero\/wp-json\/wp\/v2\/pages\/121\/revisions"}],"predecessor-version":[{"id":395,"href":"https:\/\/blog.uclm.es\/josetejero\/wp-json\/wp\/v2\/pages\/121\/revisions\/395"}],"wp:attachment":[{"href":"https:\/\/blog.uclm.es\/josetejero\/wp-json\/wp\/v2\/media?parent=121"}],"curies":[{"name":"wp","href":"https:\/\/api.w.org\/{rel}","templated":true}]}}