{"id":44,"date":"2022-07-21T12:51:42","date_gmt":"2022-07-21T11:51:42","guid":{"rendered":"https:\/\/blogdev.uclm.es\/fullsite\/?page_id=44"},"modified":"2025-08-16T19:54:45","modified_gmt":"2025-08-16T17:54:45","slug":"docencia","status":"publish","type":"page","link":"https:\/\/blog.uclm.es\/josereyesruiz\/docencia\/","title":{"rendered":"Docencia"},"content":{"rendered":"\n<div class=\"wp-block-media-text alignwide is-stacked-on-mobile\" style=\"grid-template-columns:58% auto\"><figure class=\"wp-block-media-text__media\"><img loading=\"lazy\" decoding=\"async\" width=\"768\" height=\"1024\" src=\"https:\/\/blog.uclm.es\/josereyesruiz\/wp-content\/uploads\/sites\/271\/2025\/08\/Imagen-de-WhatsApp-2025-08-14-a-las-12.31.37_a310b49a-768x1024.jpg\" alt=\"\" class=\"wp-image-461 size-full\" srcset=\"https:\/\/blog.uclm.es\/josereyesruiz\/wp-content\/uploads\/sites\/271\/2025\/08\/Imagen-de-WhatsApp-2025-08-14-a-las-12.31.37_a310b49a-768x1024.jpg 768w, https:\/\/blog.uclm.es\/josereyesruiz\/wp-content\/uploads\/sites\/271\/2025\/08\/Imagen-de-WhatsApp-2025-08-14-a-las-12.31.37_a310b49a-225x300.jpg 225w, https:\/\/blog.uclm.es\/josereyesruiz\/wp-content\/uploads\/sites\/271\/2025\/08\/Imagen-de-WhatsApp-2025-08-14-a-las-12.31.37_a310b49a-1152x1536.jpg 1152w, https:\/\/blog.uclm.es\/josereyesruiz\/wp-content\/uploads\/sites\/271\/2025\/08\/Imagen-de-WhatsApp-2025-08-14-a-las-12.31.37_a310b49a.jpg 1536w\" sizes=\"auto, (max-width: 767px) 89vw, (max-width: 1000px) 54vw, (max-width: 1071px) 543px, 580px\" \/><\/figure><div class=\"wp-block-media-text__content\">\n<h4 class=\"wp-block-heading has-text-align-left has-text-color\" style=\"color:#000000\"><\/h4>\n\n\n\n<p class=\"has-small-font-size\">Mi docencia se centra, b\u00e1sicamente, en dos campos: <\/p>\n\n\n\n<p class=\"has-small-font-size\">1- Did\u00e1ctica de las Ciencias Experimentales.<\/p>\n\n\n\n<p class=\"has-small-font-size\">2- Biolog\u00eda, Salud y Alimentaci\u00f3n.<\/p>\n<\/div><\/div>\n\n\n\n<p>Las asignaturas se imparten en el:<\/p>\n\n\n\n<ul class=\"wp-block-list\">\n<li>Grado de Maestro en Educaci\u00f3n Primaria.<\/li>\n\n\n\n<li>Grado de Maestro en Educaci\u00f3n Infantil.<\/li>\n\n\n\n<li>Doble grado de Maestro en Educaci\u00f3n Infantil y Primaria.<\/li>\n\n\n\n<li>Grado de Maestro Biling\u00fce en Educaci\u00f3n Primaria.<\/li>\n\n\n\n<li>M\u00e1ster Universitario en Investigaci\u00f3n e Innovaci\u00f3n Educativa.<\/li>\n<\/ul>\n\n\n<p><!-- \/wp:post-content --><\/p>\n<p><!-- wp:paragraph --><\/p>\n<p>Tambi\u00e9n coordino en la UCLM <a href=\"https:\/\/www.uclm.es\/estudios\/doctorados\/didactica-ciencias-experimentales\">el<\/a><a href=\"https:\/\/www.uclm.es\/estudios\/doctorados\/didactica-ciencias-experimentales\"> programa de doctorado interuniversitario de Did\u00e1ctica<\/a><a href=\"https:\/\/www.uclm.es\/estudios\/doctorados\/didactica-ciencias-experimentales\"> de las ciencias Experimentales\u00a0<\/a>y participo en el de <a href=\"https:\/\/www.uclm.es\/estudios\/doctorados\/investigacion-humanidades-artes-educacion\">Humanidades, Artes y Educaci\u00f3n<\/a>.<\/p>\n<p><!-- \/wp:paragraph --><\/p>\n<p><!-- wp:paragraph --><\/p>\n<p>Adem\u00e1s de esta ense\u00f1anza formal, nos encanta la docencia informal y siempre que tenemos la oportunidad, <strong>vamos a alg\u00fan colegio:<\/strong><\/p>\n<p><!-- \/wp:paragraph --><\/p>\n<p><!-- wp:image {\"id\":463,\"sizeSlug\":\"large\",\"linkDestination\":\"none\"} --><\/p>\n<figure class=\"wp-block-image size-large\"><img loading=\"lazy\" decoding=\"async\" width=\"1024\" height=\"637\" class=\"wp-image-463\" src=\"https:\/\/blog.uclm.es\/josereyesruiz\/wp-content\/uploads\/sites\/271\/2025\/08\/Imagen-de-WhatsApp-2025-06-16-a-las-12.02.39_b00dca68-e1755168460222-1024x637.jpg\" alt=\"\" srcset=\"https:\/\/blog.uclm.es\/josereyesruiz\/wp-content\/uploads\/sites\/271\/2025\/08\/Imagen-de-WhatsApp-2025-06-16-a-las-12.02.39_b00dca68-e1755168460222-1024x637.jpg 1024w, https:\/\/blog.uclm.es\/josereyesruiz\/wp-content\/uploads\/sites\/271\/2025\/08\/Imagen-de-WhatsApp-2025-06-16-a-las-12.02.39_b00dca68-e1755168460222-300x187.jpg 300w, https:\/\/blog.uclm.es\/josereyesruiz\/wp-content\/uploads\/sites\/271\/2025\/08\/Imagen-de-WhatsApp-2025-06-16-a-las-12.02.39_b00dca68-e1755168460222-768x478.jpg 768w, https:\/\/blog.uclm.es\/josereyesruiz\/wp-content\/uploads\/sites\/271\/2025\/08\/Imagen-de-WhatsApp-2025-06-16-a-las-12.02.39_b00dca68-e1755168460222.jpg 1536w\" sizes=\"auto, (max-width: 767px) 89vw, (max-width: 1000px) 54vw, (max-width: 1071px) 543px, 580px\" \/><\/figure>\n<p><!-- \/wp:image --><\/p>\n<p><!-- wp:paragraph --><\/p>\n<p>O a la \u00ab<strong>Primavera de Ciencia<\/strong>\u00ab, en donde nos ayudan nuestras alumnas:<\/p>\n<p><!-- \/wp:paragraph --><\/p>\n<p><!-- wp:image {\"id\":464,\"sizeSlug\":\"large\",\"linkDestination\":\"none\"} --><\/p>\n<figure class=\"wp-block-image size-large\"><img loading=\"lazy\" decoding=\"async\" width=\"1024\" height=\"768\" class=\"wp-image-464\" src=\"https:\/\/blog.uclm.es\/josereyesruiz\/wp-content\/uploads\/sites\/271\/2025\/08\/Primavera-de-Ciencia-1024x768.jpg\" alt=\"\" srcset=\"https:\/\/blog.uclm.es\/josereyesruiz\/wp-content\/uploads\/sites\/271\/2025\/08\/Primavera-de-Ciencia-1024x768.jpg 1024w, https:\/\/blog.uclm.es\/josereyesruiz\/wp-content\/uploads\/sites\/271\/2025\/08\/Primavera-de-Ciencia-300x225.jpg 300w, https:\/\/blog.uclm.es\/josereyesruiz\/wp-content\/uploads\/sites\/271\/2025\/08\/Primavera-de-Ciencia-768x576.jpg 768w, https:\/\/blog.uclm.es\/josereyesruiz\/wp-content\/uploads\/sites\/271\/2025\/08\/Primavera-de-Ciencia-1536x1152.jpg 1536w, https:\/\/blog.uclm.es\/josereyesruiz\/wp-content\/uploads\/sites\/271\/2025\/08\/Primavera-de-Ciencia.jpg 1600w\" sizes=\"auto, (max-width: 767px) 89vw, (max-width: 1000px) 54vw, (max-width: 1071px) 543px, 580px\" \/><\/figure>\n<p><!-- \/wp:image --><\/p>\n<p><!-- wp:heading --><\/p>\n<p class=\"wp-block-heading\">A <strong>centros socioculturales en \u00e1reas desfavorecidas<\/strong>:<\/p>\n<p><!-- \/wp:heading --><\/p>\n<p><!-- wp:image {\"id\":465,\"sizeSlug\":\"large\",\"linkDestination\":\"none\"} --><\/p>\n<figure class=\"wp-block-image size-large\"><img loading=\"lazy\" decoding=\"async\" width=\"1024\" height=\"536\" class=\"wp-image-465\" src=\"https:\/\/blog.uclm.es\/josereyesruiz\/wp-content\/uploads\/sites\/271\/2025\/08\/Centro-caritas-e1755169019468-1024x536.jpg\" alt=\"\" srcset=\"https:\/\/blog.uclm.es\/josereyesruiz\/wp-content\/uploads\/sites\/271\/2025\/08\/Centro-caritas-e1755169019468-1024x536.jpg 1024w, https:\/\/blog.uclm.es\/josereyesruiz\/wp-content\/uploads\/sites\/271\/2025\/08\/Centro-caritas-e1755169019468-300x157.jpg 300w, https:\/\/blog.uclm.es\/josereyesruiz\/wp-content\/uploads\/sites\/271\/2025\/08\/Centro-caritas-e1755169019468-768x402.jpg 768w, https:\/\/blog.uclm.es\/josereyesruiz\/wp-content\/uploads\/sites\/271\/2025\/08\/Centro-caritas-e1755169019468-1536x804.jpg 1536w, https:\/\/blog.uclm.es\/josereyesruiz\/wp-content\/uploads\/sites\/271\/2025\/08\/Centro-caritas-e1755169019468.jpg 1599w\" sizes=\"auto, (max-width: 767px) 89vw, (max-width: 1000px) 54vw, (max-width: 1071px) 543px, 580px\" \/><\/figure>\n<p><!-- \/wp:image --><\/p>\n<p><!-- wp:paragraph --><\/p>\n<p>Tambi\u00e9n a la \u00ab<strong>Noche europea de los investigadores\u00bb<\/strong>:<\/p>\n<p><!-- \/wp:paragraph --><\/p>\n<p><!-- wp:image {\"id\":467,\"sizeSlug\":\"large\",\"linkDestination\":\"none\"} --><\/p>\n<figure class=\"wp-block-image size-large\"><img loading=\"lazy\" decoding=\"async\" width=\"1024\" height=\"766\" class=\"wp-image-467\" src=\"https:\/\/blog.uclm.es\/josereyesruiz\/wp-content\/uploads\/sites\/271\/2025\/08\/Noche-europea-investigadores-1024x766.jpg\" alt=\"\" srcset=\"https:\/\/blog.uclm.es\/josereyesruiz\/wp-content\/uploads\/sites\/271\/2025\/08\/Noche-europea-investigadores-1024x766.jpg 1024w, https:\/\/blog.uclm.es\/josereyesruiz\/wp-content\/uploads\/sites\/271\/2025\/08\/Noche-europea-investigadores-300x224.jpg 300w, https:\/\/blog.uclm.es\/josereyesruiz\/wp-content\/uploads\/sites\/271\/2025\/08\/Noche-europea-investigadores-768x575.jpg 768w, https:\/\/blog.uclm.es\/josereyesruiz\/wp-content\/uploads\/sites\/271\/2025\/08\/Noche-europea-investigadores-1536x1149.jpg 1536w, https:\/\/blog.uclm.es\/josereyesruiz\/wp-content\/uploads\/sites\/271\/2025\/08\/Noche-europea-investigadores.jpg 1600w\" sizes=\"auto, (max-width: 767px) 89vw, (max-width: 1000px) 54vw, (max-width: 1071px) 543px, 580px\" \/><\/figure>\n<p><!-- \/wp:image --><\/p>\n<p><!-- wp:paragraph --><\/p>\n<p>Y participamos en una iniciativa para llevar tem\u00e1ticas cient\u00edfico-educativas a las <strong>prisiones<\/strong>. Aqu\u00ed, en \u00abLa Torrecica\u00bb, Albacete:<\/p>\n<p><!-- \/wp:paragraph --><\/p>\n<p><!-- wp:image {\"id\":470,\"sizeSlug\":\"large\",\"linkDestination\":\"none\"} --><\/p>\n<figure class=\"wp-block-image size-large\"><img loading=\"lazy\" decoding=\"async\" width=\"1026\" height=\"769\" class=\"wp-image-470\" src=\"https:\/\/blog.uclm.es\/josereyesruiz\/wp-content\/uploads\/sites\/271\/2025\/08\/Torrecica-edited.jpg\" alt=\"\" srcset=\"https:\/\/blog.uclm.es\/josereyesruiz\/wp-content\/uploads\/sites\/271\/2025\/08\/Torrecica-edited.jpg 1026w, https:\/\/blog.uclm.es\/josereyesruiz\/wp-content\/uploads\/sites\/271\/2025\/08\/Torrecica-edited-300x225.jpg 300w, https:\/\/blog.uclm.es\/josereyesruiz\/wp-content\/uploads\/sites\/271\/2025\/08\/Torrecica-edited-1024x768.jpg 1024w, https:\/\/blog.uclm.es\/josereyesruiz\/wp-content\/uploads\/sites\/271\/2025\/08\/Torrecica-edited-768x576.jpg 768w\" sizes=\"auto, (max-width: 767px) 89vw, (max-width: 1000px) 54vw, (max-width: 1071px) 543px, 580px\" \/><\/figure>\n<p><!-- \/wp:image --><\/p>\n<p><!-- wp:paragraph --><\/p>\n<p><!-- \/wp:paragraph --><\/p>\n<p><!-- wp:paragraph --><\/p>\n<p>En los siguientes enlaces puede encontrar informaci\u00f3n de los diferentes grados en los que participo, en el M\u00e1ster y el programa de doctorado interuniversitario que coordino en la UCLM.<\/p>\n<p><!-- \/wp:paragraph --><\/p>\n<p><!-- wp:columns {\"align\":\"wide\"} --><\/p>\n<div class=\"wp-block-columns alignwide\"><!-- wp:column -->\n<div class=\"wp-block-column\"><!-- wp:buttons -->\n<div class=\"wp-block-buttons\"><!-- wp:button {\"width\":100,\"style\":{\"color\":{\"background\":\"#b30033\"}}} -->\n<div class=\"wp-block-button has-custom-width wp-block-button__width-100\"><a class=\"wp-block-button__link has-background wp-element-button\" style=\"background-color: #b30033\" href=\"https:\/\/www.uclm.es\/albacete\/educacionab\/grados-educacion\/nueva-maestroeducacionprimaria\">Educaci\u00f3n Primaria<\/a><\/div>\n<p><!-- \/wp:button --><\/p>\n<p><!-- wp:button {\"width\":100,\"style\":{\"color\":{\"background\":\"#b30033\"}}} --><\/p>\n<div class=\"wp-block-button has-custom-width wp-block-button__width-100\"><a class=\"wp-block-button__link has-background wp-element-button\" style=\"background-color: #b30033\" href=\"https:\/\/www.uclm.es\/es\/Albacete\/EducacionAB\/GRADOS-EDUCACION\/DOBLE-TITULO-PRIMARIA-INFANTIL\">Doble grado<\/a><\/div>\n<p><!-- \/wp:button --><\/p>\n<\/div>\n<p><!-- \/wp:buttons --><\/p>\n<\/div>\n<p><!-- \/wp:column --><\/p>\n<p><!-- wp:column --><\/p>\n<div class=\"wp-block-column\"><!-- wp:buttons -->\n<div class=\"wp-block-buttons\"><!-- wp:button {\"width\":100,\"style\":{\"color\":{\"background\":\"#b30033\"}}} -->\n<div class=\"wp-block-button has-custom-width wp-block-button__width-100\"><a class=\"wp-block-button__link has-background wp-element-button\" style=\"background-color: #b30033\">E. Infantil<\/a><\/div>\n<p><!-- \/wp:button --><\/p>\n<p><!-- wp:button {\"width\":100,\"style\":{\"color\":{\"background\":\"#b30033\"}}} --><\/p>\n<div class=\"wp-block-button has-custom-width wp-block-button__width-100\"><a class=\"wp-block-button__link has-background wp-element-button\" style=\"background-color: #b30033\" href=\"https:\/\/www.uclm.es\/estudios\/doctorados\/didactica-ciencias-experimentales\">Doctorado DidaCiencias<\/a><\/div>\n<p><!-- \/wp:button --><\/p>\n<\/div>\n<p><!-- \/wp:buttons --><\/p>\n<\/div>\n<p><!-- \/wp:column --><\/p>\n<p><!-- wp:column --><\/p>\n<div class=\"wp-block-column\"><!-- wp:buttons -->\n<div class=\"wp-block-buttons\"><!-- wp:button {\"width\":100,\"style\":{\"color\":{\"background\":\"#b30033\"}}} -->\n<div class=\"wp-block-button has-custom-width wp-block-button__width-100\"><a class=\"wp-block-button__link has-background wp-element-button\" style=\"background-color: #b30033\" href=\"https:\/\/www.uclm.es\/es\/Albacete\/EducacionAB\/GRADOS-EDUCACION\/nueva-MAESTROEDUCACIONPRIMARIAINGLES\">E. Primaria (Biling\u00fce)<\/a><\/div>\n<p><!-- \/wp:button --><\/p>\n<p><!-- wp:button {\"width\":100,\"style\":{\"color\":{\"background\":\"#b30033\"}}} --><\/p>\n<div class=\"wp-block-button has-custom-width wp-block-button__width-100\"><a class=\"wp-block-button__link has-background wp-element-button\" style=\"background-color: #b30033\" href=\"https:\/\/www.uclm.es\/es\/estudios\/masteres\/master-investigacion-innovacion-educativa\">MUIIE<\/a><\/div>\n<p><!-- \/wp:button --><\/p>\n<\/div>\n<p><!-- \/wp:buttons --><\/p>\n<\/div>\n<p><!-- \/wp:column --><\/p>\n<\/div>\n<p><!-- \/wp:columns --><\/p>\n<p><!-- wp:spacer {\"height\":\"50px\"} --><\/p>\n<div class=\"wp-block-spacer\" style=\"height: 50px\" aria-hidden=\"true\">\u00a0<\/div>\n<p><!-- \/wp:spacer --><\/p>\n<p><!-- wp:social-links {\"customIconColor\":\"#b30033\",\"iconColorValue\":\"#b30033\",\"className\":\"is-style-logos-only\",\"layout\":{\"type\":\"flex\",\"justifyContent\":\"center\"}} --><\/p>\n<ul class=\"wp-block-social-links has-icon-color is-style-logos-only\">\n<li style=\"list-style-type: none\">\n<ul class=\"wp-block-social-links has-icon-color is-style-logos-only\"><!-- wp:social-link {\"url\":\"#\",\"service\":\"wordpress\"} \/--><\/ul>\n<\/li>\n<\/ul>\n<p><!-- wp:social-link {\"url\":\"#\",\"service\":\"facebook\"} \/--><\/p>\n<p><!-- wp:social-link {\"url\":\"#\",\"service\":\"twitter\"} \/--><\/p>\n<p><!-- wp:social-link {\"url\":\"#\",\"service\":\"instagram\"} \/--><\/p>\n<p><!-- \/wp:social-links --><\/p>\n<p><!-- \/wp:post-content --><\/p>\n<p><!-- wp:paragraph --><\/p>\n<p><!-- \/wp:paragraph --><\/p>","protected":false},"excerpt":{"rendered":"<p>Mi docencia se centra, b\u00e1sicamente, en dos campos: 1- Did\u00e1ctica de las Ciencias Experimentales. 2- Biolog\u00eda, Salud y Alimentaci\u00f3n. Las asignaturas se imparten en el: Tambi\u00e9n coordino en la UCLM el programa de doctorado interuniversitario de Did\u00e1ctica de las ciencias Experimentales\u00a0y participo en el de Humanidades, Artes y Educaci\u00f3n. Adem\u00e1s de esta ense\u00f1anza formal, nos &hellip; <\/p>\n<p class=\"link-more\"><a href=\"https:\/\/blog.uclm.es\/josereyesruiz\/docencia\/\" class=\"more-link\">Continuar leyendo<span class=\"screen-reader-text\"> \u00abDocencia\u00bb<\/span><\/a><\/p>\n","protected":false},"author":439,"featured_media":0,"parent":0,"menu_order":0,"comment_status":"closed","ping_status":"closed","template":"","meta":{"footnotes":""},"class_list":["post-44","page","type-page","status-publish","hentry"],"_links":{"self":[{"href":"https:\/\/blog.uclm.es\/josereyesruiz\/wp-json\/wp\/v2\/pages\/44","targetHints":{"allow":["GET"]}}],"collection":[{"href":"https:\/\/blog.uclm.es\/josereyesruiz\/wp-json\/wp\/v2\/pages"}],"about":[{"href":"https:\/\/blog.uclm.es\/josereyesruiz\/wp-json\/wp\/v2\/types\/page"}],"author":[{"embeddable":true,"href":"https:\/\/blog.uclm.es\/josereyesruiz\/wp-json\/wp\/v2\/users\/439"}],"replies":[{"embeddable":true,"href":"https:\/\/blog.uclm.es\/josereyesruiz\/wp-json\/wp\/v2\/comments?post=44"}],"version-history":[{"count":27,"href":"https:\/\/blog.uclm.es\/josereyesruiz\/wp-json\/wp\/v2\/pages\/44\/revisions"}],"predecessor-version":[{"id":510,"href":"https:\/\/blog.uclm.es\/josereyesruiz\/wp-json\/wp\/v2\/pages\/44\/revisions\/510"}],"wp:attachment":[{"href":"https:\/\/blog.uclm.es\/josereyesruiz\/wp-json\/wp\/v2\/media?parent=44"}],"curies":[{"name":"wp","href":"https:\/\/api.w.org\/{rel}","templated":true}]}}