{"id":17,"date":"2022-07-25T12:26:29","date_gmt":"2022-07-25T11:26:29","guid":{"rendered":"https:\/\/blogdev.uclm.es\/fullsite\/?page_id=17"},"modified":"2025-08-17T10:54:24","modified_gmt":"2025-08-17T08:54:24","slug":"proyectos","status":"publish","type":"page","link":"https:\/\/blog.uclm.es\/josereyesruiz\/proyectos\/","title":{"rendered":"Investigaci\u00f3n-proyectos"},"content":{"rendered":"\n<h5 class=\"wp-block-heading has-text-align-center\"><strong>Aqu\u00ed encontrar\u00e1 algunos de nuestros proyectos de investigaci\u00f3n<\/strong><\/h5>\n\n\n\n<h2 class=\"wp-block-heading\"><strong>Ciencia con consecuencia<\/strong><\/h2>\n\n\n\n<figure class=\"wp-block-image size-full\"><img loading=\"lazy\" decoding=\"async\" width=\"1536\" height=\"1292\" src=\"https:\/\/blog.uclm.es\/josereyesruiz\/wp-content\/uploads\/sites\/271\/2025\/08\/Imagen-de-WhatsApp-2025-06-16-a-las-12.02.40_70fe3017.jpg\" alt=\"\" class=\"wp-image-381\" srcset=\"https:\/\/blog.uclm.es\/josereyesruiz\/wp-content\/uploads\/sites\/271\/2025\/08\/Imagen-de-WhatsApp-2025-06-16-a-las-12.02.40_70fe3017.jpg 1536w, https:\/\/blog.uclm.es\/josereyesruiz\/wp-content\/uploads\/sites\/271\/2025\/08\/Imagen-de-WhatsApp-2025-06-16-a-las-12.02.40_70fe3017-300x252.jpg 300w, https:\/\/blog.uclm.es\/josereyesruiz\/wp-content\/uploads\/sites\/271\/2025\/08\/Imagen-de-WhatsApp-2025-06-16-a-las-12.02.40_70fe3017-1024x861.jpg 1024w, https:\/\/blog.uclm.es\/josereyesruiz\/wp-content\/uploads\/sites\/271\/2025\/08\/Imagen-de-WhatsApp-2025-06-16-a-las-12.02.40_70fe3017-768x646.jpg 768w, https:\/\/blog.uclm.es\/josereyesruiz\/wp-content\/uploads\/sites\/271\/2025\/08\/Imagen-de-WhatsApp-2025-06-16-a-las-12.02.40_70fe3017-1200x1009.jpg 1200w\" sizes=\"auto, (max-width: 767px) 89vw, (max-width: 1000px) 54vw, (max-width: 1071px) 543px, 580px\" \/><\/figure>\n\n\n\n<p>Este proyecto combina investigaci\u00f3n y transferencia. Financiado por FECYT en tres ediciones, busca acercar la ciencia a los escolares, a trav\u00e9s de sus maestros, de manera tangible: conectada con su vida diaria y, siempre que es posible, \u00fatil y aplicable a situaciones que conocen. <\/p>\n\n\n\n<figure class=\"wp-block-image size-full\"><img loading=\"lazy\" decoding=\"async\" width=\"800\" height=\"130\" src=\"https:\/\/blog.uclm.es\/josereyesruiz\/wp-content\/uploads\/sites\/271\/2025\/08\/ministerio-fecyt-con-banderas-01_JPG-1.jpg\" alt=\"\" class=\"wp-image-408\" srcset=\"https:\/\/blog.uclm.es\/josereyesruiz\/wp-content\/uploads\/sites\/271\/2025\/08\/ministerio-fecyt-con-banderas-01_JPG-1.jpg 800w, https:\/\/blog.uclm.es\/josereyesruiz\/wp-content\/uploads\/sites\/271\/2025\/08\/ministerio-fecyt-con-banderas-01_JPG-1-300x49.jpg 300w, https:\/\/blog.uclm.es\/josereyesruiz\/wp-content\/uploads\/sites\/271\/2025\/08\/ministerio-fecyt-con-banderas-01_JPG-1-768x125.jpg 768w\" sizes=\"auto, (max-width: 767px) 89vw, (max-width: 1000px) 54vw, (max-width: 1071px) 543px, 580px\" \/><\/figure>\n\n\n\n<p>Pero son los docentes quienes las implementan en las aulas, tras una formaci\u00f3n espec\u00edfica en contenidos y en las actividades programadas.<\/p>\n\n\n\n<div class=\"wp-block-columns is-layout-flex wp-container-core-columns-is-layout-9d6595d7 wp-block-columns-is-layout-flex\">\n<div class=\"wp-block-column is-layout-flow wp-block-column-is-layout-flow\">\n<figure class=\"wp-block-image size-full\"><img loading=\"lazy\" decoding=\"async\" width=\"2560\" height=\"1441\" src=\"https:\/\/blog.uclm.es\/josereyesruiz\/wp-content\/uploads\/sites\/271\/2025\/08\/20250527_100826-scaled.jpg\" alt=\"\" class=\"wp-image-378\" srcset=\"https:\/\/blog.uclm.es\/josereyesruiz\/wp-content\/uploads\/sites\/271\/2025\/08\/20250527_100826-scaled.jpg 2560w, https:\/\/blog.uclm.es\/josereyesruiz\/wp-content\/uploads\/sites\/271\/2025\/08\/20250527_100826-300x169.jpg 300w, https:\/\/blog.uclm.es\/josereyesruiz\/wp-content\/uploads\/sites\/271\/2025\/08\/20250527_100826-1024x577.jpg 1024w, https:\/\/blog.uclm.es\/josereyesruiz\/wp-content\/uploads\/sites\/271\/2025\/08\/20250527_100826-768x432.jpg 768w, https:\/\/blog.uclm.es\/josereyesruiz\/wp-content\/uploads\/sites\/271\/2025\/08\/20250527_100826-1536x865.jpg 1536w, https:\/\/blog.uclm.es\/josereyesruiz\/wp-content\/uploads\/sites\/271\/2025\/08\/20250527_100826-2048x1153.jpg 2048w, https:\/\/blog.uclm.es\/josereyesruiz\/wp-content\/uploads\/sites\/271\/2025\/08\/20250527_100826-1200x676.jpg 1200w, https:\/\/blog.uclm.es\/josereyesruiz\/wp-content\/uploads\/sites\/271\/2025\/08\/20250527_100826-1980x1115.jpg 1980w\" sizes=\"auto, (max-width: 767px) 89vw, (max-width: 1000px) 54vw, (max-width: 1071px) 543px, 580px\" \/><\/figure>\n\n\n\n<figure class=\"wp-block-image size-full\"><img loading=\"lazy\" decoding=\"async\" width=\"2560\" height=\"1928\" src=\"https:\/\/blog.uclm.es\/josereyesruiz\/wp-content\/uploads\/sites\/271\/2025\/08\/1742913257556-scaled.jpg\" alt=\"\" class=\"wp-image-382\" srcset=\"https:\/\/blog.uclm.es\/josereyesruiz\/wp-content\/uploads\/sites\/271\/2025\/08\/1742913257556-scaled.jpg 2560w, https:\/\/blog.uclm.es\/josereyesruiz\/wp-content\/uploads\/sites\/271\/2025\/08\/1742913257556-300x226.jpg 300w, https:\/\/blog.uclm.es\/josereyesruiz\/wp-content\/uploads\/sites\/271\/2025\/08\/1742913257556-1024x771.jpg 1024w, https:\/\/blog.uclm.es\/josereyesruiz\/wp-content\/uploads\/sites\/271\/2025\/08\/1742913257556-768x578.jpg 768w, https:\/\/blog.uclm.es\/josereyesruiz\/wp-content\/uploads\/sites\/271\/2025\/08\/1742913257556-1536x1157.jpg 1536w, https:\/\/blog.uclm.es\/josereyesruiz\/wp-content\/uploads\/sites\/271\/2025\/08\/1742913257556-2048x1542.jpg 2048w, https:\/\/blog.uclm.es\/josereyesruiz\/wp-content\/uploads\/sites\/271\/2025\/08\/1742913257556-1200x904.jpg 1200w, https:\/\/blog.uclm.es\/josereyesruiz\/wp-content\/uploads\/sites\/271\/2025\/08\/1742913257556-1980x1491.jpg 1980w\" sizes=\"auto, (max-width: 767px) 89vw, (max-width: 1000px) 54vw, (max-width: 1071px) 543px, 580px\" \/><\/figure>\n<\/div>\n\n\n\n<div class=\"wp-block-column is-layout-flow wp-block-column-is-layout-flow\">\n<figure class=\"wp-block-image size-large is-resized\"><img loading=\"lazy\" decoding=\"async\" width=\"576\" height=\"1024\" src=\"https:\/\/blog.uclm.es\/josereyesruiz\/wp-content\/uploads\/sites\/271\/2025\/08\/GetAttachmentThumbnail-5-edited-576x1024.jpg\" alt=\"\" class=\"wp-image-399\" style=\"width:247px;height:auto\" srcset=\"https:\/\/blog.uclm.es\/josereyesruiz\/wp-content\/uploads\/sites\/271\/2025\/08\/GetAttachmentThumbnail-5-edited-576x1024.jpg 576w, https:\/\/blog.uclm.es\/josereyesruiz\/wp-content\/uploads\/sites\/271\/2025\/08\/GetAttachmentThumbnail-5-edited-169x300.jpg 169w, https:\/\/blog.uclm.es\/josereyesruiz\/wp-content\/uploads\/sites\/271\/2025\/08\/GetAttachmentThumbnail-5-edited-768x1365.jpg 768w, https:\/\/blog.uclm.es\/josereyesruiz\/wp-content\/uploads\/sites\/271\/2025\/08\/GetAttachmentThumbnail-5-edited-864x1536.jpg 864w, https:\/\/blog.uclm.es\/josereyesruiz\/wp-content\/uploads\/sites\/271\/2025\/08\/GetAttachmentThumbnail-5-edited-1152x2048.jpg 1152w, https:\/\/blog.uclm.es\/josereyesruiz\/wp-content\/uploads\/sites\/271\/2025\/08\/GetAttachmentThumbnail-5-edited-1200x2133.jpg 1200w, https:\/\/blog.uclm.es\/josereyesruiz\/wp-content\/uploads\/sites\/271\/2025\/08\/GetAttachmentThumbnail-5-edited-scaled.jpg 1440w\" sizes=\"auto, (max-width: 576px) 100vw, 576px\" \/><\/figure>\n<\/div>\n<\/div>\n\n\n\n<p>Les sugiero visitar este v\u00eddeo donde docentes, padres y nosotros explicamos brevemente todo el proyecto<\/p>\n\n\n\n<div class=\"wp-block-buttons is-content-justification-center is-layout-flex wp-container-core-buttons-is-layout-16018d1d wp-block-buttons-is-layout-flex\">\n<div class=\"wp-block-button\"><a class=\"wp-block-button__link wp-element-button\" href=\"https:\/\/www.youtube.com\/watch?v=OXb8Hi2XcpQ&amp;t=6s\">V\u00cdDEO AQU\u00cd<\/a><\/div>\n<\/div>\n\n\n\n<div class=\"wp-block-columns is-layout-flex wp-container-core-columns-is-layout-9d6595d7 wp-block-columns-is-layout-flex\">\n<div class=\"wp-block-column is-layout-flow wp-block-column-is-layout-flow\">\n<figure class=\"wp-block-image size-large\"><img loading=\"lazy\" decoding=\"async\" width=\"774\" height=\"1024\" src=\"https:\/\/blog.uclm.es\/josereyesruiz\/wp-content\/uploads\/sites\/271\/2025\/08\/IMG_7783-774x1024.jpeg\" alt=\"\" class=\"wp-image-379\" srcset=\"https:\/\/blog.uclm.es\/josereyesruiz\/wp-content\/uploads\/sites\/271\/2025\/08\/IMG_7783-774x1024.jpeg 774w, https:\/\/blog.uclm.es\/josereyesruiz\/wp-content\/uploads\/sites\/271\/2025\/08\/IMG_7783-227x300.jpeg 227w, https:\/\/blog.uclm.es\/josereyesruiz\/wp-content\/uploads\/sites\/271\/2025\/08\/IMG_7783-768x1016.jpeg 768w, https:\/\/blog.uclm.es\/josereyesruiz\/wp-content\/uploads\/sites\/271\/2025\/08\/IMG_7783-1161x1536.jpeg 1161w, https:\/\/blog.uclm.es\/josereyesruiz\/wp-content\/uploads\/sites\/271\/2025\/08\/IMG_7783.jpeg 1170w\" sizes=\"auto, (max-width: 767px) 89vw, (max-width: 1000px) 54vw, (max-width: 1071px) 543px, 580px\" \/><\/figure>\n<\/div>\n\n\n\n<div class=\"wp-block-column is-layout-flow wp-block-column-is-layout-flow\">\n<figure class=\"wp-block-image size-full is-resized\"><img loading=\"lazy\" decoding=\"async\" width=\"1440\" height=\"2560\" src=\"https:\/\/blog.uclm.es\/josereyesruiz\/wp-content\/uploads\/sites\/271\/2025\/08\/GetAttachmentThumbnail-7-scaled.jpg\" alt=\"\" class=\"wp-image-385\" style=\"width:239px;height:auto\" srcset=\"https:\/\/blog.uclm.es\/josereyesruiz\/wp-content\/uploads\/sites\/271\/2025\/08\/GetAttachmentThumbnail-7-scaled.jpg 1440w, https:\/\/blog.uclm.es\/josereyesruiz\/wp-content\/uploads\/sites\/271\/2025\/08\/GetAttachmentThumbnail-7-169x300.jpg 169w, https:\/\/blog.uclm.es\/josereyesruiz\/wp-content\/uploads\/sites\/271\/2025\/08\/GetAttachmentThumbnail-7-576x1024.jpg 576w, https:\/\/blog.uclm.es\/josereyesruiz\/wp-content\/uploads\/sites\/271\/2025\/08\/GetAttachmentThumbnail-7-768x1365.jpg 768w, https:\/\/blog.uclm.es\/josereyesruiz\/wp-content\/uploads\/sites\/271\/2025\/08\/GetAttachmentThumbnail-7-864x1536.jpg 864w, https:\/\/blog.uclm.es\/josereyesruiz\/wp-content\/uploads\/sites\/271\/2025\/08\/GetAttachmentThumbnail-7-1152x2048.jpg 1152w, https:\/\/blog.uclm.es\/josereyesruiz\/wp-content\/uploads\/sites\/271\/2025\/08\/GetAttachmentThumbnail-7-1200x2133.jpg 1200w\" sizes=\"auto, (max-width: 767px) 89vw, (max-width: 1000px) 54vw, (max-width: 1071px) 543px, 580px\" \/><\/figure>\n<\/div>\n<\/div>\n\n\n\n<p>Las actividades, desde Infantil (5 a\u00f1os) hasta 6.\u00ba de Primaria, no se limitan a lo manipulativo. Est\u00e1n dise\u00f1adas para <strong>fomentar la reflexi\u00f3n<\/strong> y conectar con los conocimientos previos, favoreciendo un aprendizaje profundo. Algunas de las tem\u00e1ticas son:<\/p>\n\n\n\n<div class=\"wp-block-columns is-layout-flex wp-container-core-columns-is-layout-9d6595d7 wp-block-columns-is-layout-flex\">\n<div class=\"wp-block-column is-layout-flow wp-block-column-is-layout-flow\">\n<ul class=\"wp-block-list\">\n<li>Cantos de p\u00e1jaros del entorno.<\/li>\n\n\n\n<li>Clasificaci\u00f3n de animales con claves dicot\u00f3micas.<\/li>\n\n\n\n<li>Identificaci\u00f3n de nubes.<\/li>\n\n\n\n<li>Transmitiendo el movimiento con ruedas dentadas.<\/li>\n\n\n\n<li>Minerales y Rocas.<\/li>\n\n\n\n<li>Los picos de los p\u00e1jaros.<\/li>\n\n\n\n<li>Artefactos voladores.<\/li>\n\n\n\n<li>Escuela de ge\u00f3logos<\/li>\n<\/ul>\n<\/div>\n\n\n\n<div class=\"wp-block-column is-layout-flow wp-block-column-is-layout-flow\">\n<ul class=\"wp-block-list\">\n<li>Frutos de invierno.<\/li>\n\n\n\n<li>El trampantojo.<\/li>\n\n\n\n<li>Los aromas al aula.<\/li>\n\n\n\n<li>Escuela de vulcan\u00f3logos.<\/li>\n\n\n\n<li>Calor y energ\u00eda t\u00e9rmica.<\/li>\n\n\n\n<li>Energ\u00eda solar.<\/li>\n\n\n\n<li>Tu cuerpo por dentro.<\/li>\n\n\n\n<li>Qui\u00e9nes son esos animalitos (Artr\u00f3podos).<\/li>\n\n\n\n<li>&#8230;<\/li>\n<\/ul>\n<\/div>\n<\/div>\n\n\n\n<figure class=\"wp-block-image size-full\"><img loading=\"lazy\" decoding=\"async\" width=\"2560\" height=\"1920\" src=\"https:\/\/blog.uclm.es\/josereyesruiz\/wp-content\/uploads\/sites\/271\/2025\/08\/20250611_124150-scaled.jpg\" alt=\"\" class=\"wp-image-383\" srcset=\"https:\/\/blog.uclm.es\/josereyesruiz\/wp-content\/uploads\/sites\/271\/2025\/08\/20250611_124150-scaled.jpg 2560w, https:\/\/blog.uclm.es\/josereyesruiz\/wp-content\/uploads\/sites\/271\/2025\/08\/20250611_124150-300x225.jpg 300w, https:\/\/blog.uclm.es\/josereyesruiz\/wp-content\/uploads\/sites\/271\/2025\/08\/20250611_124150-1024x768.jpg 1024w, https:\/\/blog.uclm.es\/josereyesruiz\/wp-content\/uploads\/sites\/271\/2025\/08\/20250611_124150-768x576.jpg 768w, https:\/\/blog.uclm.es\/josereyesruiz\/wp-content\/uploads\/sites\/271\/2025\/08\/20250611_124150-1536x1152.jpg 1536w, https:\/\/blog.uclm.es\/josereyesruiz\/wp-content\/uploads\/sites\/271\/2025\/08\/20250611_124150-2048x1536.jpg 2048w, https:\/\/blog.uclm.es\/josereyesruiz\/wp-content\/uploads\/sites\/271\/2025\/08\/20250611_124150-1200x900.jpg 1200w, https:\/\/blog.uclm.es\/josereyesruiz\/wp-content\/uploads\/sites\/271\/2025\/08\/20250611_124150-1980x1485.jpg 1980w\" sizes=\"auto, (max-width: 767px) 89vw, (max-width: 1000px) 54vw, (max-width: 1071px) 543px, 580px\" \/><\/figure>\n\n\n\n<div class=\"wp-block-group\"><div class=\"wp-block-group__inner-container is-layout-constrained wp-block-group-is-layout-constrained\">\n<div class=\"wp-block-columns is-layout-flex wp-container-core-columns-is-layout-9d6595d7 wp-block-columns-is-layout-flex\">\n<div class=\"wp-block-column is-layout-flow wp-block-column-is-layout-flow\" style=\"flex-basis:100%\">\n<div class=\"wp-block-group alignfull has-foreground-background-color has-background\"><div class=\"wp-block-group__inner-container is-layout-constrained wp-block-group-is-layout-constrained\">\n<h2 class=\"wp-block-heading has-text-align-center\"><strong>Agenda 2030 Escolar<\/strong><\/h2>\n\n\n<div class=\"wp-block-image\">\n<figure class=\"aligncenter size-full is-resized\"><img loading=\"lazy\" decoding=\"async\" width=\"719\" height=\"731\" src=\"https:\/\/blog.uclm.es\/josereyesruiz\/wp-content\/uploads\/sites\/271\/2025\/08\/A2030E-1.png\" alt=\"\" class=\"wp-image-413\" style=\"width:105px;height:auto\" srcset=\"https:\/\/blog.uclm.es\/josereyesruiz\/wp-content\/uploads\/sites\/271\/2025\/08\/A2030E-1.png 719w, https:\/\/blog.uclm.es\/josereyesruiz\/wp-content\/uploads\/sites\/271\/2025\/08\/A2030E-1-295x300.png 295w\" sizes=\"auto, (max-width: 719px) 100vw, 719px\" \/><\/figure>\n<\/div>\n\n\n<figure class=\"wp-block-image size-large\"><img loading=\"lazy\" decoding=\"async\" width=\"1024\" height=\"768\" src=\"https:\/\/blog.uclm.es\/josereyesruiz\/wp-content\/uploads\/sites\/271\/2025\/08\/Equipo-A2030E-Ab-1024x768.jpg\" alt=\"\" class=\"wp-image-516\" srcset=\"https:\/\/blog.uclm.es\/josereyesruiz\/wp-content\/uploads\/sites\/271\/2025\/08\/Equipo-A2030E-Ab-1024x768.jpg 1024w, https:\/\/blog.uclm.es\/josereyesruiz\/wp-content\/uploads\/sites\/271\/2025\/08\/Equipo-A2030E-Ab-300x225.jpg 300w, https:\/\/blog.uclm.es\/josereyesruiz\/wp-content\/uploads\/sites\/271\/2025\/08\/Equipo-A2030E-Ab-768x576.jpg 768w, https:\/\/blog.uclm.es\/josereyesruiz\/wp-content\/uploads\/sites\/271\/2025\/08\/Equipo-A2030E-Ab-1536x1152.jpg 1536w, https:\/\/blog.uclm.es\/josereyesruiz\/wp-content\/uploads\/sites\/271\/2025\/08\/Equipo-A2030E-Ab.jpg 1600w\" sizes=\"auto, (max-width: 767px) 89vw, (max-width: 1000px) 54vw, (max-width: 1071px) 543px, 580px\" \/><figcaption class=\"wp-element-caption\">En el fondo, el equipo de A2030E, reunidos en la Facultad de Educaci\u00f3n de Albacete.<\/figcaption><\/figure>\n\n\n\n<p>Este proyecto est\u00e1 financiado por la Diputaci\u00f3n Provincial de Albacete, tiene como objetivo colaborar en la introducci\u00f3n, desde una perspectiva did\u00e1ctica y curricular, de tem\u00e1ticas vinculadas a los Objetivos de Desarrollo Sostenible (ODS). <\/p>\n\n\n<div class=\"wp-block-image\">\n<figure class=\"aligncenter size-large is-resized\"><img loading=\"lazy\" decoding=\"async\" width=\"1024\" height=\"318\" src=\"https:\/\/blog.uclm.es\/josereyesruiz\/wp-content\/uploads\/sites\/271\/2025\/08\/LogoDipuAbCoPos-2-1024x318.jpg\" alt=\"\" class=\"wp-image-412\" style=\"width:304px;height:auto\" srcset=\"https:\/\/blog.uclm.es\/josereyesruiz\/wp-content\/uploads\/sites\/271\/2025\/08\/LogoDipuAbCoPos-2-1024x318.jpg 1024w, https:\/\/blog.uclm.es\/josereyesruiz\/wp-content\/uploads\/sites\/271\/2025\/08\/LogoDipuAbCoPos-2-300x93.jpg 300w, https:\/\/blog.uclm.es\/josereyesruiz\/wp-content\/uploads\/sites\/271\/2025\/08\/LogoDipuAbCoPos-2-768x238.jpg 768w, https:\/\/blog.uclm.es\/josereyesruiz\/wp-content\/uploads\/sites\/271\/2025\/08\/LogoDipuAbCoPos-2-1536x476.jpg 1536w, https:\/\/blog.uclm.es\/josereyesruiz\/wp-content\/uploads\/sites\/271\/2025\/08\/LogoDipuAbCoPos-2-1200x372.jpg 1200w, https:\/\/blog.uclm.es\/josereyesruiz\/wp-content\/uploads\/sites\/271\/2025\/08\/LogoDipuAbCoPos-2.jpg 1780w\" sizes=\"auto, (max-width: 767px) 89vw, (max-width: 1000px) 54vw, (max-width: 1071px) 543px, 580px\" \/><\/figure>\n<\/div>\n\n\n<figure class=\"wp-block-gallery has-nested-images columns-default is-cropped wp-block-gallery-1 is-layout-flex wp-block-gallery-is-layout-flex\">\n<figure class=\"wp-block-image size-large\"><img loading=\"lazy\" decoding=\"async\" width=\"1024\" height=\"925\" data-id=\"393\" src=\"https:\/\/blog.uclm.es\/josereyesruiz\/wp-content\/uploads\/sites\/271\/2025\/08\/Imagen-1-Mercadillo-en-la-F.-Educacion-de-Albacete-v2-1024x925.jpg\" alt=\"Momento del mercadillo en la Facultad de Educaci\u00f3n\" class=\"wp-image-393\" srcset=\"https:\/\/blog.uclm.es\/josereyesruiz\/wp-content\/uploads\/sites\/271\/2025\/08\/Imagen-1-Mercadillo-en-la-F.-Educacion-de-Albacete-v2-1024x925.jpg 1024w, https:\/\/blog.uclm.es\/josereyesruiz\/wp-content\/uploads\/sites\/271\/2025\/08\/Imagen-1-Mercadillo-en-la-F.-Educacion-de-Albacete-v2-300x271.jpg 300w, https:\/\/blog.uclm.es\/josereyesruiz\/wp-content\/uploads\/sites\/271\/2025\/08\/Imagen-1-Mercadillo-en-la-F.-Educacion-de-Albacete-v2-768x694.jpg 768w, https:\/\/blog.uclm.es\/josereyesruiz\/wp-content\/uploads\/sites\/271\/2025\/08\/Imagen-1-Mercadillo-en-la-F.-Educacion-de-Albacete-v2-1536x1388.jpg 1536w, https:\/\/blog.uclm.es\/josereyesruiz\/wp-content\/uploads\/sites\/271\/2025\/08\/Imagen-1-Mercadillo-en-la-F.-Educacion-de-Albacete-v2-2048x1851.jpg 2048w, https:\/\/blog.uclm.es\/josereyesruiz\/wp-content\/uploads\/sites\/271\/2025\/08\/Imagen-1-Mercadillo-en-la-F.-Educacion-de-Albacete-v2-1200x1085.jpg 1200w, https:\/\/blog.uclm.es\/josereyesruiz\/wp-content\/uploads\/sites\/271\/2025\/08\/Imagen-1-Mercadillo-en-la-F.-Educacion-de-Albacete-v2-1980x1789.jpg 1980w\" sizes=\"auto, (max-width: 767px) 89vw, (max-width: 1000px) 54vw, (max-width: 1071px) 543px, 580px\" \/><figcaption class=\"wp-element-caption\">Momento del mercadillo en la Facultad de Educaci\u00f3n<\/figcaption><\/figure>\n<\/figure>\n\n\n\n<figure class=\"wp-block-gallery has-nested-images columns-default is-cropped wp-block-gallery-2 is-layout-flex wp-block-gallery-is-layout-flex\">\n<figure class=\"wp-block-image size-large\"><img loading=\"lazy\" decoding=\"async\" width=\"1024\" height=\"768\" data-id=\"394\" src=\"https:\/\/blog.uclm.es\/josereyesruiz\/wp-content\/uploads\/sites\/271\/2025\/08\/Imagen-3-Entrega-del-dinero-recaudado-al-presidente-del-Banco-de-Alimentos-de-Albacete-1024x768.jpg\" alt=\"\" class=\"wp-image-394\" srcset=\"https:\/\/blog.uclm.es\/josereyesruiz\/wp-content\/uploads\/sites\/271\/2025\/08\/Imagen-3-Entrega-del-dinero-recaudado-al-presidente-del-Banco-de-Alimentos-de-Albacete-1024x768.jpg 1024w, https:\/\/blog.uclm.es\/josereyesruiz\/wp-content\/uploads\/sites\/271\/2025\/08\/Imagen-3-Entrega-del-dinero-recaudado-al-presidente-del-Banco-de-Alimentos-de-Albacete-300x225.jpg 300w, https:\/\/blog.uclm.es\/josereyesruiz\/wp-content\/uploads\/sites\/271\/2025\/08\/Imagen-3-Entrega-del-dinero-recaudado-al-presidente-del-Banco-de-Alimentos-de-Albacete-768x576.jpg 768w, https:\/\/blog.uclm.es\/josereyesruiz\/wp-content\/uploads\/sites\/271\/2025\/08\/Imagen-3-Entrega-del-dinero-recaudado-al-presidente-del-Banco-de-Alimentos-de-Albacete-1536x1152.jpg 1536w, https:\/\/blog.uclm.es\/josereyesruiz\/wp-content\/uploads\/sites\/271\/2025\/08\/Imagen-3-Entrega-del-dinero-recaudado-al-presidente-del-Banco-de-Alimentos-de-Albacete-1200x900.jpg 1200w, https:\/\/blog.uclm.es\/josereyesruiz\/wp-content\/uploads\/sites\/271\/2025\/08\/Imagen-3-Entrega-del-dinero-recaudado-al-presidente-del-Banco-de-Alimentos-de-Albacete.jpg 1600w\" sizes=\"auto, (max-width: 767px) 89vw, (max-width: 1000px) 54vw, (max-width: 1071px) 543px, 580px\" \/><figcaption class=\"wp-element-caption\">Entrega del dinero recaudado al presidente del Banco de Alimentos de Albacete<\/figcaption><\/figure>\n<\/figure>\n\n\n\n<figure class=\"wp-block-gallery has-nested-images columns-default is-cropped wp-block-gallery-3 is-layout-flex wp-block-gallery-is-layout-flex\">\n<figure class=\"wp-block-image size-large\"><img loading=\"lazy\" decoding=\"async\" width=\"1024\" height=\"768\" data-id=\"397\" src=\"https:\/\/blog.uclm.es\/josereyesruiz\/wp-content\/uploads\/sites\/271\/2025\/08\/54eb96a7-3b73-4c1c-ab50-e62372428c42-1024x768.jpg\" alt=\"Alumnos participantes en la edici\u00f3n 2024-25\" class=\"wp-image-397\" srcset=\"https:\/\/blog.uclm.es\/josereyesruiz\/wp-content\/uploads\/sites\/271\/2025\/08\/54eb96a7-3b73-4c1c-ab50-e62372428c42-1024x768.jpg 1024w, https:\/\/blog.uclm.es\/josereyesruiz\/wp-content\/uploads\/sites\/271\/2025\/08\/54eb96a7-3b73-4c1c-ab50-e62372428c42-300x225.jpg 300w, https:\/\/blog.uclm.es\/josereyesruiz\/wp-content\/uploads\/sites\/271\/2025\/08\/54eb96a7-3b73-4c1c-ab50-e62372428c42-768x576.jpg 768w, https:\/\/blog.uclm.es\/josereyesruiz\/wp-content\/uploads\/sites\/271\/2025\/08\/54eb96a7-3b73-4c1c-ab50-e62372428c42-1536x1152.jpg 1536w, https:\/\/blog.uclm.es\/josereyesruiz\/wp-content\/uploads\/sites\/271\/2025\/08\/54eb96a7-3b73-4c1c-ab50-e62372428c42-1200x900.jpg 1200w, https:\/\/blog.uclm.es\/josereyesruiz\/wp-content\/uploads\/sites\/271\/2025\/08\/54eb96a7-3b73-4c1c-ab50-e62372428c42.jpg 1600w\" sizes=\"auto, (max-width: 767px) 89vw, (max-width: 1000px) 54vw, (max-width: 1071px) 543px, 580px\" \/><figcaption class=\"wp-element-caption\">Alumnos participantes en la edici\u00f3n 2024-25<\/figcaption><\/figure>\n<\/figure>\n\n\n\n<p>Un ejemplo de ello es el trabajo en torno al consumo responsable, que ha permitido organizar, en el marco del proyecto, varias ediciones de un mercadillo sostenible de ropa y complementos de segunda mano, facilitado por donaciones de la propia comunidad universitaria. En el apartado \u00abpublicaciones\u00bb puede ver algunas de las m\u00e1s importantes.<\/p>\n\n\n\n<figure class=\"wp-block-gallery has-nested-images columns-default is-cropped wp-block-gallery-4 is-layout-flex wp-block-gallery-is-layout-flex\"><\/figure>\n\n\n\n<h2 class=\"wp-block-heading alignwide has-text-align-center\"><strong>Edu C3<\/strong><\/h2>\n\n\n\n<p>Educaci\u00f3n para el cambio clim\u00e1tico y la sostenibilidad. Un estudio longitudinal del aprendizaje intergeneracional es un proyecto financiado por el Ministerio de Ciencia e Innovaci\u00f3n (PID2020-114358RB-I00), con el objetivo de trabajar en los centros educativos en la lucha contra el calentamiento global.<\/p>\n\n\n\n<p>Participan las universidades de Salamanca, Valladolid, Valencia y Castilla-La Mancha.<\/p>\n\n\n\n<p>Para saber m\u00e1s:<\/p>\n<\/div><\/div>\n\n\n\n<div class=\"wp-block-buttons is-content-justification-center is-layout-flex wp-container-core-buttons-is-layout-16018d1d wp-block-buttons-is-layout-flex\">\n<div class=\"wp-block-button\"><a class=\"wp-block-button__link wp-element-button\" href=\"https:\/\/educacioncambioclimatico.usal.es\/educ3\/\">EduC3<\/a><\/div>\n<\/div>\n<\/div>\n<\/div>\n<\/div><\/div>\n","protected":false},"excerpt":{"rendered":"<p>Aqu\u00ed encontrar\u00e1 algunos de nuestros proyectos de investigaci\u00f3n Ciencia con consecuencia Este proyecto combina investigaci\u00f3n y transferencia. Financiado por FECYT en tres ediciones, busca acercar la ciencia a los escolares, a trav\u00e9s de sus maestros, de manera tangible: conectada con su vida diaria y, siempre que es posible, \u00fatil y aplicable a situaciones que conocen. &hellip; <\/p>\n<p class=\"link-more\"><a href=\"https:\/\/blog.uclm.es\/josereyesruiz\/proyectos\/\" class=\"more-link\">Continuar leyendo<span class=\"screen-reader-text\"> \u00abInvestigaci\u00f3n-proyectos\u00bb<\/span><\/a><\/p>\n","protected":false},"author":439,"featured_media":0,"parent":0,"menu_order":4,"comment_status":"closed","ping_status":"closed","template":"","meta":{"footnotes":""},"class_list":["post-17","page","type-page","status-publish","hentry"],"_links":{"self":[{"href":"https:\/\/blog.uclm.es\/josereyesruiz\/wp-json\/wp\/v2\/pages\/17","targetHints":{"allow":["GET"]}}],"collection":[{"href":"https:\/\/blog.uclm.es\/josereyesruiz\/wp-json\/wp\/v2\/pages"}],"about":[{"href":"https:\/\/blog.uclm.es\/josereyesruiz\/wp-json\/wp\/v2\/types\/page"}],"author":[{"embeddable":true,"href":"https:\/\/blog.uclm.es\/josereyesruiz\/wp-json\/wp\/v2\/users\/439"}],"replies":[{"embeddable":true,"href":"https:\/\/blog.uclm.es\/josereyesruiz\/wp-json\/wp\/v2\/comments?post=17"}],"version-history":[{"count":24,"href":"https:\/\/blog.uclm.es\/josereyesruiz\/wp-json\/wp\/v2\/pages\/17\/revisions"}],"predecessor-version":[{"id":521,"href":"https:\/\/blog.uclm.es\/josereyesruiz\/wp-json\/wp\/v2\/pages\/17\/revisions\/521"}],"wp:attachment":[{"href":"https:\/\/blog.uclm.es\/josereyesruiz\/wp-json\/wp\/v2\/media?parent=17"}],"curies":[{"name":"wp","href":"https:\/\/api.w.org\/{rel}","templated":true}]}}