{"id":36,"date":"2020-06-22T12:38:25","date_gmt":"2020-06-22T11:38:25","guid":{"rendered":"http:\/\/blog.uclm.es\/joseremofernandez\/?page_id=36"},"modified":"2022-12-02T15:00:00","modified_gmt":"2022-12-02T14:00:00","slug":"plagio","status":"publish","type":"page","link":"https:\/\/blog.uclm.es\/joseremofernandez\/plagio\/","title":{"rendered":"Plagio"},"content":{"rendered":"<p style=\"text-align: right\">1 septiembre 2021<\/p>\n<p style=\"text-align: right\"><strong>Remo Fern\u00e1ndez-Carro<\/strong><\/p>\n<p>El <strong>plagio<\/strong> es una <strong>mala conducta acad\u00e9mica<\/strong> que debemos aprender a reconocer y a evitar. Se trata de un delito y en las universidades puede merecer desde una mala nota a la expulsi\u00f3n, y esto vale tanto para los alumnos como para los profesores cuando escriben y publican. La <strong>falsificaci\u00f3n<\/strong> de resultados o la <strong>colusi\u00f3n<\/strong> para ocultar la contribuci\u00f3n de otra persona a un trabajo son otras formas de mala conducta acad\u00e9mica.<\/p>\n<p>En el texto que sigue explicar\u00e9 <strong>en qu\u00e9 consiste el plagio<\/strong>. M\u00e1s abajo y en otros textos, enlazados con este, explicar\u00e9 algunas formas de evitar el plagio accidental, si es que existe. Lo que trato es de que sepais reconocerlo para poder evitarlo tanto ahora como alumno universitario como en adelante en tu vida profesional, y tanto si te vas a dedicar a la investigaci\u00f3n como si ejerces de cualquier otra forma profesi\u00f3n. Como docentes, en el futuro, se espera de vosotros que ense\u00f1\u00e9is tambi\u00e9n a vuestros alumnos que no deben copiar y por qu\u00e9.<\/p>\n<p>Comenzar\u00e9 por aclarar esto, <strong>qu\u00e9 es el plagio<\/strong> \u2014y qu\u00e9 no\u2014 <strong>y por qu\u00e9 no debemos plagiar<\/strong>.<\/p>\n<p><strong>Qu\u00e9 es<\/strong><\/p>\n<p style=\"padding-left: 40px\"><strong>Copiar el trabajo de un compa\u00f1ero y no decirlo es plagio.<\/strong><br \/>\n<strong>Copiar material de un libro en uno de nuestros trabajos y no citarlo adecuadamente es plagio.<\/strong><br \/>\n<strong>Cortar-y-pegar una p\u00e1gina Web, en todo o en parte, tambi\u00e9n lo es.<br \/>\nCopiar un texto y cambiar algunas palabras o el orden de algunas frases es plagio.<br \/>\n<\/strong><strong>Traducir una canci\u00f3n del ingl\u00e9s (o del b\u00falgaro, o del yidis) y hacerla pasar por propia es plagio.<\/strong><\/p>\n<p>En general, el plagio consiste en usar las ideas de otro autor \u2014en sus palabras o cambiando sus palabras\u2014 sin reconocerlo. Tambi\u00e9n es plagio copiar el trabajo de otra persona aunque nos haya dado permiso.<\/p>\n<p><strong>Por qu\u00e9 no debemos plagiar<\/strong><\/p>\n<p>En cualquier oficio se nos paga por lo que hacemos y esto es cierto tambi\u00e9n en los oficios intelectuales, como el nuestro. Lo que se nos pide es que nuestro trabajo sea una contribuci\u00f3n original. La dificultad de nuestro oficio, sin embargo, es que es muy dif\u00edcil hacer un trabajo del todo <strong>original<\/strong> porque casi siempre nos basamos en ideas y trabajos de nuestros colegas. Por eso es muy importante aprender a mostrar en nuestros escritos <strong>qu\u00e9 es<\/strong> <strong>realmente trabajo propio<\/strong> \u2014nuestras ideas, nuestros datos, lo que hemos escrito nosotros\u2014<strong> y qu\u00e9 hemos tomado de otros<\/strong>. Desde hace siglos, los universitarios y los acad\u00e9micos hemos desarrollado una serie de t\u00e9cnicas, habilidades y \u201cma\u00f1as\u201d que nos ayudan a dejar bien claro qu\u00e9 es propio y qu\u00e9 no, y de qui\u00e9n es eso que no es propio. Son habilidades y \u201cma\u00f1as\u201d que debes aprender desde este momento y que te servir\u00e1n a lo largo de toda tu carrera. Os las presento un poco m\u00e1s adelante.<\/p>\n<p>Por otro lado, en los oficios creativos e intelectuales es muy f\u00e1cil reproducir una idea o un texto y por lo tanto es f\u00e1cil el robo intelectual, el plagio. Por eso en los entornos creativos se castiga severamente el plagio: independientemente de que pueda uno ir a la c\u00e1rcel o pagar una multa por ello \u2014insisto, \u00a1es un delito!\u2014 quien es pillado plagiando el trabajo de un colega suele perder su reputaci\u00f3n. Es lo peor que puede sucederle a un acad\u00e9mico, pero tambi\u00e9n a un artista. Muy a menudo es apartado de la profesi\u00f3n y se le condena al ostracismo. Y no estoy exagerando.<\/p>\n<p>Hay una raz\u00f3n de fondo para todo esto, claro. En los oficios creativos vivimos de hacer un trabajo original y nuestros ingresos pueden depender en buena parte del reconocimiento de nuestros colegas y nuestra reputaci\u00f3n.(1) Si no tuvi\u00e9ramos cierta garant\u00eda de que no nos lo pueden robar, no tendr\u00edamos inter\u00e9s en hacer bien nuestro trabajo. Las ciencias avanzan y el arte nos hace m\u00e1s felices porque los artistas esperan que no les roben su trabajo.(2)<\/p>\n<p><strong>C\u00f3mo no plagiar<\/strong><\/p>\n<p>Es f\u00e1cil: basta con que reconozcamos claramente que estamos usando el trabajo de otro.<\/p>\n<p>Cada vez que tomemos una idea o un texto ajeno debemos reconocerlo. Y debemos dejar bien claro que no tratamos de ocultarlo. \u00bfC\u00f3mo? Explicando no s\u00f3lo qui\u00e9n es la autora o el autor, sino tambi\u00e9n en qu\u00e9 lugar exacto le\u00edmos vimos u o\u00edmos lo que hemos citado. Debemos llevar de la mano a nuestro lector a ese lugar. Esto se hace un poco m\u00e1s complicado, pero hay que hacerlo. Cada vez.<\/p>\n<p><strong>C\u00f3mo lo hacemos, en concreto<\/strong><\/p>\n<p>Como he tomado las ideas de este texto de la Web de la Universidad de Manchester, aprovecho para citarla y as\u00ed ponerlo como ejemplo (University of Manchester, 2020). En primer lugar, debemos decir que estamos copiando y qu\u00e9. En este caso, he tomado la idea general del texto que cito, y desde aqu\u00ed usar\u00e9 el contenido de la secci\u00f3n 5 (p\u00e1gina 2). Si lo copiara <strong>literalmente<\/strong>, deber\u00eda hacerlo ver; por ejemplo, poniendo el texto entre comillas: \u201cPara ayudarte, aqu\u00ed tienes algunos importantes \u201cqu\u00e9-hacer\u201d y \u201cqu\u00e9-no\u201d\u201d (University of Manchester, 2020, p. 2)<\/p>\n<p>A veces, si citamos un trozo largo, lo ponemos en un p\u00e1rrafo aparte con otra tipograf\u00eda.<\/p>\n<ul>\n<li><strong>Qu\u00e9 hacer<\/strong>. Conseguir mucha informaci\u00f3n de fondo de los temas sobre los que est\u00e1s escribiendo para ayudarte a formar tu propio punto de vista. La informaci\u00f3n puede venir de revistas electr\u00f3nicas, informes t\u00e9cnicos, tesis no publicadas, etc. Apunta la fuente de cada trocito de informaci\u00f3n en el momento en que la consigas aunque s\u00f3lo sea una frase.<\/li>\n<li><strong>Qu\u00e9 no hacer<\/strong>. No construyas un trabajo cortando o pegando trozos de material escrito por otra gente, o escrito por ti con otro prop\u00f3sito, si luego lo vas a presentar como un original propio. A veces tendr\u00e1s que citar de forma exacta las palabras de otro con el fin de analizarlas o criticarlas, en cuyo caso la cita debe ir se\u00f1alada por comillas que muestran que es una cita directa, y la fuente debe estar apropiadamente reconocida en ese punto. Cualquier omisi\u00f3n de una cita debe ser indicada por una elipsis (\u2026) y cualquier adici\u00f3n debe ponerse entre corchetes. Por ejemplo, \u201c[Estos] resultados sugieren\u2026 que la hip\u00f3tesis es correcta.\u201d Podr\u00eda ser tambi\u00e9n adecuado reproducir un diagrama de un trabajo ajeno, pero de la misma forma la fuente debe ser expl\u00edcita y completamente reconocida. Sin embargo, hacer partes grandes de un documento con un rosario de citas, incluso si son reconocidas, es otra forma de plagio.<\/li>\n<li><strong>Qu\u00e9 m\u00e1s hacer<\/strong>. Atribuir todas las ideas a sus autores originales. Las ideas escritas son el producto que los autores producen. No te gustar\u00eda que otra gente se olvidara de decir que tus ideas son tuyas, y eso es lo que las reglas contra el plagio tratan de evitar. Una regla de la experiencia dice que cada idea o afirmaci\u00f3n que escribes puede ser atribuida a una fuente a no ser que sea una idea personal o que sea conocimiento com\u00fan. (Si no est\u00e1s seguro de si algo es conocimiento corriente, pregunta a un compa\u00f1ero: si no saben de lo que les est\u00e1s hablando, \u00a1entonces no es conocimiento corriente!) (University of Manchester, 2020, p. 2)<\/li>\n<\/ul>\n<p>Al citarlo as\u00ed, ya sab\u00e9is tres cosas al menos: que este texto no es m\u00edo, que lo public\u00f3 alguien desconocido en 2020 y que lo public\u00f3 la Universidad de Manchester. Pero esta informaci\u00f3n no os permite encontrar el texto original ni, por tanto, comprobar si lo he citado correctamente. Lo com\u00fan es que la <strong>referencia<\/strong> en el texto nos lleve a una <strong>nota a pie de p\u00e1gina<\/strong> o a una <strong>bibliograf\u00eda<\/strong>. En la nota o en la bibliograf\u00eda aclarar\u00edamos todos los detalles necesarios para localizar el original.<\/p>\n<p>En el ejemplo, yo tendr\u00eda que escribir en la bibliograf\u00eda el nombre del autor (como no se sabe qui\u00e9n porque es un texto institucional pongo qui\u00e9n lo publica) la fecha en que lo escribi\u00f3 (en las p\u00e1ginas Web tambi\u00e9n pongo la fecha en que lo consult\u00e9, por si luego lo cambian), el t\u00edtulo del documento (\u201cGuidance of students on plagiarism and other form of academic malpractice\u201d) y el lugar en que lo consult\u00e9 (<a href=\"https:\/\/documents.manchester.ac.uk\/display.aspx?DocID=2870\">https:\/\/documents.manchester.ac.uk\/display.aspx?DocID=2870<\/a>). La referencia bibliogr\u00e1fica podr\u00eda escribirse as\u00ed:<\/p>\n<p style=\"padding-left: 40px\">Manchester University. (agosto 2020). <em>Guidance of students on plagiarism and other form of academic malpractice<\/em>. <a href=\"https:\/\/documents.manchester.ac.uk\/display.aspx?DocID=2870\">https:\/\/documents.manchester.ac.uk\/display.aspx?DocID=2870<\/a> (consultada 1 septiembre 2021).<\/p>\n<p>O de forma parecida en una nota a pie de p\u00e1gina o en una nota al final. Esto os permitir\u00e1 localizar el texto original y ver qu\u00e9 mal lo he traducido.<\/p>\n<p style=\"text-align: center\"><strong>Y, entonces, \u00bfdebemos tomarnos todo este trabajo por cada cosa que citemos?<\/strong><br \/>\n<strong>\u00a1S\u00ed, desde luego!<\/strong><\/p>\n<p>Otro ejemplo tomado de una revista de investigaci\u00f3n de filolog\u00eda (C\u00e1tedra Garc\u00eda 1983).(3)<\/p>\n<p><img decoding=\"async\" class=\"img_l\" title=\"\" src=\"https:\/\/blog.uclm.es\/joseremofernandez\/wp-content\/uploads\/sites\/164\/2020\/06\/plagio1.jpg\" alt=\"\" \/><\/p>\n<p>El autor cita el trabajo de otro y lo hace as\u00ed (C\u00e1tedra Garc\u00eda, 1983, p. 226):<\/p>\n<table>\n<tbody>\n<tr>\n<td style=\"width: 40%\">\n<p>Fijaos que al principio del p\u00e1rrafo explica lo que dice un tal Maxime Chevalier, pero no usa las mismas palabras. Pero al final del p\u00e1rrafo, cuando le cita literalmente pone el texto entre comillas. Para eso sirven las comillas. En los dos casos usa las notas para decirnos de d\u00f3nde ha sacado las ideas, un libro de Chevalier titulado Lectura y lectores en la Espa\u00f1a del siglo XVI y XVII. En la nota 4 dice que esas ideas est\u00e1n en las p\u00e1ginas 31 y siguientes del libro. En la nota 5 aclara algo de lo que dice Chevalier y nos dice que podemos mirar tambi\u00e9n el trabajo de otro autor. En la nota 6 nos dice que la cita literal es del libro que cit\u00f3 antes, pero de la p\u00e1gina 38. Si consultamos el libro en la biblioteca veremos que esa frase est\u00e1 ah\u00ed.<\/td>\n<td style=\"width: 60%\"><img loading=\"lazy\" decoding=\"async\" class=\"alignnone\" title=\"\" src=\"https:\/\/blog.uclm.es\/joseremofernandez\/wp-content\/uploads\/sites\/164\/2020\/06\/plagio2.jpg\" alt=\"\" width=\"503\" height=\"205\" \/><br \/>\n<img loading=\"lazy\" decoding=\"async\" class=\"\" title=\"\" src=\"https:\/\/blog.uclm.es\/joseremofernandez\/wp-content\/uploads\/sites\/164\/2020\/06\/plagio3.jpg\" alt=\"\" width=\"503\" height=\"122\" \/><\/td>\n<\/tr>\n<\/tbody>\n<\/table>\n<p>Est\u00e1 claro que no podemos aburrir a los lectores con una colecci\u00f3n de citas de otro o de otros, porque no habr\u00eda en nuestro texto nada original. Tenemos que a\u00f1adir algo de nuestra cosecha porque es por lo que nos van a valorar. Un art\u00edculo o un libro no puede consistir en una colecci\u00f3n bibliogr\u00e1fica, aunque algunos sean eso: pero son excepciones muy particulares.<\/p>\n<p><strong>En resumen<\/strong>, si usamos ideas o material de otros, tenemos que <strong>citarlos<\/strong>. Para ello, primero, <strong>los nombramos<\/strong>; luego hacemos una <strong>referencia<\/strong> que ayude al lector a localizar el texto original; esa referencia, por \u00faltimo, se completa en una <strong>nota<\/strong> o en una <strong>bibliograf\u00eda<\/strong>. Ponemos la nota o la bibliograf\u00eda aparte para que no moleste a la lectura, cuando el lector lee de corrido. En los textos acad\u00e9micos siempre se hace igual, desde hace a\u00f1os.<\/p>\n<p><strong>C\u00f3mo reconocemos lo que es plagio<\/strong><\/p>\n<p>A veces encuentro <strong>citas de diferentes autores<\/strong> en un texto que estoy leyendo. Ya he dicho que es <strong>muy com\u00fan<\/strong>, porque nos apoyamos constantemente en trabajos anteriores y porque, al final, no podemos inventar todo. Pero, <strong>\u00bfc\u00f3mo reconozco el plagio?<\/strong> \u00bfC\u00f3mo s\u00e9 si lo que leo es una cita leg\u00edtima o si est\u00e1 plagiado? Si un autor escribe E<em>n un lugar de La Mancha no ha mucho tiempo que viv\u00eda<\/em>&#8230; no necesita poner una referencia expl\u00edcita porque todos sabemos de d\u00f3nde la ha sacado. No necesita ni ponerlo entre comillas porque es obvio que no va a tratar de enga\u00f1arnos (no puede ser tan tonto). Pero si escribe la raz\u00f3n de la sinraz\u00f3n que a mi raz\u00f3n se hace, de tal manera mi raz\u00f3n enflaquece, que con raz\u00f3n me quejo de la vuestra fermosura quiz\u00e1 s\u00ed deba recordarnos que es una frase de El Quijote, y que est\u00e1 en el cap\u00edtulo primero, en las primeras p\u00e1ginas.<\/p>\n<p><strong>Un material est\u00e1 plagiado<\/strong> si el autor trata de ocultar que la idea (o la frase, o el p\u00e1rrafo, o el gr\u00e1fico, o el dato) no es suyo. Si no lo pone entre comillas, para empezar. Si no nos dice qui\u00e9n es el autor ni en qu\u00e9 obra lo ley\u00f3. Y, aunque no llega a ser plagio, tambi\u00e9n es una mala pr\u00e1ctica acad\u00e9mica no citar correctamente, es decir, no explicar con suficiente cuidado d\u00f3nde podemos leer la idea original.<\/p>\n<p style=\"text-align: center\"><strong>Y as\u00ed, de la misma forma, si no ponemos una frase original entre comillas, si no citamos qui\u00e9n es el autor ni en qu\u00e9 obra podemos leerlo nos pueden acusar de plagio.<\/strong><\/p>\n<p>Tambi\u00e9n es plagio copiar literalmente un fragmento y cambiar algunas palabras: se suele llamar\u00a0<em>parafraseo leve<\/em> y es uno de los grandes vicios de los estudiantes universitarios. Es un plagio grave, porque demuestra la voluntad de ocultar el plagio. El <em>parafraseo profundo<\/em>, es decir, cuando rehago completamente el p\u00e1rrafo conservando las ideas pero lo pongo en mis palabras &#8211;salvo los t\u00e9rminos t\u00e9cnicos, claro&#8211;, <strong>no es plagio<\/strong>, <em>es la forma normal de trabajar<\/em>.<\/p>\n<p>En otros documentos relacionados con \u00e9ste explico un poco mejor <a href=\"https:\/\/blog.uclm.es\/joseremofernandez\/por-que-debemos-citar-correctamente\/\">por qu\u00e9 debemos citar correctamente<\/a>, <a href=\"https:\/\/blog.uclm.es\/joseremofernandez\/como-citar-correctamente\/\">la forma de hacerlo<\/a> de acuerdo con un estilo de cita y un estilo de cita particular, el <a href=\"http:\/\/blog.uclm.es\/joseremofernandez\/como-citar-en-estilo-turabian\/\">Turabian<\/a>, el m\u00e1s usado en humanidades. Tambi\u00e9n explico <a href=\"https:\/\/blog.uclm.es\/joseremofernandez\/como-hacer-un-buen-trabajo-academico\/\">c\u00f3mo hacer un buen trabajo acad\u00e9mico<\/a> (o por lo menos empezar con \u00e9l).<\/p>\n<p><strong>Referencias:<\/strong><\/p>\n<p>American Psychological Association, APA. (Septiembre 2019). <em>Plagiarism<\/em>. <a href=\"https:\/\/apastyle.apa.org\/style-grammar-guidelines\/citations\/plagiarism\">https:\/\/apastyle.apa.org\/style-grammar-guidelines\/citations\/plagiarism<\/a>\u00a0 \u00a0<span style=\"color: #333399\">No cito esta entrada en el texto, pero es que no exist\u00eda cuando lo redact\u00e9 por primera vez, en 2016. Me parece una excelente referencia (pero est\u00e1 en ingl\u00e9s, <em>sorry<\/em>)<\/span>.<\/p>\n<p>C\u00e1tedra Garc\u00eda, P. M. (1983). <em>La biblioteca del caballero cristiano don Antonio de Rojas, ayo del pr\u00edncipe don Carlos (1556)<\/em>. MLN 98(2): 226-49.<\/p>\n<p>Manchester University. (agosto 2020). <em>Guidance of students on plagiarism and other form of academic malpractice<\/em>. <a href=\"https:\/\/documents.manchester.ac.uk\/display.aspx?DocID=2870\">https:\/\/documents.manchester.ac.uk\/display.aspx?DocID=2870<\/a> (consultada 1 septiembre 2021).<\/p>\n<p>V\u00e9ase tambi\u00e9n la entrada <em>Plagiarism<\/em> en Wikipedia: <a href=\"http:\/\/en.wikipedia.org\/wiki\/Plagiarism\">http:\/\/en.wikipedia.org\/wiki\/Plagiarism<\/a> (consultada el 1 de septiembre de 2021). <span style=\"color: #333399\">La versi\u00f3n espa\u00f1ola es demasiado mala para citarla aqu\u00ed: \u00bfalg\u00fan voluntario para arreglarla?<\/span><\/p>\n<p><a title=\"Enlace externo a informacion adicional (se abrir\u00e1 en una ventana nueva)\" href=\"http:\/\/creativecommons.org\/licenses\/by-nc-sa\/3.0\/es\/\" target=\"_blank\" rel=\"noopener noreferrer\"><img decoding=\"async\" title=\"Creative Commons License\" src=\"https:\/\/blog.uclm.es\/joseremofernandez\/wp-content\/uploads\/sites\/164\/2020\/06\/cc.png\" alt=\"Creative Commons License\" \/><\/a><\/p>\n<p>Plagio by Remo Fern\u00e1ndez-Carro<br \/>\nis licensed under a <a href=\"http:\/\/creativecommons.org\/licenses\/by-nc-sa\/3.0\/es\/\">Creative Commons Reconocimiento-No comercial-Compartir bajo la misma licencia 3.0 Espa\u00f1a License<\/a>.<\/p>\n<p>(1) Mucha gente no sabe que los cient\u00edficos \u2014y los profesores de universidad cuando hacen investigaci\u00f3n\u2014 no cobran por publicar art\u00edculos o libros cient\u00edficos. Como mucho, se cobra por hacer libros de texto, pero a menudo no es suficiente dinero para cubrir los gastos que le dan a uno. Los trabajos cient\u00edficos se cobran indirectamente, porque hacen mejorar nuestra reputaci\u00f3n o nuestro curriculum y esa mejora nos consigue una mejor plaza. Por eso es tan importante evitar el plagio en los oficios acad\u00e9micos: debemos demostrar que el trabajo es nuestro y no podemos permitir que nos lo robe otro. <span style=\"color: #ffffff\">Esto va por ti, Luis Sanz Men\u00e9ndez.<\/span><\/p>\n<p>(2) Bueno, esto era as\u00ed al menos hasta que se inventaron e-mule y el top-manta.<\/p>\n<p>(3) La referencia que acabo de hacer significa que voy a hablar del trabajo de Pedro C\u00e1tedra Garc\u00eda publicado en 1983 que est\u00e1 citado en la bibliograf\u00eda o en una nota (es decir, aqu\u00ed). La referencia es: C\u00e1tedra Garc\u00eda, Pedro M. 1983. La biblioteca del caballero cristiano don Antonio de Rojas, ayo del pr\u00edncipe don Carlos (1556). MLN 98(2): 226-49 [aqu\u00ed la revista se llama MLN, un nombre un poco raro].<\/p>\n","protected":false},"excerpt":{"rendered":"<p>1 septiembre 2021 Remo Fern\u00e1ndez-Carro El plagio es una mala conducta acad\u00e9mica que debemos aprender a reconocer y a evitar. Se trata de un delito y en las universidades puede merecer desde una mala nota a la expulsi\u00f3n, y esto vale tanto para los alumnos como para los profesores cuando escriben y publican. La falsificaci\u00f3n &hellip; <a href=\"https:\/\/blog.uclm.es\/joseremofernandez\/plagio\/\" class=\"more-link\">Seguir leyendo <span class=\"screen-reader-text\">Plagio<\/span> <span class=\"meta-nav\">&rarr;<\/span><\/a><\/p>\n","protected":false},"author":140,"featured_media":0,"parent":0,"menu_order":0,"comment_status":"closed","ping_status":"closed","template":"","meta":{"footnotes":""},"class_list":["post-36","page","type-page","status-publish","hentry"],"_links":{"self":[{"href":"https:\/\/blog.uclm.es\/joseremofernandez\/wp-json\/wp\/v2\/pages\/36","targetHints":{"allow":["GET"]}}],"collection":[{"href":"https:\/\/blog.uclm.es\/joseremofernandez\/wp-json\/wp\/v2\/pages"}],"about":[{"href":"https:\/\/blog.uclm.es\/joseremofernandez\/wp-json\/wp\/v2\/types\/page"}],"author":[{"embeddable":true,"href":"https:\/\/blog.uclm.es\/joseremofernandez\/wp-json\/wp\/v2\/users\/140"}],"replies":[{"embeddable":true,"href":"https:\/\/blog.uclm.es\/joseremofernandez\/wp-json\/wp\/v2\/comments?post=36"}],"version-history":[{"count":1,"href":"https:\/\/blog.uclm.es\/joseremofernandez\/wp-json\/wp\/v2\/pages\/36\/revisions"}],"predecessor-version":[{"id":378,"href":"https:\/\/blog.uclm.es\/joseremofernandez\/wp-json\/wp\/v2\/pages\/36\/revisions\/378"}],"wp:attachment":[{"href":"https:\/\/blog.uclm.es\/joseremofernandez\/wp-json\/wp\/v2\/media?parent=36"}],"curies":[{"name":"wp","href":"https:\/\/api.w.org\/{rel}","templated":true}]}}